{"id":28477,"date":"2023-07-06T11:16:53","date_gmt":"2023-07-06T15:16:53","guid":{"rendered":"https:\/\/www.destinationimagination.org\/?page_id=28477"},"modified":"2023-12-21T09:32:58","modified_gmt":"2023-12-21T14:32:58","slug":"technical-pinball-heroes","status":"publish","type":"page","link":"https:\/\/www.destinationimagination.org\/es\/challenge-experience\/technical-pinball-heroes\/","title":{"rendered":"T\u00e9cnico \u2013 Pinball Heroes"},"content":{"rendered":"<div data-elementor-type=\"wp-page\" data-elementor-id=\"28477\" class=\"elementor elementor-28477\" data-elementor-post-type=\"page\">\n\t\t\t\t\t\t<section class=\"elementor-section elementor-top-section elementor-element elementor-element-50bc6dd elementor-section-boxed elementor-section-height-default elementor-section-height-default\" data-id=\"50bc6dd\" data-element_type=\"section\" data-e-type=\"section\">\n\t\t\t\t\t\t<div class=\"elementor-container elementor-column-gap-default\">\n\t\t\t\t\t<div class=\"elementor-column elementor-col-100 elementor-top-column elementor-element elementor-element-8f13e42\" data-id=\"8f13e42\" data-element_type=\"column\" data-e-type=\"column\">\n\t\t\t<div class=\"elementor-widget-wrap elementor-element-populated\">\n\t\t\t\t\t\t<section class=\"elementor-section elementor-inner-section elementor-element elementor-element-294cf3e elementor-section-content-middle elementor-section-boxed elementor-section-height-default elementor-section-height-default\" data-id=\"294cf3e\" data-element_type=\"section\" data-e-type=\"section\">\n\t\t\t\t\t\t<div class=\"elementor-container elementor-column-gap-no\">\n\t\t\t\t\t<div class=\"elementor-column elementor-col-100 elementor-inner-column elementor-element elementor-element-13405f6\" data-id=\"13405f6\" data-element_type=\"column\" data-e-type=\"column\">\n\t\t\t<div class=\"elementor-widget-wrap elementor-element-populated\">\n\t\t\t\t\t\t<div class=\"elementor-element elementor-element-93add55 elementor-widget__width-auto elementor-invisible elementor-widget elementor-widget-image\" data-id=\"93add55\" data-element_type=\"widget\" data-e-type=\"widget\" data-settings=\"{&quot;_animation&quot;:&quot;fadeInLeft&quot;}\" data-widget_type=\"image.default\">\n\t\t\t\t<div class=\"elementor-widget-container\">\n\t\t\t\t\t\t\t\t\t\t\t\t\t\t\t<img decoding=\"async\" width=\"30\" height=\"30\" src=\"https:\/\/www.destinationimagination.org\/wp-content\/uploads\/orange-box.jpg\" class=\"attachment-large size-large wp-image-3314\" alt=\"orange box\" srcset=\"https:\/\/www.destinationimagination.org\/wp-content\/uploads\/orange-box.jpg 30w, https:\/\/www.destinationimagination.org\/wp-content\/uploads\/orange-box-12x12.jpg 12w\" sizes=\"(max-width: 30px) 100vw, 30px\" \/>\t\t\t\t\t\t\t\t\t\t\t\t\t\t\t<\/div>\n\t\t\t\t<\/div>\n\t\t\t\t<div class=\"elementor-element elementor-element-2514954 elementor-widget__width-auto elementor-widget elementor-widget-heading\" data-id=\"2514954\" data-element_type=\"widget\" data-e-type=\"widget\" data-widget_type=\"heading.default\">\n\t\t\t\t<div class=\"elementor-widget-container\">\n\t\t\t\t\t<h3 class=\"elementor-heading-title elementor-size-default\">2023-24 Aclaraciones publicadas<\/h3>\t\t\t\t<\/div>\n\t\t\t\t<\/div>\n\t\t\t\t\t<\/div>\n\t\t<\/div>\n\t\t\t\t\t<\/div>\n\t\t<\/section>\n\t\t\t\t<div class=\"elementor-element elementor-element-a7d315b elementor-widget elementor-widget-image\" data-id=\"a7d315b\" data-element_type=\"widget\" data-e-type=\"widget\" data-widget_type=\"image.default\">\n\t\t\t\t<div class=\"elementor-widget-container\">\n\t\t\t\t\t\t\t\t\t\t\t\t\t\t\t<img fetchpriority=\"high\" decoding=\"async\" width=\"2000\" height=\"845\" src=\"https:\/\/www.destinationimagination.org\/wp-content\/uploads\/23-24-Technical-Pinball-Heroes-Icon-1.png\" class=\"attachment-full size-full wp-image-28486\" alt=\"23-24 Technical - Pinball Heroes Icon\" srcset=\"https:\/\/www.destinationimagination.org\/wp-content\/uploads\/23-24-Technical-Pinball-Heroes-Icon-1.png 2000w, https:\/\/www.destinationimagination.org\/wp-content\/uploads\/23-24-Technical-Pinball-Heroes-Icon-1-300x127.png 300w, https:\/\/www.destinationimagination.org\/wp-content\/uploads\/23-24-Technical-Pinball-Heroes-Icon-1-1024x433.png 1024w, https:\/\/www.destinationimagination.org\/wp-content\/uploads\/23-24-Technical-Pinball-Heroes-Icon-1-768x324.png 768w, https:\/\/www.destinationimagination.org\/wp-content\/uploads\/23-24-Technical-Pinball-Heroes-Icon-1-1536x649.png 1536w, https:\/\/www.destinationimagination.org\/wp-content\/uploads\/23-24-Technical-Pinball-Heroes-Icon-1-18x8.png 18w\" sizes=\"(max-width: 2000px) 100vw, 2000px\" \/>\t\t\t\t\t\t\t\t\t\t\t\t\t\t\t<\/div>\n\t\t\t\t<\/div>\n\t\t\t\t<section class=\"elementor-section elementor-inner-section elementor-element elementor-element-68c8d09 elementor-section-boxed elementor-section-height-default elementor-section-height-default\" data-id=\"68c8d09\" data-element_type=\"section\" data-e-type=\"section\">\n\t\t\t\t\t\t<div class=\"elementor-container elementor-column-gap-default\">\n\t\t\t\t\t<div class=\"elementor-column elementor-col-100 elementor-inner-column elementor-element elementor-element-addbdbe elementor-invisible\" data-id=\"addbdbe\" data-element_type=\"column\" data-e-type=\"column\" data-settings=\"{&quot;animation&quot;:&quot;slideInUp&quot;}\">\n\t\t\t<div class=\"elementor-widget-wrap elementor-element-populated\">\n\t\t\t\t\t\t<div class=\"elementor-element elementor-element-d730a22 elementor-widget elementor-widget-text-editor\" data-id=\"d730a22\" data-element_type=\"widget\" data-e-type=\"widget\" data-widget_type=\"text-editor.default\">\n\t\t\t\t<div class=\"elementor-widget-container\">\n\t\t\t\t\t\t\t\t\t<h3>Se espera que cada equipo sepa el Publicado<br \/>Aclaraciones para su Reto.<\/h3><p>La fecha l\u00edmite para solicitar una aclaraci\u00f3n del equipo es el 31 de enero de 2024 a las 11:59 p. m., hora del Pac\u00edfico.<\/p>\t\t\t\t\t\t\t\t<\/div>\n\t\t\t\t<\/div>\n\t\t\t\t<div class=\"elementor-element elementor-element-6896463 elementor-widget elementor-widget-text-editor\" data-id=\"6896463\" data-element_type=\"widget\" data-e-type=\"widget\" data-widget_type=\"text-editor.default\">\n\t\t\t\t<div class=\"elementor-widget-container\">\n\t\t\t\t\t\t\t\t\t<p><span style=\"color: #ff6600; font-family: Montserrat; font-size: 20px; font-weight: bold; text-transform: uppercase;\">#1 7 de noviembre de 2023<\/span><\/p><div><div>En el Desaf\u00edo, la Secci\u00f3n IA4 debe decir: \u201cPara este Desaf\u00edo, un Pinball es un bal\u00f3n de f\u00fatbol de tama\u00f1o 3 proporcionado por el torneo con una circunferencia de 22,5 a 24 pulgadas (57,2 cm a 61 cm) y un peso de 10,5 a 12 onzas (300 g). 340 gramos). Si su equipo desea conocer los detalles del bal\u00f3n de f\u00fatbol, puede consultar con el Director del Torneo\u201d.<\/div><div>\u00a0<\/div><div><p><span style=\"color: #ff6600; font-family: Montserrat; font-size: 20px; font-weight: bold; text-transform: uppercase;\">#1 21 DE DICIEMBRE DE 2023<\/span><\/p><div><div>En el Desaf\u00edo, la Secci\u00f3n IA6 debe indicar: \u201cDurante la Presentaci\u00f3n, coloque los tres M\u00f3dulos de la M\u00e1quina y cualquier otro componente del Sistema de Pinball completamente dentro de las l\u00edneas grabadas del campo de juego de Pinball de 8 pies x 16 pies (2,44 mx 4,88 m) proporcionado por el torneo. (Ver Figura A.) Esto significa que todos los componentes del sistema Pinball deben estar dentro de los planos verticales creados por el borde exterior de las l\u00edneas grabadas que marcan el campo de juego de Pinball mientras interact\u00faan con el Pinball durante cada ronda de Pinball. Los cables de extensi\u00f3n utilizados \u00fanicamente para alimentar cualquier parte del sistema Pinball pueden extenderse m\u00e1s all\u00e1 de los l\u00edmites del campo de juego Pinball. Sin embargo, el Pinball no debe ser dirigido por un cable de extensi\u00f3n que se extienda m\u00e1s all\u00e1 de los l\u00edmites del Pinball Playfield\u201d. <\/div><div>\u00a0 \u00a0<\/div><\/div><div><p><span style=\"color: #ff6600; font-family: Montserrat; font-size: 20px; font-weight: bold; text-transform: uppercase;\">#1 21 DE DICIEMBRE DE 2023<\/span><\/p><div>En el Desaf\u00edo, la Secci\u00f3n IC10 debe indicar: \u201cEl Pinball cruza la l\u00ednea grabada para salir del Campo de Juego de Pinball o toca cualquier cosa que no est\u00e9 completamente dentro de los l\u00edmites del Campo de Juego de Pinball. Los cables de extensi\u00f3n utilizados \u00fanicamente para alimentar cualquier parte del sistema Pinball son la \u00fanica excepci\u00f3n a esta regla. (Ver la Aclaraci\u00f3n Publicada para la Secci\u00f3n IA6.)\u201d <\/div><\/div>\u00a0 \u00a0<\/div><\/div>\t\t\t\t\t\t\t\t<\/div>\n\t\t\t\t<\/div>\n\t\t\t\t\t<\/div>\n\t\t<\/div>\n\t\t\t\t\t<\/div>\n\t\t<\/section>\n\t\t\t\t\t<\/div>\n\t\t<\/div>\n\t\t\t\t\t<\/div>\n\t\t<\/section>\n\t\t\t\t<\/div>","protected":false},"excerpt":{"rendered":"<p>2023-24 Published Clarifications Every team is expected to know the PublishedClarifications for its Challenge. The deadline to ask a Team Clarification is January 31, 2024, at 11:59 pm Pacific Time. #1 November 7, 2023 In the Challenge, Section I.A.4 should read: &#8220;For this Challenge, a Pinball is a tournament-provided size 3 soccer ball with a [&hellip;]<\/p>\n","protected":false},"author":2,"featured_media":28486,"parent":4041,"menu_order":0,"comment_status":"closed","ping_status":"closed","template":"","meta":{"content-type":"","inline_featured_image":false,"footnotes":""},"class_list":["post-28477","page","type-page","status-publish","has-post-thumbnail","hentry"],"yoast_head":"<!-- This site is optimized with the Yoast SEO plugin v27.2 - https:\/\/yoast.com\/product\/yoast-seo-wordpress\/ -->\n<title>Technical - Pinball Heroes - Destination Imagination<\/title>\n<meta name=\"robots\" content=\"index, follow, max-snippet:-1, max-image-preview:large, max-video-preview:-1\" \/>\n<link rel=\"canonical\" href=\"https:\/\/www.destinationimagination.org\/es\/challenge-experience\/technical-pinball-heroes\/\" \/>\n<meta property=\"og:locale\" content=\"es_MX\" \/>\n<meta property=\"og:type\" content=\"article\" \/>\n<meta property=\"og:title\" content=\"Technical - Pinball Heroes - Destination Imagination\" \/>\n<meta property=\"og:description\" content=\"2023-24 Published Clarifications Every team is expected to know the PublishedClarifications for its Challenge. The deadline to ask a Team Clarification is January 31, 2024, at 11:59 pm Pacific Time. #1 November 7, 2023 In the Challenge, Section I.A.4 should read: &#8220;For this Challenge, a Pinball is a tournament-provided size 3 soccer ball with a [&hellip;]\" \/>\n<meta property=\"og:url\" content=\"https:\/\/www.destinationimagination.org\/es\/challenge-experience\/technical-pinball-heroes\/\" \/>\n<meta property=\"og:site_name\" content=\"Destination Imagination\" \/>\n<meta property=\"article:modified_time\" content=\"2023-12-21T14:32:58+00:00\" \/>\n<meta property=\"og:image\" content=\"https:\/\/www.destinationimagination.org\/wp-content\/uploads\/23-24-Technical-Pinball-Heroes-Icon-1.png\" \/>\n\t<meta property=\"og:image:width\" content=\"2000\" \/>\n\t<meta property=\"og:image:height\" content=\"845\" \/>\n\t<meta property=\"og:image:type\" content=\"image\/png\" \/>\n<meta name=\"twitter:card\" content=\"summary_large_image\" \/>\n<meta name=\"twitter:label1\" content=\"Tiempo de lectura\" \/>\n\t<meta name=\"twitter:data1\" content=\"2 minutos\" \/>\n<script type=\"application\/ld+json\" class=\"yoast-schema-graph\">{\"@context\":\"https:\/\/schema.org\",\"@graph\":[{\"@type\":\"WebPage\",\"@id\":\"https:\/\/www.destinationimagination.org\/challenge-experience\/technical-pinball-heroes\/\",\"url\":\"https:\/\/www.destinationimagination.org\/challenge-experience\/technical-pinball-heroes\/\",\"name\":\"Technical - Pinball Heroes - Destination Imagination\",\"isPartOf\":{\"@id\":\"https:\/\/www.destinationimagination.org\/es\/#website\"},\"primaryImageOfPage\":{\"@id\":\"https:\/\/www.destinationimagination.org\/challenge-experience\/technical-pinball-heroes\/#primaryimage\"},\"image\":{\"@id\":\"https:\/\/www.destinationimagination.org\/challenge-experience\/technical-pinball-heroes\/#primaryimage\"},\"thumbnailUrl\":\"https:\/\/www.destinationimagination.org\/wp-content\/uploads\/23-24-Technical-Pinball-Heroes-Icon-1.png\",\"datePublished\":\"2023-07-06T15:16:53+00:00\",\"dateModified\":\"2023-12-21T14:32:58+00:00\",\"breadcrumb\":{\"@id\":\"https:\/\/www.destinationimagination.org\/challenge-experience\/technical-pinball-heroes\/#breadcrumb\"},\"inLanguage\":\"es\",\"potentialAction\":[{\"@type\":\"ReadAction\",\"target\":[\"https:\/\/www.destinationimagination.org\/challenge-experience\/technical-pinball-heroes\/\"]}]},{\"@type\":\"ImageObject\",\"inLanguage\":\"es\",\"@id\":\"https:\/\/www.destinationimagination.org\/challenge-experience\/technical-pinball-heroes\/#primaryimage\",\"url\":\"https:\/\/www.destinationimagination.org\/wp-content\/uploads\/23-24-Technical-Pinball-Heroes-Icon-1.png\",\"contentUrl\":\"https:\/\/www.destinationimagination.org\/wp-content\/uploads\/23-24-Technical-Pinball-Heroes-Icon-1.png\",\"width\":2000,\"height\":845,\"caption\":\"23-24 Technical - Pinball Heroes Icon\"},{\"@type\":\"BreadcrumbList\",\"@id\":\"https:\/\/www.destinationimagination.org\/challenge-experience\/technical-pinball-heroes\/#breadcrumb\",\"itemListElement\":[{\"@type\":\"ListItem\",\"position\":1,\"name\":\"Home\",\"item\":\"https:\/\/www.destinationimagination.org\/\"},{\"@type\":\"ListItem\",\"position\":2,\"name\":\"Challenge Experience\",\"item\":\"https:\/\/www.destinationimagination.org\/challenge-experience\/\"},{\"@type\":\"ListItem\",\"position\":3,\"name\":\"Technical &#8211; Pinball Heroes\"}]},{\"@type\":\"WebSite\",\"@id\":\"https:\/\/www.destinationimagination.org\/es\/#website\",\"url\":\"https:\/\/www.destinationimagination.org\/es\/\",\"name\":\"Destination Imagination\",\"description\":\"A creative, team-focused, STEAM competition for K-12 and university students.\",\"potentialAction\":[{\"@type\":\"SearchAction\",\"target\":{\"@type\":\"EntryPoint\",\"urlTemplate\":\"https:\/\/www.destinationimagination.org\/es\/?s={search_term_string}\"},\"query-input\":{\"@type\":\"PropertyValueSpecification\",\"valueRequired\":true,\"valueName\":\"search_term_string\"}}],\"inLanguage\":\"es\"}]}<\/script>\n<!-- \/ Yoast SEO plugin. -->","yoast_head_json":{"title":"Technical - Pinball Heroes - Destination Imagination","robots":{"index":"index","follow":"follow","max-snippet":"max-snippet:-1","max-image-preview":"max-image-preview:large","max-video-preview":"max-video-preview:-1"},"canonical":"https:\/\/www.destinationimagination.org\/es\/challenge-experience\/technical-pinball-heroes\/","og_locale":"es_MX","og_type":"article","og_title":"Technical - Pinball Heroes - Destination Imagination","og_description":"2023-24 Published Clarifications Every team is expected to know the PublishedClarifications for its Challenge. The deadline to ask a Team Clarification is January 31, 2024, at 11:59 pm Pacific Time. #1 November 7, 2023 In the Challenge, Section I.A.4 should read: &#8220;For this Challenge, a Pinball is a tournament-provided size 3 soccer ball with a [&hellip;]","og_url":"https:\/\/www.destinationimagination.org\/es\/challenge-experience\/technical-pinball-heroes\/","og_site_name":"Destination Imagination","article_modified_time":"2023-12-21T14:32:58+00:00","og_image":[{"width":2000,"height":845,"url":"https:\/\/www.destinationimagination.org\/wp-content\/uploads\/23-24-Technical-Pinball-Heroes-Icon-1.png","type":"image\/png"}],"twitter_card":"summary_large_image","twitter_misc":{"Tiempo de lectura":"2 minutos"},"schema":{"@context":"https:\/\/schema.org","@graph":[{"@type":"WebPage","@id":"https:\/\/www.destinationimagination.org\/challenge-experience\/technical-pinball-heroes\/","url":"https:\/\/www.destinationimagination.org\/challenge-experience\/technical-pinball-heroes\/","name":"Technical - Pinball Heroes - Destination Imagination","isPartOf":{"@id":"https:\/\/www.destinationimagination.org\/es\/#website"},"primaryImageOfPage":{"@id":"https:\/\/www.destinationimagination.org\/challenge-experience\/technical-pinball-heroes\/#primaryimage"},"image":{"@id":"https:\/\/www.destinationimagination.org\/challenge-experience\/technical-pinball-heroes\/#primaryimage"},"thumbnailUrl":"https:\/\/www.destinationimagination.org\/wp-content\/uploads\/23-24-Technical-Pinball-Heroes-Icon-1.png","datePublished":"2023-07-06T15:16:53+00:00","dateModified":"2023-12-21T14:32:58+00:00","breadcrumb":{"@id":"https:\/\/www.destinationimagination.org\/challenge-experience\/technical-pinball-heroes\/#breadcrumb"},"inLanguage":"es","potentialAction":[{"@type":"ReadAction","target":["https:\/\/www.destinationimagination.org\/challenge-experience\/technical-pinball-heroes\/"]}]},{"@type":"ImageObject","inLanguage":"es","@id":"https:\/\/www.destinationimagination.org\/challenge-experience\/technical-pinball-heroes\/#primaryimage","url":"https:\/\/www.destinationimagination.org\/wp-content\/uploads\/23-24-Technical-Pinball-Heroes-Icon-1.png","contentUrl":"https:\/\/www.destinationimagination.org\/wp-content\/uploads\/23-24-Technical-Pinball-Heroes-Icon-1.png","width":2000,"height":845,"caption":"23-24 Technical - Pinball Heroes Icon"},{"@type":"BreadcrumbList","@id":"https:\/\/www.destinationimagination.org\/challenge-experience\/technical-pinball-heroes\/#breadcrumb","itemListElement":[{"@type":"ListItem","position":1,"name":"Home","item":"https:\/\/www.destinationimagination.org\/"},{"@type":"ListItem","position":2,"name":"Challenge Experience","item":"https:\/\/www.destinationimagination.org\/challenge-experience\/"},{"@type":"ListItem","position":3,"name":"Technical &#8211; Pinball Heroes"}]},{"@type":"WebSite","@id":"https:\/\/www.destinationimagination.org\/es\/#website","url":"https:\/\/www.destinationimagination.org\/es\/","name":"Destino Imaginaci\u00f3n","description":"Una competencia STEAM creativa y centrada en el equipo para estudiantes universitarios y de K-12.","potentialAction":[{"@type":"SearchAction","target":{"@type":"EntryPoint","urlTemplate":"https:\/\/www.destinationimagination.org\/es\/?s={search_term_string}"},"query-input":{"@type":"PropertyValueSpecification","valueRequired":true,"valueName":"search_term_string"}}],"inLanguage":"es"}]}},"_links":{"self":[{"href":"https:\/\/www.destinationimagination.org\/es\/wp-json\/wp\/v2\/pages\/28477","targetHints":{"allow":["GET"]}}],"collection":[{"href":"https:\/\/www.destinationimagination.org\/es\/wp-json\/wp\/v2\/pages"}],"about":[{"href":"https:\/\/www.destinationimagination.org\/es\/wp-json\/wp\/v2\/types\/page"}],"author":[{"embeddable":true,"href":"https:\/\/www.destinationimagination.org\/es\/wp-json\/wp\/v2\/users\/2"}],"replies":[{"embeddable":true,"href":"https:\/\/www.destinationimagination.org\/es\/wp-json\/wp\/v2\/comments?post=28477"}],"version-history":[{"count":16,"href":"https:\/\/www.destinationimagination.org\/es\/wp-json\/wp\/v2\/pages\/28477\/revisions"}],"predecessor-version":[{"id":29692,"href":"https:\/\/www.destinationimagination.org\/es\/wp-json\/wp\/v2\/pages\/28477\/revisions\/29692"}],"up":[{"embeddable":true,"href":"https:\/\/www.destinationimagination.org\/es\/wp-json\/wp\/v2\/pages\/4041"}],"wp:featuredmedia":[{"embeddable":true,"href":"https:\/\/www.destinationimagination.org\/es\/wp-json\/wp\/v2\/media\/28486"}],"wp:attachment":[{"href":"https:\/\/www.destinationimagination.org\/es\/wp-json\/wp\/v2\/media?parent=28477"}],"curies":[{"name":"wp","href":"https:\/\/api.w.org\/{rel}","templated":true}]}}