{"id":30886,"date":"2024-06-12T14:07:26","date_gmt":"2024-06-12T18:07:26","guid":{"rendered":"https:\/\/www.destinationimagination.org\/?page_id=30886"},"modified":"2024-06-17T10:32:23","modified_gmt":"2024-06-17T14:32:23","slug":"fine-arts-less-is-more","status":"publish","type":"page","link":"https:\/\/www.destinationimagination.org\/es\/challenge-experience\/fine-arts-less-is-more\/","title":{"rendered":"Bellas Artes: Menos es M\u00e1s"},"content":{"rendered":"<div data-elementor-type=\"wp-page\" data-elementor-id=\"30886\" class=\"elementor elementor-30886\" data-elementor-post-type=\"page\">\n\t\t\t\t\t\t<section class=\"elementor-section elementor-top-section elementor-element elementor-element-a165454 elementor-section-boxed elementor-section-height-default elementor-section-height-default\" data-id=\"a165454\" data-element_type=\"section\" data-e-type=\"section\">\n\t\t\t\t\t\t<div class=\"elementor-container elementor-column-gap-default\">\n\t\t\t\t\t<div class=\"elementor-column elementor-col-100 elementor-top-column elementor-element elementor-element-5f3e331\" data-id=\"5f3e331\" data-element_type=\"column\" data-e-type=\"column\">\n\t\t\t<div class=\"elementor-widget-wrap elementor-element-populated\">\n\t\t\t\t\t\t<section class=\"elementor-section elementor-inner-section elementor-element elementor-element-c8f6b66 elementor-section-content-middle elementor-section-boxed elementor-section-height-default elementor-section-height-default\" data-id=\"c8f6b66\" data-element_type=\"section\" data-e-type=\"section\">\n\t\t\t\t\t\t<div class=\"elementor-container elementor-column-gap-no\">\n\t\t\t\t\t<div class=\"elementor-column elementor-col-100 elementor-inner-column elementor-element elementor-element-e1e3d2e\" data-id=\"e1e3d2e\" data-element_type=\"column\" data-e-type=\"column\">\n\t\t\t<div class=\"elementor-widget-wrap elementor-element-populated\">\n\t\t\t\t\t\t<div class=\"elementor-element elementor-element-c39ce5d elementor-widget__width-auto elementor-invisible elementor-widget elementor-widget-image\" data-id=\"c39ce5d\" data-element_type=\"widget\" data-e-type=\"widget\" data-settings=\"{&quot;_animation&quot;:&quot;fadeInLeft&quot;}\" data-widget_type=\"image.default\">\n\t\t\t\t<div class=\"elementor-widget-container\">\n\t\t\t\t\t\t\t\t\t\t\t\t\t\t\t<img decoding=\"async\" width=\"30\" height=\"30\" src=\"https:\/\/www.destinationimagination.org\/wp-content\/uploads\/orange-box.jpg\" class=\"attachment-large size-large wp-image-3314\" alt=\"orange box\" srcset=\"https:\/\/www.destinationimagination.org\/wp-content\/uploads\/orange-box.jpg 30w, https:\/\/www.destinationimagination.org\/wp-content\/uploads\/orange-box-12x12.jpg 12w\" sizes=\"(max-width: 30px) 100vw, 30px\" \/>\t\t\t\t\t\t\t\t\t\t\t\t\t\t\t<\/div>\n\t\t\t\t<\/div>\n\t\t\t\t<div class=\"elementor-element elementor-element-7443bea elementor-widget__width-auto elementor-widget elementor-widget-heading\" data-id=\"7443bea\" data-element_type=\"widget\" data-e-type=\"widget\" data-widget_type=\"heading.default\">\n\t\t\t\t<div class=\"elementor-widget-container\">\n\t\t\t\t\t<h3 class=\"elementor-heading-title elementor-size-default\">2024-25 Aclaraciones publicadas<\/h3>\t\t\t\t<\/div>\n\t\t\t\t<\/div>\n\t\t\t\t\t<\/div>\n\t\t<\/div>\n\t\t\t\t\t<\/div>\n\t\t<\/section>\n\t\t\t\t<div class=\"elementor-element elementor-element-d9f898d elementor-widget elementor-widget-image\" data-id=\"d9f898d\" data-element_type=\"widget\" data-e-type=\"widget\" data-widget_type=\"image.default\">\n\t\t\t\t<div class=\"elementor-widget-container\">\n\t\t\t\t\t\t\t\t\t\t\t\t\t\t\t<img fetchpriority=\"high\" decoding=\"async\" width=\"5000\" height=\"2143\" src=\"https:\/\/www.destinationimagination.org\/wp-content\/uploads\/24-25-Fine-Arts-Less-is-More.png\" class=\"attachment-full size-full wp-image-30875\" alt=\"24-25 Fine Arts - Less is More logo with fish that is simple on the left side and complex on the right side\" \/>\t\t\t\t\t\t\t\t\t\t\t\t\t\t\t<\/div>\n\t\t\t\t<\/div>\n\t\t\t\t<section class=\"elementor-section elementor-inner-section elementor-element elementor-element-757405b elementor-section-boxed elementor-section-height-default elementor-section-height-default\" data-id=\"757405b\" data-element_type=\"section\" data-e-type=\"section\">\n\t\t\t\t\t\t<div class=\"elementor-container elementor-column-gap-default\">\n\t\t\t\t\t<div class=\"elementor-column elementor-col-100 elementor-inner-column elementor-element elementor-element-0f242b4 elementor-invisible\" data-id=\"0f242b4\" data-element_type=\"column\" data-e-type=\"column\" data-settings=\"{&quot;animation&quot;:&quot;slideInUp&quot;}\">\n\t\t\t<div class=\"elementor-widget-wrap elementor-element-populated\">\n\t\t\t\t\t\t<div class=\"elementor-element elementor-element-2cb034a elementor-widget elementor-widget-text-editor\" data-id=\"2cb034a\" data-element_type=\"widget\" data-e-type=\"widget\" data-widget_type=\"text-editor.default\">\n\t\t\t\t<div class=\"elementor-widget-container\">\n\t\t\t\t\t\t\t\t\t<h3>Se espera que cada equipo sepa el Publicado<br \/>Aclaraciones para su Reto.<\/h3><p>La fecha l\u00edmite para solicitar una Aclaraci\u00f3n del Equipo es el 31 de enero de 2025 a las 11:59 p. m., hora del Pac\u00edfico.<\/p><p><strong>Actualmente no hay Aclaraciones para el Desaf\u00edo de Bellas Artes 2024-25.<\/strong><br \/><strong>Por favor revise las actualizaciones.\u00a0<\/strong><\/p>\t\t\t\t\t\t\t\t<\/div>\n\t\t\t\t<\/div>\n\t\t\t\t\t<\/div>\n\t\t<\/div>\n\t\t\t\t\t<\/div>\n\t\t<\/section>\n\t\t\t\t\t<\/div>\n\t\t<\/div>\n\t\t\t\t\t<\/div>\n\t\t<\/section>\n\t\t\t\t<\/div>","protected":false},"excerpt":{"rendered":"<p>Aclaraciones publicadas 2024-25 Se espera que cada equipo conozca las aclaraciones publicadas para su desaf\u00edo. La fecha l\u00edmite para solicitar una aclaraci\u00f3n de equipo es el 31 de enero de 2025 a las 11:59 p. m., hora del Pac\u00edfico. Actualmente no hay aclaraciones para el desaf\u00edo de bellas artes 2024-25. Vuelva a consultar para ver las actualizaciones.\u00a0<\/p>","protected":false},"author":2,"featured_media":30875,"parent":4041,"menu_order":0,"comment_status":"closed","ping_status":"closed","template":"","meta":{"content-type":"","inline_featured_image":false,"footnotes":""},"class_list":["post-30886","page","type-page","status-publish","has-post-thumbnail","hentry"],"yoast_head":"<!-- This site is optimized with the Yoast SEO plugin v27.2 - https:\/\/yoast.com\/product\/yoast-seo-wordpress\/ -->\n<title>Fine Arts-Less is More - Destination Imagination<\/title>\n<meta name=\"robots\" content=\"index, follow, max-snippet:-1, max-image-preview:large, max-video-preview:-1\" \/>\n<link rel=\"canonical\" href=\"https:\/\/www.destinationimagination.org\/es\/challenge-experience\/fine-arts-less-is-more\/\" \/>\n<meta property=\"og:locale\" content=\"es_MX\" \/>\n<meta property=\"og:type\" content=\"article\" \/>\n<meta property=\"og:title\" content=\"Fine Arts-Less is More - Destination Imagination\" \/>\n<meta property=\"og:description\" content=\"2024-25 Published Clarifications Every team is expected to know the PublishedClarifications for its Challenge. The deadline to ask a Team Clarification is January 31, 2025, at 11:59 pm Pacific Time. There are currently no Clarifications for the 2024-25 Fine Arts Challenge.Please check back for updates.\u00a0\" \/>\n<meta property=\"og:url\" content=\"https:\/\/www.destinationimagination.org\/es\/challenge-experience\/fine-arts-less-is-more\/\" \/>\n<meta property=\"og:site_name\" content=\"Destination Imagination\" \/>\n<meta property=\"article:modified_time\" content=\"2024-06-17T14:32:23+00:00\" \/>\n<meta property=\"og:image\" content=\"https:\/\/www.destinationimagination.org\/wp-content\/uploads\/24-25-Fine-Arts-Less-is-More.png\" \/>\n\t<meta property=\"og:image:width\" content=\"5000\" \/>\n\t<meta property=\"og:image:height\" content=\"2143\" \/>\n\t<meta property=\"og:image:type\" content=\"image\/png\" \/>\n<meta name=\"twitter:card\" content=\"summary_large_image\" \/>\n<meta name=\"twitter:label1\" content=\"Tiempo de lectura\" \/>\n\t<meta name=\"twitter:data1\" content=\"1 minuto\" \/>\n<script type=\"application\/ld+json\" class=\"yoast-schema-graph\">{\"@context\":\"https:\/\/schema.org\",\"@graph\":[{\"@type\":\"WebPage\",\"@id\":\"https:\/\/www.destinationimagination.org\/challenge-experience\/fine-arts-less-is-more\/\",\"url\":\"https:\/\/www.destinationimagination.org\/challenge-experience\/fine-arts-less-is-more\/\",\"name\":\"Fine Arts-Less is More - Destination Imagination\",\"isPartOf\":{\"@id\":\"https:\/\/www.destinationimagination.org\/es\/#website\"},\"primaryImageOfPage\":{\"@id\":\"https:\/\/www.destinationimagination.org\/challenge-experience\/fine-arts-less-is-more\/#primaryimage\"},\"image\":{\"@id\":\"https:\/\/www.destinationimagination.org\/challenge-experience\/fine-arts-less-is-more\/#primaryimage\"},\"thumbnailUrl\":\"https:\/\/www.destinationimagination.org\/wp-content\/uploads\/24-25-Fine-Arts-Less-is-More.png\",\"datePublished\":\"2024-06-12T18:07:26+00:00\",\"dateModified\":\"2024-06-17T14:32:23+00:00\",\"breadcrumb\":{\"@id\":\"https:\/\/www.destinationimagination.org\/challenge-experience\/fine-arts-less-is-more\/#breadcrumb\"},\"inLanguage\":\"es\",\"potentialAction\":[{\"@type\":\"ReadAction\",\"target\":[\"https:\/\/www.destinationimagination.org\/challenge-experience\/fine-arts-less-is-more\/\"]}]},{\"@type\":\"ImageObject\",\"inLanguage\":\"es\",\"@id\":\"https:\/\/www.destinationimagination.org\/challenge-experience\/fine-arts-less-is-more\/#primaryimage\",\"url\":\"https:\/\/www.destinationimagination.org\/wp-content\/uploads\/24-25-Fine-Arts-Less-is-More.png\",\"contentUrl\":\"https:\/\/www.destinationimagination.org\/wp-content\/uploads\/24-25-Fine-Arts-Less-is-More.png\",\"width\":5000,\"height\":2143,\"caption\":\"24-25 Fine Arts - Less is More logo with fish that is simple on the left side and complex on the right side\"},{\"@type\":\"BreadcrumbList\",\"@id\":\"https:\/\/www.destinationimagination.org\/challenge-experience\/fine-arts-less-is-more\/#breadcrumb\",\"itemListElement\":[{\"@type\":\"ListItem\",\"position\":1,\"name\":\"Home\",\"item\":\"https:\/\/www.destinationimagination.org\/\"},{\"@type\":\"ListItem\",\"position\":2,\"name\":\"Challenge Experience\",\"item\":\"https:\/\/www.destinationimagination.org\/challenge-experience\/\"},{\"@type\":\"ListItem\",\"position\":3,\"name\":\"Fine Arts-Less is More\"}]},{\"@type\":\"WebSite\",\"@id\":\"https:\/\/www.destinationimagination.org\/es\/#website\",\"url\":\"https:\/\/www.destinationimagination.org\/es\/\",\"name\":\"Destination Imagination\",\"description\":\"A creative, team-focused, STEAM competition for K-12 and university students.\",\"potentialAction\":[{\"@type\":\"SearchAction\",\"target\":{\"@type\":\"EntryPoint\",\"urlTemplate\":\"https:\/\/www.destinationimagination.org\/es\/?s={search_term_string}\"},\"query-input\":{\"@type\":\"PropertyValueSpecification\",\"valueRequired\":true,\"valueName\":\"search_term_string\"}}],\"inLanguage\":\"es\"}]}<\/script>\n<!-- \/ Yoast SEO plugin. -->","yoast_head_json":{"title":"Bellas Artes: Menos es m\u00e1s - Destino Imaginaci\u00f3n","robots":{"index":"index","follow":"follow","max-snippet":"max-snippet:-1","max-image-preview":"max-image-preview:large","max-video-preview":"max-video-preview:-1"},"canonical":"https:\/\/www.destinationimagination.org\/es\/challenge-experience\/fine-arts-less-is-more\/","og_locale":"es_MX","og_type":"article","og_title":"Fine Arts-Less is More - Destination Imagination","og_description":"2024-25 Published Clarifications Every team is expected to know the PublishedClarifications for its Challenge. The deadline to ask a Team Clarification is January 31, 2025, at 11:59 pm Pacific Time. There are currently no Clarifications for the 2024-25 Fine Arts Challenge.Please check back for updates.\u00a0","og_url":"https:\/\/www.destinationimagination.org\/es\/challenge-experience\/fine-arts-less-is-more\/","og_site_name":"Destination Imagination","article_modified_time":"2024-06-17T14:32:23+00:00","og_image":[{"width":5000,"height":2143,"url":"https:\/\/www.destinationimagination.org\/wp-content\/uploads\/24-25-Fine-Arts-Less-is-More.png","type":"image\/png"}],"twitter_card":"summary_large_image","twitter_misc":{"Tiempo de lectura":"1 minuto"},"schema":{"@context":"https:\/\/schema.org","@graph":[{"@type":"WebPage","@id":"https:\/\/www.destinationimagination.org\/challenge-experience\/fine-arts-less-is-more\/","url":"https:\/\/www.destinationimagination.org\/challenge-experience\/fine-arts-less-is-more\/","name":"Bellas Artes: Menos es m\u00e1s - Destino Imaginaci\u00f3n","isPartOf":{"@id":"https:\/\/www.destinationimagination.org\/es\/#website"},"primaryImageOfPage":{"@id":"https:\/\/www.destinationimagination.org\/challenge-experience\/fine-arts-less-is-more\/#primaryimage"},"image":{"@id":"https:\/\/www.destinationimagination.org\/challenge-experience\/fine-arts-less-is-more\/#primaryimage"},"thumbnailUrl":"https:\/\/www.destinationimagination.org\/wp-content\/uploads\/24-25-Fine-Arts-Less-is-More.png","datePublished":"2024-06-12T18:07:26+00:00","dateModified":"2024-06-17T14:32:23+00:00","breadcrumb":{"@id":"https:\/\/www.destinationimagination.org\/challenge-experience\/fine-arts-less-is-more\/#breadcrumb"},"inLanguage":"es","potentialAction":[{"@type":"ReadAction","target":["https:\/\/www.destinationimagination.org\/challenge-experience\/fine-arts-less-is-more\/"]}]},{"@type":"ImageObject","inLanguage":"es","@id":"https:\/\/www.destinationimagination.org\/challenge-experience\/fine-arts-less-is-more\/#primaryimage","url":"https:\/\/www.destinationimagination.org\/wp-content\/uploads\/24-25-Fine-Arts-Less-is-More.png","contentUrl":"https:\/\/www.destinationimagination.org\/wp-content\/uploads\/24-25-Fine-Arts-Less-is-More.png","width":5000,"height":2143,"caption":"24-25 Fine Arts - Less is More logo with fish that is simple on the left side and complex on the right side"},{"@type":"BreadcrumbList","@id":"https:\/\/www.destinationimagination.org\/challenge-experience\/fine-arts-less-is-more\/#breadcrumb","itemListElement":[{"@type":"ListItem","position":1,"name":"Home","item":"https:\/\/www.destinationimagination.org\/"},{"@type":"ListItem","position":2,"name":"Challenge Experience","item":"https:\/\/www.destinationimagination.org\/challenge-experience\/"},{"@type":"ListItem","position":3,"name":"Fine Arts-Less is More"}]},{"@type":"WebSite","@id":"https:\/\/www.destinationimagination.org\/es\/#website","url":"https:\/\/www.destinationimagination.org\/es\/","name":"Destino Imaginaci\u00f3n","description":"Una competencia STEAM creativa y centrada en el equipo para estudiantes universitarios y de K-12.","potentialAction":[{"@type":"SearchAction","target":{"@type":"EntryPoint","urlTemplate":"https:\/\/www.destinationimagination.org\/es\/?s={search_term_string}"},"query-input":{"@type":"PropertyValueSpecification","valueRequired":true,"valueName":"search_term_string"}}],"inLanguage":"es"}]}},"_links":{"self":[{"href":"https:\/\/www.destinationimagination.org\/es\/wp-json\/wp\/v2\/pages\/30886","targetHints":{"allow":["GET"]}}],"collection":[{"href":"https:\/\/www.destinationimagination.org\/es\/wp-json\/wp\/v2\/pages"}],"about":[{"href":"https:\/\/www.destinationimagination.org\/es\/wp-json\/wp\/v2\/types\/page"}],"author":[{"embeddable":true,"href":"https:\/\/www.destinationimagination.org\/es\/wp-json\/wp\/v2\/users\/2"}],"replies":[{"embeddable":true,"href":"https:\/\/www.destinationimagination.org\/es\/wp-json\/wp\/v2\/comments?post=30886"}],"version-history":[{"count":7,"href":"https:\/\/www.destinationimagination.org\/es\/wp-json\/wp\/v2\/pages\/30886\/revisions"}],"predecessor-version":[{"id":30976,"href":"https:\/\/www.destinationimagination.org\/es\/wp-json\/wp\/v2\/pages\/30886\/revisions\/30976"}],"up":[{"embeddable":true,"href":"https:\/\/www.destinationimagination.org\/es\/wp-json\/wp\/v2\/pages\/4041"}],"wp:featuredmedia":[{"embeddable":true,"href":"https:\/\/www.destinationimagination.org\/es\/wp-json\/wp\/v2\/media\/30875"}],"wp:attachment":[{"href":"https:\/\/www.destinationimagination.org\/es\/wp-json\/wp\/v2\/media?parent=30886"}],"curies":[{"name":"wp","href":"https:\/\/api.w.org\/{rel}","templated":true}]}}