{"id":11300,"date":"2022-03-07T09:31:56","date_gmt":"2022-03-07T14:31:56","guid":{"rendered":"https:\/\/www.destinationimagination.org\/?page_id=11300"},"modified":"2022-03-08T09:13:02","modified_gmt":"2022-03-08T14:13:02","slug":"technical-daring-escape","status":"publish","type":"page","link":"https:\/\/www.destinationimagination.org\/fr\/challenge-experience\/technical-daring-escape\/","title":{"rendered":"Technique : \u00c9vasion audacieuse"},"content":{"rendered":"<div data-elementor-type=\"wp-page\" data-elementor-id=\"11300\" class=\"elementor elementor-11300\" data-elementor-post-type=\"page\">\n\t\t\t\t\t\t<section class=\"elementor-section elementor-top-section elementor-element elementor-element-20de4646 elementor-section-full_width elementor-section-height-default elementor-section-height-default\" data-id=\"20de4646\" data-element_type=\"section\" data-e-type=\"section\" data-settings=\"{&quot;background_background&quot;:&quot;gradient&quot;}\">\n\t\t\t\t\t\t\t<div class=\"elementor-background-overlay\"><\/div>\n\t\t\t\t\t\t\t<div class=\"elementor-container elementor-column-gap-default\">\n\t\t\t\t\t\t<\/div>\n\t\t<\/section>\n\t\t\t\t<section class=\"elementor-section elementor-top-section elementor-element elementor-element-6b680975 elementor-section-boxed elementor-section-height-default elementor-section-height-default\" data-id=\"6b680975\" data-element_type=\"section\" data-e-type=\"section\">\n\t\t\t\t\t\t<div class=\"elementor-container elementor-column-gap-default\">\n\t\t\t\t\t<div class=\"elementor-column elementor-col-100 elementor-top-column elementor-element elementor-element-79ae0ffc\" data-id=\"79ae0ffc\" data-element_type=\"column\" data-e-type=\"column\">\n\t\t\t<div class=\"elementor-widget-wrap elementor-element-populated\">\n\t\t\t\t\t\t<section class=\"elementor-section elementor-inner-section elementor-element elementor-element-7a1fa503 elementor-section-content-middle elementor-section-boxed elementor-section-height-default elementor-section-height-default\" data-id=\"7a1fa503\" data-element_type=\"section\" data-e-type=\"section\">\n\t\t\t\t\t\t<div class=\"elementor-container elementor-column-gap-no\">\n\t\t\t\t\t<div class=\"elementor-column elementor-col-100 elementor-inner-column elementor-element elementor-element-7de04036\" data-id=\"7de04036\" data-element_type=\"column\" data-e-type=\"column\">\n\t\t\t<div class=\"elementor-widget-wrap elementor-element-populated\">\n\t\t\t\t\t\t<div class=\"elementor-element elementor-element-17b57c93 elementor-widget__width-auto elementor-invisible elementor-widget elementor-widget-image\" data-id=\"17b57c93\" data-element_type=\"widget\" data-e-type=\"widget\" data-settings=\"{&quot;_animation&quot;:&quot;fadeInLeft&quot;}\" data-widget_type=\"image.default\">\n\t\t\t\t<div class=\"elementor-widget-container\">\n\t\t\t\t\t\t\t\t\t\t\t\t\t\t\t<img decoding=\"async\" width=\"30\" height=\"30\" src=\"https:\/\/www.destinationimagination.org\/wp-content\/uploads\/orange-box.jpg\" class=\"attachment-large size-large wp-image-3314\" alt=\"orange box\" srcset=\"https:\/\/www.destinationimagination.org\/wp-content\/uploads\/orange-box.jpg 30w, https:\/\/www.destinationimagination.org\/wp-content\/uploads\/orange-box-12x12.jpg 12w\" sizes=\"(max-width: 30px) 100vw, 30px\" \/>\t\t\t\t\t\t\t\t\t\t\t\t\t\t\t<\/div>\n\t\t\t\t<\/div>\n\t\t\t\t<div class=\"elementor-element elementor-element-3a76de4 elementor-widget__width-auto elementor-widget elementor-widget-heading\" data-id=\"3a76de4\" data-element_type=\"widget\" data-e-type=\"widget\" data-widget_type=\"heading.default\">\n\t\t\t\t<div class=\"elementor-widget-container\">\n\t\t\t\t\t<h3 class=\"elementor-heading-title elementor-size-default\">2021-22 Clarifications publi\u00e9es<\/h3>\t\t\t\t<\/div>\n\t\t\t\t<\/div>\n\t\t\t\t\t<\/div>\n\t\t<\/div>\n\t\t\t\t\t<\/div>\n\t\t<\/section>\n\t\t\t\t<div class=\"elementor-element elementor-element-56803d6 elementor-widget elementor-widget-heading\" data-id=\"56803d6\" data-element_type=\"widget\" data-e-type=\"widget\" data-widget_type=\"heading.default\">\n\t\t\t\t<div class=\"elementor-widget-container\">\n\t\t\t\t\t<h1 class=\"elementor-heading-title elementor-size-default\">D\u00e9fi technique <br> Escapade audacieuse<\/h1>\t\t\t\t<\/div>\n\t\t\t\t<\/div>\n\t\t\t\t<div class=\"elementor-element elementor-element-2bf0bb29 elementor-widget-divider--separator-type-pattern elementor-widget-divider--view-line elementor-widget elementor-widget-divider\" data-id=\"2bf0bb29\" data-element_type=\"widget\" data-e-type=\"widget\" data-widget_type=\"divider.default\">\n\t\t\t\t<div class=\"elementor-widget-container\">\n\t\t\t\t\t\t\t<div class=\"elementor-divider\" style=\"--divider-pattern-url: url(&quot;data:image\/svg+xml,%3Csvg xmlns=&#039;http:\/\/www.w3.org\/2000\/svg&#039; preserveAspectRatio=&#039;none&#039; overflow=&#039;visible&#039; height=&#039;100%&#039; viewBox=&#039;0 0 24 24&#039; fill=&#039;none&#039; stroke=&#039;black&#039; stroke-width=&#039;2&#039; stroke-linecap=&#039;square&#039; stroke-miterlimit=&#039;10&#039;%3E%3Cpolyline points=&#039;0,18 12,6 24,18 &#039;\/%3E%3C\/svg%3E&quot;);\">\n\t\t\t<span class=\"elementor-divider-separator\">\n\t\t\t\t\t\t<\/span>\n\t\t<\/div>\n\t\t\t\t\t\t<\/div>\n\t\t\t\t<\/div>\n\t\t\t\t<section class=\"elementor-section elementor-inner-section elementor-element elementor-element-4ad1165d elementor-section-boxed elementor-section-height-default elementor-section-height-default\" data-id=\"4ad1165d\" data-element_type=\"section\" data-e-type=\"section\">\n\t\t\t\t\t\t<div class=\"elementor-container elementor-column-gap-default\">\n\t\t\t\t\t<div class=\"elementor-column elementor-col-100 elementor-inner-column elementor-element elementor-element-6b3c3258 elementor-invisible\" data-id=\"6b3c3258\" data-element_type=\"column\" data-e-type=\"column\" data-settings=\"{&quot;animation&quot;:&quot;slideInUp&quot;}\">\n\t\t\t<div class=\"elementor-widget-wrap elementor-element-populated\">\n\t\t\t\t\t\t<div class=\"elementor-element elementor-element-66905571 elementor-widget elementor-widget-text-editor\" data-id=\"66905571\" data-element_type=\"widget\" data-e-type=\"widget\" data-widget_type=\"text-editor.default\">\n\t\t\t\t<div class=\"elementor-widget-container\">\n\t\t\t\t\t\t\t\t\t<h3>On s&#039;attend \u00e0 ce que chaque \u00e9quipe connaisse la publication<br \/>Pr\u00e9cisions pour son Challenge.<\/h3><p><span class=\"font-light-color\"><span style=\"color: #ff0000;\"><strong>Les clarifications d&#039;\u00e9quipe sont actuellement ferm\u00e9es.<br \/><\/strong><\/span><\/span>La date limite pour demander une clarification d&#039;\u00e9quipe \u00e9tait le 31 janvier 2022 \u00e0 23 h 59, heure du Pacifique.<\/p>\t\t\t\t\t\t\t\t<\/div>\n\t\t\t\t<\/div>\n\t\t\t\t<div class=\"elementor-element elementor-element-33eba1be elementor-widget elementor-widget-image\" data-id=\"33eba1be\" data-element_type=\"widget\" data-e-type=\"widget\" data-widget_type=\"image.default\">\n\t\t\t\t<div class=\"elementor-widget-container\">\n\t\t\t\t\t\t\t\t\t\t\t\t\t\t\t<img fetchpriority=\"high\" decoding=\"async\" width=\"300\" height=\"300\" src=\"https:\/\/www.destinationimagination.org\/wp-content\/uploads\/20-21-Technical-Daring-Escape-Logo-300x300-1.png\" class=\"attachment-full size-full wp-image-6447\" alt=\"20-21-Technical-Daring-Escape-Logo-300x300\" srcset=\"https:\/\/www.destinationimagination.org\/wp-content\/uploads\/20-21-Technical-Daring-Escape-Logo-300x300-1.png 300w, https:\/\/www.destinationimagination.org\/wp-content\/uploads\/20-21-Technical-Daring-Escape-Logo-300x300-1-150x150.png 150w, https:\/\/www.destinationimagination.org\/wp-content\/uploads\/20-21-Technical-Daring-Escape-Logo-300x300-1-12x12.png 12w\" sizes=\"(max-width: 300px) 100vw, 300px\" \/>\t\t\t\t\t\t\t\t\t\t\t\t\t\t\t<\/div>\n\t\t\t\t<\/div>\n\t\t\t\t<div class=\"elementor-element elementor-element-1adbeb0f elementor-widget elementor-widget-text-editor\" data-id=\"1adbeb0f\" data-element_type=\"widget\" data-e-type=\"widget\" data-widget_type=\"text-editor.default\">\n\t\t\t\t<div class=\"elementor-widget-container\">\n\t\t\t\t\t\t\t\t\t<h3 style=\"text-align: left;\">#1 13 OCTOBRE 2021<\/h3><p style=\"text-align: left;\">Dans le Challenge, une nouvelle Section IB8 devrait se lire : \u00ab Les Dangers ne doivent pas faire partie les uns des autres. Si une partie d&#039;un Obstacle fait partie d&#039;un ou d&#039;autres Obstacles, votre \u00e9quipe peut recevoir 0 point pour la ou les tentatives de surmonter ces Obstacles. (Voir la section IV.B.1.) Votre \u00e9quipe peut \u00e9galement recevoir une ou plusieurs d\u00e9ductions pour proc\u00e9dure ill\u00e9gale pour IV.B.2, IV.B.3 et\/ou IV.B.4.\u00a0\u00bb<\/p><p>\u00a0<\/p><h3 style=\"text-align: left;\">#2 19 NOVEMBRE 2021<\/h3><p style=\"text-align: left;\">Dans le Challenge, la Section IB4 doit se lire comme suit : \u00ab Les Dangers ne doivent pas se toucher. Les Dangers ne doivent pas \u00eatre li\u00e9s les uns aux autres, que ce soit directement ou indirectement. Si les obstacles se touchent ou sont attach\u00e9s les uns aux autres, votre \u00e9quipe peut recevoir 0 point pour la ou les tentatives de surmonter ces obstacles alors qu&#039;ils se touchent ou sont attach\u00e9s. (Voir Section IV.B.1.) Les scores de votre \u00e9quipe pour IV.B.2, IV.B.3 et\/ou IV.B.4 peuvent \u00eatre affect\u00e9s.<\/p>\t\t\t\t\t\t\t\t<\/div>\n\t\t\t\t<\/div>\n\t\t\t\t\t<\/div>\n\t\t<\/div>\n\t\t\t\t\t<\/div>\n\t\t<\/section>\n\t\t\t\t\t<\/div>\n\t\t<\/div>\n\t\t\t\t\t<\/div>\n\t\t<\/section>\n\t\t\t\t<\/div>","protected":false},"excerpt":{"rendered":"<p>2021-22 Published Clarifications Technical Challenge Daring Escape Every team is expected to know the PublishedClarifications for its Challenge. Team Clarifications are currently closed.The deadline to ask a Team Clarification was January 31, 2022, at 11:59 pm Pacific Time. #1 OCTOBER 13, 2021 In the Challenge, a new Section I.B.8 should read: \u201cThe Hazards must not [&hellip;]<\/p>\n","protected":false},"author":2,"featured_media":6447,"parent":4041,"menu_order":0,"comment_status":"closed","ping_status":"closed","template":"","meta":{"content-type":"","inline_featured_image":false,"footnotes":""},"class_list":["post-11300","page","type-page","status-publish","has-post-thumbnail","hentry"],"yoast_head":"<!-- This site is optimized with the Yoast SEO plugin v27.2 - https:\/\/yoast.com\/product\/yoast-seo-wordpress\/ -->\n<title>Technical: Daring Escape - Destination Imagination<\/title>\n<meta name=\"robots\" content=\"index, follow, max-snippet:-1, max-image-preview:large, max-video-preview:-1\" \/>\n<link rel=\"canonical\" href=\"https:\/\/www.destinationimagination.org\/fr\/challenge-experience\/technical-daring-escape\/\" \/>\n<meta property=\"og:locale\" content=\"fr_CA\" \/>\n<meta property=\"og:type\" content=\"article\" \/>\n<meta property=\"og:title\" content=\"Technical: Daring Escape - Destination Imagination\" \/>\n<meta property=\"og:description\" content=\"2021-22 Published Clarifications Technical Challenge Daring Escape Every team is expected to know the PublishedClarifications for its Challenge. Team Clarifications are currently closed.The deadline to ask a Team Clarification was January 31, 2022, at 11:59 pm Pacific Time. #1 OCTOBER 13, 2021 In the Challenge, a new Section I.B.8 should read: \u201cThe Hazards must not [&hellip;]\" \/>\n<meta property=\"og:url\" content=\"https:\/\/www.destinationimagination.org\/fr\/challenge-experience\/technical-daring-escape\/\" \/>\n<meta property=\"og:site_name\" content=\"Destination Imagination\" \/>\n<meta property=\"article:modified_time\" content=\"2022-03-08T14:13:02+00:00\" \/>\n<meta property=\"og:image\" content=\"https:\/\/www.destinationimagination.org\/wp-content\/uploads\/20-21-Technical-Daring-Escape-Logo-300x300-1.png\" \/>\n\t<meta property=\"og:image:width\" content=\"300\" \/>\n\t<meta property=\"og:image:height\" content=\"300\" \/>\n\t<meta property=\"og:image:type\" content=\"image\/png\" \/>\n<meta name=\"twitter:card\" content=\"summary_large_image\" \/>\n<meta name=\"twitter:label1\" content=\"Estimation du temps de lecture\" \/>\n\t<meta name=\"twitter:data1\" content=\"2 minutes\" \/>\n<script type=\"application\/ld+json\" class=\"yoast-schema-graph\">{\"@context\":\"https:\/\/schema.org\",\"@graph\":[{\"@type\":\"WebPage\",\"@id\":\"https:\/\/www.destinationimagination.org\/challenge-experience\/technical-daring-escape\/\",\"url\":\"https:\/\/www.destinationimagination.org\/challenge-experience\/technical-daring-escape\/\",\"name\":\"Technical: Daring Escape - Destination Imagination\",\"isPartOf\":{\"@id\":\"https:\/\/www.destinationimagination.org\/es\/#website\"},\"primaryImageOfPage\":{\"@id\":\"https:\/\/www.destinationimagination.org\/challenge-experience\/technical-daring-escape\/#primaryimage\"},\"image\":{\"@id\":\"https:\/\/www.destinationimagination.org\/challenge-experience\/technical-daring-escape\/#primaryimage\"},\"thumbnailUrl\":\"https:\/\/www.destinationimagination.org\/wp-content\/uploads\/20-21-Technical-Daring-Escape-Logo-300x300-1.png\",\"datePublished\":\"2022-03-07T14:31:56+00:00\",\"dateModified\":\"2022-03-08T14:13:02+00:00\",\"breadcrumb\":{\"@id\":\"https:\/\/www.destinationimagination.org\/challenge-experience\/technical-daring-escape\/#breadcrumb\"},\"inLanguage\":\"fr-CA\",\"potentialAction\":[{\"@type\":\"ReadAction\",\"target\":[\"https:\/\/www.destinationimagination.org\/challenge-experience\/technical-daring-escape\/\"]}]},{\"@type\":\"ImageObject\",\"inLanguage\":\"fr-CA\",\"@id\":\"https:\/\/www.destinationimagination.org\/challenge-experience\/technical-daring-escape\/#primaryimage\",\"url\":\"https:\/\/www.destinationimagination.org\/wp-content\/uploads\/20-21-Technical-Daring-Escape-Logo-300x300-1.png\",\"contentUrl\":\"https:\/\/www.destinationimagination.org\/wp-content\/uploads\/20-21-Technical-Daring-Escape-Logo-300x300-1.png\",\"width\":300,\"height\":300,\"caption\":\"20-21-Technical-Daring-Escape-Logo-300x300\"},{\"@type\":\"BreadcrumbList\",\"@id\":\"https:\/\/www.destinationimagination.org\/challenge-experience\/technical-daring-escape\/#breadcrumb\",\"itemListElement\":[{\"@type\":\"ListItem\",\"position\":1,\"name\":\"Home\",\"item\":\"https:\/\/www.destinationimagination.org\/\"},{\"@type\":\"ListItem\",\"position\":2,\"name\":\"Challenge Experience\",\"item\":\"https:\/\/www.destinationimagination.org\/challenge-experience\/\"},{\"@type\":\"ListItem\",\"position\":3,\"name\":\"Technical: Daring Escape\"}]},{\"@type\":\"WebSite\",\"@id\":\"https:\/\/www.destinationimagination.org\/es\/#website\",\"url\":\"https:\/\/www.destinationimagination.org\/es\/\",\"name\":\"Destination Imagination\",\"description\":\"A creative, team-focused, STEAM competition for K-12 and university students.\",\"potentialAction\":[{\"@type\":\"SearchAction\",\"target\":{\"@type\":\"EntryPoint\",\"urlTemplate\":\"https:\/\/www.destinationimagination.org\/es\/?s={search_term_string}\"},\"query-input\":{\"@type\":\"PropertyValueSpecification\",\"valueRequired\":true,\"valueName\":\"search_term_string\"}}],\"inLanguage\":\"fr-CA\"}]}<\/script>\n<!-- \/ Yoast SEO plugin. -->","yoast_head_json":{"title":"Technique : \u00c9vasion audacieuse - Destination Imagination","robots":{"index":"index","follow":"follow","max-snippet":"max-snippet:-1","max-image-preview":"max-image-preview:large","max-video-preview":"max-video-preview:-1"},"canonical":"https:\/\/www.destinationimagination.org\/fr\/challenge-experience\/technical-daring-escape\/","og_locale":"fr_CA","og_type":"article","og_title":"Technical: Daring Escape - Destination Imagination","og_description":"2021-22 Published Clarifications Technical Challenge Daring Escape Every team is expected to know the PublishedClarifications for its Challenge. Team Clarifications are currently closed.The deadline to ask a Team Clarification was January 31, 2022, at 11:59 pm Pacific Time. #1 OCTOBER 13, 2021 In the Challenge, a new Section I.B.8 should read: \u201cThe Hazards must not [&hellip;]","og_url":"https:\/\/www.destinationimagination.org\/fr\/challenge-experience\/technical-daring-escape\/","og_site_name":"Destination Imagination","article_modified_time":"2022-03-08T14:13:02+00:00","og_image":[{"width":300,"height":300,"url":"https:\/\/www.destinationimagination.org\/wp-content\/uploads\/20-21-Technical-Daring-Escape-Logo-300x300-1.png","type":"image\/png"}],"twitter_card":"summary_large_image","twitter_misc":{"Estimation du temps de lecture":"2 minutes"},"schema":{"@context":"https:\/\/schema.org","@graph":[{"@type":"WebPage","@id":"https:\/\/www.destinationimagination.org\/challenge-experience\/technical-daring-escape\/","url":"https:\/\/www.destinationimagination.org\/challenge-experience\/technical-daring-escape\/","name":"Technique : \u00c9vasion audacieuse - Destination Imagination","isPartOf":{"@id":"https:\/\/www.destinationimagination.org\/es\/#website"},"primaryImageOfPage":{"@id":"https:\/\/www.destinationimagination.org\/challenge-experience\/technical-daring-escape\/#primaryimage"},"image":{"@id":"https:\/\/www.destinationimagination.org\/challenge-experience\/technical-daring-escape\/#primaryimage"},"thumbnailUrl":"https:\/\/www.destinationimagination.org\/wp-content\/uploads\/20-21-Technical-Daring-Escape-Logo-300x300-1.png","datePublished":"2022-03-07T14:31:56+00:00","dateModified":"2022-03-08T14:13:02+00:00","breadcrumb":{"@id":"https:\/\/www.destinationimagination.org\/challenge-experience\/technical-daring-escape\/#breadcrumb"},"inLanguage":"fr-CA","potentialAction":[{"@type":"ReadAction","target":["https:\/\/www.destinationimagination.org\/challenge-experience\/technical-daring-escape\/"]}]},{"@type":"ImageObject","inLanguage":"fr-CA","@id":"https:\/\/www.destinationimagination.org\/challenge-experience\/technical-daring-escape\/#primaryimage","url":"https:\/\/www.destinationimagination.org\/wp-content\/uploads\/20-21-Technical-Daring-Escape-Logo-300x300-1.png","contentUrl":"https:\/\/www.destinationimagination.org\/wp-content\/uploads\/20-21-Technical-Daring-Escape-Logo-300x300-1.png","width":300,"height":300,"caption":"20-21-Technical-Daring-Escape-Logo-300x300"},{"@type":"BreadcrumbList","@id":"https:\/\/www.destinationimagination.org\/challenge-experience\/technical-daring-escape\/#breadcrumb","itemListElement":[{"@type":"ListItem","position":1,"name":"Home","item":"https:\/\/www.destinationimagination.org\/"},{"@type":"ListItem","position":2,"name":"Challenge Experience","item":"https:\/\/www.destinationimagination.org\/challenge-experience\/"},{"@type":"ListItem","position":3,"name":"Technical: Daring Escape"}]},{"@type":"WebSite","@id":"https:\/\/www.destinationimagination.org\/es\/#website","url":"https:\/\/www.destinationimagination.org\/es\/","name":"Destination Imaginaire","description":"Un concours STEAM cr\u00e9atif et ax\u00e9 sur l&#039;\u00e9quipe pour les \u00e9tudiants de la maternelle \u00e0 la 12e ann\u00e9e et universitaires.","potentialAction":[{"@type":"SearchAction","target":{"@type":"EntryPoint","urlTemplate":"https:\/\/www.destinationimagination.org\/es\/?s={search_term_string}"},"query-input":{"@type":"PropertyValueSpecification","valueRequired":true,"valueName":"search_term_string"}}],"inLanguage":"fr-CA"}]}},"_links":{"self":[{"href":"https:\/\/www.destinationimagination.org\/fr\/wp-json\/wp\/v2\/pages\/11300","targetHints":{"allow":["GET"]}}],"collection":[{"href":"https:\/\/www.destinationimagination.org\/fr\/wp-json\/wp\/v2\/pages"}],"about":[{"href":"https:\/\/www.destinationimagination.org\/fr\/wp-json\/wp\/v2\/types\/page"}],"author":[{"embeddable":true,"href":"https:\/\/www.destinationimagination.org\/fr\/wp-json\/wp\/v2\/users\/2"}],"replies":[{"embeddable":true,"href":"https:\/\/www.destinationimagination.org\/fr\/wp-json\/wp\/v2\/comments?post=11300"}],"version-history":[{"count":26,"href":"https:\/\/www.destinationimagination.org\/fr\/wp-json\/wp\/v2\/pages\/11300\/revisions"}],"predecessor-version":[{"id":23359,"href":"https:\/\/www.destinationimagination.org\/fr\/wp-json\/wp\/v2\/pages\/11300\/revisions\/23359"}],"up":[{"embeddable":true,"href":"https:\/\/www.destinationimagination.org\/fr\/wp-json\/wp\/v2\/pages\/4041"}],"wp:featuredmedia":[{"embeddable":true,"href":"https:\/\/www.destinationimagination.org\/fr\/wp-json\/wp\/v2\/media\/6447"}],"wp:attachment":[{"href":"https:\/\/www.destinationimagination.org\/fr\/wp-json\/wp\/v2\/media?parent=11300"}],"curies":[{"name":"wp","href":"https:\/\/api.w.org\/{rel}","templated":true}]}}