{"id":28493,"date":"2023-07-06T12:09:08","date_gmt":"2023-07-06T16:09:08","guid":{"rendered":"https:\/\/www.destinationimagination.org\/?page_id=28493"},"modified":"2024-01-29T08:58:59","modified_gmt":"2024-01-29T13:58:59","slug":"engineering-going-to-distance","status":"publish","type":"page","link":"https:\/\/www.destinationimagination.org\/fr\/challenge-experience\/engineering-going-to-distance\/","title":{"rendered":"Ing\u00e9nierie \u2013 Aller \u00e0 distance"},"content":{"rendered":"<div data-elementor-type=\"wp-page\" data-elementor-id=\"28493\" class=\"elementor elementor-28493\" data-elementor-post-type=\"page\">\n\t\t\t\t\t\t<section class=\"elementor-section elementor-top-section elementor-element elementor-element-506312c elementor-section-boxed elementor-section-height-default elementor-section-height-default\" data-id=\"506312c\" data-element_type=\"section\" data-e-type=\"section\">\n\t\t\t\t\t\t<div class=\"elementor-container elementor-column-gap-default\">\n\t\t\t\t\t<div class=\"elementor-column elementor-col-100 elementor-top-column elementor-element elementor-element-25867f4\" data-id=\"25867f4\" data-element_type=\"column\" data-e-type=\"column\">\n\t\t\t<div class=\"elementor-widget-wrap elementor-element-populated\">\n\t\t\t\t\t\t<section class=\"elementor-section elementor-inner-section elementor-element elementor-element-1afb52d elementor-section-content-middle elementor-section-boxed elementor-section-height-default elementor-section-height-default\" data-id=\"1afb52d\" data-element_type=\"section\" data-e-type=\"section\">\n\t\t\t\t\t\t<div class=\"elementor-container elementor-column-gap-no\">\n\t\t\t\t\t<div class=\"elementor-column elementor-col-100 elementor-inner-column elementor-element elementor-element-fadbb18\" data-id=\"fadbb18\" data-element_type=\"column\" data-e-type=\"column\">\n\t\t\t<div class=\"elementor-widget-wrap elementor-element-populated\">\n\t\t\t\t\t\t<div class=\"elementor-element elementor-element-32ac3da elementor-widget__width-auto elementor-invisible elementor-widget elementor-widget-image\" data-id=\"32ac3da\" data-element_type=\"widget\" data-e-type=\"widget\" data-settings=\"{&quot;_animation&quot;:&quot;fadeInLeft&quot;}\" data-widget_type=\"image.default\">\n\t\t\t\t<div class=\"elementor-widget-container\">\n\t\t\t\t\t\t\t\t\t\t\t\t\t\t\t<img decoding=\"async\" width=\"30\" height=\"30\" src=\"https:\/\/www.destinationimagination.org\/wp-content\/uploads\/orange-box.jpg\" class=\"attachment-large size-large wp-image-3314\" alt=\"orange box\" srcset=\"https:\/\/www.destinationimagination.org\/wp-content\/uploads\/orange-box.jpg 30w, https:\/\/www.destinationimagination.org\/wp-content\/uploads\/orange-box-12x12.jpg 12w\" sizes=\"(max-width: 30px) 100vw, 30px\" \/>\t\t\t\t\t\t\t\t\t\t\t\t\t\t\t<\/div>\n\t\t\t\t<\/div>\n\t\t\t\t<div class=\"elementor-element elementor-element-8024c49 elementor-widget__width-auto elementor-widget elementor-widget-heading\" data-id=\"8024c49\" data-element_type=\"widget\" data-e-type=\"widget\" data-widget_type=\"heading.default\">\n\t\t\t\t<div class=\"elementor-widget-container\">\n\t\t\t\t\t<h3 class=\"elementor-heading-title elementor-size-default\">2023-24 Clarifications publi\u00e9es<\/h3>\t\t\t\t<\/div>\n\t\t\t\t<\/div>\n\t\t\t\t\t<\/div>\n\t\t<\/div>\n\t\t\t\t\t<\/div>\n\t\t<\/section>\n\t\t\t\t<div class=\"elementor-element elementor-element-c42f6ee elementor-widget elementor-widget-image\" data-id=\"c42f6ee\" data-element_type=\"widget\" data-e-type=\"widget\" data-widget_type=\"image.default\">\n\t\t\t\t<div class=\"elementor-widget-container\">\n\t\t\t\t\t\t\t\t\t\t\t\t\t\t\t<img fetchpriority=\"high\" decoding=\"async\" width=\"2000\" height=\"659\" src=\"https:\/\/www.destinationimagination.org\/wp-content\/uploads\/23-24-Engineering-Going-to-Distance-Icon-1.png\" class=\"attachment-full size-full wp-image-28480\" alt=\"23-24 Engineering - Going to Distance Icon\" srcset=\"https:\/\/www.destinationimagination.org\/wp-content\/uploads\/23-24-Engineering-Going-to-Distance-Icon-1.png 2000w, https:\/\/www.destinationimagination.org\/wp-content\/uploads\/23-24-Engineering-Going-to-Distance-Icon-1-300x99.png 300w, https:\/\/www.destinationimagination.org\/wp-content\/uploads\/23-24-Engineering-Going-to-Distance-Icon-1-1024x337.png 1024w, https:\/\/www.destinationimagination.org\/wp-content\/uploads\/23-24-Engineering-Going-to-Distance-Icon-1-768x253.png 768w, https:\/\/www.destinationimagination.org\/wp-content\/uploads\/23-24-Engineering-Going-to-Distance-Icon-1-1536x506.png 1536w, https:\/\/www.destinationimagination.org\/wp-content\/uploads\/23-24-Engineering-Going-to-Distance-Icon-1-18x6.png 18w\" sizes=\"(max-width: 2000px) 100vw, 2000px\" \/>\t\t\t\t\t\t\t\t\t\t\t\t\t\t\t<\/div>\n\t\t\t\t<\/div>\n\t\t\t\t<section class=\"elementor-section elementor-inner-section elementor-element elementor-element-b00955e elementor-section-boxed elementor-section-height-default elementor-section-height-default\" data-id=\"b00955e\" data-element_type=\"section\" data-e-type=\"section\">\n\t\t\t\t\t\t<div class=\"elementor-container elementor-column-gap-default\">\n\t\t\t\t\t<div class=\"elementor-column elementor-col-100 elementor-inner-column elementor-element elementor-element-705af60 elementor-invisible\" data-id=\"705af60\" data-element_type=\"column\" data-e-type=\"column\" data-settings=\"{&quot;animation&quot;:&quot;slideInUp&quot;}\">\n\t\t\t<div class=\"elementor-widget-wrap elementor-element-populated\">\n\t\t\t\t\t\t<div class=\"elementor-element elementor-element-a2f0c2c elementor-widget elementor-widget-text-editor\" data-id=\"a2f0c2c\" data-element_type=\"widget\" data-e-type=\"widget\" data-widget_type=\"text-editor.default\">\n\t\t\t\t<div class=\"elementor-widget-container\">\n\t\t\t\t\t\t\t\t\t<h3>On s&#039;attend \u00e0 ce que chaque \u00e9quipe connaisse la publication<br \/>Pr\u00e9cisions pour son Challenge.<\/h3><p>La date limite pour demander une clarification d&#039;\u00e9quipe est le 31 janvier 2024 \u00e0 23 h 59, heure du Pacifique.<\/p>\t\t\t\t\t\t\t\t<\/div>\n\t\t\t\t<\/div>\n\t\t\t\t<div class=\"elementor-element elementor-element-32361fc elementor-widget elementor-widget-text-editor\" data-id=\"32361fc\" data-element_type=\"widget\" data-e-type=\"widget\" data-widget_type=\"text-editor.default\">\n\t\t\t\t<div class=\"elementor-widget-container\">\n\t\t\t\t\t\t\t\t\t<p><span style=\"color: #ff6600; font-family: Montserrat; font-size: 20px; font-weight: bold; text-transform: uppercase;\">#1 15 NOVEMBRE 2023<\/span><\/p><div>Dans le d\u00e9fi, la section ID8 doit se lire\u00a0: \u00ab\u00a0Il existe deux options pour cr\u00e9er la zone de test. Option 1\u00a0: La partie de la zone de test d\u00e9limitant les zones de mesure sera constitu\u00e9e de feutre. Option 2 : La zone de test sera constitu\u00e9e de carr\u00e9s de tapis. Dans les deux cas, les bords des zones de mesure seront d\u00e9sign\u00e9s par des bandes auto-agrippantes ou peints sur le mat\u00e9riau avec de la peinture pour tissu ou un type de peinture similaire. Dans les deux cas, la surface de la zone de d\u00e9part sera le sol fourni par le tournoi\u00a0; la surface des zones de mesure peut pr\u00e9senter une \u00e9l\u00e9vation de 0,25 \u00e0 0,5 po (0,6 \u00e0 1,3 cm) par rapport au sol fourni par le tournoi en raison de l&#039;\u00e9paisseur des mat\u00e9riaux. (Voir la section ID12.) \u00bb\u00a0<\/div><div>\u00a0<\/div><div><p><span style=\"color: #ff6600; font-family: Montserrat; font-size: 20px; font-weight: bold; text-transform: uppercase;\">#2 29 JANVIER 2024<\/span><\/p><div>Dans le d\u00e9fi, la section ID11 doit se lire\u00a0: \u00ab\u00a0Votre \u00e9quipe ne doit rien placer dans la zone de d\u00e9part autre que le dispositif modulaire, le conteneur, le pouf et tous les outils que votre \u00e9quipe utilisera pour l&#039;assemblage ou la transformation du dispositif modulaire. Les membres de l\u2019\u00e9quipe peuvent se trouver \u00e0 tout moment dans la zone de d\u00e9part. <\/div><\/div>\t\t\t\t\t\t\t\t<\/div>\n\t\t\t\t<\/div>\n\t\t\t\t\t<\/div>\n\t\t<\/div>\n\t\t\t\t\t<\/div>\n\t\t<\/section>\n\t\t\t\t\t<\/div>\n\t\t<\/div>\n\t\t\t\t\t<\/div>\n\t\t<\/section>\n\t\t\t\t<\/div>","protected":false},"excerpt":{"rendered":"<p>2023-24 Published Clarifications Every team is expected to know the PublishedClarifications for its Challenge. The deadline to ask a Team Clarification is January 31, 2024, at 11:59 pm Pacific Time. #1 NOVEMBER 15, 2023 In the Challenge, Section I.D.8 should read, &#8220;There are two options for creating the Testing Area. Option 1: The portion of [&hellip;]<\/p>\n","protected":false},"author":2,"featured_media":28480,"parent":4041,"menu_order":0,"comment_status":"closed","ping_status":"closed","template":"","meta":{"content-type":"","inline_featured_image":false,"footnotes":""},"class_list":["post-28493","page","type-page","status-publish","has-post-thumbnail","hentry"],"yoast_head":"<!-- This site is optimized with the Yoast SEO plugin v27.2 - https:\/\/yoast.com\/product\/yoast-seo-wordpress\/ -->\n<title>Engineering - Going to Distance - Destination Imagination<\/title>\n<meta name=\"robots\" content=\"index, follow, max-snippet:-1, max-image-preview:large, max-video-preview:-1\" \/>\n<link rel=\"canonical\" href=\"https:\/\/www.destinationimagination.org\/fr\/challenge-experience\/engineering-going-to-distance\/\" \/>\n<meta property=\"og:locale\" content=\"fr_CA\" \/>\n<meta property=\"og:type\" content=\"article\" \/>\n<meta property=\"og:title\" content=\"Engineering - Going to Distance - Destination Imagination\" \/>\n<meta property=\"og:description\" content=\"2023-24 Published Clarifications Every team is expected to know the PublishedClarifications for its Challenge. The deadline to ask a Team Clarification is January 31, 2024, at 11:59 pm Pacific Time. #1 NOVEMBER 15, 2023 In the Challenge, Section I.D.8 should read, &#8220;There are two options for creating the Testing Area. Option 1: The portion of [&hellip;]\" \/>\n<meta property=\"og:url\" content=\"https:\/\/www.destinationimagination.org\/fr\/challenge-experience\/engineering-going-to-distance\/\" \/>\n<meta property=\"og:site_name\" content=\"Destination Imagination\" \/>\n<meta property=\"article:modified_time\" content=\"2024-01-29T13:58:59+00:00\" \/>\n<meta property=\"og:image\" content=\"https:\/\/www.destinationimagination.org\/wp-content\/uploads\/23-24-Engineering-Going-to-Distance-Icon-1.png\" \/>\n\t<meta property=\"og:image:width\" content=\"2000\" \/>\n\t<meta property=\"og:image:height\" content=\"659\" \/>\n\t<meta property=\"og:image:type\" content=\"image\/png\" \/>\n<meta name=\"twitter:card\" content=\"summary_large_image\" \/>\n<meta name=\"twitter:label1\" content=\"Estimation du temps de lecture\" \/>\n\t<meta name=\"twitter:data1\" content=\"2 minutes\" \/>\n<script type=\"application\/ld+json\" class=\"yoast-schema-graph\">{\"@context\":\"https:\/\/schema.org\",\"@graph\":[{\"@type\":\"WebPage\",\"@id\":\"https:\/\/www.destinationimagination.org\/challenge-experience\/engineering-going-to-distance\/\",\"url\":\"https:\/\/www.destinationimagination.org\/challenge-experience\/engineering-going-to-distance\/\",\"name\":\"Engineering - Going to Distance - Destination Imagination\",\"isPartOf\":{\"@id\":\"https:\/\/www.destinationimagination.org\/es\/#website\"},\"primaryImageOfPage\":{\"@id\":\"https:\/\/www.destinationimagination.org\/challenge-experience\/engineering-going-to-distance\/#primaryimage\"},\"image\":{\"@id\":\"https:\/\/www.destinationimagination.org\/challenge-experience\/engineering-going-to-distance\/#primaryimage\"},\"thumbnailUrl\":\"https:\/\/www.destinationimagination.org\/wp-content\/uploads\/23-24-Engineering-Going-to-Distance-Icon-1.png\",\"datePublished\":\"2023-07-06T16:09:08+00:00\",\"dateModified\":\"2024-01-29T13:58:59+00:00\",\"breadcrumb\":{\"@id\":\"https:\/\/www.destinationimagination.org\/challenge-experience\/engineering-going-to-distance\/#breadcrumb\"},\"inLanguage\":\"fr-CA\",\"potentialAction\":[{\"@type\":\"ReadAction\",\"target\":[\"https:\/\/www.destinationimagination.org\/challenge-experience\/engineering-going-to-distance\/\"]}]},{\"@type\":\"ImageObject\",\"inLanguage\":\"fr-CA\",\"@id\":\"https:\/\/www.destinationimagination.org\/challenge-experience\/engineering-going-to-distance\/#primaryimage\",\"url\":\"https:\/\/www.destinationimagination.org\/wp-content\/uploads\/23-24-Engineering-Going-to-Distance-Icon-1.png\",\"contentUrl\":\"https:\/\/www.destinationimagination.org\/wp-content\/uploads\/23-24-Engineering-Going-to-Distance-Icon-1.png\",\"width\":2000,\"height\":659,\"caption\":\"23-24 Engineering - Going to Distance Icon\"},{\"@type\":\"BreadcrumbList\",\"@id\":\"https:\/\/www.destinationimagination.org\/challenge-experience\/engineering-going-to-distance\/#breadcrumb\",\"itemListElement\":[{\"@type\":\"ListItem\",\"position\":1,\"name\":\"Home\",\"item\":\"https:\/\/www.destinationimagination.org\/\"},{\"@type\":\"ListItem\",\"position\":2,\"name\":\"Challenge Experience\",\"item\":\"https:\/\/www.destinationimagination.org\/challenge-experience\/\"},{\"@type\":\"ListItem\",\"position\":3,\"name\":\"Engineering &#8211; Going to Distance\"}]},{\"@type\":\"WebSite\",\"@id\":\"https:\/\/www.destinationimagination.org\/es\/#website\",\"url\":\"https:\/\/www.destinationimagination.org\/es\/\",\"name\":\"Destination Imagination\",\"description\":\"A creative, team-focused, STEAM competition for K-12 and university students.\",\"potentialAction\":[{\"@type\":\"SearchAction\",\"target\":{\"@type\":\"EntryPoint\",\"urlTemplate\":\"https:\/\/www.destinationimagination.org\/es\/?s={search_term_string}\"},\"query-input\":{\"@type\":\"PropertyValueSpecification\",\"valueRequired\":true,\"valueName\":\"search_term_string\"}}],\"inLanguage\":\"fr-CA\"}]}<\/script>\n<!-- \/ Yoast SEO plugin. -->","yoast_head_json":{"title":"Ing\u00e9nierie - Aller loin - Destination Imagination","robots":{"index":"index","follow":"follow","max-snippet":"max-snippet:-1","max-image-preview":"max-image-preview:large","max-video-preview":"max-video-preview:-1"},"canonical":"https:\/\/www.destinationimagination.org\/fr\/challenge-experience\/engineering-going-to-distance\/","og_locale":"fr_CA","og_type":"article","og_title":"Engineering - Going to Distance - Destination Imagination","og_description":"2023-24 Published Clarifications Every team is expected to know the PublishedClarifications for its Challenge. The deadline to ask a Team Clarification is January 31, 2024, at 11:59 pm Pacific Time. #1 NOVEMBER 15, 2023 In the Challenge, Section I.D.8 should read, &#8220;There are two options for creating the Testing Area. Option 1: The portion of [&hellip;]","og_url":"https:\/\/www.destinationimagination.org\/fr\/challenge-experience\/engineering-going-to-distance\/","og_site_name":"Destination Imagination","article_modified_time":"2024-01-29T13:58:59+00:00","og_image":[{"width":2000,"height":659,"url":"https:\/\/www.destinationimagination.org\/wp-content\/uploads\/23-24-Engineering-Going-to-Distance-Icon-1.png","type":"image\/png"}],"twitter_card":"summary_large_image","twitter_misc":{"Estimation du temps de lecture":"2 minutes"},"schema":{"@context":"https:\/\/schema.org","@graph":[{"@type":"WebPage","@id":"https:\/\/www.destinationimagination.org\/challenge-experience\/engineering-going-to-distance\/","url":"https:\/\/www.destinationimagination.org\/challenge-experience\/engineering-going-to-distance\/","name":"Ing\u00e9nierie - Aller loin - Destination Imagination","isPartOf":{"@id":"https:\/\/www.destinationimagination.org\/es\/#website"},"primaryImageOfPage":{"@id":"https:\/\/www.destinationimagination.org\/challenge-experience\/engineering-going-to-distance\/#primaryimage"},"image":{"@id":"https:\/\/www.destinationimagination.org\/challenge-experience\/engineering-going-to-distance\/#primaryimage"},"thumbnailUrl":"https:\/\/www.destinationimagination.org\/wp-content\/uploads\/23-24-Engineering-Going-to-Distance-Icon-1.png","datePublished":"2023-07-06T16:09:08+00:00","dateModified":"2024-01-29T13:58:59+00:00","breadcrumb":{"@id":"https:\/\/www.destinationimagination.org\/challenge-experience\/engineering-going-to-distance\/#breadcrumb"},"inLanguage":"fr-CA","potentialAction":[{"@type":"ReadAction","target":["https:\/\/www.destinationimagination.org\/challenge-experience\/engineering-going-to-distance\/"]}]},{"@type":"ImageObject","inLanguage":"fr-CA","@id":"https:\/\/www.destinationimagination.org\/challenge-experience\/engineering-going-to-distance\/#primaryimage","url":"https:\/\/www.destinationimagination.org\/wp-content\/uploads\/23-24-Engineering-Going-to-Distance-Icon-1.png","contentUrl":"https:\/\/www.destinationimagination.org\/wp-content\/uploads\/23-24-Engineering-Going-to-Distance-Icon-1.png","width":2000,"height":659,"caption":"23-24 Engineering - Going to Distance Icon"},{"@type":"BreadcrumbList","@id":"https:\/\/www.destinationimagination.org\/challenge-experience\/engineering-going-to-distance\/#breadcrumb","itemListElement":[{"@type":"ListItem","position":1,"name":"Home","item":"https:\/\/www.destinationimagination.org\/"},{"@type":"ListItem","position":2,"name":"Challenge Experience","item":"https:\/\/www.destinationimagination.org\/challenge-experience\/"},{"@type":"ListItem","position":3,"name":"Engineering &#8211; Going to Distance"}]},{"@type":"WebSite","@id":"https:\/\/www.destinationimagination.org\/es\/#website","url":"https:\/\/www.destinationimagination.org\/es\/","name":"Destination Imaginaire","description":"Un concours STEAM cr\u00e9atif et ax\u00e9 sur l&#039;\u00e9quipe pour les \u00e9tudiants de la maternelle \u00e0 la 12e ann\u00e9e et universitaires.","potentialAction":[{"@type":"SearchAction","target":{"@type":"EntryPoint","urlTemplate":"https:\/\/www.destinationimagination.org\/es\/?s={search_term_string}"},"query-input":{"@type":"PropertyValueSpecification","valueRequired":true,"valueName":"search_term_string"}}],"inLanguage":"fr-CA"}]}},"_links":{"self":[{"href":"https:\/\/www.destinationimagination.org\/fr\/wp-json\/wp\/v2\/pages\/28493","targetHints":{"allow":["GET"]}}],"collection":[{"href":"https:\/\/www.destinationimagination.org\/fr\/wp-json\/wp\/v2\/pages"}],"about":[{"href":"https:\/\/www.destinationimagination.org\/fr\/wp-json\/wp\/v2\/types\/page"}],"author":[{"embeddable":true,"href":"https:\/\/www.destinationimagination.org\/fr\/wp-json\/wp\/v2\/users\/2"}],"replies":[{"embeddable":true,"href":"https:\/\/www.destinationimagination.org\/fr\/wp-json\/wp\/v2\/comments?post=28493"}],"version-history":[{"count":19,"href":"https:\/\/www.destinationimagination.org\/fr\/wp-json\/wp\/v2\/pages\/28493\/revisions"}],"predecessor-version":[{"id":29920,"href":"https:\/\/www.destinationimagination.org\/fr\/wp-json\/wp\/v2\/pages\/28493\/revisions\/29920"}],"up":[{"embeddable":true,"href":"https:\/\/www.destinationimagination.org\/fr\/wp-json\/wp\/v2\/pages\/4041"}],"wp:featuredmedia":[{"embeddable":true,"href":"https:\/\/www.destinationimagination.org\/fr\/wp-json\/wp\/v2\/media\/28480"}],"wp:attachment":[{"href":"https:\/\/www.destinationimagination.org\/fr\/wp-json\/wp\/v2\/media?parent=28493"}],"curies":[{"name":"wp","href":"https:\/\/api.w.org\/{rel}","templated":true}]}}