{"id":28515,"date":"2023-07-06T12:15:35","date_gmt":"2023-07-06T16:15:35","guid":{"rendered":"https:\/\/www.destinationimagination.org\/?page_id=28515"},"modified":"2023-09-18T08:13:44","modified_gmt":"2023-09-18T12:13:44","slug":"improv-so-extra","status":"publish","type":"page","link":"https:\/\/www.destinationimagination.org\/fr\/challenge-experience\/improv-so-extra\/","title":{"rendered":"Improvisation \u2013 Tellement Extra"},"content":{"rendered":"<div data-elementor-type=\"wp-page\" data-elementor-id=\"28515\" class=\"elementor elementor-28515\" data-elementor-post-type=\"page\">\n\t\t\t\t\t\t<section class=\"elementor-section elementor-top-section elementor-element elementor-element-735a08f elementor-section-boxed elementor-section-height-default elementor-section-height-default\" data-id=\"735a08f\" data-element_type=\"section\" data-e-type=\"section\">\n\t\t\t\t\t\t<div class=\"elementor-container elementor-column-gap-default\">\n\t\t\t\t\t<div class=\"elementor-column elementor-col-100 elementor-top-column elementor-element elementor-element-b31f739\" data-id=\"b31f739\" data-element_type=\"column\" data-e-type=\"column\">\n\t\t\t<div class=\"elementor-widget-wrap elementor-element-populated\">\n\t\t\t\t\t\t<section class=\"elementor-section elementor-inner-section elementor-element elementor-element-b19662e elementor-section-content-middle elementor-section-boxed elementor-section-height-default elementor-section-height-default\" data-id=\"b19662e\" data-element_type=\"section\" data-e-type=\"section\">\n\t\t\t\t\t\t<div class=\"elementor-container elementor-column-gap-no\">\n\t\t\t\t\t<div class=\"elementor-column elementor-col-100 elementor-inner-column elementor-element elementor-element-5218faa\" data-id=\"5218faa\" data-element_type=\"column\" data-e-type=\"column\">\n\t\t\t<div class=\"elementor-widget-wrap elementor-element-populated\">\n\t\t\t\t\t\t<div class=\"elementor-element elementor-element-340601a elementor-widget__width-auto elementor-invisible elementor-widget elementor-widget-image\" data-id=\"340601a\" data-element_type=\"widget\" data-e-type=\"widget\" data-settings=\"{&quot;_animation&quot;:&quot;fadeInLeft&quot;}\" data-widget_type=\"image.default\">\n\t\t\t\t<div class=\"elementor-widget-container\">\n\t\t\t\t\t\t\t\t\t\t\t\t\t\t\t<img decoding=\"async\" width=\"30\" height=\"30\" src=\"https:\/\/www.destinationimagination.org\/wp-content\/uploads\/orange-box.jpg\" class=\"attachment-large size-large wp-image-3314\" alt=\"orange box\" srcset=\"https:\/\/www.destinationimagination.org\/wp-content\/uploads\/orange-box.jpg 30w, https:\/\/www.destinationimagination.org\/wp-content\/uploads\/orange-box-12x12.jpg 12w\" sizes=\"(max-width: 30px) 100vw, 30px\" \/>\t\t\t\t\t\t\t\t\t\t\t\t\t\t\t<\/div>\n\t\t\t\t<\/div>\n\t\t\t\t<div class=\"elementor-element elementor-element-b0c2c9a elementor-widget__width-auto elementor-widget elementor-widget-heading\" data-id=\"b0c2c9a\" data-element_type=\"widget\" data-e-type=\"widget\" data-widget_type=\"heading.default\">\n\t\t\t\t<div class=\"elementor-widget-container\">\n\t\t\t\t\t<h3 class=\"elementor-heading-title elementor-size-default\">2023-24 Clarifications publi\u00e9es<\/h3>\t\t\t\t<\/div>\n\t\t\t\t<\/div>\n\t\t\t\t\t<\/div>\n\t\t<\/div>\n\t\t\t\t\t<\/div>\n\t\t<\/section>\n\t\t\t\t<div class=\"elementor-element elementor-element-6c3d29d elementor-widget elementor-widget-image\" data-id=\"6c3d29d\" data-element_type=\"widget\" data-e-type=\"widget\" data-widget_type=\"image.default\">\n\t\t\t\t<div class=\"elementor-widget-container\">\n\t\t\t\t\t\t\t\t\t\t\t\t\t\t\t<img fetchpriority=\"high\" decoding=\"async\" width=\"2000\" height=\"881\" src=\"https:\/\/www.destinationimagination.org\/wp-content\/uploads\/23-24-Improv-So-Extra-Icon-1.png\" class=\"attachment-full size-full wp-image-28482\" alt=\"23-24 Improv - So Extra Icon\" srcset=\"https:\/\/www.destinationimagination.org\/wp-content\/uploads\/23-24-Improv-So-Extra-Icon-1.png 2000w, https:\/\/www.destinationimagination.org\/wp-content\/uploads\/23-24-Improv-So-Extra-Icon-1-300x132.png 300w, https:\/\/www.destinationimagination.org\/wp-content\/uploads\/23-24-Improv-So-Extra-Icon-1-1024x451.png 1024w, https:\/\/www.destinationimagination.org\/wp-content\/uploads\/23-24-Improv-So-Extra-Icon-1-768x338.png 768w, https:\/\/www.destinationimagination.org\/wp-content\/uploads\/23-24-Improv-So-Extra-Icon-1-1536x677.png 1536w, https:\/\/www.destinationimagination.org\/wp-content\/uploads\/23-24-Improv-So-Extra-Icon-1-18x8.png 18w\" sizes=\"(max-width: 2000px) 100vw, 2000px\" \/>\t\t\t\t\t\t\t\t\t\t\t\t\t\t\t<\/div>\n\t\t\t\t<\/div>\n\t\t\t\t<section class=\"elementor-section elementor-inner-section elementor-element elementor-element-43a10f3 elementor-section-boxed elementor-section-height-default elementor-section-height-default\" data-id=\"43a10f3\" data-element_type=\"section\" data-e-type=\"section\">\n\t\t\t\t\t\t<div class=\"elementor-container elementor-column-gap-default\">\n\t\t\t\t\t<div class=\"elementor-column elementor-col-100 elementor-inner-column elementor-element elementor-element-2ef3fe0 elementor-invisible\" data-id=\"2ef3fe0\" data-element_type=\"column\" data-e-type=\"column\" data-settings=\"{&quot;animation&quot;:&quot;slideInUp&quot;}\">\n\t\t\t<div class=\"elementor-widget-wrap elementor-element-populated\">\n\t\t\t\t\t\t<div class=\"elementor-element elementor-element-9f3bd1e elementor-widget elementor-widget-text-editor\" data-id=\"9f3bd1e\" data-element_type=\"widget\" data-e-type=\"widget\" data-widget_type=\"text-editor.default\">\n\t\t\t\t<div class=\"elementor-widget-container\">\n\t\t\t\t\t\t\t\t\t<h3>On s&#039;attend \u00e0 ce que chaque \u00e9quipe connaisse la publication<br \/>Pr\u00e9cisions pour son Challenge.<\/h3><p>La date limite pour demander une clarification d&#039;\u00e9quipe est le 31 janvier 2024 \u00e0 23 h 59, heure du Pacifique.<\/p>\t\t\t\t\t\t\t\t<\/div>\n\t\t\t\t<\/div>\n\t\t\t\t<div class=\"elementor-element elementor-element-26e4dd2 elementor-widget elementor-widget-text-editor\" data-id=\"26e4dd2\" data-element_type=\"widget\" data-e-type=\"widget\" data-widget_type=\"text-editor.default\">\n\t\t\t\t<div class=\"elementor-widget-container\">\n\t\t\t\t\t\t\t\t\t<h6 style=\"font-family: Montserrat; color: #ff6600; text-transform: uppercase; text-align: center;\">#1 18 septembre 2023<\/h6>\n<div style=\"text-align: center;\">Dans le D\u00e9fi, la section ID8 doit se lire\u00a0: \u00ab\u00a0L&#039;utilisation du kit de conception de costumes ou de son contenu \u00e0 des fins autres que la cr\u00e9ation du costume, y compris le retrait d&#039;une partie du costume et l&#039;utilisation de cette partie comme accessoire, n&#039;est pas autoris\u00e9e et peut entra\u00eener une D\u00e9duction pour proc\u00e9dure ill\u00e9gale.<\/div>\n<div>&nbsp;<\/div>\t\t\t\t\t\t\t\t<\/div>\n\t\t\t\t<\/div>\n\t\t\t\t\t<\/div>\n\t\t<\/div>\n\t\t\t\t\t<\/div>\n\t\t<\/section>\n\t\t\t\t\t<\/div>\n\t\t<\/div>\n\t\t\t\t\t<\/div>\n\t\t<\/section>\n\t\t\t\t<\/div>","protected":false},"excerpt":{"rendered":"<p>2023-24 Published Clarifications Every team is expected to know the PublishedClarifications for its Challenge. The deadline to ask a Team Clarification is January 31, 2024, at 11:59 pm Pacific Time. #1 September 18, 2023 In the Challenge, Section I.D.8 should read: &#8220;Using the Costume Design Kit or its contents for any purpose other than creating [&hellip;]<\/p>\n","protected":false},"author":2,"featured_media":28482,"parent":4041,"menu_order":0,"comment_status":"closed","ping_status":"closed","template":"","meta":{"content-type":"","inline_featured_image":false,"footnotes":""},"class_list":["post-28515","page","type-page","status-publish","has-post-thumbnail","hentry"],"yoast_head":"<!-- This site is optimized with the Yoast SEO plugin v27.2 - https:\/\/yoast.com\/product\/yoast-seo-wordpress\/ -->\n<title>Improv - So Extra - Destination Imagination<\/title>\n<meta name=\"robots\" content=\"index, follow, max-snippet:-1, max-image-preview:large, max-video-preview:-1\" \/>\n<link rel=\"canonical\" href=\"https:\/\/www.destinationimagination.org\/fr\/challenge-experience\/improv-so-extra\/\" \/>\n<meta property=\"og:locale\" content=\"fr_CA\" \/>\n<meta property=\"og:type\" content=\"article\" \/>\n<meta property=\"og:title\" content=\"Improv - So Extra - Destination Imagination\" \/>\n<meta property=\"og:description\" content=\"2023-24 Published Clarifications Every team is expected to know the PublishedClarifications for its Challenge. The deadline to ask a Team Clarification is January 31, 2024, at 11:59 pm Pacific Time. #1 September 18, 2023 In the Challenge, Section I.D.8 should read: &#8220;Using the Costume Design Kit or its contents for any purpose other than creating [&hellip;]\" \/>\n<meta property=\"og:url\" content=\"https:\/\/www.destinationimagination.org\/fr\/challenge-experience\/improv-so-extra\/\" \/>\n<meta property=\"og:site_name\" content=\"Destination Imagination\" \/>\n<meta property=\"article:modified_time\" content=\"2023-09-18T12:13:44+00:00\" \/>\n<meta property=\"og:image\" content=\"https:\/\/www.destinationimagination.org\/wp-content\/uploads\/23-24-Improv-So-Extra-Icon-1.png\" \/>\n\t<meta property=\"og:image:width\" content=\"2000\" \/>\n\t<meta property=\"og:image:height\" content=\"881\" \/>\n\t<meta property=\"og:image:type\" content=\"image\/png\" \/>\n<meta name=\"twitter:card\" content=\"summary_large_image\" \/>\n<meta name=\"twitter:label1\" content=\"Estimation du temps de lecture\" \/>\n\t<meta name=\"twitter:data1\" content=\"1 minute\" \/>\n<script type=\"application\/ld+json\" class=\"yoast-schema-graph\">{\"@context\":\"https:\/\/schema.org\",\"@graph\":[{\"@type\":\"WebPage\",\"@id\":\"https:\/\/www.destinationimagination.org\/challenge-experience\/improv-so-extra\/\",\"url\":\"https:\/\/www.destinationimagination.org\/challenge-experience\/improv-so-extra\/\",\"name\":\"Improv - So Extra - Destination Imagination\",\"isPartOf\":{\"@id\":\"https:\/\/www.destinationimagination.org\/es\/#website\"},\"primaryImageOfPage\":{\"@id\":\"https:\/\/www.destinationimagination.org\/challenge-experience\/improv-so-extra\/#primaryimage\"},\"image\":{\"@id\":\"https:\/\/www.destinationimagination.org\/challenge-experience\/improv-so-extra\/#primaryimage\"},\"thumbnailUrl\":\"https:\/\/www.destinationimagination.org\/wp-content\/uploads\/23-24-Improv-So-Extra-Icon-1.png\",\"datePublished\":\"2023-07-06T16:15:35+00:00\",\"dateModified\":\"2023-09-18T12:13:44+00:00\",\"breadcrumb\":{\"@id\":\"https:\/\/www.destinationimagination.org\/challenge-experience\/improv-so-extra\/#breadcrumb\"},\"inLanguage\":\"fr-CA\",\"potentialAction\":[{\"@type\":\"ReadAction\",\"target\":[\"https:\/\/www.destinationimagination.org\/challenge-experience\/improv-so-extra\/\"]}]},{\"@type\":\"ImageObject\",\"inLanguage\":\"fr-CA\",\"@id\":\"https:\/\/www.destinationimagination.org\/challenge-experience\/improv-so-extra\/#primaryimage\",\"url\":\"https:\/\/www.destinationimagination.org\/wp-content\/uploads\/23-24-Improv-So-Extra-Icon-1.png\",\"contentUrl\":\"https:\/\/www.destinationimagination.org\/wp-content\/uploads\/23-24-Improv-So-Extra-Icon-1.png\",\"width\":2000,\"height\":881,\"caption\":\"23-24 Improv - So Extra Icon\"},{\"@type\":\"BreadcrumbList\",\"@id\":\"https:\/\/www.destinationimagination.org\/challenge-experience\/improv-so-extra\/#breadcrumb\",\"itemListElement\":[{\"@type\":\"ListItem\",\"position\":1,\"name\":\"Home\",\"item\":\"https:\/\/www.destinationimagination.org\/\"},{\"@type\":\"ListItem\",\"position\":2,\"name\":\"Challenge Experience\",\"item\":\"https:\/\/www.destinationimagination.org\/challenge-experience\/\"},{\"@type\":\"ListItem\",\"position\":3,\"name\":\"Improv &#8211; So Extra\"}]},{\"@type\":\"WebSite\",\"@id\":\"https:\/\/www.destinationimagination.org\/es\/#website\",\"url\":\"https:\/\/www.destinationimagination.org\/es\/\",\"name\":\"Destination Imagination\",\"description\":\"A creative, team-focused, STEAM competition for K-12 and university students.\",\"potentialAction\":[{\"@type\":\"SearchAction\",\"target\":{\"@type\":\"EntryPoint\",\"urlTemplate\":\"https:\/\/www.destinationimagination.org\/es\/?s={search_term_string}\"},\"query-input\":{\"@type\":\"PropertyValueSpecification\",\"valueRequired\":true,\"valueName\":\"search_term_string\"}}],\"inLanguage\":\"fr-CA\"}]}<\/script>\n<!-- \/ Yoast SEO plugin. -->","yoast_head_json":{"title":"Improvisation - Tellement extra - Destination Imagination","robots":{"index":"index","follow":"follow","max-snippet":"max-snippet:-1","max-image-preview":"max-image-preview:large","max-video-preview":"max-video-preview:-1"},"canonical":"https:\/\/www.destinationimagination.org\/fr\/challenge-experience\/improv-so-extra\/","og_locale":"fr_CA","og_type":"article","og_title":"Improv - So Extra - Destination Imagination","og_description":"2023-24 Published Clarifications Every team is expected to know the PublishedClarifications for its Challenge. The deadline to ask a Team Clarification is January 31, 2024, at 11:59 pm Pacific Time. #1 September 18, 2023 In the Challenge, Section I.D.8 should read: &#8220;Using the Costume Design Kit or its contents for any purpose other than creating [&hellip;]","og_url":"https:\/\/www.destinationimagination.org\/fr\/challenge-experience\/improv-so-extra\/","og_site_name":"Destination Imagination","article_modified_time":"2023-09-18T12:13:44+00:00","og_image":[{"width":2000,"height":881,"url":"https:\/\/www.destinationimagination.org\/wp-content\/uploads\/23-24-Improv-So-Extra-Icon-1.png","type":"image\/png"}],"twitter_card":"summary_large_image","twitter_misc":{"Estimation du temps de lecture":"1 minute"},"schema":{"@context":"https:\/\/schema.org","@graph":[{"@type":"WebPage","@id":"https:\/\/www.destinationimagination.org\/challenge-experience\/improv-so-extra\/","url":"https:\/\/www.destinationimagination.org\/challenge-experience\/improv-so-extra\/","name":"Improvisation - Tellement extra - Destination Imagination","isPartOf":{"@id":"https:\/\/www.destinationimagination.org\/es\/#website"},"primaryImageOfPage":{"@id":"https:\/\/www.destinationimagination.org\/challenge-experience\/improv-so-extra\/#primaryimage"},"image":{"@id":"https:\/\/www.destinationimagination.org\/challenge-experience\/improv-so-extra\/#primaryimage"},"thumbnailUrl":"https:\/\/www.destinationimagination.org\/wp-content\/uploads\/23-24-Improv-So-Extra-Icon-1.png","datePublished":"2023-07-06T16:15:35+00:00","dateModified":"2023-09-18T12:13:44+00:00","breadcrumb":{"@id":"https:\/\/www.destinationimagination.org\/challenge-experience\/improv-so-extra\/#breadcrumb"},"inLanguage":"fr-CA","potentialAction":[{"@type":"ReadAction","target":["https:\/\/www.destinationimagination.org\/challenge-experience\/improv-so-extra\/"]}]},{"@type":"ImageObject","inLanguage":"fr-CA","@id":"https:\/\/www.destinationimagination.org\/challenge-experience\/improv-so-extra\/#primaryimage","url":"https:\/\/www.destinationimagination.org\/wp-content\/uploads\/23-24-Improv-So-Extra-Icon-1.png","contentUrl":"https:\/\/www.destinationimagination.org\/wp-content\/uploads\/23-24-Improv-So-Extra-Icon-1.png","width":2000,"height":881,"caption":"23-24 Improv - So Extra Icon"},{"@type":"BreadcrumbList","@id":"https:\/\/www.destinationimagination.org\/challenge-experience\/improv-so-extra\/#breadcrumb","itemListElement":[{"@type":"ListItem","position":1,"name":"Home","item":"https:\/\/www.destinationimagination.org\/"},{"@type":"ListItem","position":2,"name":"Challenge Experience","item":"https:\/\/www.destinationimagination.org\/challenge-experience\/"},{"@type":"ListItem","position":3,"name":"Improv &#8211; So Extra"}]},{"@type":"WebSite","@id":"https:\/\/www.destinationimagination.org\/es\/#website","url":"https:\/\/www.destinationimagination.org\/es\/","name":"Destination Imaginaire","description":"Un concours STEAM cr\u00e9atif et ax\u00e9 sur l&#039;\u00e9quipe pour les \u00e9tudiants de la maternelle \u00e0 la 12e ann\u00e9e et universitaires.","potentialAction":[{"@type":"SearchAction","target":{"@type":"EntryPoint","urlTemplate":"https:\/\/www.destinationimagination.org\/es\/?s={search_term_string}"},"query-input":{"@type":"PropertyValueSpecification","valueRequired":true,"valueName":"search_term_string"}}],"inLanguage":"fr-CA"}]}},"_links":{"self":[{"href":"https:\/\/www.destinationimagination.org\/fr\/wp-json\/wp\/v2\/pages\/28515","targetHints":{"allow":["GET"]}}],"collection":[{"href":"https:\/\/www.destinationimagination.org\/fr\/wp-json\/wp\/v2\/pages"}],"about":[{"href":"https:\/\/www.destinationimagination.org\/fr\/wp-json\/wp\/v2\/types\/page"}],"author":[{"embeddable":true,"href":"https:\/\/www.destinationimagination.org\/fr\/wp-json\/wp\/v2\/users\/2"}],"replies":[{"embeddable":true,"href":"https:\/\/www.destinationimagination.org\/fr\/wp-json\/wp\/v2\/comments?post=28515"}],"version-history":[{"count":10,"href":"https:\/\/www.destinationimagination.org\/fr\/wp-json\/wp\/v2\/pages\/28515\/revisions"}],"predecessor-version":[{"id":29155,"href":"https:\/\/www.destinationimagination.org\/fr\/wp-json\/wp\/v2\/pages\/28515\/revisions\/29155"}],"up":[{"embeddable":true,"href":"https:\/\/www.destinationimagination.org\/fr\/wp-json\/wp\/v2\/pages\/4041"}],"wp:featuredmedia":[{"embeddable":true,"href":"https:\/\/www.destinationimagination.org\/fr\/wp-json\/wp\/v2\/media\/28482"}],"wp:attachment":[{"href":"https:\/\/www.destinationimagination.org\/fr\/wp-json\/wp\/v2\/media?parent=28515"}],"curies":[{"name":"wp","href":"https:\/\/api.w.org\/{rel}","templated":true}]}}