{"id":25753,"date":"2022-08-08T10:54:25","date_gmt":"2022-08-08T14:54:25","guid":{"rendered":"https:\/\/www.destinationimagination.org\/?page_id=25753"},"modified":"2022-08-08T11:13:51","modified_gmt":"2022-08-08T15:13:51","slug":"improvisational-showdown","status":"publish","type":"page","link":"https:\/\/www.destinationimagination.org\/pl\/challenge-experience\/improvisational-showdown\/","title":{"rendered":"Improwizacja: konfrontacja"},"content":{"rendered":"<div data-elementor-type=\"wp-page\" data-elementor-id=\"25753\" class=\"elementor elementor-25753\" data-elementor-post-type=\"page\">\n\t\t\t\t\t\t<section class=\"elementor-section elementor-top-section elementor-element elementor-element-de3dda7 elementor-section-boxed elementor-section-height-default elementor-section-height-default\" data-id=\"de3dda7\" data-element_type=\"section\" data-e-type=\"section\">\n\t\t\t\t\t\t<div class=\"elementor-container elementor-column-gap-default\">\n\t\t\t\t\t<div class=\"elementor-column elementor-col-100 elementor-top-column elementor-element elementor-element-62543ce\" data-id=\"62543ce\" data-element_type=\"column\" data-e-type=\"column\">\n\t\t\t<div class=\"elementor-widget-wrap elementor-element-populated\">\n\t\t\t\t\t\t<section class=\"elementor-section elementor-inner-section elementor-element elementor-element-738df19 elementor-section-content-middle elementor-section-boxed elementor-section-height-default elementor-section-height-default\" data-id=\"738df19\" data-element_type=\"section\" data-e-type=\"section\">\n\t\t\t\t\t\t<div class=\"elementor-container elementor-column-gap-no\">\n\t\t\t\t\t<div class=\"elementor-column elementor-col-100 elementor-inner-column elementor-element elementor-element-43b1eea\" data-id=\"43b1eea\" data-element_type=\"column\" data-e-type=\"column\">\n\t\t\t<div class=\"elementor-widget-wrap elementor-element-populated\">\n\t\t\t\t\t\t<div class=\"elementor-element elementor-element-fb70159 elementor-widget__width-auto elementor-invisible elementor-widget elementor-widget-image\" data-id=\"fb70159\" data-element_type=\"widget\" data-e-type=\"widget\" data-settings=\"{&quot;_animation&quot;:&quot;fadeInLeft&quot;}\" data-widget_type=\"image.default\">\n\t\t\t\t<div class=\"elementor-widget-container\">\n\t\t\t\t\t\t\t\t\t\t\t\t\t\t\t<img decoding=\"async\" width=\"30\" height=\"30\" src=\"https:\/\/www.destinationimagination.org\/wp-content\/uploads\/orange-box.jpg\" class=\"attachment-large size-large wp-image-3314\" alt=\"orange box\" srcset=\"https:\/\/www.destinationimagination.org\/wp-content\/uploads\/orange-box.jpg 30w, https:\/\/www.destinationimagination.org\/wp-content\/uploads\/orange-box-12x12.jpg 12w\" sizes=\"(max-width: 30px) 100vw, 30px\" \/>\t\t\t\t\t\t\t\t\t\t\t\t\t\t\t<\/div>\n\t\t\t\t<\/div>\n\t\t\t\t<div class=\"elementor-element elementor-element-1a45474 elementor-widget__width-auto elementor-widget elementor-widget-heading\" data-id=\"1a45474\" data-element_type=\"widget\" data-e-type=\"widget\" data-widget_type=\"heading.default\">\n\t\t\t\t<div class=\"elementor-widget-container\">\n\t\t\t\t\t<h3 class=\"elementor-heading-title elementor-size-default\">2022-23 Opublikowane wyja\u015bnienia<\/h3>\t\t\t\t<\/div>\n\t\t\t\t<\/div>\n\t\t\t\t\t<\/div>\n\t\t<\/div>\n\t\t\t\t\t<\/div>\n\t\t<\/section>\n\t\t\t\t<div class=\"elementor-element elementor-element-058fabc elementor-widget elementor-widget-heading\" data-id=\"058fabc\" data-element_type=\"widget\" data-e-type=\"widget\" data-widget_type=\"heading.default\">\n\t\t\t\t<div class=\"elementor-widget-container\">\n\t\t\t\t\t<h1 class=\"elementor-heading-title elementor-size-default\">Improwizacja Wyzwanie <br> Odkrycie kart<\/h1>\t\t\t\t<\/div>\n\t\t\t\t<\/div>\n\t\t\t\t<div class=\"elementor-element elementor-element-cd6e25a elementor-widget-divider--separator-type-pattern elementor-widget-divider--view-line elementor-widget elementor-widget-divider\" data-id=\"cd6e25a\" data-element_type=\"widget\" data-e-type=\"widget\" data-widget_type=\"divider.default\">\n\t\t\t\t<div class=\"elementor-widget-container\">\n\t\t\t\t\t\t\t<div class=\"elementor-divider\" style=\"--divider-pattern-url: url(&quot;data:image\/svg+xml,%3Csvg xmlns=&#039;http:\/\/www.w3.org\/2000\/svg&#039; preserveAspectRatio=&#039;none&#039; overflow=&#039;visible&#039; height=&#039;100%&#039; viewBox=&#039;0 0 24 24&#039; fill=&#039;none&#039; stroke=&#039;black&#039; stroke-width=&#039;2&#039; stroke-linecap=&#039;square&#039; stroke-miterlimit=&#039;10&#039;%3E%3Cpolyline points=&#039;0,18 12,6 24,18 &#039;\/%3E%3C\/svg%3E&quot;);\">\n\t\t\t<span class=\"elementor-divider-separator\">\n\t\t\t\t\t\t<\/span>\n\t\t<\/div>\n\t\t\t\t\t\t<\/div>\n\t\t\t\t<\/div>\n\t\t\t\t<section class=\"elementor-section elementor-inner-section elementor-element elementor-element-d2ddaa3 elementor-section-boxed elementor-section-height-default elementor-section-height-default\" data-id=\"d2ddaa3\" data-element_type=\"section\" data-e-type=\"section\">\n\t\t\t\t\t\t<div class=\"elementor-container elementor-column-gap-default\">\n\t\t\t\t\t<div class=\"elementor-column elementor-col-100 elementor-inner-column elementor-element elementor-element-617aecf elementor-invisible\" data-id=\"617aecf\" data-element_type=\"column\" data-e-type=\"column\" data-settings=\"{&quot;animation&quot;:&quot;slideInUp&quot;}\">\n\t\t\t<div class=\"elementor-widget-wrap elementor-element-populated\">\n\t\t\t\t\t\t<div class=\"elementor-element elementor-element-f710ee8 elementor-widget elementor-widget-text-editor\" data-id=\"f710ee8\" data-element_type=\"widget\" data-e-type=\"widget\" data-widget_type=\"text-editor.default\">\n\t\t\t\t<div class=\"elementor-widget-container\">\n\t\t\t\t\t\t\t\t\t<h3>Oczekuje si\u0119, \u017ce ka\u017cdy zesp\u00f3\u0142 b\u0119dzie zna\u0142 Opublikowane<br \/>Wyja\u015bnienia dotycz\u0105ce wyzwania.<\/h3><p>Ostateczny termin zwr\u00f3cenia si\u0119 o wyja\u015bnienie zespo\u0142u up\u0142ywa 31 stycznia 2023 r. o godzinie 23:59 czasu pacyficznego.<\/p>\t\t\t\t\t\t\t\t<\/div>\n\t\t\t\t<\/div>\n\t\t\t\t<div class=\"elementor-element elementor-element-c60596a elementor-widget elementor-widget-image\" data-id=\"c60596a\" data-element_type=\"widget\" data-e-type=\"widget\" data-widget_type=\"image.default\">\n\t\t\t\t<div class=\"elementor-widget-container\">\n\t\t\t\t\t\t\t\t\t\t\t\t\t\t\t<img fetchpriority=\"high\" decoding=\"async\" width=\"432\" height=\"432\" src=\"https:\/\/www.destinationimagination.org\/wp-content\/uploads\/Improv-Showdown.png\" class=\"attachment-full size-full wp-image-10692\" alt=\"Improv-Showdown\" srcset=\"https:\/\/www.destinationimagination.org\/wp-content\/uploads\/Improv-Showdown.png 432w, https:\/\/www.destinationimagination.org\/wp-content\/uploads\/Improv-Showdown-300x300.png 300w, https:\/\/www.destinationimagination.org\/wp-content\/uploads\/Improv-Showdown-150x150.png 150w, https:\/\/www.destinationimagination.org\/wp-content\/uploads\/Improv-Showdown-12x12.png 12w\" sizes=\"(max-width: 432px) 100vw, 432px\" \/>\t\t\t\t\t\t\t\t\t\t\t\t\t\t\t<\/div>\n\t\t\t\t<\/div>\n\t\t\t\t<div class=\"elementor-element elementor-element-69bd58b elementor-widget elementor-widget-text-editor\" data-id=\"69bd58b\" data-element_type=\"widget\" data-e-type=\"widget\" data-widget_type=\"text-editor.default\">\n\t\t\t\t<div class=\"elementor-widget-container\">\n\t\t\t\t\t\t\t\t\t<p><strong>Obecnie nie ma wyja\u015bnie\u0144 dotycz\u0105cych wyzwania improwizacji 2022-23. <\/strong><br \/><strong>Sprawd\u017a, czy s\u0105 aktualizacje.\u00a0<\/strong><\/p>\t\t\t\t\t\t\t\t<\/div>\n\t\t\t\t<\/div>\n\t\t\t\t\t<\/div>\n\t\t<\/div>\n\t\t\t\t\t<\/div>\n\t\t<\/section>\n\t\t\t\t\t<\/div>\n\t\t<\/div>\n\t\t\t\t\t<\/div>\n\t\t<\/section>\n\t\t\t\t<\/div>","protected":false},"excerpt":{"rendered":"<p>2022-23 Opublikowane wyja\u015bnienia Improwizowane wyzwanie Showdown Oczekuje si\u0119, \u017ce ka\u017cdy zesp\u00f3\u0142 b\u0119dzie zna\u0142 PublishedClarifications dla swojego wyzwania. Ostateczny termin zwr\u00f3cenia si\u0119 o wyja\u015bnienie zespo\u0142u up\u0142ywa 31 stycznia 2023 r. o godzinie 23:59 czasu pacyficznego. Obecnie nie ma wyja\u015bnie\u0144 dotycz\u0105cych wyzwania improwizacji 2022-23. Sprawd\u017a, czy s\u0105 aktualizacje.\u00a0<\/p>","protected":false},"author":2,"featured_media":10692,"parent":4041,"menu_order":0,"comment_status":"closed","ping_status":"closed","template":"","meta":{"content-type":"","inline_featured_image":false,"footnotes":""},"class_list":["post-25753","page","type-page","status-publish","has-post-thumbnail","hentry"],"yoast_head":"<!-- This site is optimized with the Yoast SEO plugin v27.2 - https:\/\/yoast.com\/product\/yoast-seo-wordpress\/ -->\n<title>Improvisational:\u00a0Showdown - Destination Imagination<\/title>\n<meta name=\"robots\" content=\"index, follow, max-snippet:-1, max-image-preview:large, max-video-preview:-1\" \/>\n<link rel=\"canonical\" href=\"https:\/\/www.destinationimagination.org\/pl\/challenge-experience\/improvisational-showdown\/\" \/>\n<meta property=\"og:locale\" content=\"pl_PL\" \/>\n<meta property=\"og:type\" content=\"article\" \/>\n<meta property=\"og:title\" content=\"Improvisational:\u00a0Showdown - Destination Imagination\" \/>\n<meta property=\"og:description\" content=\"2022-23 Published Clarifications Improvisational Challenge Showdown Every team is expected to know the PublishedClarifications for its Challenge. The deadline to ask a Team Clarification is January 31, 2023, at 11:59 pm Pacific Time. There are currently no Clarifications for the 2022-23 Improvisational Challenge. Please check back for updates.\u00a0\" \/>\n<meta property=\"og:url\" content=\"https:\/\/www.destinationimagination.org\/pl\/challenge-experience\/improvisational-showdown\/\" \/>\n<meta property=\"og:site_name\" content=\"Destination Imagination\" \/>\n<meta property=\"article:modified_time\" content=\"2022-08-08T15:13:51+00:00\" \/>\n<meta property=\"og:image\" content=\"https:\/\/www.destinationimagination.org\/wp-content\/uploads\/Improv-Showdown.png\" \/>\n\t<meta property=\"og:image:width\" content=\"432\" \/>\n\t<meta property=\"og:image:height\" content=\"432\" \/>\n\t<meta property=\"og:image:type\" content=\"image\/png\" \/>\n<meta name=\"twitter:card\" content=\"summary_large_image\" \/>\n<meta name=\"twitter:label1\" content=\"Szacowany czas czytania\" \/>\n\t<meta name=\"twitter:data1\" content=\"1 minuta\" \/>\n<script type=\"application\/ld+json\" class=\"yoast-schema-graph\">{\"@context\":\"https:\/\/schema.org\",\"@graph\":[{\"@type\":\"WebPage\",\"@id\":\"https:\/\/www.destinationimagination.org\/challenge-experience\/improvisational-showdown\/\",\"url\":\"https:\/\/www.destinationimagination.org\/challenge-experience\/improvisational-showdown\/\",\"name\":\"Improvisational:\u00a0Showdown - Destination Imagination\",\"isPartOf\":{\"@id\":\"https:\/\/www.destinationimagination.org\/es\/#website\"},\"primaryImageOfPage\":{\"@id\":\"https:\/\/www.destinationimagination.org\/challenge-experience\/improvisational-showdown\/#primaryimage\"},\"image\":{\"@id\":\"https:\/\/www.destinationimagination.org\/challenge-experience\/improvisational-showdown\/#primaryimage\"},\"thumbnailUrl\":\"https:\/\/www.destinationimagination.org\/wp-content\/uploads\/Improv-Showdown.png\",\"datePublished\":\"2022-08-08T14:54:25+00:00\",\"dateModified\":\"2022-08-08T15:13:51+00:00\",\"breadcrumb\":{\"@id\":\"https:\/\/www.destinationimagination.org\/challenge-experience\/improvisational-showdown\/#breadcrumb\"},\"inLanguage\":\"pl-PL\",\"potentialAction\":[{\"@type\":\"ReadAction\",\"target\":[\"https:\/\/www.destinationimagination.org\/challenge-experience\/improvisational-showdown\/\"]}]},{\"@type\":\"ImageObject\",\"inLanguage\":\"pl-PL\",\"@id\":\"https:\/\/www.destinationimagination.org\/challenge-experience\/improvisational-showdown\/#primaryimage\",\"url\":\"https:\/\/www.destinationimagination.org\/wp-content\/uploads\/Improv-Showdown.png\",\"contentUrl\":\"https:\/\/www.destinationimagination.org\/wp-content\/uploads\/Improv-Showdown.png\",\"width\":432,\"height\":432,\"caption\":\"Improv-Showdown\"},{\"@type\":\"BreadcrumbList\",\"@id\":\"https:\/\/www.destinationimagination.org\/challenge-experience\/improvisational-showdown\/#breadcrumb\",\"itemListElement\":[{\"@type\":\"ListItem\",\"position\":1,\"name\":\"Home\",\"item\":\"https:\/\/www.destinationimagination.org\/\"},{\"@type\":\"ListItem\",\"position\":2,\"name\":\"Challenge Experience\",\"item\":\"https:\/\/www.destinationimagination.org\/challenge-experience\/\"},{\"@type\":\"ListItem\",\"position\":3,\"name\":\"Improvisational:\u00a0Showdown\"}]},{\"@type\":\"WebSite\",\"@id\":\"https:\/\/www.destinationimagination.org\/es\/#website\",\"url\":\"https:\/\/www.destinationimagination.org\/es\/\",\"name\":\"Destination Imagination\",\"description\":\"A creative, team-focused, STEAM competition for K-12 and university students.\",\"potentialAction\":[{\"@type\":\"SearchAction\",\"target\":{\"@type\":\"EntryPoint\",\"urlTemplate\":\"https:\/\/www.destinationimagination.org\/es\/?s={search_term_string}\"},\"query-input\":{\"@type\":\"PropertyValueSpecification\",\"valueRequired\":true,\"valueName\":\"search_term_string\"}}],\"inLanguage\":\"pl-PL\"}]}<\/script>\n<!-- \/ Yoast SEO plugin. -->","yoast_head_json":{"title":"Improvisational:\u00a0Showdown - Destination Imagination","robots":{"index":"index","follow":"follow","max-snippet":"max-snippet:-1","max-image-preview":"max-image-preview:large","max-video-preview":"max-video-preview:-1"},"canonical":"https:\/\/www.destinationimagination.org\/pl\/challenge-experience\/improvisational-showdown\/","og_locale":"pl_PL","og_type":"article","og_title":"Improvisational:\u00a0Showdown - Destination Imagination","og_description":"2022-23 Published Clarifications Improvisational Challenge Showdown Every team is expected to know the PublishedClarifications for its Challenge. The deadline to ask a Team Clarification is January 31, 2023, at 11:59 pm Pacific Time. There are currently no Clarifications for the 2022-23 Improvisational Challenge. Please check back for updates.\u00a0","og_url":"https:\/\/www.destinationimagination.org\/pl\/challenge-experience\/improvisational-showdown\/","og_site_name":"Destination Imagination","article_modified_time":"2022-08-08T15:13:51+00:00","og_image":[{"width":432,"height":432,"url":"https:\/\/www.destinationimagination.org\/wp-content\/uploads\/Improv-Showdown.png","type":"image\/png"}],"twitter_card":"summary_large_image","twitter_misc":{"Szacowany czas czytania":"1 minuta"},"schema":{"@context":"https:\/\/schema.org","@graph":[{"@type":"WebPage","@id":"https:\/\/www.destinationimagination.org\/challenge-experience\/improvisational-showdown\/","url":"https:\/\/www.destinationimagination.org\/challenge-experience\/improvisational-showdown\/","name":"Improvisational:\u00a0Showdown - Destination Imagination","isPartOf":{"@id":"https:\/\/www.destinationimagination.org\/es\/#website"},"primaryImageOfPage":{"@id":"https:\/\/www.destinationimagination.org\/challenge-experience\/improvisational-showdown\/#primaryimage"},"image":{"@id":"https:\/\/www.destinationimagination.org\/challenge-experience\/improvisational-showdown\/#primaryimage"},"thumbnailUrl":"https:\/\/www.destinationimagination.org\/wp-content\/uploads\/Improv-Showdown.png","datePublished":"2022-08-08T14:54:25+00:00","dateModified":"2022-08-08T15:13:51+00:00","breadcrumb":{"@id":"https:\/\/www.destinationimagination.org\/challenge-experience\/improvisational-showdown\/#breadcrumb"},"inLanguage":"pl-PL","potentialAction":[{"@type":"ReadAction","target":["https:\/\/www.destinationimagination.org\/challenge-experience\/improvisational-showdown\/"]}]},{"@type":"ImageObject","inLanguage":"pl-PL","@id":"https:\/\/www.destinationimagination.org\/challenge-experience\/improvisational-showdown\/#primaryimage","url":"https:\/\/www.destinationimagination.org\/wp-content\/uploads\/Improv-Showdown.png","contentUrl":"https:\/\/www.destinationimagination.org\/wp-content\/uploads\/Improv-Showdown.png","width":432,"height":432,"caption":"Improv-Showdown"},{"@type":"BreadcrumbList","@id":"https:\/\/www.destinationimagination.org\/challenge-experience\/improvisational-showdown\/#breadcrumb","itemListElement":[{"@type":"ListItem","position":1,"name":"Home","item":"https:\/\/www.destinationimagination.org\/"},{"@type":"ListItem","position":2,"name":"Challenge Experience","item":"https:\/\/www.destinationimagination.org\/challenge-experience\/"},{"@type":"ListItem","position":3,"name":"Improvisational:\u00a0Showdown"}]},{"@type":"WebSite","@id":"https:\/\/www.destinationimagination.org\/es\/#website","url":"https:\/\/www.destinationimagination.org\/es\/","name":"Wyobra\u017ania celu","description":"Kreatywny, zespo\u0142owy konkurs STEAM dla uczni\u00f3w szk\u00f3\u0142 \u015brednich i wy\u017cszych.","potentialAction":[{"@type":"SearchAction","target":{"@type":"EntryPoint","urlTemplate":"https:\/\/www.destinationimagination.org\/es\/?s={search_term_string}"},"query-input":{"@type":"PropertyValueSpecification","valueRequired":true,"valueName":"search_term_string"}}],"inLanguage":"pl-PL"}]}},"_links":{"self":[{"href":"https:\/\/www.destinationimagination.org\/pl\/wp-json\/wp\/v2\/pages\/25753","targetHints":{"allow":["GET"]}}],"collection":[{"href":"https:\/\/www.destinationimagination.org\/pl\/wp-json\/wp\/v2\/pages"}],"about":[{"href":"https:\/\/www.destinationimagination.org\/pl\/wp-json\/wp\/v2\/types\/page"}],"author":[{"embeddable":true,"href":"https:\/\/www.destinationimagination.org\/pl\/wp-json\/wp\/v2\/users\/2"}],"replies":[{"embeddable":true,"href":"https:\/\/www.destinationimagination.org\/pl\/wp-json\/wp\/v2\/comments?post=25753"}],"version-history":[{"count":7,"href":"https:\/\/www.destinationimagination.org\/pl\/wp-json\/wp\/v2\/pages\/25753\/revisions"}],"predecessor-version":[{"id":25778,"href":"https:\/\/www.destinationimagination.org\/pl\/wp-json\/wp\/v2\/pages\/25753\/revisions\/25778"}],"up":[{"embeddable":true,"href":"https:\/\/www.destinationimagination.org\/pl\/wp-json\/wp\/v2\/pages\/4041"}],"wp:featuredmedia":[{"embeddable":true,"href":"https:\/\/www.destinationimagination.org\/pl\/wp-json\/wp\/v2\/media\/10692"}],"wp:attachment":[{"href":"https:\/\/www.destinationimagination.org\/pl\/wp-json\/wp\/v2\/media?parent=25753"}],"curies":[{"name":"wp","href":"https:\/\/api.w.org\/{rel}","templated":true}]}}