{"id":28477,"date":"2023-07-06T11:16:53","date_gmt":"2023-07-06T15:16:53","guid":{"rendered":"https:\/\/www.destinationimagination.org\/?page_id=28477"},"modified":"2023-12-21T09:32:58","modified_gmt":"2023-12-21T14:32:58","slug":"technical-pinball-heroes","status":"publish","type":"page","link":"https:\/\/www.destinationimagination.org\/pl\/challenge-experience\/technical-pinball-heroes\/","title":{"rendered":"Techniczne \u2013 Bohaterowie Pinballa"},"content":{"rendered":"<div data-elementor-type=\"wp-page\" data-elementor-id=\"28477\" class=\"elementor elementor-28477\" data-elementor-post-type=\"page\">\n\t\t\t\t\t\t<section class=\"elementor-section elementor-top-section elementor-element elementor-element-50bc6dd elementor-section-boxed elementor-section-height-default elementor-section-height-default\" data-id=\"50bc6dd\" data-element_type=\"section\" data-e-type=\"section\">\n\t\t\t\t\t\t<div class=\"elementor-container elementor-column-gap-default\">\n\t\t\t\t\t<div class=\"elementor-column elementor-col-100 elementor-top-column elementor-element elementor-element-8f13e42\" data-id=\"8f13e42\" data-element_type=\"column\" data-e-type=\"column\">\n\t\t\t<div class=\"elementor-widget-wrap elementor-element-populated\">\n\t\t\t\t\t\t<section class=\"elementor-section elementor-inner-section elementor-element elementor-element-294cf3e elementor-section-content-middle elementor-section-boxed elementor-section-height-default elementor-section-height-default\" data-id=\"294cf3e\" data-element_type=\"section\" data-e-type=\"section\">\n\t\t\t\t\t\t<div class=\"elementor-container elementor-column-gap-no\">\n\t\t\t\t\t<div class=\"elementor-column elementor-col-100 elementor-inner-column elementor-element elementor-element-13405f6\" data-id=\"13405f6\" data-element_type=\"column\" data-e-type=\"column\">\n\t\t\t<div class=\"elementor-widget-wrap elementor-element-populated\">\n\t\t\t\t\t\t<div class=\"elementor-element elementor-element-93add55 elementor-widget__width-auto elementor-invisible elementor-widget elementor-widget-image\" data-id=\"93add55\" data-element_type=\"widget\" data-e-type=\"widget\" data-settings=\"{&quot;_animation&quot;:&quot;fadeInLeft&quot;}\" data-widget_type=\"image.default\">\n\t\t\t\t<div class=\"elementor-widget-container\">\n\t\t\t\t\t\t\t\t\t\t\t\t\t\t\t<img decoding=\"async\" width=\"30\" height=\"30\" src=\"https:\/\/www.destinationimagination.org\/wp-content\/uploads\/orange-box.jpg\" class=\"attachment-large size-large wp-image-3314\" alt=\"orange box\" srcset=\"https:\/\/www.destinationimagination.org\/wp-content\/uploads\/orange-box.jpg 30w, https:\/\/www.destinationimagination.org\/wp-content\/uploads\/orange-box-12x12.jpg 12w\" sizes=\"(max-width: 30px) 100vw, 30px\" \/>\t\t\t\t\t\t\t\t\t\t\t\t\t\t\t<\/div>\n\t\t\t\t<\/div>\n\t\t\t\t<div class=\"elementor-element elementor-element-2514954 elementor-widget__width-auto elementor-widget elementor-widget-heading\" data-id=\"2514954\" data-element_type=\"widget\" data-e-type=\"widget\" data-widget_type=\"heading.default\">\n\t\t\t\t<div class=\"elementor-widget-container\">\n\t\t\t\t\t<h3 class=\"elementor-heading-title elementor-size-default\">2023-24 Opublikowane wyja\u015bnienia<\/h3>\t\t\t\t<\/div>\n\t\t\t\t<\/div>\n\t\t\t\t\t<\/div>\n\t\t<\/div>\n\t\t\t\t\t<\/div>\n\t\t<\/section>\n\t\t\t\t<div class=\"elementor-element elementor-element-a7d315b elementor-widget elementor-widget-image\" data-id=\"a7d315b\" data-element_type=\"widget\" data-e-type=\"widget\" data-widget_type=\"image.default\">\n\t\t\t\t<div class=\"elementor-widget-container\">\n\t\t\t\t\t\t\t\t\t\t\t\t\t\t\t<img fetchpriority=\"high\" decoding=\"async\" width=\"2000\" height=\"845\" src=\"https:\/\/www.destinationimagination.org\/wp-content\/uploads\/23-24-Technical-Pinball-Heroes-Icon-1.png\" class=\"attachment-full size-full wp-image-28486\" alt=\"23-24 Technical - Pinball Heroes Icon\" srcset=\"https:\/\/www.destinationimagination.org\/wp-content\/uploads\/23-24-Technical-Pinball-Heroes-Icon-1.png 2000w, https:\/\/www.destinationimagination.org\/wp-content\/uploads\/23-24-Technical-Pinball-Heroes-Icon-1-300x127.png 300w, https:\/\/www.destinationimagination.org\/wp-content\/uploads\/23-24-Technical-Pinball-Heroes-Icon-1-1024x433.png 1024w, https:\/\/www.destinationimagination.org\/wp-content\/uploads\/23-24-Technical-Pinball-Heroes-Icon-1-768x324.png 768w, https:\/\/www.destinationimagination.org\/wp-content\/uploads\/23-24-Technical-Pinball-Heroes-Icon-1-1536x649.png 1536w, https:\/\/www.destinationimagination.org\/wp-content\/uploads\/23-24-Technical-Pinball-Heroes-Icon-1-18x8.png 18w\" sizes=\"(max-width: 2000px) 100vw, 2000px\" \/>\t\t\t\t\t\t\t\t\t\t\t\t\t\t\t<\/div>\n\t\t\t\t<\/div>\n\t\t\t\t<section class=\"elementor-section elementor-inner-section elementor-element elementor-element-68c8d09 elementor-section-boxed elementor-section-height-default elementor-section-height-default\" data-id=\"68c8d09\" data-element_type=\"section\" data-e-type=\"section\">\n\t\t\t\t\t\t<div class=\"elementor-container elementor-column-gap-default\">\n\t\t\t\t\t<div class=\"elementor-column elementor-col-100 elementor-inner-column elementor-element elementor-element-addbdbe elementor-invisible\" data-id=\"addbdbe\" data-element_type=\"column\" data-e-type=\"column\" data-settings=\"{&quot;animation&quot;:&quot;slideInUp&quot;}\">\n\t\t\t<div class=\"elementor-widget-wrap elementor-element-populated\">\n\t\t\t\t\t\t<div class=\"elementor-element elementor-element-d730a22 elementor-widget elementor-widget-text-editor\" data-id=\"d730a22\" data-element_type=\"widget\" data-e-type=\"widget\" data-widget_type=\"text-editor.default\">\n\t\t\t\t<div class=\"elementor-widget-container\">\n\t\t\t\t\t\t\t\t\t<h3>Oczekuje si\u0119, \u017ce ka\u017cdy zesp\u00f3\u0142 b\u0119dzie zna\u0142 Opublikowane<br \/>Wyja\u015bnienia dotycz\u0105ce wyzwania.<\/h3><p>Termin sk\u0142adania wyja\u015bnie\u0144 zespo\u0142u up\u0142ywa 31 stycznia 2024 r. o godzinie 23:59 czasu pacyficznego.<\/p>\t\t\t\t\t\t\t\t<\/div>\n\t\t\t\t<\/div>\n\t\t\t\t<div class=\"elementor-element elementor-element-6896463 elementor-widget elementor-widget-text-editor\" data-id=\"6896463\" data-element_type=\"widget\" data-e-type=\"widget\" data-widget_type=\"text-editor.default\">\n\t\t\t\t<div class=\"elementor-widget-container\">\n\t\t\t\t\t\t\t\t\t<p><span style=\"color: #ff6600; font-family: Montserrat; font-size: 20px; font-weight: bold; text-transform: uppercase;\">#1 7 listopada 2023 r<\/span><\/p><div><div>W Wyzwaniu sekcja IA4 powinna brzmie\u0107: \u201eW przypadku tego Wyzwania Pinball to dostarczana na turniejach pi\u0142ka no\u017cna w rozmiarze 3, o obwodzie 22,5\u201324 cali (57,2 cm\u201361 cm) i wadze 10,5 uncji\u201312 uncji (300 g\u2013 340g). Je\u015bli Twoja dru\u017cyna chce pozna\u0107 szczeg\u00f3\u0142y dotycz\u0105ce pi\u0142ki no\u017cnej, mo\u017ce skontaktowa\u0107 si\u0119 z Dyrektorem Turnieju.<\/div><div>\u00a0<\/div><div><p><span style=\"color: #ff6600; font-family: Montserrat; font-size: 20px; font-weight: bold; text-transform: uppercase;\">#1 21 GRUDNIA 2023<\/span><\/p><div><div>W Wyzwaniu sekcja IA6 powinna zawiera\u0107 stwierdzenie: \u201ePodczas prezentacji umie\u015b\u0107 wszystkie trzy modu\u0142y maszyn i wszelkie inne elementy systemu Pinball ca\u0142kowicie w obr\u0119bie oklejonych ta\u015bm\u0105 pola do gry w pinball o wymiarach 8 st\u00f3p x 16 st\u00f3p (2,44 m x 4,88 m) zapewnianego przez turniej. (Patrz rysunek A.) Oznacza to, \u017ce wszystkie elementy systemu Pinball musz\u0105 znajdowa\u0107 si\u0119 w pionowych p\u0142aszczyznach utworzonych przez zewn\u0119trzn\u0105 kraw\u0119d\u017a naklejonych ta\u015bm\u0105 linii wyznaczaj\u0105cych pole gry Pinball podczas interakcji z Pinballem podczas ka\u017cdej rundy Pinball. Przed\u0142u\u017cacze u\u017cywane wy\u0142\u0105cznie do zasilania jakichkolwiek cz\u0119\u015bci systemu Pinball mog\u0105 wystawa\u0107 poza granice pola gry Pinball. Jednak\u017ce Pinball nie mo\u017ce by\u0107 kierowany za pomoc\u0105 przed\u0142u\u017cacza, kt\u00f3ry wystaje poza granice pola gry. <\/div><div>\u00a0 \u00a0<\/div><\/div><div><p><span style=\"color: #ff6600; font-family: Montserrat; font-size: 20px; font-weight: bold; text-transform: uppercase;\">#1 21 GRUDNIA 2023<\/span><\/p><div>W Wyzwaniu sekcja IC10 powinna stwierdza\u0107: \u201e Pinball przekracza naklejon\u0105 ta\u015bm\u0119 lini\u0119, aby opu\u015bci\u0107 pole gry do gry w pinball lub dotyka czegokolwiek, co nie znajduje si\u0119 ca\u0142kowicie w granicach pola gry do gry w pinball. Jedynym wyj\u0105tkiem od tej regu\u0142y s\u0105 przed\u0142u\u017cacze u\u017cywane wy\u0142\u0105cznie do zasilania jakichkolwiek cz\u0119\u015bci systemu Pinball. (Zobacz opublikowane wyja\u015bnienia do sekcji IA6.)\u201d <\/div><\/div>\u00a0 \u00a0<\/div><\/div>\t\t\t\t\t\t\t\t<\/div>\n\t\t\t\t<\/div>\n\t\t\t\t\t<\/div>\n\t\t<\/div>\n\t\t\t\t\t<\/div>\n\t\t<\/section>\n\t\t\t\t\t<\/div>\n\t\t<\/div>\n\t\t\t\t\t<\/div>\n\t\t<\/section>\n\t\t\t\t<\/div>","protected":false},"excerpt":{"rendered":"<p>2023-24 Published Clarifications Every team is expected to know the PublishedClarifications for its Challenge. The deadline to ask a Team Clarification is January 31, 2024, at 11:59 pm Pacific Time. #1 November 7, 2023 In the Challenge, Section I.A.4 should read: &#8220;For this Challenge, a Pinball is a tournament-provided size 3 soccer ball with a [&hellip;]<\/p>\n","protected":false},"author":2,"featured_media":28486,"parent":4041,"menu_order":0,"comment_status":"closed","ping_status":"closed","template":"","meta":{"content-type":"","inline_featured_image":false,"footnotes":""},"class_list":["post-28477","page","type-page","status-publish","has-post-thumbnail","hentry"],"yoast_head":"<!-- This site is optimized with the Yoast SEO plugin v27.2 - https:\/\/yoast.com\/product\/yoast-seo-wordpress\/ -->\n<title>Technical - Pinball Heroes - Destination Imagination<\/title>\n<meta name=\"robots\" content=\"index, follow, max-snippet:-1, max-image-preview:large, max-video-preview:-1\" \/>\n<link rel=\"canonical\" href=\"https:\/\/www.destinationimagination.org\/pl\/challenge-experience\/technical-pinball-heroes\/\" \/>\n<meta property=\"og:locale\" content=\"pl_PL\" \/>\n<meta property=\"og:type\" content=\"article\" \/>\n<meta property=\"og:title\" content=\"Technical - Pinball Heroes - Destination Imagination\" \/>\n<meta property=\"og:description\" content=\"2023-24 Published Clarifications Every team is expected to know the PublishedClarifications for its Challenge. The deadline to ask a Team Clarification is January 31, 2024, at 11:59 pm Pacific Time. #1 November 7, 2023 In the Challenge, Section I.A.4 should read: &#8220;For this Challenge, a Pinball is a tournament-provided size 3 soccer ball with a [&hellip;]\" \/>\n<meta property=\"og:url\" content=\"https:\/\/www.destinationimagination.org\/pl\/challenge-experience\/technical-pinball-heroes\/\" \/>\n<meta property=\"og:site_name\" content=\"Destination Imagination\" \/>\n<meta property=\"article:modified_time\" content=\"2023-12-21T14:32:58+00:00\" \/>\n<meta property=\"og:image\" content=\"https:\/\/www.destinationimagination.org\/wp-content\/uploads\/23-24-Technical-Pinball-Heroes-Icon-1.png\" \/>\n\t<meta property=\"og:image:width\" content=\"2000\" \/>\n\t<meta property=\"og:image:height\" content=\"845\" \/>\n\t<meta property=\"og:image:type\" content=\"image\/png\" \/>\n<meta name=\"twitter:card\" content=\"summary_large_image\" \/>\n<meta name=\"twitter:label1\" content=\"Szacowany czas czytania\" \/>\n\t<meta name=\"twitter:data1\" content=\"2 minuty\" \/>\n<script type=\"application\/ld+json\" class=\"yoast-schema-graph\">{\"@context\":\"https:\/\/schema.org\",\"@graph\":[{\"@type\":\"WebPage\",\"@id\":\"https:\/\/www.destinationimagination.org\/challenge-experience\/technical-pinball-heroes\/\",\"url\":\"https:\/\/www.destinationimagination.org\/challenge-experience\/technical-pinball-heroes\/\",\"name\":\"Technical - Pinball Heroes - Destination Imagination\",\"isPartOf\":{\"@id\":\"https:\/\/www.destinationimagination.org\/es\/#website\"},\"primaryImageOfPage\":{\"@id\":\"https:\/\/www.destinationimagination.org\/challenge-experience\/technical-pinball-heroes\/#primaryimage\"},\"image\":{\"@id\":\"https:\/\/www.destinationimagination.org\/challenge-experience\/technical-pinball-heroes\/#primaryimage\"},\"thumbnailUrl\":\"https:\/\/www.destinationimagination.org\/wp-content\/uploads\/23-24-Technical-Pinball-Heroes-Icon-1.png\",\"datePublished\":\"2023-07-06T15:16:53+00:00\",\"dateModified\":\"2023-12-21T14:32:58+00:00\",\"breadcrumb\":{\"@id\":\"https:\/\/www.destinationimagination.org\/challenge-experience\/technical-pinball-heroes\/#breadcrumb\"},\"inLanguage\":\"pl-PL\",\"potentialAction\":[{\"@type\":\"ReadAction\",\"target\":[\"https:\/\/www.destinationimagination.org\/challenge-experience\/technical-pinball-heroes\/\"]}]},{\"@type\":\"ImageObject\",\"inLanguage\":\"pl-PL\",\"@id\":\"https:\/\/www.destinationimagination.org\/challenge-experience\/technical-pinball-heroes\/#primaryimage\",\"url\":\"https:\/\/www.destinationimagination.org\/wp-content\/uploads\/23-24-Technical-Pinball-Heroes-Icon-1.png\",\"contentUrl\":\"https:\/\/www.destinationimagination.org\/wp-content\/uploads\/23-24-Technical-Pinball-Heroes-Icon-1.png\",\"width\":2000,\"height\":845,\"caption\":\"23-24 Technical - Pinball Heroes Icon\"},{\"@type\":\"BreadcrumbList\",\"@id\":\"https:\/\/www.destinationimagination.org\/challenge-experience\/technical-pinball-heroes\/#breadcrumb\",\"itemListElement\":[{\"@type\":\"ListItem\",\"position\":1,\"name\":\"Home\",\"item\":\"https:\/\/www.destinationimagination.org\/\"},{\"@type\":\"ListItem\",\"position\":2,\"name\":\"Challenge Experience\",\"item\":\"https:\/\/www.destinationimagination.org\/challenge-experience\/\"},{\"@type\":\"ListItem\",\"position\":3,\"name\":\"Technical &#8211; Pinball Heroes\"}]},{\"@type\":\"WebSite\",\"@id\":\"https:\/\/www.destinationimagination.org\/es\/#website\",\"url\":\"https:\/\/www.destinationimagination.org\/es\/\",\"name\":\"Destination Imagination\",\"description\":\"A creative, team-focused, STEAM competition for K-12 and university students.\",\"potentialAction\":[{\"@type\":\"SearchAction\",\"target\":{\"@type\":\"EntryPoint\",\"urlTemplate\":\"https:\/\/www.destinationimagination.org\/es\/?s={search_term_string}\"},\"query-input\":{\"@type\":\"PropertyValueSpecification\",\"valueRequired\":true,\"valueName\":\"search_term_string\"}}],\"inLanguage\":\"pl-PL\"}]}<\/script>\n<!-- \/ Yoast SEO plugin. -->","yoast_head_json":{"title":"Technical - Pinball Heroes - Destination Imagination","robots":{"index":"index","follow":"follow","max-snippet":"max-snippet:-1","max-image-preview":"max-image-preview:large","max-video-preview":"max-video-preview:-1"},"canonical":"https:\/\/www.destinationimagination.org\/pl\/challenge-experience\/technical-pinball-heroes\/","og_locale":"pl_PL","og_type":"article","og_title":"Technical - Pinball Heroes - Destination Imagination","og_description":"2023-24 Published Clarifications Every team is expected to know the PublishedClarifications for its Challenge. The deadline to ask a Team Clarification is January 31, 2024, at 11:59 pm Pacific Time. #1 November 7, 2023 In the Challenge, Section I.A.4 should read: &#8220;For this Challenge, a Pinball is a tournament-provided size 3 soccer ball with a [&hellip;]","og_url":"https:\/\/www.destinationimagination.org\/pl\/challenge-experience\/technical-pinball-heroes\/","og_site_name":"Destination Imagination","article_modified_time":"2023-12-21T14:32:58+00:00","og_image":[{"width":2000,"height":845,"url":"https:\/\/www.destinationimagination.org\/wp-content\/uploads\/23-24-Technical-Pinball-Heroes-Icon-1.png","type":"image\/png"}],"twitter_card":"summary_large_image","twitter_misc":{"Szacowany czas czytania":"2 minuty"},"schema":{"@context":"https:\/\/schema.org","@graph":[{"@type":"WebPage","@id":"https:\/\/www.destinationimagination.org\/challenge-experience\/technical-pinball-heroes\/","url":"https:\/\/www.destinationimagination.org\/challenge-experience\/technical-pinball-heroes\/","name":"Technical - Pinball Heroes - Destination Imagination","isPartOf":{"@id":"https:\/\/www.destinationimagination.org\/es\/#website"},"primaryImageOfPage":{"@id":"https:\/\/www.destinationimagination.org\/challenge-experience\/technical-pinball-heroes\/#primaryimage"},"image":{"@id":"https:\/\/www.destinationimagination.org\/challenge-experience\/technical-pinball-heroes\/#primaryimage"},"thumbnailUrl":"https:\/\/www.destinationimagination.org\/wp-content\/uploads\/23-24-Technical-Pinball-Heroes-Icon-1.png","datePublished":"2023-07-06T15:16:53+00:00","dateModified":"2023-12-21T14:32:58+00:00","breadcrumb":{"@id":"https:\/\/www.destinationimagination.org\/challenge-experience\/technical-pinball-heroes\/#breadcrumb"},"inLanguage":"pl-PL","potentialAction":[{"@type":"ReadAction","target":["https:\/\/www.destinationimagination.org\/challenge-experience\/technical-pinball-heroes\/"]}]},{"@type":"ImageObject","inLanguage":"pl-PL","@id":"https:\/\/www.destinationimagination.org\/challenge-experience\/technical-pinball-heroes\/#primaryimage","url":"https:\/\/www.destinationimagination.org\/wp-content\/uploads\/23-24-Technical-Pinball-Heroes-Icon-1.png","contentUrl":"https:\/\/www.destinationimagination.org\/wp-content\/uploads\/23-24-Technical-Pinball-Heroes-Icon-1.png","width":2000,"height":845,"caption":"23-24 Technical - Pinball Heroes Icon"},{"@type":"BreadcrumbList","@id":"https:\/\/www.destinationimagination.org\/challenge-experience\/technical-pinball-heroes\/#breadcrumb","itemListElement":[{"@type":"ListItem","position":1,"name":"Home","item":"https:\/\/www.destinationimagination.org\/"},{"@type":"ListItem","position":2,"name":"Challenge Experience","item":"https:\/\/www.destinationimagination.org\/challenge-experience\/"},{"@type":"ListItem","position":3,"name":"Technical &#8211; Pinball Heroes"}]},{"@type":"WebSite","@id":"https:\/\/www.destinationimagination.org\/es\/#website","url":"https:\/\/www.destinationimagination.org\/es\/","name":"Wyobra\u017ania celu","description":"Kreatywny, zespo\u0142owy konkurs STEAM dla uczni\u00f3w szk\u00f3\u0142 \u015brednich i wy\u017cszych.","potentialAction":[{"@type":"SearchAction","target":{"@type":"EntryPoint","urlTemplate":"https:\/\/www.destinationimagination.org\/es\/?s={search_term_string}"},"query-input":{"@type":"PropertyValueSpecification","valueRequired":true,"valueName":"search_term_string"}}],"inLanguage":"pl-PL"}]}},"_links":{"self":[{"href":"https:\/\/www.destinationimagination.org\/pl\/wp-json\/wp\/v2\/pages\/28477","targetHints":{"allow":["GET"]}}],"collection":[{"href":"https:\/\/www.destinationimagination.org\/pl\/wp-json\/wp\/v2\/pages"}],"about":[{"href":"https:\/\/www.destinationimagination.org\/pl\/wp-json\/wp\/v2\/types\/page"}],"author":[{"embeddable":true,"href":"https:\/\/www.destinationimagination.org\/pl\/wp-json\/wp\/v2\/users\/2"}],"replies":[{"embeddable":true,"href":"https:\/\/www.destinationimagination.org\/pl\/wp-json\/wp\/v2\/comments?post=28477"}],"version-history":[{"count":16,"href":"https:\/\/www.destinationimagination.org\/pl\/wp-json\/wp\/v2\/pages\/28477\/revisions"}],"predecessor-version":[{"id":29692,"href":"https:\/\/www.destinationimagination.org\/pl\/wp-json\/wp\/v2\/pages\/28477\/revisions\/29692"}],"up":[{"embeddable":true,"href":"https:\/\/www.destinationimagination.org\/pl\/wp-json\/wp\/v2\/pages\/4041"}],"wp:featuredmedia":[{"embeddable":true,"href":"https:\/\/www.destinationimagination.org\/pl\/wp-json\/wp\/v2\/media\/28486"}],"wp:attachment":[{"href":"https:\/\/www.destinationimagination.org\/pl\/wp-json\/wp\/v2\/media?parent=28477"}],"curies":[{"name":"wp","href":"https:\/\/api.w.org\/{rel}","templated":true}]}}