{"id":33567,"date":"2025-07-28T10:40:30","date_gmt":"2025-07-28T14:40:30","guid":{"rendered":"https:\/\/www.destinationimagination.org\/?page_id=33567"},"modified":"2025-11-18T10:12:43","modified_gmt":"2025-11-18T15:12:43","slug":"engineering-above-and-beyond","status":"publish","type":"page","link":"https:\/\/www.destinationimagination.org\/pl\/challenge-experience\/engineering-above-and-beyond\/","title":{"rendered":"In\u017cynieria \u2013 ponad wszystko"},"content":{"rendered":"<div data-elementor-type=\"wp-page\" data-elementor-id=\"33567\" class=\"elementor elementor-33567\" data-elementor-post-type=\"page\">\n\t\t\t\t\t\t<section class=\"elementor-section elementor-top-section elementor-element elementor-element-afa187a elementor-section-boxed elementor-section-height-default elementor-section-height-default\" data-id=\"afa187a\" data-element_type=\"section\" data-e-type=\"section\">\n\t\t\t\t\t\t<div class=\"elementor-container elementor-column-gap-default\">\n\t\t\t\t\t<div class=\"elementor-column elementor-col-100 elementor-top-column elementor-element elementor-element-d889ece\" data-id=\"d889ece\" data-element_type=\"column\" data-e-type=\"column\">\n\t\t\t<div class=\"elementor-widget-wrap elementor-element-populated\">\n\t\t\t\t\t\t<section class=\"elementor-section elementor-inner-section elementor-element elementor-element-c548776 elementor-section-content-middle elementor-section-boxed elementor-section-height-default elementor-section-height-default\" data-id=\"c548776\" data-element_type=\"section\" data-e-type=\"section\">\n\t\t\t\t\t\t<div class=\"elementor-container elementor-column-gap-no\">\n\t\t\t\t\t<div class=\"elementor-column elementor-col-100 elementor-inner-column elementor-element elementor-element-be55354\" data-id=\"be55354\" data-element_type=\"column\" data-e-type=\"column\">\n\t\t\t<div class=\"elementor-widget-wrap elementor-element-populated\">\n\t\t\t\t\t\t<div class=\"elementor-element elementor-element-7e773e0 elementor-widget__width-auto elementor-invisible elementor-widget elementor-widget-image\" data-id=\"7e773e0\" data-element_type=\"widget\" data-e-type=\"widget\" data-settings=\"{&quot;_animation&quot;:&quot;fadeInLeft&quot;}\" data-widget_type=\"image.default\">\n\t\t\t\t<div class=\"elementor-widget-container\">\n\t\t\t\t\t\t\t\t\t\t\t\t\t\t\t<img decoding=\"async\" width=\"30\" height=\"30\" src=\"https:\/\/www.destinationimagination.org\/wp-content\/uploads\/orange-box.jpg\" class=\"attachment-large size-large wp-image-3314\" alt=\"orange box\" srcset=\"https:\/\/www.destinationimagination.org\/wp-content\/uploads\/orange-box.jpg 30w, https:\/\/www.destinationimagination.org\/wp-content\/uploads\/orange-box-12x12.jpg 12w\" sizes=\"(max-width: 30px) 100vw, 30px\" \/>\t\t\t\t\t\t\t\t\t\t\t\t\t\t\t<\/div>\n\t\t\t\t<\/div>\n\t\t\t\t<div class=\"elementor-element elementor-element-218fbdc elementor-widget__width-auto elementor-widget elementor-widget-heading\" data-id=\"218fbdc\" data-element_type=\"widget\" data-e-type=\"widget\" data-settings=\"{&quot;_animation&quot;:&quot;none&quot;}\" data-widget_type=\"heading.default\">\n\t\t\t\t<div class=\"elementor-widget-container\">\n\t\t\t\t\t<h3 class=\"elementor-heading-title elementor-size-default\">2025-26 Opublikowane wyja\u015bnienia<\/h3>\t\t\t\t<\/div>\n\t\t\t\t<\/div>\n\t\t\t\t\t<\/div>\n\t\t<\/div>\n\t\t\t\t\t<\/div>\n\t\t<\/section>\n\t\t\t\t<div class=\"elementor-element elementor-element-ae4703e elementor-widget elementor-widget-image\" data-id=\"ae4703e\" data-element_type=\"widget\" data-e-type=\"widget\" data-widget_type=\"image.default\">\n\t\t\t\t<div class=\"elementor-widget-container\">\n\t\t\t\t\t\t\t\t\t\t\t\t\t\t\t<img fetchpriority=\"high\" decoding=\"async\" width=\"1377\" height=\"2159\" src=\"https:\/\/www.destinationimagination.org\/wp-content\/uploads\/Engineering-Above-and-Beyond.jpg\" class=\"attachment-full size-full wp-image-33553\" alt=\"Engineering Above and Beyond Icon with weights and arrows\" \/>\t\t\t\t\t\t\t\t\t\t\t\t\t\t\t<\/div>\n\t\t\t\t<\/div>\n\t\t\t\t<section class=\"elementor-section elementor-inner-section elementor-element elementor-element-10469b3 elementor-section-boxed elementor-section-height-default elementor-section-height-default\" data-id=\"10469b3\" data-element_type=\"section\" data-e-type=\"section\">\n\t\t\t\t\t\t<div class=\"elementor-container elementor-column-gap-default\">\n\t\t\t\t\t<div class=\"elementor-column elementor-col-100 elementor-inner-column elementor-element elementor-element-748aaf9\" data-id=\"748aaf9\" data-element_type=\"column\" data-e-type=\"column\">\n\t\t\t<div class=\"elementor-widget-wrap elementor-element-populated\">\n\t\t\t\t\t\t<div class=\"elementor-element elementor-element-9edb6df elementor-widget elementor-widget-text-editor\" data-id=\"9edb6df\" data-element_type=\"widget\" data-e-type=\"widget\" data-widget_type=\"text-editor.default\">\n\t\t\t\t<div class=\"elementor-widget-container\">\n\t\t\t\t\t\t\t\t\t<h3>Oczekuje si\u0119, \u017ce ka\u017cdy zesp\u00f3\u0142 b\u0119dzie zna\u0142 Opublikowane<br \/>Wyja\u015bnienia dotycz\u0105ce wyzwania.<\/h3><p>Termin sk\u0142adania wniosk\u00f3w o wyja\u015bnienie zespo\u0142owe up\u0142ywa 31 stycznia 2026 r. o godzinie 23:59 czasu pacyficznego.<\/p><p><span style=\"color: #ff6600; font-family: Montserrat; font-size: 20px; font-weight: bold; text-transform: uppercase;\">#1 18 LISTOPADA 2025<\/span><\/p><div>W sekcji ID2 Wyzwania nale\u017cy napisa\u0107: \u201eObszar Testowy b\u0119dzie obejmowa\u0142 Stref\u0119 Bazow\u0105 i 12 Stref Pomiarowych po ka\u017cdej stronie, co daje \u0142\u0105cznie 24 Strefy Pomiarowe. Strefy Pomiarowe b\u0119d\u0105 oznaczone numerami 1-12 po obu stronach Strefy Bazowej. Strefa Pomiarowa po\u0142o\u017cona najbli\u017cej Strefy Bazowej po ka\u017cdej stronie b\u0119dzie oznaczona jako Strefa Pomiarowa 1\u201d.<\/div>\t\t\t\t\t\t\t\t<\/div>\n\t\t\t\t<\/div>\n\t\t\t\t\t<\/div>\n\t\t<\/div>\n\t\t\t\t\t<\/div>\n\t\t<\/section>\n\t\t\t\t\t<\/div>\n\t\t<\/div>\n\t\t\t\t\t<\/div>\n\t\t<\/section>\n\t\t\t\t<\/div>","protected":false},"excerpt":{"rendered":"<p>2025-26 Published Clarifications Every team is expected to know the PublishedClarifications for its Challenge. The deadline to ask a Team Clarification is January 31, 2026, at 11:59 pm Pacific Time. #1 NOVEMBER 18, 2025 In the Challenge, Section I.D.2 should read: &#8220;The Testing Area will include a Base Zone and 12 Measurement Zones on each [&hellip;]<\/p>\n","protected":false},"author":2,"featured_media":33553,"parent":4041,"menu_order":0,"comment_status":"closed","ping_status":"closed","template":"","meta":{"content-type":"","inline_featured_image":false,"footnotes":""},"class_list":["post-33567","page","type-page","status-publish","has-post-thumbnail","hentry"],"yoast_head":"<!-- This site is optimized with the Yoast SEO plugin v27.2 - https:\/\/yoast.com\/product\/yoast-seo-wordpress\/ -->\n<title>Engineering - Above and Beyond - Destination Imagination<\/title>\n<meta name=\"robots\" content=\"index, follow, max-snippet:-1, max-image-preview:large, max-video-preview:-1\" \/>\n<link rel=\"canonical\" href=\"https:\/\/www.destinationimagination.org\/pl\/challenge-experience\/engineering-above-and-beyond\/\" \/>\n<meta property=\"og:locale\" content=\"pl_PL\" \/>\n<meta property=\"og:type\" content=\"article\" \/>\n<meta property=\"og:title\" content=\"Engineering - Above and Beyond - Destination Imagination\" \/>\n<meta property=\"og:description\" content=\"2025-26 Published Clarifications Every team is expected to know the PublishedClarifications for its Challenge. The deadline to ask a Team Clarification is January 31, 2026, at 11:59 pm Pacific Time. #1 NOVEMBER 18, 2025 In the Challenge, Section I.D.2 should read: &#8220;The Testing Area will include a Base Zone and 12 Measurement Zones on each [&hellip;]\" \/>\n<meta property=\"og:url\" content=\"https:\/\/www.destinationimagination.org\/pl\/challenge-experience\/engineering-above-and-beyond\/\" \/>\n<meta property=\"og:site_name\" content=\"Destination Imagination\" \/>\n<meta property=\"article:modified_time\" content=\"2025-11-18T15:12:43+00:00\" \/>\n<meta property=\"og:image\" content=\"https:\/\/www.destinationimagination.org\/wp-content\/uploads\/Engineering-Above-and-Beyond.jpg\" \/>\n\t<meta property=\"og:image:width\" content=\"1377\" \/>\n\t<meta property=\"og:image:height\" content=\"2159\" \/>\n\t<meta property=\"og:image:type\" content=\"image\/jpeg\" \/>\n<meta name=\"twitter:card\" content=\"summary_large_image\" \/>\n<meta name=\"twitter:label1\" content=\"Szacowany czas czytania\" \/>\n\t<meta name=\"twitter:data1\" content=\"1 minuta\" \/>\n<script type=\"application\/ld+json\" class=\"yoast-schema-graph\">{\"@context\":\"https:\/\/schema.org\",\"@graph\":[{\"@type\":\"WebPage\",\"@id\":\"https:\/\/www.destinationimagination.org\/challenge-experience\/engineering-above-and-beyond\/\",\"url\":\"https:\/\/www.destinationimagination.org\/challenge-experience\/engineering-above-and-beyond\/\",\"name\":\"Engineering - Above and Beyond - Destination Imagination\",\"isPartOf\":{\"@id\":\"https:\/\/www.destinationimagination.org\/es\/#website\"},\"primaryImageOfPage\":{\"@id\":\"https:\/\/www.destinationimagination.org\/challenge-experience\/engineering-above-and-beyond\/#primaryimage\"},\"image\":{\"@id\":\"https:\/\/www.destinationimagination.org\/challenge-experience\/engineering-above-and-beyond\/#primaryimage\"},\"thumbnailUrl\":\"https:\/\/www.destinationimagination.org\/wp-content\/uploads\/Engineering-Above-and-Beyond.jpg\",\"datePublished\":\"2025-07-28T14:40:30+00:00\",\"dateModified\":\"2025-11-18T15:12:43+00:00\",\"breadcrumb\":{\"@id\":\"https:\/\/www.destinationimagination.org\/challenge-experience\/engineering-above-and-beyond\/#breadcrumb\"},\"inLanguage\":\"pl-PL\",\"potentialAction\":[{\"@type\":\"ReadAction\",\"target\":[\"https:\/\/www.destinationimagination.org\/challenge-experience\/engineering-above-and-beyond\/\"]}]},{\"@type\":\"ImageObject\",\"inLanguage\":\"pl-PL\",\"@id\":\"https:\/\/www.destinationimagination.org\/challenge-experience\/engineering-above-and-beyond\/#primaryimage\",\"url\":\"https:\/\/www.destinationimagination.org\/wp-content\/uploads\/Engineering-Above-and-Beyond.jpg\",\"contentUrl\":\"https:\/\/www.destinationimagination.org\/wp-content\/uploads\/Engineering-Above-and-Beyond.jpg\",\"width\":1377,\"height\":2159,\"caption\":\"Engineering Above and Beyond Icon with weights and arrows\"},{\"@type\":\"BreadcrumbList\",\"@id\":\"https:\/\/www.destinationimagination.org\/challenge-experience\/engineering-above-and-beyond\/#breadcrumb\",\"itemListElement\":[{\"@type\":\"ListItem\",\"position\":1,\"name\":\"Home\",\"item\":\"https:\/\/www.destinationimagination.org\/\"},{\"@type\":\"ListItem\",\"position\":2,\"name\":\"Challenge Experience\",\"item\":\"https:\/\/www.destinationimagination.org\/challenge-experience\/\"},{\"@type\":\"ListItem\",\"position\":3,\"name\":\"Engineering &#8211; Above and Beyond\"}]},{\"@type\":\"WebSite\",\"@id\":\"https:\/\/www.destinationimagination.org\/es\/#website\",\"url\":\"https:\/\/www.destinationimagination.org\/es\/\",\"name\":\"Destination Imagination\",\"description\":\"A creative, team-focused, STEAM competition for K-12 and university students.\",\"potentialAction\":[{\"@type\":\"SearchAction\",\"target\":{\"@type\":\"EntryPoint\",\"urlTemplate\":\"https:\/\/www.destinationimagination.org\/es\/?s={search_term_string}\"},\"query-input\":{\"@type\":\"PropertyValueSpecification\",\"valueRequired\":true,\"valueName\":\"search_term_string\"}}],\"inLanguage\":\"pl-PL\"}]}<\/script>\n<!-- \/ Yoast SEO plugin. -->","yoast_head_json":{"title":"In\u017cynieria - Ponad i poza - Wyobra\u017ania celu podr\u00f3\u017cy","robots":{"index":"index","follow":"follow","max-snippet":"max-snippet:-1","max-image-preview":"max-image-preview:large","max-video-preview":"max-video-preview:-1"},"canonical":"https:\/\/www.destinationimagination.org\/pl\/challenge-experience\/engineering-above-and-beyond\/","og_locale":"pl_PL","og_type":"article","og_title":"Engineering - Above and Beyond - Destination Imagination","og_description":"2025-26 Published Clarifications Every team is expected to know the PublishedClarifications for its Challenge. The deadline to ask a Team Clarification is January 31, 2026, at 11:59 pm Pacific Time. #1 NOVEMBER 18, 2025 In the Challenge, Section I.D.2 should read: &#8220;The Testing Area will include a Base Zone and 12 Measurement Zones on each [&hellip;]","og_url":"https:\/\/www.destinationimagination.org\/pl\/challenge-experience\/engineering-above-and-beyond\/","og_site_name":"Destination Imagination","article_modified_time":"2025-11-18T15:12:43+00:00","og_image":[{"width":1377,"height":2159,"url":"https:\/\/www.destinationimagination.org\/wp-content\/uploads\/Engineering-Above-and-Beyond.jpg","type":"image\/jpeg"}],"twitter_card":"summary_large_image","twitter_misc":{"Szacowany czas czytania":"1 minuta"},"schema":{"@context":"https:\/\/schema.org","@graph":[{"@type":"WebPage","@id":"https:\/\/www.destinationimagination.org\/challenge-experience\/engineering-above-and-beyond\/","url":"https:\/\/www.destinationimagination.org\/challenge-experience\/engineering-above-and-beyond\/","name":"In\u017cynieria - Ponad i poza - Wyobra\u017ania celu podr\u00f3\u017cy","isPartOf":{"@id":"https:\/\/www.destinationimagination.org\/es\/#website"},"primaryImageOfPage":{"@id":"https:\/\/www.destinationimagination.org\/challenge-experience\/engineering-above-and-beyond\/#primaryimage"},"image":{"@id":"https:\/\/www.destinationimagination.org\/challenge-experience\/engineering-above-and-beyond\/#primaryimage"},"thumbnailUrl":"https:\/\/www.destinationimagination.org\/wp-content\/uploads\/Engineering-Above-and-Beyond.jpg","datePublished":"2025-07-28T14:40:30+00:00","dateModified":"2025-11-18T15:12:43+00:00","breadcrumb":{"@id":"https:\/\/www.destinationimagination.org\/challenge-experience\/engineering-above-and-beyond\/#breadcrumb"},"inLanguage":"pl-PL","potentialAction":[{"@type":"ReadAction","target":["https:\/\/www.destinationimagination.org\/challenge-experience\/engineering-above-and-beyond\/"]}]},{"@type":"ImageObject","inLanguage":"pl-PL","@id":"https:\/\/www.destinationimagination.org\/challenge-experience\/engineering-above-and-beyond\/#primaryimage","url":"https:\/\/www.destinationimagination.org\/wp-content\/uploads\/Engineering-Above-and-Beyond.jpg","contentUrl":"https:\/\/www.destinationimagination.org\/wp-content\/uploads\/Engineering-Above-and-Beyond.jpg","width":1377,"height":2159,"caption":"Engineering Above and Beyond Icon with weights and arrows"},{"@type":"BreadcrumbList","@id":"https:\/\/www.destinationimagination.org\/challenge-experience\/engineering-above-and-beyond\/#breadcrumb","itemListElement":[{"@type":"ListItem","position":1,"name":"Home","item":"https:\/\/www.destinationimagination.org\/"},{"@type":"ListItem","position":2,"name":"Challenge Experience","item":"https:\/\/www.destinationimagination.org\/challenge-experience\/"},{"@type":"ListItem","position":3,"name":"Engineering &#8211; Above and Beyond"}]},{"@type":"WebSite","@id":"https:\/\/www.destinationimagination.org\/es\/#website","url":"https:\/\/www.destinationimagination.org\/es\/","name":"Wyobra\u017ania celu","description":"Kreatywny, zespo\u0142owy konkurs STEAM dla uczni\u00f3w szk\u00f3\u0142 \u015brednich i wy\u017cszych.","potentialAction":[{"@type":"SearchAction","target":{"@type":"EntryPoint","urlTemplate":"https:\/\/www.destinationimagination.org\/es\/?s={search_term_string}"},"query-input":{"@type":"PropertyValueSpecification","valueRequired":true,"valueName":"search_term_string"}}],"inLanguage":"pl-PL"}]}},"_links":{"self":[{"href":"https:\/\/www.destinationimagination.org\/pl\/wp-json\/wp\/v2\/pages\/33567","targetHints":{"allow":["GET"]}}],"collection":[{"href":"https:\/\/www.destinationimagination.org\/pl\/wp-json\/wp\/v2\/pages"}],"about":[{"href":"https:\/\/www.destinationimagination.org\/pl\/wp-json\/wp\/v2\/types\/page"}],"author":[{"embeddable":true,"href":"https:\/\/www.destinationimagination.org\/pl\/wp-json\/wp\/v2\/users\/2"}],"replies":[{"embeddable":true,"href":"https:\/\/www.destinationimagination.org\/pl\/wp-json\/wp\/v2\/comments?post=33567"}],"version-history":[{"count":12,"href":"https:\/\/www.destinationimagination.org\/pl\/wp-json\/wp\/v2\/pages\/33567\/revisions"}],"predecessor-version":[{"id":34628,"href":"https:\/\/www.destinationimagination.org\/pl\/wp-json\/wp\/v2\/pages\/33567\/revisions\/34628"}],"up":[{"embeddable":true,"href":"https:\/\/www.destinationimagination.org\/pl\/wp-json\/wp\/v2\/pages\/4041"}],"wp:featuredmedia":[{"embeddable":true,"href":"https:\/\/www.destinationimagination.org\/pl\/wp-json\/wp\/v2\/media\/33553"}],"wp:attachment":[{"href":"https:\/\/www.destinationimagination.org\/pl\/wp-json\/wp\/v2\/media?parent=33567"}],"curies":[{"name":"wp","href":"https:\/\/api.w.org\/{rel}","templated":true}]}}