{"id":33595,"date":"2025-07-28T11:00:28","date_gmt":"2025-07-28T15:00:28","guid":{"rendered":"https:\/\/www.destinationimagination.org\/?page_id=33595"},"modified":"2025-07-28T14:42:29","modified_gmt":"2025-07-28T18:42:29","slug":"service-learning-give-and-take","status":"publish","type":"page","link":"https:\/\/www.destinationimagination.org\/pl\/challenge-experience\/service-learning-give-and-take\/","title":{"rendered":"Nauka poprzez s\u0142u\u017cb\u0119 \u2013 dawanie i branie"},"content":{"rendered":"<div data-elementor-type=\"wp-page\" data-elementor-id=\"33595\" class=\"elementor elementor-33595\" data-elementor-post-type=\"page\">\n\t\t\t\t\t\t<section class=\"elementor-section elementor-top-section elementor-element elementor-element-85a1693 elementor-section-boxed elementor-section-height-default elementor-section-height-default\" data-id=\"85a1693\" data-element_type=\"section\" data-e-type=\"section\">\n\t\t\t\t\t\t<div class=\"elementor-container elementor-column-gap-default\">\n\t\t\t\t\t<div class=\"elementor-column elementor-col-100 elementor-top-column elementor-element elementor-element-dff86b8\" data-id=\"dff86b8\" data-element_type=\"column\" data-e-type=\"column\">\n\t\t\t<div class=\"elementor-widget-wrap elementor-element-populated\">\n\t\t\t\t\t\t<section class=\"elementor-section elementor-inner-section elementor-element elementor-element-0dfe7ea elementor-section-content-middle elementor-section-boxed elementor-section-height-default elementor-section-height-default\" data-id=\"0dfe7ea\" data-element_type=\"section\" data-e-type=\"section\">\n\t\t\t\t\t\t<div class=\"elementor-container elementor-column-gap-no\">\n\t\t\t\t\t<div class=\"elementor-column elementor-col-100 elementor-inner-column elementor-element elementor-element-60d9f16\" data-id=\"60d9f16\" data-element_type=\"column\" data-e-type=\"column\">\n\t\t\t<div class=\"elementor-widget-wrap elementor-element-populated\">\n\t\t\t\t\t\t<div class=\"elementor-element elementor-element-da1b0b6 elementor-widget__width-auto elementor-invisible elementor-widget elementor-widget-image\" data-id=\"da1b0b6\" data-element_type=\"widget\" data-e-type=\"widget\" data-settings=\"{&quot;_animation&quot;:&quot;fadeInLeft&quot;}\" data-widget_type=\"image.default\">\n\t\t\t\t<div class=\"elementor-widget-container\">\n\t\t\t\t\t\t\t\t\t\t\t\t\t\t\t<img decoding=\"async\" width=\"30\" height=\"30\" src=\"https:\/\/www.destinationimagination.org\/wp-content\/uploads\/orange-box.jpg\" class=\"attachment-large size-large wp-image-3314\" alt=\"orange box\" srcset=\"https:\/\/www.destinationimagination.org\/wp-content\/uploads\/orange-box.jpg 30w, https:\/\/www.destinationimagination.org\/wp-content\/uploads\/orange-box-12x12.jpg 12w\" sizes=\"(max-width: 30px) 100vw, 30px\" \/>\t\t\t\t\t\t\t\t\t\t\t\t\t\t\t<\/div>\n\t\t\t\t<\/div>\n\t\t\t\t<div class=\"elementor-element elementor-element-94a22e5 elementor-widget__width-auto elementor-widget elementor-widget-heading\" data-id=\"94a22e5\" data-element_type=\"widget\" data-e-type=\"widget\" data-settings=\"{&quot;_animation&quot;:&quot;none&quot;}\" data-widget_type=\"heading.default\">\n\t\t\t\t<div class=\"elementor-widget-container\">\n\t\t\t\t\t<h3 class=\"elementor-heading-title elementor-size-default\">2025-26 Opublikowane wyja\u015bnienia<\/h3>\t\t\t\t<\/div>\n\t\t\t\t<\/div>\n\t\t\t\t\t<\/div>\n\t\t<\/div>\n\t\t\t\t\t<\/div>\n\t\t<\/section>\n\t\t\t\t<div class=\"elementor-element elementor-element-7b1eee6 elementor-widget elementor-widget-image\" data-id=\"7b1eee6\" data-element_type=\"widget\" data-e-type=\"widget\" data-widget_type=\"image.default\">\n\t\t\t\t<div class=\"elementor-widget-container\">\n\t\t\t\t\t\t\t\t\t\t\t\t\t\t\t<img fetchpriority=\"high\" decoding=\"async\" width=\"1780\" height=\"1904\" src=\"https:\/\/www.destinationimagination.org\/wp-content\/uploads\/Service-Learning-Give-and-Take.jpg\" class=\"attachment-full size-full wp-image-33558\" alt=\"Service Learning Give and Take Icon\" \/>\t\t\t\t\t\t\t\t\t\t\t\t\t\t\t<\/div>\n\t\t\t\t<\/div>\n\t\t\t\t<section class=\"elementor-section elementor-inner-section elementor-element elementor-element-809672d elementor-section-boxed elementor-section-height-default elementor-section-height-default\" data-id=\"809672d\" data-element_type=\"section\" data-e-type=\"section\">\n\t\t\t\t\t\t<div class=\"elementor-container elementor-column-gap-default\">\n\t\t\t\t\t<div class=\"elementor-column elementor-col-100 elementor-inner-column elementor-element elementor-element-d3aa525\" data-id=\"d3aa525\" data-element_type=\"column\" data-e-type=\"column\">\n\t\t\t<div class=\"elementor-widget-wrap elementor-element-populated\">\n\t\t\t\t\t\t<div class=\"elementor-element elementor-element-6fbcfc7 elementor-widget elementor-widget-text-editor\" data-id=\"6fbcfc7\" data-element_type=\"widget\" data-e-type=\"widget\" data-widget_type=\"text-editor.default\">\n\t\t\t\t<div class=\"elementor-widget-container\">\n\t\t\t\t\t\t\t\t\t<h3>Oczekuje si\u0119, \u017ce ka\u017cdy zesp\u00f3\u0142 b\u0119dzie zna\u0142 Opublikowane<br \/>Wyja\u015bnienia dotycz\u0105ce wyzwania.<\/h3><p>Termin sk\u0142adania wniosk\u00f3w o wyja\u015bnienie zespo\u0142owe up\u0142ywa 31 stycznia 2026 r. o godzinie 23:59 czasu pacyficznego.<\/p><p><span style=\"font-weight: bolder;\">Obecnie nie ma \u017cadnych wyja\u015bnie\u0144 dotycz\u0105cych wyzwania Service Learning Challenge na lata 2025\u20132026.<br \/><\/span><span style=\"font-weight: bolder;\">Sprawd\u017a, czy s\u0105 aktualizacje.\u00a0<\/span><\/p>\t\t\t\t\t\t\t\t<\/div>\n\t\t\t\t<\/div>\n\t\t\t\t\t<\/div>\n\t\t<\/div>\n\t\t\t\t\t<\/div>\n\t\t<\/section>\n\t\t\t\t\t<\/div>\n\t\t<\/div>\n\t\t\t\t\t<\/div>\n\t\t<\/section>\n\t\t\t\t<\/div>","protected":false},"excerpt":{"rendered":"<p>Opublikowane Wyja\u015bnienia 2025-26. Od ka\u017cdego zespo\u0142u oczekuje si\u0119 znajomo\u015bci opublikowanych wyja\u015bnie\u0144 dotycz\u0105cych jego Wyzwania. Termin sk\u0142adania wniosk\u00f3w o Wyja\u015bnienia dla Zespo\u0142u up\u0142ywa 31 stycznia 2026 r. o godzinie 23:59 czasu pacyficznego. Obecnie nie ma \u017cadnych wyja\u015bnie\u0144 dotycz\u0105cych Wyzwania Service Learning 2025-26. Prosimy o sprawdzanie aktualizacji.\u00a0<\/p>","protected":false},"author":2,"featured_media":33558,"parent":4041,"menu_order":0,"comment_status":"closed","ping_status":"closed","template":"","meta":{"content-type":"","inline_featured_image":false,"footnotes":""},"class_list":["post-33595","page","type-page","status-publish","has-post-thumbnail","hentry"],"yoast_head":"<!-- This site is optimized with the Yoast SEO plugin v27.2 - https:\/\/yoast.com\/product\/yoast-seo-wordpress\/ -->\n<title>Service Learning Give and Take - Destination Imagination<\/title>\n<meta name=\"robots\" content=\"index, follow, max-snippet:-1, max-image-preview:large, max-video-preview:-1\" \/>\n<link rel=\"canonical\" href=\"https:\/\/www.destinationimagination.org\/pl\/challenge-experience\/service-learning-give-and-take\/\" \/>\n<meta property=\"og:locale\" content=\"pl_PL\" \/>\n<meta property=\"og:type\" content=\"article\" \/>\n<meta property=\"og:title\" content=\"Service Learning Give and Take - Destination Imagination\" \/>\n<meta property=\"og:description\" content=\"2025-26 Published Clarifications Every team is expected to know the PublishedClarifications for its Challenge. The deadline to ask a Team Clarification is January 31, 2026, at 11:59 pm Pacific Time. There are currently no Clarifications for the 2025-26 Service Learning Challenge.Please check back for updates.\u00a0\" \/>\n<meta property=\"og:url\" content=\"https:\/\/www.destinationimagination.org\/pl\/challenge-experience\/service-learning-give-and-take\/\" \/>\n<meta property=\"og:site_name\" content=\"Destination Imagination\" \/>\n<meta property=\"article:modified_time\" content=\"2025-07-28T18:42:29+00:00\" \/>\n<meta property=\"og:image\" content=\"https:\/\/www.destinationimagination.org\/wp-content\/uploads\/Service-Learning-Give-and-Take.jpg\" \/>\n\t<meta property=\"og:image:width\" content=\"1780\" \/>\n\t<meta property=\"og:image:height\" content=\"1904\" \/>\n\t<meta property=\"og:image:type\" content=\"image\/jpeg\" \/>\n<meta name=\"twitter:card\" content=\"summary_large_image\" \/>\n<meta name=\"twitter:label1\" content=\"Szacowany czas czytania\" \/>\n\t<meta name=\"twitter:data1\" content=\"1 minuta\" \/>\n<script type=\"application\/ld+json\" class=\"yoast-schema-graph\">{\"@context\":\"https:\/\/schema.org\",\"@graph\":[{\"@type\":\"WebPage\",\"@id\":\"https:\/\/www.destinationimagination.org\/challenge-experience\/service-learning-give-and-take\/\",\"url\":\"https:\/\/www.destinationimagination.org\/challenge-experience\/service-learning-give-and-take\/\",\"name\":\"Service Learning Give and Take - Destination Imagination\",\"isPartOf\":{\"@id\":\"https:\/\/www.destinationimagination.org\/es\/#website\"},\"primaryImageOfPage\":{\"@id\":\"https:\/\/www.destinationimagination.org\/challenge-experience\/service-learning-give-and-take\/#primaryimage\"},\"image\":{\"@id\":\"https:\/\/www.destinationimagination.org\/challenge-experience\/service-learning-give-and-take\/#primaryimage\"},\"thumbnailUrl\":\"https:\/\/www.destinationimagination.org\/wp-content\/uploads\/Service-Learning-Give-and-Take.jpg\",\"datePublished\":\"2025-07-28T15:00:28+00:00\",\"dateModified\":\"2025-07-28T18:42:29+00:00\",\"breadcrumb\":{\"@id\":\"https:\/\/www.destinationimagination.org\/challenge-experience\/service-learning-give-and-take\/#breadcrumb\"},\"inLanguage\":\"pl-PL\",\"potentialAction\":[{\"@type\":\"ReadAction\",\"target\":[\"https:\/\/www.destinationimagination.org\/challenge-experience\/service-learning-give-and-take\/\"]}]},{\"@type\":\"ImageObject\",\"inLanguage\":\"pl-PL\",\"@id\":\"https:\/\/www.destinationimagination.org\/challenge-experience\/service-learning-give-and-take\/#primaryimage\",\"url\":\"https:\/\/www.destinationimagination.org\/wp-content\/uploads\/Service-Learning-Give-and-Take.jpg\",\"contentUrl\":\"https:\/\/www.destinationimagination.org\/wp-content\/uploads\/Service-Learning-Give-and-Take.jpg\",\"width\":1780,\"height\":1904,\"caption\":\"Service Learning Give and Take Icon\"},{\"@type\":\"BreadcrumbList\",\"@id\":\"https:\/\/www.destinationimagination.org\/challenge-experience\/service-learning-give-and-take\/#breadcrumb\",\"itemListElement\":[{\"@type\":\"ListItem\",\"position\":1,\"name\":\"Home\",\"item\":\"https:\/\/www.destinationimagination.org\/\"},{\"@type\":\"ListItem\",\"position\":2,\"name\":\"Challenge Experience\",\"item\":\"https:\/\/www.destinationimagination.org\/challenge-experience\/\"},{\"@type\":\"ListItem\",\"position\":3,\"name\":\"Service Learning Give and Take\"}]},{\"@type\":\"WebSite\",\"@id\":\"https:\/\/www.destinationimagination.org\/es\/#website\",\"url\":\"https:\/\/www.destinationimagination.org\/es\/\",\"name\":\"Destination Imagination\",\"description\":\"A creative, team-focused, STEAM competition for K-12 and university students.\",\"potentialAction\":[{\"@type\":\"SearchAction\",\"target\":{\"@type\":\"EntryPoint\",\"urlTemplate\":\"https:\/\/www.destinationimagination.org\/es\/?s={search_term_string}\"},\"query-input\":{\"@type\":\"PropertyValueSpecification\",\"valueRequired\":true,\"valueName\":\"search_term_string\"}}],\"inLanguage\":\"pl-PL\"}]}<\/script>\n<!-- \/ Yoast SEO plugin. -->","yoast_head_json":{"title":"Nauka poprzez s\u0142u\u017cb\u0119 \u2013 dawanie i branie \u2013 Wyobra\u017ania celu podr\u00f3\u017cy","robots":{"index":"index","follow":"follow","max-snippet":"max-snippet:-1","max-image-preview":"max-image-preview:large","max-video-preview":"max-video-preview:-1"},"canonical":"https:\/\/www.destinationimagination.org\/pl\/challenge-experience\/service-learning-give-and-take\/","og_locale":"pl_PL","og_type":"article","og_title":"Service Learning Give and Take - Destination Imagination","og_description":"2025-26 Published Clarifications Every team is expected to know the PublishedClarifications for its Challenge. The deadline to ask a Team Clarification is January 31, 2026, at 11:59 pm Pacific Time. There are currently no Clarifications for the 2025-26 Service Learning Challenge.Please check back for updates.\u00a0","og_url":"https:\/\/www.destinationimagination.org\/pl\/challenge-experience\/service-learning-give-and-take\/","og_site_name":"Destination Imagination","article_modified_time":"2025-07-28T18:42:29+00:00","og_image":[{"width":1780,"height":1904,"url":"https:\/\/www.destinationimagination.org\/wp-content\/uploads\/Service-Learning-Give-and-Take.jpg","type":"image\/jpeg"}],"twitter_card":"summary_large_image","twitter_misc":{"Szacowany czas czytania":"1 minuta"},"schema":{"@context":"https:\/\/schema.org","@graph":[{"@type":"WebPage","@id":"https:\/\/www.destinationimagination.org\/challenge-experience\/service-learning-give-and-take\/","url":"https:\/\/www.destinationimagination.org\/challenge-experience\/service-learning-give-and-take\/","name":"Nauka poprzez s\u0142u\u017cb\u0119 \u2013 dawanie i branie \u2013 Wyobra\u017ania celu podr\u00f3\u017cy","isPartOf":{"@id":"https:\/\/www.destinationimagination.org\/es\/#website"},"primaryImageOfPage":{"@id":"https:\/\/www.destinationimagination.org\/challenge-experience\/service-learning-give-and-take\/#primaryimage"},"image":{"@id":"https:\/\/www.destinationimagination.org\/challenge-experience\/service-learning-give-and-take\/#primaryimage"},"thumbnailUrl":"https:\/\/www.destinationimagination.org\/wp-content\/uploads\/Service-Learning-Give-and-Take.jpg","datePublished":"2025-07-28T15:00:28+00:00","dateModified":"2025-07-28T18:42:29+00:00","breadcrumb":{"@id":"https:\/\/www.destinationimagination.org\/challenge-experience\/service-learning-give-and-take\/#breadcrumb"},"inLanguage":"pl-PL","potentialAction":[{"@type":"ReadAction","target":["https:\/\/www.destinationimagination.org\/challenge-experience\/service-learning-give-and-take\/"]}]},{"@type":"ImageObject","inLanguage":"pl-PL","@id":"https:\/\/www.destinationimagination.org\/challenge-experience\/service-learning-give-and-take\/#primaryimage","url":"https:\/\/www.destinationimagination.org\/wp-content\/uploads\/Service-Learning-Give-and-Take.jpg","contentUrl":"https:\/\/www.destinationimagination.org\/wp-content\/uploads\/Service-Learning-Give-and-Take.jpg","width":1780,"height":1904,"caption":"Service Learning Give and Take Icon"},{"@type":"BreadcrumbList","@id":"https:\/\/www.destinationimagination.org\/challenge-experience\/service-learning-give-and-take\/#breadcrumb","itemListElement":[{"@type":"ListItem","position":1,"name":"Home","item":"https:\/\/www.destinationimagination.org\/"},{"@type":"ListItem","position":2,"name":"Challenge Experience","item":"https:\/\/www.destinationimagination.org\/challenge-experience\/"},{"@type":"ListItem","position":3,"name":"Service Learning Give and Take"}]},{"@type":"WebSite","@id":"https:\/\/www.destinationimagination.org\/es\/#website","url":"https:\/\/www.destinationimagination.org\/es\/","name":"Wyobra\u017ania celu","description":"Kreatywny, zespo\u0142owy konkurs STEAM dla uczni\u00f3w szk\u00f3\u0142 \u015brednich i wy\u017cszych.","potentialAction":[{"@type":"SearchAction","target":{"@type":"EntryPoint","urlTemplate":"https:\/\/www.destinationimagination.org\/es\/?s={search_term_string}"},"query-input":{"@type":"PropertyValueSpecification","valueRequired":true,"valueName":"search_term_string"}}],"inLanguage":"pl-PL"}]}},"_links":{"self":[{"href":"https:\/\/www.destinationimagination.org\/pl\/wp-json\/wp\/v2\/pages\/33595","targetHints":{"allow":["GET"]}}],"collection":[{"href":"https:\/\/www.destinationimagination.org\/pl\/wp-json\/wp\/v2\/pages"}],"about":[{"href":"https:\/\/www.destinationimagination.org\/pl\/wp-json\/wp\/v2\/types\/page"}],"author":[{"embeddable":true,"href":"https:\/\/www.destinationimagination.org\/pl\/wp-json\/wp\/v2\/users\/2"}],"replies":[{"embeddable":true,"href":"https:\/\/www.destinationimagination.org\/pl\/wp-json\/wp\/v2\/comments?post=33595"}],"version-history":[{"count":6,"href":"https:\/\/www.destinationimagination.org\/pl\/wp-json\/wp\/v2\/pages\/33595\/revisions"}],"predecessor-version":[{"id":33601,"href":"https:\/\/www.destinationimagination.org\/pl\/wp-json\/wp\/v2\/pages\/33595\/revisions\/33601"}],"up":[{"embeddable":true,"href":"https:\/\/www.destinationimagination.org\/pl\/wp-json\/wp\/v2\/pages\/4041"}],"wp:featuredmedia":[{"embeddable":true,"href":"https:\/\/www.destinationimagination.org\/pl\/wp-json\/wp\/v2\/media\/33558"}],"wp:attachment":[{"href":"https:\/\/www.destinationimagination.org\/pl\/wp-json\/wp\/v2\/media?parent=33595"}],"curies":[{"name":"wp","href":"https:\/\/api.w.org\/{rel}","templated":true}]}}