{"id":9275,"date":"2022-01-24T16:03:48","date_gmt":"2022-01-24T21:03:48","guid":{"rendered":"https:\/\/www.destinationimagination.org\/?page_id=9275"},"modified":"2023-06-19T09:22:29","modified_gmt":"2023-06-19T13:22:29","slug":"envision","status":"publish","type":"page","link":"https:\/\/www.destinationimagination.org\/pl\/envision\/","title":{"rendered":"Wyobra\u017ania"},"content":{"rendered":"<div data-elementor-type=\"wp-page\" data-elementor-id=\"9275\" class=\"elementor elementor-9275\" data-elementor-post-type=\"page\">\n\t\t\t\t\t\t<section class=\"elementor-section elementor-top-section elementor-element elementor-element-50f2e78f elementor-section-height-min-height elementor-section-boxed elementor-section-height-default elementor-section-items-middle\" data-id=\"50f2e78f\" data-element_type=\"section\" data-e-type=\"section\" data-settings=\"{&quot;background_background&quot;:&quot;classic&quot;}\">\n\t\t\t\t\t\t\t<div class=\"elementor-background-overlay\"><\/div>\n\t\t\t\t\t\t\t<div class=\"elementor-container elementor-column-gap-default\">\n\t\t\t\t\t<div class=\"elementor-column elementor-col-100 elementor-top-column elementor-element elementor-element-59160ee0\" data-id=\"59160ee0\" data-element_type=\"column\" data-e-type=\"column\">\n\t\t\t<div class=\"elementor-widget-wrap elementor-element-populated\">\n\t\t\t\t\t\t<div class=\"elementor-element elementor-element-7c053c27 elementor-widget elementor-widget-image\" data-id=\"7c053c27\" data-element_type=\"widget\" data-e-type=\"widget\" data-widget_type=\"image.default\">\n\t\t\t\t<div class=\"elementor-widget-container\">\n\t\t\t\t\t\t\t\t\t\t\t\t\t\t\t<img decoding=\"async\" src=\"https:\/\/www.destinationimagination.org\/wp-content\/uploads\/Envision-Logo-White.png\" title=\"Envision-Logo-Bia\u0142y\" alt=\"Envision-Logo-White\" loading=\"lazy\" \/>\t\t\t\t\t\t\t\t\t\t\t\t\t\t\t<\/div>\n\t\t\t\t<\/div>\n\t\t\t\t\t<\/div>\n\t\t<\/div>\n\t\t\t\t\t<\/div>\n\t\t<\/section>\n\t\t\t\t<section class=\"elementor-section elementor-top-section elementor-element elementor-element-6c867cb2 elementor-section-content-middle elementor-section-boxed elementor-section-height-default elementor-section-height-default\" data-id=\"6c867cb2\" data-element_type=\"section\" data-e-type=\"section\">\n\t\t\t\t\t\t<div class=\"elementor-container elementor-column-gap-default\">\n\t\t\t\t\t<div class=\"elementor-column elementor-col-33 elementor-top-column elementor-element elementor-element-7162c7d6\" data-id=\"7162c7d6\" data-element_type=\"column\" data-e-type=\"column\">\n\t\t\t<div class=\"elementor-widget-wrap elementor-element-populated\">\n\t\t\t\t\t\t<div class=\"elementor-element elementor-element-2c2158dd elementor-widget elementor-widget-heading\" data-id=\"2c2158dd\" data-element_type=\"widget\" data-e-type=\"widget\" data-widget_type=\"heading.default\">\n\t\t\t\t<div class=\"elementor-widget-container\">\n\t\t\t\t\t<h2 class=\"elementor-heading-title elementor-size-default\">Wymiana M\u0142odych Innowator\u00f3w<\/h2>\t\t\t\t<\/div>\n\t\t\t\t<\/div>\n\t\t\t\t<div class=\"elementor-element elementor-element-278a18c5 elementor-widget-divider--separator-type-pattern elementor-widget-divider--view-line elementor-widget elementor-widget-divider\" data-id=\"278a18c5\" data-element_type=\"widget\" data-e-type=\"widget\" data-widget_type=\"divider.default\">\n\t\t\t\t<div class=\"elementor-widget-container\">\n\t\t\t\t\t\t\t<div class=\"elementor-divider\" style=\"--divider-pattern-url: url(&quot;data:image\/svg+xml,%3Csvg xmlns=&#039;http:\/\/www.w3.org\/2000\/svg&#039; preserveAspectRatio=&#039;none&#039; overflow=&#039;visible&#039; height=&#039;100%&#039; viewBox=&#039;0 0 24 24&#039; fill=&#039;none&#039; stroke=&#039;black&#039; stroke-width=&#039;2&#039; stroke-linecap=&#039;square&#039; stroke-miterlimit=&#039;10&#039;%3E%3Cpolyline points=&#039;0,18 12,6 24,18 &#039;\/%3E%3C\/svg%3E&quot;);\">\n\t\t\t<span class=\"elementor-divider-separator\">\n\t\t\t\t\t\t<\/span>\n\t\t<\/div>\n\t\t\t\t\t\t<\/div>\n\t\t\t\t<\/div>\n\t\t\t\t<div class=\"elementor-element elementor-element-50e874c4 elementor-widget elementor-widget-text-editor\" data-id=\"50e874c4\" data-element_type=\"widget\" data-e-type=\"widget\" data-widget_type=\"text-editor.default\">\n\t\t\t\t<div class=\"elementor-widget-container\">\n\t\t\t\t\t\t\t\t\t<p>W 2022 roku Destination Imagination po\u0142\u0105czy\u0142o si\u0142y z Pitsco Education, aby stworzy\u0107 program Envision. Envision \u015bwi\u0119towa\u0142o konwergencj\u0119 technologii i sztuki poprzez robotyk\u0119 i opowiadanie historii. Zespo\u0142y zag\u0142\u0119biaj\u0105 si\u0119 w \u015bwiat robotyki, mechatroniki i fantasy w jedynym w swoim rodzaju wyzwaniu STEAM. Zespo\u0142y wykorzysta\u0142y zestawy robotyki TETRIX firmy Pitsco do zaprojektowania i zbudowania w\u0142asnych fantastycznych kreacji. Zestawy zawiera\u0142y serwomechanizmy, kontrolery, z\u0142\u0105cza, ko\u0142a z\u0119bate i wiele wi\u0119cej, kt\u00f3re zespo\u0142y zabra\u0142y ze sob\u0105 do domu po wydarzeniu.<\/p><ul><li><a href=\"https:\/\/youtu.be\/642MQfvdnq8\">Obejrzyj film z podsumowaniem programu Envision 2022<\/a><\/li><li><a href=\"https:\/\/destinationimagination.smugmug.com\/Globals-2022\/Envision\/\" target=\"_blank\" rel=\"noopener\">Zobacz galeri\u0119 zdj\u0119\u0107 Envsion 2022<\/a><\/li><\/ul>\t\t\t\t\t\t\t\t<\/div>\n\t\t\t\t<\/div>\n\t\t\t\t\t<\/div>\n\t\t<\/div>\n\t\t\t\t<div class=\"elementor-column elementor-col-33 elementor-top-column elementor-element elementor-element-53ebb995\" data-id=\"53ebb995\" data-element_type=\"column\" data-e-type=\"column\">\n\t\t\t<div class=\"elementor-widget-wrap\">\n\t\t\t\t\t\t\t<\/div>\n\t\t<\/div>\n\t\t\t\t<div class=\"elementor-column elementor-col-33 elementor-top-column elementor-element elementor-element-2e59ec8c\" data-id=\"2e59ec8c\" data-element_type=\"column\" data-e-type=\"column\">\n\t\t\t<div class=\"elementor-widget-wrap elementor-element-populated\">\n\t\t\t\t\t\t<div class=\"elementor-element elementor-element-1fe19daa elementor-widget__width-auto elementor-absolute elementor-invisible elementor-widget elementor-widget-image\" data-id=\"1fe19daa\" data-element_type=\"widget\" data-e-type=\"widget\" data-settings=\"{&quot;_position&quot;:&quot;absolute&quot;,&quot;_animation&quot;:&quot;fadeInLeft&quot;}\" data-widget_type=\"image.default\">\n\t\t\t\t<div class=\"elementor-widget-container\">\n\t\t\t\t\t\t\t\t\t\t\t\t\t\t\t<img decoding=\"async\" width=\"100\" height=\"340\" src=\"https:\/\/www.destinationimagination.org\/wp-content\/uploads\/blue-gradient-rectangle.jpg\" class=\"attachment-large size-large wp-image-9301\" alt=\"blue-gradient-rectangle\" srcset=\"https:\/\/www.destinationimagination.org\/wp-content\/uploads\/blue-gradient-rectangle.jpg 100w, https:\/\/www.destinationimagination.org\/wp-content\/uploads\/blue-gradient-rectangle-88x300.jpg 88w\" sizes=\"(max-width: 100px) 100vw, 100px\" \/>\t\t\t\t\t\t\t\t\t\t\t\t\t\t\t<\/div>\n\t\t\t\t<\/div>\n\t\t\t\t<div class=\"elementor-element elementor-element-390f409e elementor-widget__width-auto elementor-absolute elementor-invisible elementor-widget elementor-widget-image\" data-id=\"390f409e\" data-element_type=\"widget\" data-e-type=\"widget\" data-settings=\"{&quot;_position&quot;:&quot;absolute&quot;,&quot;_animation&quot;:&quot;fadeInRight&quot;}\" data-widget_type=\"image.default\">\n\t\t\t\t<div class=\"elementor-widget-container\">\n\t\t\t\t\t\t\t\t\t\t\t\t\t\t\t<img decoding=\"async\" width=\"100\" height=\"340\" src=\"https:\/\/www.destinationimagination.org\/wp-content\/uploads\/light-blue-gradient-rectangle.jpg\" class=\"attachment-large size-large wp-image-9303\" alt=\"light-blue-gradient-rectangle\" srcset=\"https:\/\/www.destinationimagination.org\/wp-content\/uploads\/light-blue-gradient-rectangle.jpg 100w, https:\/\/www.destinationimagination.org\/wp-content\/uploads\/light-blue-gradient-rectangle-88x300.jpg 88w\" sizes=\"(max-width: 100px) 100vw, 100px\" \/>\t\t\t\t\t\t\t\t\t\t\t\t\t\t\t<\/div>\n\t\t\t\t<\/div>\n\t\t\t\t<section class=\"elementor-section elementor-inner-section elementor-element elementor-element-555f7440 elementor-section-height-min-height elementor-section-boxed elementor-section-height-default elementor-invisible\" data-id=\"555f7440\" data-element_type=\"section\" data-e-type=\"section\" data-settings=\"{&quot;background_background&quot;:&quot;classic&quot;,&quot;animation&quot;:&quot;fadeIn&quot;}\">\n\t\t\t\t\t\t<div class=\"elementor-container elementor-column-gap-default\">\n\t\t\t\t\t<div class=\"elementor-column elementor-col-100 elementor-inner-column elementor-element elementor-element-bcb7465\" data-id=\"bcb7465\" data-element_type=\"column\" data-e-type=\"column\">\n\t\t\t<div class=\"elementor-widget-wrap\">\n\t\t\t\t\t\t\t<\/div>\n\t\t<\/div>\n\t\t\t\t\t<\/div>\n\t\t<\/section>\n\t\t\t\t\t<\/div>\n\t\t<\/div>\n\t\t\t\t\t<\/div>\n\t\t<\/section>\n\t\t\t\t<section class=\"elementor-section elementor-top-section elementor-element elementor-element-7dabfdb elementor-section-content-top elementor-section-boxed elementor-section-height-default elementor-section-height-default\" data-id=\"7dabfdb\" data-element_type=\"section\" data-e-type=\"section\" data-settings=\"{&quot;background_background&quot;:&quot;classic&quot;}\">\n\t\t\t\t\t\t<div class=\"elementor-container elementor-column-gap-default\">\n\t\t\t\t\t<div class=\"elementor-column elementor-col-100 elementor-top-column elementor-element elementor-element-cf43b45\" data-id=\"cf43b45\" data-element_type=\"column\" data-e-type=\"column\">\n\t\t\t<div class=\"elementor-widget-wrap elementor-element-populated\">\n\t\t\t\t\t\t<div class=\"elementor-element elementor-element-c601b00 elementor-widget elementor-widget-heading\" data-id=\"c601b00\" data-element_type=\"widget\" data-e-type=\"widget\" data-widget_type=\"heading.default\">\n\t\t\t\t<div class=\"elementor-widget-container\">\n\t\t\t\t\t<h2 class=\"elementor-heading-title elementor-size-default\">Harmonogram wydarze\u0144 <\/h2>\t\t\t\t<\/div>\n\t\t\t\t<\/div>\n\t\t\t\t\t<\/div>\n\t\t<\/div>\n\t\t\t\t\t<\/div>\n\t\t<\/section>\n\t\t\t\t<section class=\"elementor-section elementor-top-section elementor-element elementor-element-59d46e1 elementor-section-content-top elementor-section-boxed elementor-section-height-default elementor-section-height-default\" data-id=\"59d46e1\" data-element_type=\"section\" data-e-type=\"section\" data-settings=\"{&quot;background_background&quot;:&quot;classic&quot;}\">\n\t\t\t\t\t\t<div class=\"elementor-container elementor-column-gap-default\">\n\t\t\t\t\t<div class=\"elementor-column elementor-col-25 elementor-top-column elementor-element elementor-element-db86263\" data-id=\"db86263\" data-element_type=\"column\" data-e-type=\"column\">\n\t\t\t<div class=\"elementor-widget-wrap elementor-element-populated\">\n\t\t\t\t\t\t<div class=\"elementor-element elementor-element-3ed8696 elementor-widget elementor-widget-image\" data-id=\"3ed8696\" data-element_type=\"widget\" data-e-type=\"widget\" data-widget_type=\"image.default\">\n\t\t\t\t<div class=\"elementor-widget-container\">\n\t\t\t\t\t\t\t\t\t\t\t\t\t\t\t<img decoding=\"async\" src=\"https:\/\/www.destinationimagination.org\/wp-content\/uploads\/elementor\/thumbs\/Envision-Student-Building-1-pmab5umw7l0dqdftqxif0j165xsis7ma0u0nd1lmfk.jpg\" title=\"Wizja-budynek-student\" alt=\"Envision-Student-Building\" loading=\"lazy\" \/>\t\t\t\t\t\t\t\t\t\t\t\t\t\t\t<\/div>\n\t\t\t\t<\/div>\n\t\t\t\t<div class=\"elementor-element elementor-element-100d6de elementor-invisible elementor-widget elementor-widget-image-box\" data-id=\"100d6de\" data-element_type=\"widget\" data-e-type=\"widget\" data-settings=\"{&quot;_animation&quot;:&quot;fadeInUp&quot;}\" data-widget_type=\"image-box.default\">\n\t\t\t\t<div class=\"elementor-widget-container\">\n\t\t\t\t\t<div class=\"elementor-image-box-wrapper\"><div class=\"elementor-image-box-content\"><h3 class=\"elementor-image-box-title\">Dzie\u0144 1 <br><\/h3><p class=\"elementor-image-box-description\">Orientacja na wydarzenia i p\u00f3\u0142dniowe warsztaty dla zespo\u0142\u00f3w z edukacyjn\u0105 firm\u0105 robotyczn\u0105 Pitsco.<\/p><\/div><\/div>\t\t\t\t<\/div>\n\t\t\t\t<\/div>\n\t\t\t\t\t<\/div>\n\t\t<\/div>\n\t\t\t\t<div class=\"elementor-column elementor-col-25 elementor-top-column elementor-element elementor-element-b238fb3\" data-id=\"b238fb3\" data-element_type=\"column\" data-e-type=\"column\">\n\t\t\t<div class=\"elementor-widget-wrap elementor-element-populated\">\n\t\t\t\t\t\t<div class=\"elementor-element elementor-element-b05b0d1 elementor-widget elementor-widget-image\" data-id=\"b05b0d1\" data-element_type=\"widget\" data-e-type=\"widget\" data-widget_type=\"image.default\">\n\t\t\t\t<div class=\"elementor-widget-container\">\n\t\t\t\t\t\t\t\t\t\t\t\t\t\t\t<img decoding=\"async\" src=\"https:\/\/www.destinationimagination.org\/wp-content\/uploads\/elementor\/thumbs\/Envision-Team-Working-on-Solution-pmab5umw7l0dqdftqxif0j165xsis7ma0u0nd1lmfk.jpg\" title=\"Wyobra\u017ania-Zesp\u00f3\u0142-Praca-Na-Rozwi\u0105zanie\" alt=\"Envision-Team-Working-on-Solution\" loading=\"lazy\" \/>\t\t\t\t\t\t\t\t\t\t\t\t\t\t\t<\/div>\n\t\t\t\t<\/div>\n\t\t\t\t<div class=\"elementor-element elementor-element-df98ca9 elementor-invisible elementor-widget elementor-widget-image-box\" data-id=\"df98ca9\" data-element_type=\"widget\" data-e-type=\"widget\" data-settings=\"{&quot;_animation&quot;:&quot;fadeInUp&quot;}\" data-widget_type=\"image-box.default\">\n\t\t\t\t<div class=\"elementor-widget-container\">\n\t\t\t\t\t<div class=\"elementor-image-box-wrapper\"><div class=\"elementor-image-box-content\"><h3 class=\"elementor-image-box-title\">Dzie\u0144 2 <br> <\/h3><p class=\"elementor-image-box-description\">Zespo\u0142y otrzymuj\u0105 wszystkie szczeg\u00f3\u0142y wyzwania, narz\u0119dzia i materia\u0142y, kt\u00f3rych b\u0119d\u0105 potrzebowa\u0107, aby odnie\u015b\u0107 sukces. Ka\u017cdy zesp\u00f3\u0142 b\u0119dzie m\u00f3g\u0142 pracowa\u0107 we w\u0142asnym obszarze roboczym.<\/p><\/div><\/div>\t\t\t\t<\/div>\n\t\t\t\t<\/div>\n\t\t\t\t\t<\/div>\n\t\t<\/div>\n\t\t\t\t<div class=\"elementor-column elementor-col-25 elementor-top-column elementor-element elementor-element-0edeade\" data-id=\"0edeade\" data-element_type=\"column\" data-e-type=\"column\">\n\t\t\t<div class=\"elementor-widget-wrap elementor-element-populated\">\n\t\t\t\t\t\t<div class=\"elementor-element elementor-element-b6ae114 elementor-widget elementor-widget-image\" data-id=\"b6ae114\" data-element_type=\"widget\" data-e-type=\"widget\" data-widget_type=\"image.default\">\n\t\t\t\t<div class=\"elementor-widget-container\">\n\t\t\t\t\t\t\t\t\t\t\t\t\t\t\t<img decoding=\"async\" src=\"https:\/\/www.destinationimagination.org\/wp-content\/uploads\/elementor\/thumbs\/Envision-Team-pmab5umw7l0dqdftqxif0j165xsis7ma0u0nd1lmfk.jpg\" title=\"Zesp\u00f3\u0142 wizji\" alt=\"Envision-Team\" loading=\"lazy\" \/>\t\t\t\t\t\t\t\t\t\t\t\t\t\t\t<\/div>\n\t\t\t\t<\/div>\n\t\t\t\t<div class=\"elementor-element elementor-element-cbdcd62 elementor-invisible elementor-widget elementor-widget-image-box\" data-id=\"cbdcd62\" data-element_type=\"widget\" data-e-type=\"widget\" data-settings=\"{&quot;_animation&quot;:&quot;fadeInUp&quot;}\" data-widget_type=\"image-box.default\">\n\t\t\t\t<div class=\"elementor-widget-container\">\n\t\t\t\t\t<div class=\"elementor-image-box-wrapper\"><div class=\"elementor-image-box-content\"><h3 class=\"elementor-image-box-title\">Dzie\u0144 3 <br> <\/h3><p class=\"elementor-image-box-description\">Zespo\u0142y wci\u0105\u017c rozwijaj\u0105, projektuj\u0105 i buduj\u0105 swoje unikalne rozwi\u0105zania.<\/p><\/div><\/div>\t\t\t\t<\/div>\n\t\t\t\t<\/div>\n\t\t\t\t\t<\/div>\n\t\t<\/div>\n\t\t\t\t<div class=\"elementor-column elementor-col-25 elementor-top-column elementor-element elementor-element-675a56f\" data-id=\"675a56f\" data-element_type=\"column\" data-e-type=\"column\">\n\t\t\t<div class=\"elementor-widget-wrap elementor-element-populated\">\n\t\t\t\t\t\t<div class=\"elementor-element elementor-element-797427a elementor-widget elementor-widget-image\" data-id=\"797427a\" data-element_type=\"widget\" data-e-type=\"widget\" data-widget_type=\"image.default\">\n\t\t\t\t<div class=\"elementor-widget-container\">\n\t\t\t\t\t\t\t\t\t\t\t\t\t\t\t<img decoding=\"async\" src=\"https:\/\/www.destinationimagination.org\/wp-content\/uploads\/elementor\/thumbs\/Envision-Industry-Experts-pmab5tp20qz3erh6wf3sg19pkjx5kiijopd5vrn0ls.jpg\" title=\"Envision-Bran\u017ca-Eksperci\" alt=\"Envision-Industry-Experts\" loading=\"lazy\" \/>\t\t\t\t\t\t\t\t\t\t\t\t\t\t\t<\/div>\n\t\t\t\t<\/div>\n\t\t\t\t<div class=\"elementor-element elementor-element-2fa99c6 elementor-invisible elementor-widget elementor-widget-image-box\" data-id=\"2fa99c6\" data-element_type=\"widget\" data-e-type=\"widget\" data-settings=\"{&quot;_animation&quot;:&quot;fadeInUp&quot;}\" data-widget_type=\"image-box.default\">\n\t\t\t\t<div class=\"elementor-widget-container\">\n\t\t\t\t\t<div class=\"elementor-image-box-wrapper\"><div class=\"elementor-image-box-content\"><h3 class=\"elementor-image-box-title\">Dzie\u0144 4 <br> <\/h3><p class=\"elementor-image-box-description\">Zespo\u0142y dziel\u0105 si\u0119 swoimi dzie\u0142ami i \u015bwi\u0119tuj\u0105 je podczas pokazu oraz otrzymuj\u0105 opinie i oceny od panelu ekspert\u00f3w.<\/p><\/div><\/div>\t\t\t\t<\/div>\n\t\t\t\t<\/div>\n\t\t\t\t\t<\/div>\n\t\t<\/div>\n\t\t\t\t\t<\/div>\n\t\t<\/section>\n\t\t\t\t<section class=\"elementor-section elementor-top-section elementor-element elementor-element-719ae49 elementor-section-content-top elementor-section-boxed elementor-section-height-default elementor-section-height-default\" data-id=\"719ae49\" data-element_type=\"section\" data-e-type=\"section\" data-settings=\"{&quot;background_background&quot;:&quot;classic&quot;}\">\n\t\t\t\t\t\t<div class=\"elementor-container elementor-column-gap-default\">\n\t\t\t\t\t<div class=\"elementor-column elementor-col-100 elementor-top-column elementor-element elementor-element-0ce086c\" data-id=\"0ce086c\" data-element_type=\"column\" data-e-type=\"column\">\n\t\t\t<div class=\"elementor-widget-wrap\">\n\t\t\t\t\t\t\t<\/div>\n\t\t<\/div>\n\t\t\t\t\t<\/div>\n\t\t<\/section>\n\t\t\t\t<\/div>","protected":false},"excerpt":{"rendered":"<p>Young Innovators Exchange In 2022, Destination Imagination teamed up with Pitsco Education to create the Envision program. Envision celebrated the convergence of technology and the arts through robotics and storytelling. Teams dove deep into the world of robotics, mechatronics, and fantasy in a one-of-a-kind STEAM challenge. Teams utilized Pitsco&#8217;s TETRIX robotics kits to design and [&hellip;]<\/p>\n","protected":false},"author":2,"featured_media":9532,"parent":0,"menu_order":0,"comment_status":"closed","ping_status":"closed","template":"","meta":{"content-type":"","inline_featured_image":false,"footnotes":""},"class_list":["post-9275","page","type-page","status-publish","has-post-thumbnail","hentry"],"yoast_head":"<!-- This site is optimized with the Yoast SEO plugin v27.2 - https:\/\/yoast.com\/product\/yoast-seo-wordpress\/ -->\n<title>Envision - Destination Imagination<\/title>\n<meta name=\"description\" content=\"Envision is a new event that celebrates the convergence of technology and the arts through robotics and storytelling.\" \/>\n<meta name=\"robots\" content=\"index, follow, max-snippet:-1, max-image-preview:large, max-video-preview:-1\" \/>\n<link rel=\"canonical\" href=\"https:\/\/www.destinationimagination.org\/pl\/envision\/\" \/>\n<meta property=\"og:locale\" content=\"pl_PL\" \/>\n<meta property=\"og:type\" content=\"article\" \/>\n<meta property=\"og:title\" content=\"Envision - Destination Imagination\" \/>\n<meta property=\"og:description\" content=\"Envision is a new event that celebrates the convergence of technology and the arts through robotics and storytelling.\" \/>\n<meta property=\"og:url\" content=\"https:\/\/www.destinationimagination.org\/pl\/envision\/\" \/>\n<meta property=\"og:site_name\" content=\"Destination Imagination\" \/>\n<meta property=\"article:modified_time\" content=\"2023-06-19T13:22:29+00:00\" \/>\n<meta property=\"og:image\" content=\"https:\/\/www.destinationimagination.org\/wp-content\/uploads\/Envision-Team-1.jpg\" \/>\n\t<meta property=\"og:image:width\" content=\"1000\" \/>\n\t<meta property=\"og:image:height\" content=\"667\" \/>\n\t<meta property=\"og:image:type\" content=\"image\/jpeg\" \/>\n<meta name=\"twitter:card\" content=\"summary_large_image\" \/>\n<meta name=\"twitter:label1\" content=\"Szacowany czas czytania\" \/>\n\t<meta name=\"twitter:data1\" content=\"3 minuty\" \/>\n<script type=\"application\/ld+json\" class=\"yoast-schema-graph\">{\"@context\":\"https:\/\/schema.org\",\"@graph\":[{\"@type\":\"WebPage\",\"@id\":\"https:\/\/www.destinationimagination.org\/envision\/\",\"url\":\"https:\/\/www.destinationimagination.org\/envision\/\",\"name\":\"Envision - Destination Imagination\",\"isPartOf\":{\"@id\":\"https:\/\/www.destinationimagination.org\/es\/#website\"},\"primaryImageOfPage\":{\"@id\":\"https:\/\/www.destinationimagination.org\/envision\/#primaryimage\"},\"image\":{\"@id\":\"https:\/\/www.destinationimagination.org\/envision\/#primaryimage\"},\"thumbnailUrl\":\"https:\/\/www.destinationimagination.org\/wp-content\/uploads\/Envision-Team-1.jpg\",\"datePublished\":\"2022-01-24T21:03:48+00:00\",\"dateModified\":\"2023-06-19T13:22:29+00:00\",\"description\":\"Envision is a new event that celebrates the convergence of technology and the arts through robotics and storytelling.\",\"breadcrumb\":{\"@id\":\"https:\/\/www.destinationimagination.org\/envision\/#breadcrumb\"},\"inLanguage\":\"pl-PL\",\"potentialAction\":[{\"@type\":\"ReadAction\",\"target\":[\"https:\/\/www.destinationimagination.org\/envision\/\"]}]},{\"@type\":\"ImageObject\",\"inLanguage\":\"pl-PL\",\"@id\":\"https:\/\/www.destinationimagination.org\/envision\/#primaryimage\",\"url\":\"https:\/\/www.destinationimagination.org\/wp-content\/uploads\/Envision-Team-1.jpg\",\"contentUrl\":\"https:\/\/www.destinationimagination.org\/wp-content\/uploads\/Envision-Team-1.jpg\",\"width\":1000,\"height\":667,\"caption\":\"Envision-Team\"},{\"@type\":\"BreadcrumbList\",\"@id\":\"https:\/\/www.destinationimagination.org\/envision\/#breadcrumb\",\"itemListElement\":[{\"@type\":\"ListItem\",\"position\":1,\"name\":\"Home\",\"item\":\"https:\/\/www.destinationimagination.org\/\"},{\"@type\":\"ListItem\",\"position\":2,\"name\":\"Envision\"}]},{\"@type\":\"WebSite\",\"@id\":\"https:\/\/www.destinationimagination.org\/es\/#website\",\"url\":\"https:\/\/www.destinationimagination.org\/es\/\",\"name\":\"Destination Imagination\",\"description\":\"A creative, team-focused, STEAM competition for K-12 and university students.\",\"potentialAction\":[{\"@type\":\"SearchAction\",\"target\":{\"@type\":\"EntryPoint\",\"urlTemplate\":\"https:\/\/www.destinationimagination.org\/es\/?s={search_term_string}\"},\"query-input\":{\"@type\":\"PropertyValueSpecification\",\"valueRequired\":true,\"valueName\":\"search_term_string\"}}],\"inLanguage\":\"pl-PL\"}]}<\/script>\n<!-- \/ Yoast SEO plugin. -->","yoast_head_json":{"title":"Wyobra\u017a sobie - Wyobra\u017ania celu podr\u00f3\u017cy","description":"Envision to nowe wydarzenie, kt\u00f3re poprzez robotyk\u0119 i opowiadanie historii celebruje po\u0142\u0105czenie technologii i sztuki.","robots":{"index":"index","follow":"follow","max-snippet":"max-snippet:-1","max-image-preview":"max-image-preview:large","max-video-preview":"max-video-preview:-1"},"canonical":"https:\/\/www.destinationimagination.org\/pl\/envision\/","og_locale":"pl_PL","og_type":"article","og_title":"Envision - Destination Imagination","og_description":"Envision is a new event that celebrates the convergence of technology and the arts through robotics and storytelling.","og_url":"https:\/\/www.destinationimagination.org\/pl\/envision\/","og_site_name":"Destination Imagination","article_modified_time":"2023-06-19T13:22:29+00:00","og_image":[{"width":1000,"height":667,"url":"https:\/\/www.destinationimagination.org\/wp-content\/uploads\/Envision-Team-1.jpg","type":"image\/jpeg"}],"twitter_card":"summary_large_image","twitter_misc":{"Szacowany czas czytania":"3 minuty"},"schema":{"@context":"https:\/\/schema.org","@graph":[{"@type":"WebPage","@id":"https:\/\/www.destinationimagination.org\/envision\/","url":"https:\/\/www.destinationimagination.org\/envision\/","name":"Wyobra\u017a sobie - Wyobra\u017ania celu podr\u00f3\u017cy","isPartOf":{"@id":"https:\/\/www.destinationimagination.org\/es\/#website"},"primaryImageOfPage":{"@id":"https:\/\/www.destinationimagination.org\/envision\/#primaryimage"},"image":{"@id":"https:\/\/www.destinationimagination.org\/envision\/#primaryimage"},"thumbnailUrl":"https:\/\/www.destinationimagination.org\/wp-content\/uploads\/Envision-Team-1.jpg","datePublished":"2022-01-24T21:03:48+00:00","dateModified":"2023-06-19T13:22:29+00:00","description":"Envision to nowe wydarzenie, kt\u00f3re poprzez robotyk\u0119 i opowiadanie historii celebruje po\u0142\u0105czenie technologii i sztuki.","breadcrumb":{"@id":"https:\/\/www.destinationimagination.org\/envision\/#breadcrumb"},"inLanguage":"pl-PL","potentialAction":[{"@type":"ReadAction","target":["https:\/\/www.destinationimagination.org\/envision\/"]}]},{"@type":"ImageObject","inLanguage":"pl-PL","@id":"https:\/\/www.destinationimagination.org\/envision\/#primaryimage","url":"https:\/\/www.destinationimagination.org\/wp-content\/uploads\/Envision-Team-1.jpg","contentUrl":"https:\/\/www.destinationimagination.org\/wp-content\/uploads\/Envision-Team-1.jpg","width":1000,"height":667,"caption":"Envision-Team"},{"@type":"BreadcrumbList","@id":"https:\/\/www.destinationimagination.org\/envision\/#breadcrumb","itemListElement":[{"@type":"ListItem","position":1,"name":"Home","item":"https:\/\/www.destinationimagination.org\/"},{"@type":"ListItem","position":2,"name":"Envision"}]},{"@type":"WebSite","@id":"https:\/\/www.destinationimagination.org\/es\/#website","url":"https:\/\/www.destinationimagination.org\/es\/","name":"Wyobra\u017ania celu","description":"Kreatywny, zespo\u0142owy konkurs STEAM dla uczni\u00f3w szk\u00f3\u0142 \u015brednich i wy\u017cszych.","potentialAction":[{"@type":"SearchAction","target":{"@type":"EntryPoint","urlTemplate":"https:\/\/www.destinationimagination.org\/es\/?s={search_term_string}"},"query-input":{"@type":"PropertyValueSpecification","valueRequired":true,"valueName":"search_term_string"}}],"inLanguage":"pl-PL"}]}},"_links":{"self":[{"href":"https:\/\/www.destinationimagination.org\/pl\/wp-json\/wp\/v2\/pages\/9275","targetHints":{"allow":["GET"]}}],"collection":[{"href":"https:\/\/www.destinationimagination.org\/pl\/wp-json\/wp\/v2\/pages"}],"about":[{"href":"https:\/\/www.destinationimagination.org\/pl\/wp-json\/wp\/v2\/types\/page"}],"author":[{"embeddable":true,"href":"https:\/\/www.destinationimagination.org\/pl\/wp-json\/wp\/v2\/users\/2"}],"replies":[{"embeddable":true,"href":"https:\/\/www.destinationimagination.org\/pl\/wp-json\/wp\/v2\/comments?post=9275"}],"version-history":[{"count":119,"href":"https:\/\/www.destinationimagination.org\/pl\/wp-json\/wp\/v2\/pages\/9275\/revisions"}],"predecessor-version":[{"id":28006,"href":"https:\/\/www.destinationimagination.org\/pl\/wp-json\/wp\/v2\/pages\/9275\/revisions\/28006"}],"wp:featuredmedia":[{"embeddable":true,"href":"https:\/\/www.destinationimagination.org\/pl\/wp-json\/wp\/v2\/media\/9532"}],"wp:attachment":[{"href":"https:\/\/www.destinationimagination.org\/pl\/wp-json\/wp\/v2\/media?parent=9275"}],"curies":[{"name":"wp","href":"https:\/\/api.w.org\/{rel}","templated":true}]}}