{"id":23363,"date":"2022-03-08T09:17:33","date_gmt":"2022-03-08T14:17:33","guid":{"rendered":"https:\/\/www.destinationimagination.org\/?page_id=23363"},"modified":"2022-03-08T10:09:43","modified_gmt":"2022-03-08T15:09:43","slug":"engineering-roll-with-it","status":"publish","type":"page","link":"https:\/\/www.destinationimagination.org\/pt\/challenge-experience\/engineering-roll-with-it\/","title":{"rendered":"Engenharia: role com ela"},"content":{"rendered":"<div data-elementor-type=\"wp-page\" data-elementor-id=\"23363\" class=\"elementor elementor-23363\" data-elementor-post-type=\"page\">\n\t\t\t\t\t\t<section class=\"elementor-section elementor-top-section elementor-element elementor-element-42b6d771 elementor-section-full_width elementor-section-height-default elementor-section-height-default\" data-id=\"42b6d771\" data-element_type=\"section\" data-e-type=\"section\" data-settings=\"{&quot;background_background&quot;:&quot;gradient&quot;}\">\n\t\t\t\t\t\t\t<div class=\"elementor-background-overlay\"><\/div>\n\t\t\t\t\t\t\t<div class=\"elementor-container elementor-column-gap-default\">\n\t\t\t\t\t\t<\/div>\n\t\t<\/section>\n\t\t\t\t<section class=\"elementor-section elementor-top-section elementor-element elementor-element-67dbe7c7 elementor-section-boxed elementor-section-height-default elementor-section-height-default\" data-id=\"67dbe7c7\" data-element_type=\"section\" data-e-type=\"section\">\n\t\t\t\t\t\t<div class=\"elementor-container elementor-column-gap-default\">\n\t\t\t\t\t<div class=\"elementor-column elementor-col-100 elementor-top-column elementor-element elementor-element-33d66e54\" data-id=\"33d66e54\" data-element_type=\"column\" data-e-type=\"column\">\n\t\t\t<div class=\"elementor-widget-wrap elementor-element-populated\">\n\t\t\t\t\t\t<section class=\"elementor-section elementor-inner-section elementor-element elementor-element-3361c5eb elementor-section-content-middle elementor-section-boxed elementor-section-height-default elementor-section-height-default\" data-id=\"3361c5eb\" data-element_type=\"section\" data-e-type=\"section\">\n\t\t\t\t\t\t<div class=\"elementor-container elementor-column-gap-no\">\n\t\t\t\t\t<div class=\"elementor-column elementor-col-100 elementor-inner-column elementor-element elementor-element-3c9cab1\" data-id=\"3c9cab1\" data-element_type=\"column\" data-e-type=\"column\">\n\t\t\t<div class=\"elementor-widget-wrap elementor-element-populated\">\n\t\t\t\t\t\t<div class=\"elementor-element elementor-element-134395af elementor-widget__width-auto elementor-invisible elementor-widget elementor-widget-image\" data-id=\"134395af\" data-element_type=\"widget\" data-e-type=\"widget\" data-settings=\"{&quot;_animation&quot;:&quot;fadeInLeft&quot;}\" data-widget_type=\"image.default\">\n\t\t\t\t<div class=\"elementor-widget-container\">\n\t\t\t\t\t\t\t\t\t\t\t\t\t\t\t<img decoding=\"async\" width=\"30\" height=\"30\" src=\"https:\/\/www.destinationimagination.org\/wp-content\/uploads\/orange-box.jpg\" class=\"attachment-large size-large wp-image-3314\" alt=\"orange box\" srcset=\"https:\/\/www.destinationimagination.org\/wp-content\/uploads\/orange-box.jpg 30w, https:\/\/www.destinationimagination.org\/wp-content\/uploads\/orange-box-12x12.jpg 12w\" sizes=\"(max-width: 30px) 100vw, 30px\" \/>\t\t\t\t\t\t\t\t\t\t\t\t\t\t\t<\/div>\n\t\t\t\t<\/div>\n\t\t\t\t<div class=\"elementor-element elementor-element-3dab27cd elementor-widget__width-auto elementor-widget elementor-widget-heading\" data-id=\"3dab27cd\" data-element_type=\"widget\" data-e-type=\"widget\" data-widget_type=\"heading.default\">\n\t\t\t\t<div class=\"elementor-widget-container\">\n\t\t\t\t\t<h3 class=\"elementor-heading-title elementor-size-default\">Esclarecimentos Publicados de 2021-22<\/h3>\t\t\t\t<\/div>\n\t\t\t\t<\/div>\n\t\t\t\t\t<\/div>\n\t\t<\/div>\n\t\t\t\t\t<\/div>\n\t\t<\/section>\n\t\t\t\t<div class=\"elementor-element elementor-element-3dc6368b elementor-widget elementor-widget-heading\" data-id=\"3dc6368b\" data-element_type=\"widget\" data-e-type=\"widget\" data-widget_type=\"heading.default\">\n\t\t\t\t<div class=\"elementor-widget-container\">\n\t\t\t\t\t<h1 class=\"elementor-heading-title elementor-size-default\">Desafio de Engenharia <br> Role com ele<\/h1>\t\t\t\t<\/div>\n\t\t\t\t<\/div>\n\t\t\t\t<div class=\"elementor-element elementor-element-1bbe9286 elementor-widget-divider--separator-type-pattern elementor-widget-divider--view-line elementor-widget elementor-widget-divider\" data-id=\"1bbe9286\" data-element_type=\"widget\" data-e-type=\"widget\" data-widget_type=\"divider.default\">\n\t\t\t\t<div class=\"elementor-widget-container\">\n\t\t\t\t\t\t\t<div class=\"elementor-divider\" style=\"--divider-pattern-url: url(&quot;data:image\/svg+xml,%3Csvg xmlns=&#039;http:\/\/www.w3.org\/2000\/svg&#039; preserveAspectRatio=&#039;none&#039; overflow=&#039;visible&#039; height=&#039;100%&#039; viewBox=&#039;0 0 24 24&#039; fill=&#039;none&#039; stroke=&#039;black&#039; stroke-width=&#039;2&#039; stroke-linecap=&#039;square&#039; stroke-miterlimit=&#039;10&#039;%3E%3Cpolyline points=&#039;0,18 12,6 24,18 &#039;\/%3E%3C\/svg%3E&quot;);\">\n\t\t\t<span class=\"elementor-divider-separator\">\n\t\t\t\t\t\t<\/span>\n\t\t<\/div>\n\t\t\t\t\t\t<\/div>\n\t\t\t\t<\/div>\n\t\t\t\t<section class=\"elementor-section elementor-inner-section elementor-element elementor-element-3b42142c elementor-section-boxed elementor-section-height-default elementor-section-height-default\" data-id=\"3b42142c\" data-element_type=\"section\" data-e-type=\"section\">\n\t\t\t\t\t\t<div class=\"elementor-container elementor-column-gap-default\">\n\t\t\t\t\t<div class=\"elementor-column elementor-col-100 elementor-inner-column elementor-element elementor-element-776124fe elementor-invisible\" data-id=\"776124fe\" data-element_type=\"column\" data-e-type=\"column\" data-settings=\"{&quot;animation&quot;:&quot;slideInUp&quot;}\">\n\t\t\t<div class=\"elementor-widget-wrap elementor-element-populated\">\n\t\t\t\t\t\t<div class=\"elementor-element elementor-element-33e6991d elementor-widget elementor-widget-text-editor\" data-id=\"33e6991d\" data-element_type=\"widget\" data-e-type=\"widget\" data-widget_type=\"text-editor.default\">\n\t\t\t\t<div class=\"elementor-widget-container\">\n\t\t\t\t\t\t\t\t\t<h3>Espera-se que cada equipe conhe\u00e7a o Publicado<br \/>Esclarecimentos para o seu Desafio.<\/h3><p><span class=\"font-light-color\"><span style=\"color: #ff0000;\"><strong>Os esclarecimentos da equipe est\u00e3o atualmente fechados.<br \/><\/strong><\/span><\/span>O prazo para solicitar um Esclarecimento da Equipe era 31 de janeiro de 2022, \u00e0s 23h59, hor\u00e1rio do Pac\u00edfico.<\/p>\t\t\t\t\t\t\t\t<\/div>\n\t\t\t\t<\/div>\n\t\t\t\t<div class=\"elementor-element elementor-element-676b7ef9 elementor-widget elementor-widget-image\" data-id=\"676b7ef9\" data-element_type=\"widget\" data-e-type=\"widget\" data-widget_type=\"image.default\">\n\t\t\t\t<div class=\"elementor-widget-container\">\n\t\t\t\t\t\t\t\t\t\t\t\t\t\t\t<img fetchpriority=\"high\" decoding=\"async\" width=\"300\" height=\"300\" src=\"https:\/\/www.destinationimagination.org\/wp-content\/uploads\/20-21-Engineering-Roll-With-It-Logo-300x300-1.png\" class=\"attachment-full size-full wp-image-6949\" alt=\"20-21-Engineering-Roll-With-It-Logo-300x300\" srcset=\"https:\/\/www.destinationimagination.org\/wp-content\/uploads\/20-21-Engineering-Roll-With-It-Logo-300x300-1.png 300w, https:\/\/www.destinationimagination.org\/wp-content\/uploads\/20-21-Engineering-Roll-With-It-Logo-300x300-1-150x150.png 150w, https:\/\/www.destinationimagination.org\/wp-content\/uploads\/20-21-Engineering-Roll-With-It-Logo-300x300-1-12x12.png 12w\" sizes=\"(max-width: 300px) 100vw, 300px\" \/>\t\t\t\t\t\t\t\t\t\t\t\t\t\t\t<\/div>\n\t\t\t\t<\/div>\n\t\t\t\t<div class=\"elementor-element elementor-element-daed19a elementor-widget elementor-widget-text-editor\" data-id=\"daed19a\" data-element_type=\"widget\" data-e-type=\"widget\" data-widget_type=\"text-editor.default\">\n\t\t\t\t<div class=\"elementor-widget-container\">\n\t\t\t\t\t\t\t\t\t<h3 style=\"text-align: left;\">#1 25 DE OUTUBRO DE 2021<\/h3><p style=\"text-align: left;\">No Desafio, a Se\u00e7\u00e3o ID7 deve ler: \u201cUma vez que a estrutura tenha parado na base do testador e antes do in\u00edcio da coloca\u00e7\u00e3o do peso, os \u00fanicos lugares em que a estrutura pode entrar em contato com o testador de estrutura s\u00e3o a superf\u00edcie superior da base do testador, a superf\u00edcie inferior do a Placa de Press\u00e3o e a Vara de Seguran\u00e7a. Uma vez que a estrutura tenha parado na base do testador, ela n\u00e3o deve tocar a rampa ou se estender al\u00e9m da base do testador.\u201d<\/p><p>\u00a0<\/p><h3 style=\"text-align: left;\">#2 25 DE OUTUBRO DE 2021<\/h3><p style=\"text-align: left;\">No Desafio, a Se\u00e7\u00e3o ID9 deve ler: \u201cUma vez que a estrutura tenha parado na base do testador, se a estrutura entrar em contato com o testador de estrutura em qualquer lugar que n\u00e3o seja a superf\u00edcie superior da base do testador, a superf\u00edcie inferior da placa de press\u00e3o e\/ ou a Vara de Seguran\u00e7a, sua equipe deve reposicionar a Estrutura antes de iniciar a Coloca\u00e7\u00e3o de Peso. Sua equipe tamb\u00e9m deve reposicionar a estrutura antes de iniciar a coloca\u00e7\u00e3o de peso se ela tocar a rampa ou se estender al\u00e9m da base do testador. Nesse caso, sua equipe n\u00e3o ser\u00e1 eleg\u00edvel para o b\u00f4nus de precis\u00e3o. (Consulte a Se\u00e7\u00e3o IG5.)\u201d<\/p><p>\u00a0<\/p><h3 style=\"text-align: left;\">#3 19 DE NOVEMBRO DE 2021<\/h3><p style=\"text-align: left;\">No Desafio, a Se\u00e7\u00e3o IB1 deve ler: \u201cProjete e construa a Estrutura, incluindo as Rodas (consulte a Se\u00e7\u00e3o IC1), usando apenas madeira e cola\u201d.<\/p>\t\t\t\t\t\t\t\t<\/div>\n\t\t\t\t<\/div>\n\t\t\t\t\t<\/div>\n\t\t<\/div>\n\t\t\t\t\t<\/div>\n\t\t<\/section>\n\t\t\t\t\t<\/div>\n\t\t<\/div>\n\t\t\t\t\t<\/div>\n\t\t<\/section>\n\t\t\t\t<\/div>","protected":false},"excerpt":{"rendered":"<p>2021-22 Published Clarifications Engineering Challenge Roll With It Every team is expected to know the PublishedClarifications for its Challenge. Team Clarifications are currently closed.The deadline to ask a Team Clarification was January 31, 2022, at 11:59 pm Pacific Time. #1 OCTOBER 25, 2021 In the Challenge, Section I.D.7 should read: \u201cOnce the Structure has come [&hellip;]<\/p>\n","protected":false},"author":2,"featured_media":6949,"parent":4041,"menu_order":0,"comment_status":"closed","ping_status":"closed","template":"","meta":{"content-type":"","inline_featured_image":false,"footnotes":""},"class_list":["post-23363","page","type-page","status-publish","has-post-thumbnail","hentry"],"yoast_head":"<!-- This site is optimized with the Yoast SEO plugin v27.2 - https:\/\/yoast.com\/product\/yoast-seo-wordpress\/ -->\n<title>Engineering: Roll With It - Destination Imagination<\/title>\n<meta name=\"robots\" content=\"index, follow, max-snippet:-1, max-image-preview:large, max-video-preview:-1\" \/>\n<link rel=\"canonical\" href=\"https:\/\/www.destinationimagination.org\/pt\/challenge-experience\/engineering-roll-with-it\/\" \/>\n<meta property=\"og:locale\" content=\"pt_PT\" \/>\n<meta property=\"og:type\" content=\"article\" \/>\n<meta property=\"og:title\" content=\"Engineering: Roll With It - Destination Imagination\" \/>\n<meta property=\"og:description\" content=\"2021-22 Published Clarifications Engineering Challenge Roll With It Every team is expected to know the PublishedClarifications for its Challenge. Team Clarifications are currently closed.The deadline to ask a Team Clarification was January 31, 2022, at 11:59 pm Pacific Time. #1 OCTOBER 25, 2021 In the Challenge, Section I.D.7 should read: \u201cOnce the Structure has come [&hellip;]\" \/>\n<meta property=\"og:url\" content=\"https:\/\/www.destinationimagination.org\/pt\/challenge-experience\/engineering-roll-with-it\/\" \/>\n<meta property=\"og:site_name\" content=\"Destination Imagination\" \/>\n<meta property=\"article:modified_time\" content=\"2022-03-08T15:09:43+00:00\" \/>\n<meta property=\"og:image\" content=\"https:\/\/www.destinationimagination.org\/wp-content\/uploads\/20-21-Engineering-Roll-With-It-Logo-300x300-1.png\" \/>\n\t<meta property=\"og:image:width\" content=\"300\" \/>\n\t<meta property=\"og:image:height\" content=\"300\" \/>\n\t<meta property=\"og:image:type\" content=\"image\/png\" \/>\n<meta name=\"twitter:card\" content=\"summary_large_image\" \/>\n<meta name=\"twitter:label1\" content=\"Tempo estimado de leitura\" \/>\n\t<meta name=\"twitter:data1\" content=\"2 minutos\" \/>\n<script type=\"application\/ld+json\" class=\"yoast-schema-graph\">{\"@context\":\"https:\/\/schema.org\",\"@graph\":[{\"@type\":\"WebPage\",\"@id\":\"https:\/\/www.destinationimagination.org\/challenge-experience\/engineering-roll-with-it\/\",\"url\":\"https:\/\/www.destinationimagination.org\/challenge-experience\/engineering-roll-with-it\/\",\"name\":\"Engineering: Roll With It - Destination Imagination\",\"isPartOf\":{\"@id\":\"https:\/\/www.destinationimagination.org\/es\/#website\"},\"primaryImageOfPage\":{\"@id\":\"https:\/\/www.destinationimagination.org\/challenge-experience\/engineering-roll-with-it\/#primaryimage\"},\"image\":{\"@id\":\"https:\/\/www.destinationimagination.org\/challenge-experience\/engineering-roll-with-it\/#primaryimage\"},\"thumbnailUrl\":\"https:\/\/www.destinationimagination.org\/wp-content\/uploads\/20-21-Engineering-Roll-With-It-Logo-300x300-1.png\",\"datePublished\":\"2022-03-08T14:17:33+00:00\",\"dateModified\":\"2022-03-08T15:09:43+00:00\",\"breadcrumb\":{\"@id\":\"https:\/\/www.destinationimagination.org\/challenge-experience\/engineering-roll-with-it\/#breadcrumb\"},\"inLanguage\":\"pt-PT\",\"potentialAction\":[{\"@type\":\"ReadAction\",\"target\":[\"https:\/\/www.destinationimagination.org\/challenge-experience\/engineering-roll-with-it\/\"]}]},{\"@type\":\"ImageObject\",\"inLanguage\":\"pt-PT\",\"@id\":\"https:\/\/www.destinationimagination.org\/challenge-experience\/engineering-roll-with-it\/#primaryimage\",\"url\":\"https:\/\/www.destinationimagination.org\/wp-content\/uploads\/20-21-Engineering-Roll-With-It-Logo-300x300-1.png\",\"contentUrl\":\"https:\/\/www.destinationimagination.org\/wp-content\/uploads\/20-21-Engineering-Roll-With-It-Logo-300x300-1.png\",\"width\":300,\"height\":300,\"caption\":\"20-21-Engineering-Roll-With-It-Logo-300x300\"},{\"@type\":\"BreadcrumbList\",\"@id\":\"https:\/\/www.destinationimagination.org\/challenge-experience\/engineering-roll-with-it\/#breadcrumb\",\"itemListElement\":[{\"@type\":\"ListItem\",\"position\":1,\"name\":\"Home\",\"item\":\"https:\/\/www.destinationimagination.org\/\"},{\"@type\":\"ListItem\",\"position\":2,\"name\":\"Challenge Experience\",\"item\":\"https:\/\/www.destinationimagination.org\/challenge-experience\/\"},{\"@type\":\"ListItem\",\"position\":3,\"name\":\"Engineering: Roll With It\"}]},{\"@type\":\"WebSite\",\"@id\":\"https:\/\/www.destinationimagination.org\/es\/#website\",\"url\":\"https:\/\/www.destinationimagination.org\/es\/\",\"name\":\"Destination Imagination\",\"description\":\"A creative, team-focused, STEAM competition for K-12 and university students.\",\"potentialAction\":[{\"@type\":\"SearchAction\",\"target\":{\"@type\":\"EntryPoint\",\"urlTemplate\":\"https:\/\/www.destinationimagination.org\/es\/?s={search_term_string}\"},\"query-input\":{\"@type\":\"PropertyValueSpecification\",\"valueRequired\":true,\"valueName\":\"search_term_string\"}}],\"inLanguage\":\"pt-PT\"}]}<\/script>\n<!-- \/ Yoast SEO plugin. -->","yoast_head_json":{"title":"Engenharia: Deixe rolar - Destino Imagina\u00e7\u00e3o","robots":{"index":"index","follow":"follow","max-snippet":"max-snippet:-1","max-image-preview":"max-image-preview:large","max-video-preview":"max-video-preview:-1"},"canonical":"https:\/\/www.destinationimagination.org\/pt\/challenge-experience\/engineering-roll-with-it\/","og_locale":"pt_PT","og_type":"article","og_title":"Engineering: Roll With It - Destination Imagination","og_description":"2021-22 Published Clarifications Engineering Challenge Roll With It Every team is expected to know the PublishedClarifications for its Challenge. Team Clarifications are currently closed.The deadline to ask a Team Clarification was January 31, 2022, at 11:59 pm Pacific Time. #1 OCTOBER 25, 2021 In the Challenge, Section I.D.7 should read: \u201cOnce the Structure has come [&hellip;]","og_url":"https:\/\/www.destinationimagination.org\/pt\/challenge-experience\/engineering-roll-with-it\/","og_site_name":"Destination Imagination","article_modified_time":"2022-03-08T15:09:43+00:00","og_image":[{"width":300,"height":300,"url":"https:\/\/www.destinationimagination.org\/wp-content\/uploads\/20-21-Engineering-Roll-With-It-Logo-300x300-1.png","type":"image\/png"}],"twitter_card":"summary_large_image","twitter_misc":{"Tempo estimado de leitura":"2 minutos"},"schema":{"@context":"https:\/\/schema.org","@graph":[{"@type":"WebPage","@id":"https:\/\/www.destinationimagination.org\/challenge-experience\/engineering-roll-with-it\/","url":"https:\/\/www.destinationimagination.org\/challenge-experience\/engineering-roll-with-it\/","name":"Engenharia: Deixe rolar - Destino Imagina\u00e7\u00e3o","isPartOf":{"@id":"https:\/\/www.destinationimagination.org\/es\/#website"},"primaryImageOfPage":{"@id":"https:\/\/www.destinationimagination.org\/challenge-experience\/engineering-roll-with-it\/#primaryimage"},"image":{"@id":"https:\/\/www.destinationimagination.org\/challenge-experience\/engineering-roll-with-it\/#primaryimage"},"thumbnailUrl":"https:\/\/www.destinationimagination.org\/wp-content\/uploads\/20-21-Engineering-Roll-With-It-Logo-300x300-1.png","datePublished":"2022-03-08T14:17:33+00:00","dateModified":"2022-03-08T15:09:43+00:00","breadcrumb":{"@id":"https:\/\/www.destinationimagination.org\/challenge-experience\/engineering-roll-with-it\/#breadcrumb"},"inLanguage":"pt-PT","potentialAction":[{"@type":"ReadAction","target":["https:\/\/www.destinationimagination.org\/challenge-experience\/engineering-roll-with-it\/"]}]},{"@type":"ImageObject","inLanguage":"pt-PT","@id":"https:\/\/www.destinationimagination.org\/challenge-experience\/engineering-roll-with-it\/#primaryimage","url":"https:\/\/www.destinationimagination.org\/wp-content\/uploads\/20-21-Engineering-Roll-With-It-Logo-300x300-1.png","contentUrl":"https:\/\/www.destinationimagination.org\/wp-content\/uploads\/20-21-Engineering-Roll-With-It-Logo-300x300-1.png","width":300,"height":300,"caption":"20-21-Engineering-Roll-With-It-Logo-300x300"},{"@type":"BreadcrumbList","@id":"https:\/\/www.destinationimagination.org\/challenge-experience\/engineering-roll-with-it\/#breadcrumb","itemListElement":[{"@type":"ListItem","position":1,"name":"Home","item":"https:\/\/www.destinationimagination.org\/"},{"@type":"ListItem","position":2,"name":"Challenge Experience","item":"https:\/\/www.destinationimagination.org\/challenge-experience\/"},{"@type":"ListItem","position":3,"name":"Engineering: Roll With It"}]},{"@type":"WebSite","@id":"https:\/\/www.destinationimagination.org\/es\/#website","url":"https:\/\/www.destinationimagination.org\/es\/","name":"Imagina\u00e7\u00e3o de destino","description":"Uma competi\u00e7\u00e3o STEAM criativa e focada em equipes para estudantes de ensino fundamental e m\u00e9dio e universit\u00e1rios.","potentialAction":[{"@type":"SearchAction","target":{"@type":"EntryPoint","urlTemplate":"https:\/\/www.destinationimagination.org\/es\/?s={search_term_string}"},"query-input":{"@type":"PropertyValueSpecification","valueRequired":true,"valueName":"search_term_string"}}],"inLanguage":"pt-PT"}]}},"_links":{"self":[{"href":"https:\/\/www.destinationimagination.org\/pt\/wp-json\/wp\/v2\/pages\/23363","targetHints":{"allow":["GET"]}}],"collection":[{"href":"https:\/\/www.destinationimagination.org\/pt\/wp-json\/wp\/v2\/pages"}],"about":[{"href":"https:\/\/www.destinationimagination.org\/pt\/wp-json\/wp\/v2\/types\/page"}],"author":[{"embeddable":true,"href":"https:\/\/www.destinationimagination.org\/pt\/wp-json\/wp\/v2\/users\/2"}],"replies":[{"embeddable":true,"href":"https:\/\/www.destinationimagination.org\/pt\/wp-json\/wp\/v2\/comments?post=23363"}],"version-history":[{"count":7,"href":"https:\/\/www.destinationimagination.org\/pt\/wp-json\/wp\/v2\/pages\/23363\/revisions"}],"predecessor-version":[{"id":23375,"href":"https:\/\/www.destinationimagination.org\/pt\/wp-json\/wp\/v2\/pages\/23363\/revisions\/23375"}],"up":[{"embeddable":true,"href":"https:\/\/www.destinationimagination.org\/pt\/wp-json\/wp\/v2\/pages\/4041"}],"wp:featuredmedia":[{"embeddable":true,"href":"https:\/\/www.destinationimagination.org\/pt\/wp-json\/wp\/v2\/media\/6949"}],"wp:attachment":[{"href":"https:\/\/www.destinationimagination.org\/pt\/wp-json\/wp\/v2\/media?parent=23363"}],"curies":[{"name":"wp","href":"https:\/\/api.w.org\/{rel}","templated":true}]}}