{"id":28477,"date":"2023-07-06T11:16:53","date_gmt":"2023-07-06T15:16:53","guid":{"rendered":"https:\/\/www.destinationimagination.org\/?page_id=28477"},"modified":"2023-12-21T09:32:58","modified_gmt":"2023-12-21T14:32:58","slug":"technical-pinball-heroes","status":"publish","type":"page","link":"https:\/\/www.destinationimagination.org\/pt\/challenge-experience\/technical-pinball-heroes\/","title":{"rendered":"T\u00e9cnico \u2013 Her\u00f3is do Pinball"},"content":{"rendered":"<div data-elementor-type=\"wp-page\" data-elementor-id=\"28477\" class=\"elementor elementor-28477\" data-elementor-post-type=\"page\">\n\t\t\t\t\t\t<section class=\"elementor-section elementor-top-section elementor-element elementor-element-50bc6dd elementor-section-boxed elementor-section-height-default elementor-section-height-default\" data-id=\"50bc6dd\" data-element_type=\"section\" data-e-type=\"section\">\n\t\t\t\t\t\t<div class=\"elementor-container elementor-column-gap-default\">\n\t\t\t\t\t<div class=\"elementor-column elementor-col-100 elementor-top-column elementor-element elementor-element-8f13e42\" data-id=\"8f13e42\" data-element_type=\"column\" data-e-type=\"column\">\n\t\t\t<div class=\"elementor-widget-wrap elementor-element-populated\">\n\t\t\t\t\t\t<section class=\"elementor-section elementor-inner-section elementor-element elementor-element-294cf3e elementor-section-content-middle elementor-section-boxed elementor-section-height-default elementor-section-height-default\" data-id=\"294cf3e\" data-element_type=\"section\" data-e-type=\"section\">\n\t\t\t\t\t\t<div class=\"elementor-container elementor-column-gap-no\">\n\t\t\t\t\t<div class=\"elementor-column elementor-col-100 elementor-inner-column elementor-element elementor-element-13405f6\" data-id=\"13405f6\" data-element_type=\"column\" data-e-type=\"column\">\n\t\t\t<div class=\"elementor-widget-wrap elementor-element-populated\">\n\t\t\t\t\t\t<div class=\"elementor-element elementor-element-93add55 elementor-widget__width-auto elementor-invisible elementor-widget elementor-widget-image\" data-id=\"93add55\" data-element_type=\"widget\" data-e-type=\"widget\" data-settings=\"{&quot;_animation&quot;:&quot;fadeInLeft&quot;}\" data-widget_type=\"image.default\">\n\t\t\t\t<div class=\"elementor-widget-container\">\n\t\t\t\t\t\t\t\t\t\t\t\t\t\t\t<img decoding=\"async\" width=\"30\" height=\"30\" src=\"https:\/\/www.destinationimagination.org\/wp-content\/uploads\/orange-box.jpg\" class=\"attachment-large size-large wp-image-3314\" alt=\"orange box\" srcset=\"https:\/\/www.destinationimagination.org\/wp-content\/uploads\/orange-box.jpg 30w, https:\/\/www.destinationimagination.org\/wp-content\/uploads\/orange-box-12x12.jpg 12w\" sizes=\"(max-width: 30px) 100vw, 30px\" \/>\t\t\t\t\t\t\t\t\t\t\t\t\t\t\t<\/div>\n\t\t\t\t<\/div>\n\t\t\t\t<div class=\"elementor-element elementor-element-2514954 elementor-widget__width-auto elementor-widget elementor-widget-heading\" data-id=\"2514954\" data-element_type=\"widget\" data-e-type=\"widget\" data-widget_type=\"heading.default\">\n\t\t\t\t<div class=\"elementor-widget-container\">\n\t\t\t\t\t<h3 class=\"elementor-heading-title elementor-size-default\">Esclarecimentos publicados de 2023-24<\/h3>\t\t\t\t<\/div>\n\t\t\t\t<\/div>\n\t\t\t\t\t<\/div>\n\t\t<\/div>\n\t\t\t\t\t<\/div>\n\t\t<\/section>\n\t\t\t\t<div class=\"elementor-element elementor-element-a7d315b elementor-widget elementor-widget-image\" data-id=\"a7d315b\" data-element_type=\"widget\" data-e-type=\"widget\" data-widget_type=\"image.default\">\n\t\t\t\t<div class=\"elementor-widget-container\">\n\t\t\t\t\t\t\t\t\t\t\t\t\t\t\t<img fetchpriority=\"high\" decoding=\"async\" width=\"2000\" height=\"845\" src=\"https:\/\/www.destinationimagination.org\/wp-content\/uploads\/23-24-Technical-Pinball-Heroes-Icon-1.png\" class=\"attachment-full size-full wp-image-28486\" alt=\"23-24 Technical - Pinball Heroes Icon\" srcset=\"https:\/\/www.destinationimagination.org\/wp-content\/uploads\/23-24-Technical-Pinball-Heroes-Icon-1.png 2000w, https:\/\/www.destinationimagination.org\/wp-content\/uploads\/23-24-Technical-Pinball-Heroes-Icon-1-300x127.png 300w, https:\/\/www.destinationimagination.org\/wp-content\/uploads\/23-24-Technical-Pinball-Heroes-Icon-1-1024x433.png 1024w, https:\/\/www.destinationimagination.org\/wp-content\/uploads\/23-24-Technical-Pinball-Heroes-Icon-1-768x324.png 768w, https:\/\/www.destinationimagination.org\/wp-content\/uploads\/23-24-Technical-Pinball-Heroes-Icon-1-1536x649.png 1536w, https:\/\/www.destinationimagination.org\/wp-content\/uploads\/23-24-Technical-Pinball-Heroes-Icon-1-18x8.png 18w\" sizes=\"(max-width: 2000px) 100vw, 2000px\" \/>\t\t\t\t\t\t\t\t\t\t\t\t\t\t\t<\/div>\n\t\t\t\t<\/div>\n\t\t\t\t<section class=\"elementor-section elementor-inner-section elementor-element elementor-element-68c8d09 elementor-section-boxed elementor-section-height-default elementor-section-height-default\" data-id=\"68c8d09\" data-element_type=\"section\" data-e-type=\"section\">\n\t\t\t\t\t\t<div class=\"elementor-container elementor-column-gap-default\">\n\t\t\t\t\t<div class=\"elementor-column elementor-col-100 elementor-inner-column elementor-element elementor-element-addbdbe elementor-invisible\" data-id=\"addbdbe\" data-element_type=\"column\" data-e-type=\"column\" data-settings=\"{&quot;animation&quot;:&quot;slideInUp&quot;}\">\n\t\t\t<div class=\"elementor-widget-wrap elementor-element-populated\">\n\t\t\t\t\t\t<div class=\"elementor-element elementor-element-d730a22 elementor-widget elementor-widget-text-editor\" data-id=\"d730a22\" data-element_type=\"widget\" data-e-type=\"widget\" data-widget_type=\"text-editor.default\">\n\t\t\t\t<div class=\"elementor-widget-container\">\n\t\t\t\t\t\t\t\t\t<h3>Espera-se que cada equipe conhe\u00e7a o Publicado<br \/>Esclarecimentos para o seu Desafio.<\/h3><p>O prazo para solicitar um esclarecimento da equipe \u00e9 31 de janeiro de 2024, \u00e0s 23h59, hor\u00e1rio do Pac\u00edfico.<\/p>\t\t\t\t\t\t\t\t<\/div>\n\t\t\t\t<\/div>\n\t\t\t\t<div class=\"elementor-element elementor-element-6896463 elementor-widget elementor-widget-text-editor\" data-id=\"6896463\" data-element_type=\"widget\" data-e-type=\"widget\" data-widget_type=\"text-editor.default\">\n\t\t\t\t<div class=\"elementor-widget-container\">\n\t\t\t\t\t\t\t\t\t<p><span style=\"color: #ff6600; font-family: Montserrat; font-size: 20px; font-weight: bold; text-transform: uppercase;\">#1 7 de novembro de 2023<\/span><\/p><div><div>No Desafio, a Se\u00e7\u00e3o IA4 deve ler: \u201cPara este Desafio, um Pinball \u00e9 uma bola de futebol tamanho 3 fornecida pelo torneio com uma circunfer\u00eancia de 22,5 pol.-24 pol. (57,2 cm-61 cm) e um peso de 10,5 on\u00e7as-12 on\u00e7as (300 g- 340g). Se o seu time deseja saber as especificidades da bola de futebol, seu time pode consultar o Diretor do Torneio.\u201d<\/div><div>\u00a0<\/div><div><p><span style=\"color: #ff6600; font-family: Montserrat; font-size: 20px; font-weight: bold; text-transform: uppercase;\">#1 21 DE DEZEMBRO DE 2023<\/span><\/p><div><div>No Desafio, a Se\u00e7\u00e3o IA6 deve indicar: \u201cDurante a Apresenta\u00e7\u00e3o, coloque todos os tr\u00eas M\u00f3dulos de M\u00e1quina e quaisquer outros componentes do Sistema de Pinball completamente dentro das linhas gravadas do Campo de Pinball de 8 p\u00e9s x 16 p\u00e9s (2,44m x 4,88m) fornecido pelo torneio. (Veja a Figura A.) Isso significa que todos os componentes do Sistema de Pinball devem estar dentro dos planos verticais criados pela borda externa das linhas gravadas que marcam o Campo de Pinball enquanto interagem com o Pinball durante cada Rodada de Pinball. Os cabos de extens\u00e3o usados apenas para alimentar qualquer parte do Sistema Pinball podem se estender al\u00e9m dos limites do Pinball Playfield. No entanto, o Pinball n\u00e3o deve ser direcionado por um cabo de extens\u00e3o que se estenda al\u00e9m dos limites do Pinball Playfield.\u201d <\/div><div>\u00a0 \u00a0<\/div><\/div><div><p><span style=\"color: #ff6600; font-family: Montserrat; font-size: 20px; font-weight: bold; text-transform: uppercase;\">#1 21 DE DEZEMBRO DE 2023<\/span><\/p><div>No Desafio, a Se\u00e7\u00e3o IC10 deve indicar: \u201cO Pinball cruza a linha gravada para sair do Pinball Playfield ou toca qualquer coisa que n\u00e3o esteja totalmente dentro dos limites do Pinball Playfield. Os cabos de extens\u00e3o usados apenas para alimentar qualquer parte do Sistema Pinball s\u00e3o a \u00fanica exce\u00e7\u00e3o a esta regra. (Consulte o Esclarecimento Publicado para a Se\u00e7\u00e3o IA6.)\u201d <\/div><\/div>\u00a0 \u00a0<\/div><\/div>\t\t\t\t\t\t\t\t<\/div>\n\t\t\t\t<\/div>\n\t\t\t\t\t<\/div>\n\t\t<\/div>\n\t\t\t\t\t<\/div>\n\t\t<\/section>\n\t\t\t\t\t<\/div>\n\t\t<\/div>\n\t\t\t\t\t<\/div>\n\t\t<\/section>\n\t\t\t\t<\/div>","protected":false},"excerpt":{"rendered":"<p>2023-24 Published Clarifications Every team is expected to know the PublishedClarifications for its Challenge. The deadline to ask a Team Clarification is January 31, 2024, at 11:59 pm Pacific Time. #1 November 7, 2023 In the Challenge, Section I.A.4 should read: &#8220;For this Challenge, a Pinball is a tournament-provided size 3 soccer ball with a [&hellip;]<\/p>\n","protected":false},"author":2,"featured_media":28486,"parent":4041,"menu_order":0,"comment_status":"closed","ping_status":"closed","template":"","meta":{"content-type":"","inline_featured_image":false,"footnotes":""},"class_list":["post-28477","page","type-page","status-publish","has-post-thumbnail","hentry"],"yoast_head":"<!-- This site is optimized with the Yoast SEO plugin v27.2 - https:\/\/yoast.com\/product\/yoast-seo-wordpress\/ -->\n<title>Technical - Pinball Heroes - Destination Imagination<\/title>\n<meta name=\"robots\" content=\"index, follow, max-snippet:-1, max-image-preview:large, max-video-preview:-1\" \/>\n<link rel=\"canonical\" href=\"https:\/\/www.destinationimagination.org\/pt\/challenge-experience\/technical-pinball-heroes\/\" \/>\n<meta property=\"og:locale\" content=\"pt_PT\" \/>\n<meta property=\"og:type\" content=\"article\" \/>\n<meta property=\"og:title\" content=\"Technical - Pinball Heroes - Destination Imagination\" \/>\n<meta property=\"og:description\" content=\"2023-24 Published Clarifications Every team is expected to know the PublishedClarifications for its Challenge. The deadline to ask a Team Clarification is January 31, 2024, at 11:59 pm Pacific Time. #1 November 7, 2023 In the Challenge, Section I.A.4 should read: &#8220;For this Challenge, a Pinball is a tournament-provided size 3 soccer ball with a [&hellip;]\" \/>\n<meta property=\"og:url\" content=\"https:\/\/www.destinationimagination.org\/pt\/challenge-experience\/technical-pinball-heroes\/\" \/>\n<meta property=\"og:site_name\" content=\"Destination Imagination\" \/>\n<meta property=\"article:modified_time\" content=\"2023-12-21T14:32:58+00:00\" \/>\n<meta property=\"og:image\" content=\"https:\/\/www.destinationimagination.org\/wp-content\/uploads\/23-24-Technical-Pinball-Heroes-Icon-1.png\" \/>\n\t<meta property=\"og:image:width\" content=\"2000\" \/>\n\t<meta property=\"og:image:height\" content=\"845\" \/>\n\t<meta property=\"og:image:type\" content=\"image\/png\" \/>\n<meta name=\"twitter:card\" content=\"summary_large_image\" \/>\n<meta name=\"twitter:label1\" content=\"Tempo estimado de leitura\" \/>\n\t<meta name=\"twitter:data1\" content=\"2 minutos\" \/>\n<script type=\"application\/ld+json\" class=\"yoast-schema-graph\">{\"@context\":\"https:\/\/schema.org\",\"@graph\":[{\"@type\":\"WebPage\",\"@id\":\"https:\/\/www.destinationimagination.org\/challenge-experience\/technical-pinball-heroes\/\",\"url\":\"https:\/\/www.destinationimagination.org\/challenge-experience\/technical-pinball-heroes\/\",\"name\":\"Technical - Pinball Heroes - Destination Imagination\",\"isPartOf\":{\"@id\":\"https:\/\/www.destinationimagination.org\/es\/#website\"},\"primaryImageOfPage\":{\"@id\":\"https:\/\/www.destinationimagination.org\/challenge-experience\/technical-pinball-heroes\/#primaryimage\"},\"image\":{\"@id\":\"https:\/\/www.destinationimagination.org\/challenge-experience\/technical-pinball-heroes\/#primaryimage\"},\"thumbnailUrl\":\"https:\/\/www.destinationimagination.org\/wp-content\/uploads\/23-24-Technical-Pinball-Heroes-Icon-1.png\",\"datePublished\":\"2023-07-06T15:16:53+00:00\",\"dateModified\":\"2023-12-21T14:32:58+00:00\",\"breadcrumb\":{\"@id\":\"https:\/\/www.destinationimagination.org\/challenge-experience\/technical-pinball-heroes\/#breadcrumb\"},\"inLanguage\":\"pt-PT\",\"potentialAction\":[{\"@type\":\"ReadAction\",\"target\":[\"https:\/\/www.destinationimagination.org\/challenge-experience\/technical-pinball-heroes\/\"]}]},{\"@type\":\"ImageObject\",\"inLanguage\":\"pt-PT\",\"@id\":\"https:\/\/www.destinationimagination.org\/challenge-experience\/technical-pinball-heroes\/#primaryimage\",\"url\":\"https:\/\/www.destinationimagination.org\/wp-content\/uploads\/23-24-Technical-Pinball-Heroes-Icon-1.png\",\"contentUrl\":\"https:\/\/www.destinationimagination.org\/wp-content\/uploads\/23-24-Technical-Pinball-Heroes-Icon-1.png\",\"width\":2000,\"height\":845,\"caption\":\"23-24 Technical - Pinball Heroes Icon\"},{\"@type\":\"BreadcrumbList\",\"@id\":\"https:\/\/www.destinationimagination.org\/challenge-experience\/technical-pinball-heroes\/#breadcrumb\",\"itemListElement\":[{\"@type\":\"ListItem\",\"position\":1,\"name\":\"Home\",\"item\":\"https:\/\/www.destinationimagination.org\/\"},{\"@type\":\"ListItem\",\"position\":2,\"name\":\"Challenge Experience\",\"item\":\"https:\/\/www.destinationimagination.org\/challenge-experience\/\"},{\"@type\":\"ListItem\",\"position\":3,\"name\":\"Technical &#8211; Pinball Heroes\"}]},{\"@type\":\"WebSite\",\"@id\":\"https:\/\/www.destinationimagination.org\/es\/#website\",\"url\":\"https:\/\/www.destinationimagination.org\/es\/\",\"name\":\"Destination Imagination\",\"description\":\"A creative, team-focused, STEAM competition for K-12 and university students.\",\"potentialAction\":[{\"@type\":\"SearchAction\",\"target\":{\"@type\":\"EntryPoint\",\"urlTemplate\":\"https:\/\/www.destinationimagination.org\/es\/?s={search_term_string}\"},\"query-input\":{\"@type\":\"PropertyValueSpecification\",\"valueRequired\":true,\"valueName\":\"search_term_string\"}}],\"inLanguage\":\"pt-PT\"}]}<\/script>\n<!-- \/ Yoast SEO plugin. -->","yoast_head_json":{"title":"Technical - Pinball Heroes - Destination Imagination","robots":{"index":"index","follow":"follow","max-snippet":"max-snippet:-1","max-image-preview":"max-image-preview:large","max-video-preview":"max-video-preview:-1"},"canonical":"https:\/\/www.destinationimagination.org\/pt\/challenge-experience\/technical-pinball-heroes\/","og_locale":"pt_PT","og_type":"article","og_title":"Technical - Pinball Heroes - Destination Imagination","og_description":"2023-24 Published Clarifications Every team is expected to know the PublishedClarifications for its Challenge. The deadline to ask a Team Clarification is January 31, 2024, at 11:59 pm Pacific Time. #1 November 7, 2023 In the Challenge, Section I.A.4 should read: &#8220;For this Challenge, a Pinball is a tournament-provided size 3 soccer ball with a [&hellip;]","og_url":"https:\/\/www.destinationimagination.org\/pt\/challenge-experience\/technical-pinball-heroes\/","og_site_name":"Destination Imagination","article_modified_time":"2023-12-21T14:32:58+00:00","og_image":[{"width":2000,"height":845,"url":"https:\/\/www.destinationimagination.org\/wp-content\/uploads\/23-24-Technical-Pinball-Heroes-Icon-1.png","type":"image\/png"}],"twitter_card":"summary_large_image","twitter_misc":{"Tempo estimado de leitura":"2 minutos"},"schema":{"@context":"https:\/\/schema.org","@graph":[{"@type":"WebPage","@id":"https:\/\/www.destinationimagination.org\/challenge-experience\/technical-pinball-heroes\/","url":"https:\/\/www.destinationimagination.org\/challenge-experience\/technical-pinball-heroes\/","name":"Technical - Pinball Heroes - Destination Imagination","isPartOf":{"@id":"https:\/\/www.destinationimagination.org\/es\/#website"},"primaryImageOfPage":{"@id":"https:\/\/www.destinationimagination.org\/challenge-experience\/technical-pinball-heroes\/#primaryimage"},"image":{"@id":"https:\/\/www.destinationimagination.org\/challenge-experience\/technical-pinball-heroes\/#primaryimage"},"thumbnailUrl":"https:\/\/www.destinationimagination.org\/wp-content\/uploads\/23-24-Technical-Pinball-Heroes-Icon-1.png","datePublished":"2023-07-06T15:16:53+00:00","dateModified":"2023-12-21T14:32:58+00:00","breadcrumb":{"@id":"https:\/\/www.destinationimagination.org\/challenge-experience\/technical-pinball-heroes\/#breadcrumb"},"inLanguage":"pt-PT","potentialAction":[{"@type":"ReadAction","target":["https:\/\/www.destinationimagination.org\/challenge-experience\/technical-pinball-heroes\/"]}]},{"@type":"ImageObject","inLanguage":"pt-PT","@id":"https:\/\/www.destinationimagination.org\/challenge-experience\/technical-pinball-heroes\/#primaryimage","url":"https:\/\/www.destinationimagination.org\/wp-content\/uploads\/23-24-Technical-Pinball-Heroes-Icon-1.png","contentUrl":"https:\/\/www.destinationimagination.org\/wp-content\/uploads\/23-24-Technical-Pinball-Heroes-Icon-1.png","width":2000,"height":845,"caption":"23-24 Technical - Pinball Heroes Icon"},{"@type":"BreadcrumbList","@id":"https:\/\/www.destinationimagination.org\/challenge-experience\/technical-pinball-heroes\/#breadcrumb","itemListElement":[{"@type":"ListItem","position":1,"name":"Home","item":"https:\/\/www.destinationimagination.org\/"},{"@type":"ListItem","position":2,"name":"Challenge Experience","item":"https:\/\/www.destinationimagination.org\/challenge-experience\/"},{"@type":"ListItem","position":3,"name":"Technical &#8211; Pinball Heroes"}]},{"@type":"WebSite","@id":"https:\/\/www.destinationimagination.org\/es\/#website","url":"https:\/\/www.destinationimagination.org\/es\/","name":"Imagina\u00e7\u00e3o de destino","description":"Uma competi\u00e7\u00e3o STEAM criativa e focada em equipes para estudantes de ensino fundamental e m\u00e9dio e universit\u00e1rios.","potentialAction":[{"@type":"SearchAction","target":{"@type":"EntryPoint","urlTemplate":"https:\/\/www.destinationimagination.org\/es\/?s={search_term_string}"},"query-input":{"@type":"PropertyValueSpecification","valueRequired":true,"valueName":"search_term_string"}}],"inLanguage":"pt-PT"}]}},"_links":{"self":[{"href":"https:\/\/www.destinationimagination.org\/pt\/wp-json\/wp\/v2\/pages\/28477","targetHints":{"allow":["GET"]}}],"collection":[{"href":"https:\/\/www.destinationimagination.org\/pt\/wp-json\/wp\/v2\/pages"}],"about":[{"href":"https:\/\/www.destinationimagination.org\/pt\/wp-json\/wp\/v2\/types\/page"}],"author":[{"embeddable":true,"href":"https:\/\/www.destinationimagination.org\/pt\/wp-json\/wp\/v2\/users\/2"}],"replies":[{"embeddable":true,"href":"https:\/\/www.destinationimagination.org\/pt\/wp-json\/wp\/v2\/comments?post=28477"}],"version-history":[{"count":16,"href":"https:\/\/www.destinationimagination.org\/pt\/wp-json\/wp\/v2\/pages\/28477\/revisions"}],"predecessor-version":[{"id":29692,"href":"https:\/\/www.destinationimagination.org\/pt\/wp-json\/wp\/v2\/pages\/28477\/revisions\/29692"}],"up":[{"embeddable":true,"href":"https:\/\/www.destinationimagination.org\/pt\/wp-json\/wp\/v2\/pages\/4041"}],"wp:featuredmedia":[{"embeddable":true,"href":"https:\/\/www.destinationimagination.org\/pt\/wp-json\/wp\/v2\/media\/28486"}],"wp:attachment":[{"href":"https:\/\/www.destinationimagination.org\/pt\/wp-json\/wp\/v2\/media?parent=28477"}],"curies":[{"name":"wp","href":"https:\/\/api.w.org\/{rel}","templated":true}]}}