{"id":33567,"date":"2025-07-28T10:40:30","date_gmt":"2025-07-28T14:40:30","guid":{"rendered":"https:\/\/www.destinationimagination.org\/?page_id=33567"},"modified":"2025-11-18T10:12:43","modified_gmt":"2025-11-18T15:12:43","slug":"engineering-above-and-beyond","status":"publish","type":"page","link":"https:\/\/www.destinationimagination.org\/pt\/challenge-experience\/engineering-above-and-beyond\/","title":{"rendered":"Engenharia \u2013 Acima e Al\u00e9m"},"content":{"rendered":"<div data-elementor-type=\"wp-page\" data-elementor-id=\"33567\" class=\"elementor elementor-33567\" data-elementor-post-type=\"page\">\n\t\t\t\t\t\t<section class=\"elementor-section elementor-top-section elementor-element elementor-element-afa187a elementor-section-boxed elementor-section-height-default elementor-section-height-default\" data-id=\"afa187a\" data-element_type=\"section\" data-e-type=\"section\">\n\t\t\t\t\t\t<div class=\"elementor-container elementor-column-gap-default\">\n\t\t\t\t\t<div class=\"elementor-column elementor-col-100 elementor-top-column elementor-element elementor-element-d889ece\" data-id=\"d889ece\" data-element_type=\"column\" data-e-type=\"column\">\n\t\t\t<div class=\"elementor-widget-wrap elementor-element-populated\">\n\t\t\t\t\t\t<section class=\"elementor-section elementor-inner-section elementor-element elementor-element-c548776 elementor-section-content-middle elementor-section-boxed elementor-section-height-default elementor-section-height-default\" data-id=\"c548776\" data-element_type=\"section\" data-e-type=\"section\">\n\t\t\t\t\t\t<div class=\"elementor-container elementor-column-gap-no\">\n\t\t\t\t\t<div class=\"elementor-column elementor-col-100 elementor-inner-column elementor-element elementor-element-be55354\" data-id=\"be55354\" data-element_type=\"column\" data-e-type=\"column\">\n\t\t\t<div class=\"elementor-widget-wrap elementor-element-populated\">\n\t\t\t\t\t\t<div class=\"elementor-element elementor-element-7e773e0 elementor-widget__width-auto elementor-invisible elementor-widget elementor-widget-image\" data-id=\"7e773e0\" data-element_type=\"widget\" data-e-type=\"widget\" data-settings=\"{&quot;_animation&quot;:&quot;fadeInLeft&quot;}\" data-widget_type=\"image.default\">\n\t\t\t\t<div class=\"elementor-widget-container\">\n\t\t\t\t\t\t\t\t\t\t\t\t\t\t\t<img decoding=\"async\" width=\"30\" height=\"30\" src=\"https:\/\/www.destinationimagination.org\/wp-content\/uploads\/orange-box.jpg\" class=\"attachment-large size-large wp-image-3314\" alt=\"orange box\" srcset=\"https:\/\/www.destinationimagination.org\/wp-content\/uploads\/orange-box.jpg 30w, https:\/\/www.destinationimagination.org\/wp-content\/uploads\/orange-box-12x12.jpg 12w\" sizes=\"(max-width: 30px) 100vw, 30px\" \/>\t\t\t\t\t\t\t\t\t\t\t\t\t\t\t<\/div>\n\t\t\t\t<\/div>\n\t\t\t\t<div class=\"elementor-element elementor-element-218fbdc elementor-widget__width-auto elementor-widget elementor-widget-heading\" data-id=\"218fbdc\" data-element_type=\"widget\" data-e-type=\"widget\" data-settings=\"{&quot;_animation&quot;:&quot;none&quot;}\" data-widget_type=\"heading.default\">\n\t\t\t\t<div class=\"elementor-widget-container\">\n\t\t\t\t\t<h3 class=\"elementor-heading-title elementor-size-default\">Esclarecimentos publicados em 2025-26<\/h3>\t\t\t\t<\/div>\n\t\t\t\t<\/div>\n\t\t\t\t\t<\/div>\n\t\t<\/div>\n\t\t\t\t\t<\/div>\n\t\t<\/section>\n\t\t\t\t<div class=\"elementor-element elementor-element-ae4703e elementor-widget elementor-widget-image\" data-id=\"ae4703e\" data-element_type=\"widget\" data-e-type=\"widget\" data-widget_type=\"image.default\">\n\t\t\t\t<div class=\"elementor-widget-container\">\n\t\t\t\t\t\t\t\t\t\t\t\t\t\t\t<img fetchpriority=\"high\" decoding=\"async\" width=\"1377\" height=\"2159\" src=\"https:\/\/www.destinationimagination.org\/wp-content\/uploads\/Engineering-Above-and-Beyond.jpg\" class=\"attachment-full size-full wp-image-33553\" alt=\"Engineering Above and Beyond Icon with weights and arrows\" \/>\t\t\t\t\t\t\t\t\t\t\t\t\t\t\t<\/div>\n\t\t\t\t<\/div>\n\t\t\t\t<section class=\"elementor-section elementor-inner-section elementor-element elementor-element-10469b3 elementor-section-boxed elementor-section-height-default elementor-section-height-default\" data-id=\"10469b3\" data-element_type=\"section\" data-e-type=\"section\">\n\t\t\t\t\t\t<div class=\"elementor-container elementor-column-gap-default\">\n\t\t\t\t\t<div class=\"elementor-column elementor-col-100 elementor-inner-column elementor-element elementor-element-748aaf9\" data-id=\"748aaf9\" data-element_type=\"column\" data-e-type=\"column\">\n\t\t\t<div class=\"elementor-widget-wrap elementor-element-populated\">\n\t\t\t\t\t\t<div class=\"elementor-element elementor-element-9edb6df elementor-widget elementor-widget-text-editor\" data-id=\"9edb6df\" data-element_type=\"widget\" data-e-type=\"widget\" data-widget_type=\"text-editor.default\">\n\t\t\t\t<div class=\"elementor-widget-container\">\n\t\t\t\t\t\t\t\t\t<h3>Espera-se que cada equipe conhe\u00e7a o Publicado<br \/>Esclarecimentos para o seu Desafio.<\/h3><p>O prazo para solicitar um Esclarecimento \u00e0 Equipe \u00e9 31 de janeiro de 2026, \u00e0s 23h59, hor\u00e1rio do Pac\u00edfico.<\/p><p><span style=\"color: #ff6600; font-family: Montserrat; font-size: 20px; font-weight: bold; text-transform: uppercase;\">#1 18 DE NOVEMBRO DE 2025<\/span><\/p><div>No Desafio, a Se\u00e7\u00e3o ID2 deve ser lida da seguinte forma: \u201cA \u00c1rea de Teste incluir\u00e1 uma Zona Base e 12 Zonas de Medi\u00e7\u00e3o em cada lado, totalizando 24 Zonas de Medi\u00e7\u00e3o. As Zonas de Medi\u00e7\u00e3o ser\u00e3o numeradas de 1 a 12 em ambos os lados da Zona Base. A Zona de Medi\u00e7\u00e3o mais pr\u00f3xima da Zona Base em cada lado ser\u00e1 denominada Zona de Medi\u00e7\u00e3o 1.\u201d<\/div>\t\t\t\t\t\t\t\t<\/div>\n\t\t\t\t<\/div>\n\t\t\t\t\t<\/div>\n\t\t<\/div>\n\t\t\t\t\t<\/div>\n\t\t<\/section>\n\t\t\t\t\t<\/div>\n\t\t<\/div>\n\t\t\t\t\t<\/div>\n\t\t<\/section>\n\t\t\t\t<\/div>","protected":false},"excerpt":{"rendered":"<p>2025-26 Published Clarifications Every team is expected to know the PublishedClarifications for its Challenge. The deadline to ask a Team Clarification is January 31, 2026, at 11:59 pm Pacific Time. #1 NOVEMBER 18, 2025 In the Challenge, Section I.D.2 should read: &#8220;The Testing Area will include a Base Zone and 12 Measurement Zones on each [&hellip;]<\/p>\n","protected":false},"author":2,"featured_media":33553,"parent":4041,"menu_order":0,"comment_status":"closed","ping_status":"closed","template":"","meta":{"content-type":"","inline_featured_image":false,"footnotes":""},"class_list":["post-33567","page","type-page","status-publish","has-post-thumbnail","hentry"],"yoast_head":"<!-- This site is optimized with the Yoast SEO plugin v27.2 - https:\/\/yoast.com\/product\/yoast-seo-wordpress\/ -->\n<title>Engineering - Above and Beyond - Destination Imagination<\/title>\n<meta name=\"robots\" content=\"index, follow, max-snippet:-1, max-image-preview:large, max-video-preview:-1\" \/>\n<link rel=\"canonical\" href=\"https:\/\/www.destinationimagination.org\/pt\/challenge-experience\/engineering-above-and-beyond\/\" \/>\n<meta property=\"og:locale\" content=\"pt_PT\" \/>\n<meta property=\"og:type\" content=\"article\" \/>\n<meta property=\"og:title\" content=\"Engineering - Above and Beyond - Destination Imagination\" \/>\n<meta property=\"og:description\" content=\"2025-26 Published Clarifications Every team is expected to know the PublishedClarifications for its Challenge. The deadline to ask a Team Clarification is January 31, 2026, at 11:59 pm Pacific Time. #1 NOVEMBER 18, 2025 In the Challenge, Section I.D.2 should read: &#8220;The Testing Area will include a Base Zone and 12 Measurement Zones on each [&hellip;]\" \/>\n<meta property=\"og:url\" content=\"https:\/\/www.destinationimagination.org\/pt\/challenge-experience\/engineering-above-and-beyond\/\" \/>\n<meta property=\"og:site_name\" content=\"Destination Imagination\" \/>\n<meta property=\"article:modified_time\" content=\"2025-11-18T15:12:43+00:00\" \/>\n<meta property=\"og:image\" content=\"https:\/\/www.destinationimagination.org\/wp-content\/uploads\/Engineering-Above-and-Beyond.jpg\" \/>\n\t<meta property=\"og:image:width\" content=\"1377\" \/>\n\t<meta property=\"og:image:height\" content=\"2159\" \/>\n\t<meta property=\"og:image:type\" content=\"image\/jpeg\" \/>\n<meta name=\"twitter:card\" content=\"summary_large_image\" \/>\n<meta name=\"twitter:label1\" content=\"Tempo estimado de leitura\" \/>\n\t<meta name=\"twitter:data1\" content=\"1 minuto\" \/>\n<script type=\"application\/ld+json\" class=\"yoast-schema-graph\">{\"@context\":\"https:\/\/schema.org\",\"@graph\":[{\"@type\":\"WebPage\",\"@id\":\"https:\/\/www.destinationimagination.org\/challenge-experience\/engineering-above-and-beyond\/\",\"url\":\"https:\/\/www.destinationimagination.org\/challenge-experience\/engineering-above-and-beyond\/\",\"name\":\"Engineering - Above and Beyond - Destination Imagination\",\"isPartOf\":{\"@id\":\"https:\/\/www.destinationimagination.org\/es\/#website\"},\"primaryImageOfPage\":{\"@id\":\"https:\/\/www.destinationimagination.org\/challenge-experience\/engineering-above-and-beyond\/#primaryimage\"},\"image\":{\"@id\":\"https:\/\/www.destinationimagination.org\/challenge-experience\/engineering-above-and-beyond\/#primaryimage\"},\"thumbnailUrl\":\"https:\/\/www.destinationimagination.org\/wp-content\/uploads\/Engineering-Above-and-Beyond.jpg\",\"datePublished\":\"2025-07-28T14:40:30+00:00\",\"dateModified\":\"2025-11-18T15:12:43+00:00\",\"breadcrumb\":{\"@id\":\"https:\/\/www.destinationimagination.org\/challenge-experience\/engineering-above-and-beyond\/#breadcrumb\"},\"inLanguage\":\"pt-PT\",\"potentialAction\":[{\"@type\":\"ReadAction\",\"target\":[\"https:\/\/www.destinationimagination.org\/challenge-experience\/engineering-above-and-beyond\/\"]}]},{\"@type\":\"ImageObject\",\"inLanguage\":\"pt-PT\",\"@id\":\"https:\/\/www.destinationimagination.org\/challenge-experience\/engineering-above-and-beyond\/#primaryimage\",\"url\":\"https:\/\/www.destinationimagination.org\/wp-content\/uploads\/Engineering-Above-and-Beyond.jpg\",\"contentUrl\":\"https:\/\/www.destinationimagination.org\/wp-content\/uploads\/Engineering-Above-and-Beyond.jpg\",\"width\":1377,\"height\":2159,\"caption\":\"Engineering Above and Beyond Icon with weights and arrows\"},{\"@type\":\"BreadcrumbList\",\"@id\":\"https:\/\/www.destinationimagination.org\/challenge-experience\/engineering-above-and-beyond\/#breadcrumb\",\"itemListElement\":[{\"@type\":\"ListItem\",\"position\":1,\"name\":\"Home\",\"item\":\"https:\/\/www.destinationimagination.org\/\"},{\"@type\":\"ListItem\",\"position\":2,\"name\":\"Challenge Experience\",\"item\":\"https:\/\/www.destinationimagination.org\/challenge-experience\/\"},{\"@type\":\"ListItem\",\"position\":3,\"name\":\"Engineering &#8211; Above and Beyond\"}]},{\"@type\":\"WebSite\",\"@id\":\"https:\/\/www.destinationimagination.org\/es\/#website\",\"url\":\"https:\/\/www.destinationimagination.org\/es\/\",\"name\":\"Destination Imagination\",\"description\":\"A creative, team-focused, STEAM competition for K-12 and university students.\",\"potentialAction\":[{\"@type\":\"SearchAction\",\"target\":{\"@type\":\"EntryPoint\",\"urlTemplate\":\"https:\/\/www.destinationimagination.org\/es\/?s={search_term_string}\"},\"query-input\":{\"@type\":\"PropertyValueSpecification\",\"valueRequired\":true,\"valueName\":\"search_term_string\"}}],\"inLanguage\":\"pt-PT\"}]}<\/script>\n<!-- \/ Yoast SEO plugin. -->","yoast_head_json":{"title":"Engenharia - Acima e Al\u00e9m - Imagina\u00e7\u00e3o de Destino","robots":{"index":"index","follow":"follow","max-snippet":"max-snippet:-1","max-image-preview":"max-image-preview:large","max-video-preview":"max-video-preview:-1"},"canonical":"https:\/\/www.destinationimagination.org\/pt\/challenge-experience\/engineering-above-and-beyond\/","og_locale":"pt_PT","og_type":"article","og_title":"Engineering - Above and Beyond - Destination Imagination","og_description":"2025-26 Published Clarifications Every team is expected to know the PublishedClarifications for its Challenge. The deadline to ask a Team Clarification is January 31, 2026, at 11:59 pm Pacific Time. #1 NOVEMBER 18, 2025 In the Challenge, Section I.D.2 should read: &#8220;The Testing Area will include a Base Zone and 12 Measurement Zones on each [&hellip;]","og_url":"https:\/\/www.destinationimagination.org\/pt\/challenge-experience\/engineering-above-and-beyond\/","og_site_name":"Destination Imagination","article_modified_time":"2025-11-18T15:12:43+00:00","og_image":[{"width":1377,"height":2159,"url":"https:\/\/www.destinationimagination.org\/wp-content\/uploads\/Engineering-Above-and-Beyond.jpg","type":"image\/jpeg"}],"twitter_card":"summary_large_image","twitter_misc":{"Tempo estimado de leitura":"1 minuto"},"schema":{"@context":"https:\/\/schema.org","@graph":[{"@type":"WebPage","@id":"https:\/\/www.destinationimagination.org\/challenge-experience\/engineering-above-and-beyond\/","url":"https:\/\/www.destinationimagination.org\/challenge-experience\/engineering-above-and-beyond\/","name":"Engenharia - Acima e Al\u00e9m - Imagina\u00e7\u00e3o de Destino","isPartOf":{"@id":"https:\/\/www.destinationimagination.org\/es\/#website"},"primaryImageOfPage":{"@id":"https:\/\/www.destinationimagination.org\/challenge-experience\/engineering-above-and-beyond\/#primaryimage"},"image":{"@id":"https:\/\/www.destinationimagination.org\/challenge-experience\/engineering-above-and-beyond\/#primaryimage"},"thumbnailUrl":"https:\/\/www.destinationimagination.org\/wp-content\/uploads\/Engineering-Above-and-Beyond.jpg","datePublished":"2025-07-28T14:40:30+00:00","dateModified":"2025-11-18T15:12:43+00:00","breadcrumb":{"@id":"https:\/\/www.destinationimagination.org\/challenge-experience\/engineering-above-and-beyond\/#breadcrumb"},"inLanguage":"pt-PT","potentialAction":[{"@type":"ReadAction","target":["https:\/\/www.destinationimagination.org\/challenge-experience\/engineering-above-and-beyond\/"]}]},{"@type":"ImageObject","inLanguage":"pt-PT","@id":"https:\/\/www.destinationimagination.org\/challenge-experience\/engineering-above-and-beyond\/#primaryimage","url":"https:\/\/www.destinationimagination.org\/wp-content\/uploads\/Engineering-Above-and-Beyond.jpg","contentUrl":"https:\/\/www.destinationimagination.org\/wp-content\/uploads\/Engineering-Above-and-Beyond.jpg","width":1377,"height":2159,"caption":"Engineering Above and Beyond Icon with weights and arrows"},{"@type":"BreadcrumbList","@id":"https:\/\/www.destinationimagination.org\/challenge-experience\/engineering-above-and-beyond\/#breadcrumb","itemListElement":[{"@type":"ListItem","position":1,"name":"Home","item":"https:\/\/www.destinationimagination.org\/"},{"@type":"ListItem","position":2,"name":"Challenge Experience","item":"https:\/\/www.destinationimagination.org\/challenge-experience\/"},{"@type":"ListItem","position":3,"name":"Engineering &#8211; Above and Beyond"}]},{"@type":"WebSite","@id":"https:\/\/www.destinationimagination.org\/es\/#website","url":"https:\/\/www.destinationimagination.org\/es\/","name":"Imagina\u00e7\u00e3o de destino","description":"Uma competi\u00e7\u00e3o STEAM criativa e focada em equipes para estudantes de ensino fundamental e m\u00e9dio e universit\u00e1rios.","potentialAction":[{"@type":"SearchAction","target":{"@type":"EntryPoint","urlTemplate":"https:\/\/www.destinationimagination.org\/es\/?s={search_term_string}"},"query-input":{"@type":"PropertyValueSpecification","valueRequired":true,"valueName":"search_term_string"}}],"inLanguage":"pt-PT"}]}},"_links":{"self":[{"href":"https:\/\/www.destinationimagination.org\/pt\/wp-json\/wp\/v2\/pages\/33567","targetHints":{"allow":["GET"]}}],"collection":[{"href":"https:\/\/www.destinationimagination.org\/pt\/wp-json\/wp\/v2\/pages"}],"about":[{"href":"https:\/\/www.destinationimagination.org\/pt\/wp-json\/wp\/v2\/types\/page"}],"author":[{"embeddable":true,"href":"https:\/\/www.destinationimagination.org\/pt\/wp-json\/wp\/v2\/users\/2"}],"replies":[{"embeddable":true,"href":"https:\/\/www.destinationimagination.org\/pt\/wp-json\/wp\/v2\/comments?post=33567"}],"version-history":[{"count":12,"href":"https:\/\/www.destinationimagination.org\/pt\/wp-json\/wp\/v2\/pages\/33567\/revisions"}],"predecessor-version":[{"id":34628,"href":"https:\/\/www.destinationimagination.org\/pt\/wp-json\/wp\/v2\/pages\/33567\/revisions\/34628"}],"up":[{"embeddable":true,"href":"https:\/\/www.destinationimagination.org\/pt\/wp-json\/wp\/v2\/pages\/4041"}],"wp:featuredmedia":[{"embeddable":true,"href":"https:\/\/www.destinationimagination.org\/pt\/wp-json\/wp\/v2\/media\/33553"}],"wp:attachment":[{"href":"https:\/\/www.destinationimagination.org\/pt\/wp-json\/wp\/v2\/media?parent=33567"}],"curies":[{"name":"wp","href":"https:\/\/api.w.org\/{rel}","templated":true}]}}