{"id":25644,"date":"2022-08-01T10:52:19","date_gmt":"2022-08-01T14:52:19","guid":{"rendered":"https:\/\/www.destinationimagination.org\/?page_id=25644"},"modified":"2022-08-01T11:00:51","modified_gmt":"2022-08-01T15:00:51","slug":"technical-piece-by-piece","status":"publish","type":"page","link":"https:\/\/www.destinationimagination.org\/tr\/challenge-experience\/technical-piece-by-piece\/","title":{"rendered":"Teknik: Par\u00e7a Par\u00e7a"},"content":{"rendered":"<div data-elementor-type=\"wp-page\" data-elementor-id=\"25644\" class=\"elementor elementor-25644\" data-elementor-post-type=\"page\">\n\t\t\t\t\t\t<section class=\"elementor-section elementor-top-section elementor-element elementor-element-aad090f elementor-section-boxed elementor-section-height-default elementor-section-height-default\" data-id=\"aad090f\" data-element_type=\"section\" data-e-type=\"section\">\n\t\t\t\t\t\t<div class=\"elementor-container elementor-column-gap-default\">\n\t\t\t\t\t<div class=\"elementor-column elementor-col-100 elementor-top-column elementor-element elementor-element-15cda5b\" data-id=\"15cda5b\" data-element_type=\"column\" data-e-type=\"column\">\n\t\t\t<div class=\"elementor-widget-wrap elementor-element-populated\">\n\t\t\t\t\t\t<section class=\"elementor-section elementor-inner-section elementor-element elementor-element-293f352 elementor-section-content-middle elementor-section-boxed elementor-section-height-default elementor-section-height-default\" data-id=\"293f352\" data-element_type=\"section\" data-e-type=\"section\">\n\t\t\t\t\t\t<div class=\"elementor-container elementor-column-gap-no\">\n\t\t\t\t\t<div class=\"elementor-column elementor-col-100 elementor-inner-column elementor-element elementor-element-3de7f36\" data-id=\"3de7f36\" data-element_type=\"column\" data-e-type=\"column\">\n\t\t\t<div class=\"elementor-widget-wrap elementor-element-populated\">\n\t\t\t\t\t\t<div class=\"elementor-element elementor-element-3544fca elementor-widget__width-auto elementor-invisible elementor-widget elementor-widget-image\" data-id=\"3544fca\" data-element_type=\"widget\" data-e-type=\"widget\" data-settings=\"{&quot;_animation&quot;:&quot;fadeInLeft&quot;}\" data-widget_type=\"image.default\">\n\t\t\t\t<div class=\"elementor-widget-container\">\n\t\t\t\t\t\t\t\t\t\t\t\t\t\t\t<img decoding=\"async\" width=\"30\" height=\"30\" src=\"https:\/\/www.destinationimagination.org\/wp-content\/uploads\/orange-box.jpg\" class=\"attachment-large size-large wp-image-3314\" alt=\"orange box\" srcset=\"https:\/\/www.destinationimagination.org\/wp-content\/uploads\/orange-box.jpg 30w, https:\/\/www.destinationimagination.org\/wp-content\/uploads\/orange-box-12x12.jpg 12w\" sizes=\"(max-width: 30px) 100vw, 30px\" \/>\t\t\t\t\t\t\t\t\t\t\t\t\t\t\t<\/div>\n\t\t\t\t<\/div>\n\t\t\t\t<div class=\"elementor-element elementor-element-9601093 elementor-widget__width-auto elementor-widget elementor-widget-heading\" data-id=\"9601093\" data-element_type=\"widget\" data-e-type=\"widget\" data-widget_type=\"heading.default\">\n\t\t\t\t<div class=\"elementor-widget-container\">\n\t\t\t\t\t<h3 class=\"elementor-heading-title elementor-size-default\">2022-23 Yay\u0131nlanan A\u00e7\u0131klamalar<\/h3>\t\t\t\t<\/div>\n\t\t\t\t<\/div>\n\t\t\t\t\t<\/div>\n\t\t<\/div>\n\t\t\t\t\t<\/div>\n\t\t<\/section>\n\t\t\t\t<div class=\"elementor-element elementor-element-7fa7b7b elementor-widget elementor-widget-heading\" data-id=\"7fa7b7b\" data-element_type=\"widget\" data-e-type=\"widget\" data-widget_type=\"heading.default\">\n\t\t\t\t<div class=\"elementor-widget-container\">\n\t\t\t\t\t<h1 class=\"elementor-heading-title elementor-size-default\">Teknik Zorluk <br>Par\u00e7a par\u00e7a<\/h1>\t\t\t\t<\/div>\n\t\t\t\t<\/div>\n\t\t\t\t<div class=\"elementor-element elementor-element-30eabfb elementor-widget-divider--separator-type-pattern elementor-widget-divider--view-line elementor-widget elementor-widget-divider\" data-id=\"30eabfb\" data-element_type=\"widget\" data-e-type=\"widget\" data-widget_type=\"divider.default\">\n\t\t\t\t<div class=\"elementor-widget-container\">\n\t\t\t\t\t\t\t<div class=\"elementor-divider\" style=\"--divider-pattern-url: url(&quot;data:image\/svg+xml,%3Csvg xmlns=&#039;http:\/\/www.w3.org\/2000\/svg&#039; preserveAspectRatio=&#039;none&#039; overflow=&#039;visible&#039; height=&#039;100%&#039; viewBox=&#039;0 0 24 24&#039; fill=&#039;none&#039; stroke=&#039;black&#039; stroke-width=&#039;2&#039; stroke-linecap=&#039;square&#039; stroke-miterlimit=&#039;10&#039;%3E%3Cpolyline points=&#039;0,18 12,6 24,18 &#039;\/%3E%3C\/svg%3E&quot;);\">\n\t\t\t<span class=\"elementor-divider-separator\">\n\t\t\t\t\t\t<\/span>\n\t\t<\/div>\n\t\t\t\t\t\t<\/div>\n\t\t\t\t<\/div>\n\t\t\t\t<section class=\"elementor-section elementor-inner-section elementor-element elementor-element-711e767 elementor-section-boxed elementor-section-height-default elementor-section-height-default\" data-id=\"711e767\" data-element_type=\"section\" data-e-type=\"section\">\n\t\t\t\t\t\t<div class=\"elementor-container elementor-column-gap-default\">\n\t\t\t\t\t<div class=\"elementor-column elementor-col-100 elementor-inner-column elementor-element elementor-element-a07381c elementor-invisible\" data-id=\"a07381c\" data-element_type=\"column\" data-e-type=\"column\" data-settings=\"{&quot;animation&quot;:&quot;slideInUp&quot;}\">\n\t\t\t<div class=\"elementor-widget-wrap elementor-element-populated\">\n\t\t\t\t\t\t<div class=\"elementor-element elementor-element-e9a8d67 elementor-widget elementor-widget-text-editor\" data-id=\"e9a8d67\" data-element_type=\"widget\" data-e-type=\"widget\" data-widget_type=\"text-editor.default\">\n\t\t\t\t<div class=\"elementor-widget-container\">\n\t\t\t\t\t\t\t\t\t<h3>Her tak\u0131m\u0131n Yay\u0131nlananlar\u0131 bilmesi beklenir<br \/>M\u00fccadelesi i\u00e7in A\u00e7\u0131klamalar.<\/h3><p>Ekip A\u00e7\u0131klamas\u0131 istemek i\u00e7in son tarih 31 Ocak 2023, Pasifik Saati ile 23:59&#039;dur.<\/p>\t\t\t\t\t\t\t\t<\/div>\n\t\t\t\t<\/div>\n\t\t\t\t<div class=\"elementor-element elementor-element-eb69914 elementor-widget elementor-widget-image\" data-id=\"eb69914\" data-element_type=\"widget\" data-e-type=\"widget\" data-widget_type=\"image.default\">\n\t\t\t\t<div class=\"elementor-widget-container\">\n\t\t\t\t\t\t\t\t\t\t\t\t\t\t\t<img fetchpriority=\"high\" decoding=\"async\" width=\"432\" height=\"432\" src=\"https:\/\/www.destinationimagination.org\/wp-content\/uploads\/Technical-Piece-by-Piece.png\" class=\"attachment-full size-full wp-image-10696\" alt=\"Technical-Piece by Piece\" srcset=\"https:\/\/www.destinationimagination.org\/wp-content\/uploads\/Technical-Piece-by-Piece.png 432w, https:\/\/www.destinationimagination.org\/wp-content\/uploads\/Technical-Piece-by-Piece-300x300.png 300w, https:\/\/www.destinationimagination.org\/wp-content\/uploads\/Technical-Piece-by-Piece-150x150.png 150w, https:\/\/www.destinationimagination.org\/wp-content\/uploads\/Technical-Piece-by-Piece-12x12.png 12w\" sizes=\"(max-width: 432px) 100vw, 432px\" \/>\t\t\t\t\t\t\t\t\t\t\t\t\t\t\t<\/div>\n\t\t\t\t<\/div>\n\t\t\t\t<div class=\"elementor-element elementor-element-4b7d449 elementor-widget elementor-widget-text-editor\" data-id=\"4b7d449\" data-element_type=\"widget\" data-e-type=\"widget\" data-widget_type=\"text-editor.default\">\n\t\t\t\t<div class=\"elementor-widget-container\">\n\t\t\t\t\t\t\t\t\t<p><strong>\u015eu anda 2022-23 Teknik Yar\u0131\u015fmas\u0131 i\u00e7in herhangi bir A\u00e7\u0131klama yok. <\/strong><br \/><strong>L\u00fctfen g\u00fcncellemeler i\u00e7in tekrar kontrol edin.\u00a0<\/strong><\/p>\t\t\t\t\t\t\t\t<\/div>\n\t\t\t\t<\/div>\n\t\t\t\t\t<\/div>\n\t\t<\/div>\n\t\t\t\t\t<\/div>\n\t\t<\/section>\n\t\t\t\t\t<\/div>\n\t\t<\/div>\n\t\t\t\t\t<\/div>\n\t\t<\/section>\n\t\t\t\t<\/div>","protected":false},"excerpt":{"rendered":"<p>2022-23 Teknik Yar\u0131\u015fmas\u0131 \u0130\u00e7in Yay\u0131nlanm\u0131\u015f A\u00e7\u0131klamalar Par\u00e7a Par\u00e7a Her tak\u0131m\u0131n kendi yar\u0131\u015fmas\u0131 i\u00e7in Yay\u0131nlanm\u0131\u015f A\u00e7\u0131klamalar\u0131 bilmesi beklenmektedir. Tak\u0131m A\u00e7\u0131klamas\u0131 isteme son tarihi 31 Ocak 2023, Pasifik Saatiyle 23:59&#039;dur. \u015eu anda 2022-23 Teknik Yar\u0131\u015fmas\u0131 i\u00e7in herhangi bir A\u00e7\u0131klama bulunmamaktad\u0131r. L\u00fctfen g\u00fcncellemeler i\u00e7in tekrar kontrol edin.\u00a0<\/p>","protected":false},"author":2,"featured_media":10696,"parent":4041,"menu_order":0,"comment_status":"closed","ping_status":"closed","template":"","meta":{"content-type":"","inline_featured_image":false,"footnotes":""},"class_list":["post-25644","page","type-page","status-publish","has-post-thumbnail","hentry"],"yoast_head":"<!-- This site is optimized with the Yoast SEO plugin v27.2 - https:\/\/yoast.com\/product\/yoast-seo-wordpress\/ -->\n<title>Technical: Piece By Piece - Destination Imagination<\/title>\n<meta name=\"robots\" content=\"index, follow, max-snippet:-1, max-image-preview:large, max-video-preview:-1\" \/>\n<link rel=\"canonical\" href=\"https:\/\/www.destinationimagination.org\/tr\/challenge-experience\/technical-piece-by-piece\/\" \/>\n<meta property=\"og:locale\" content=\"tr_TR\" \/>\n<meta property=\"og:type\" content=\"article\" \/>\n<meta property=\"og:title\" content=\"Technical: Piece By Piece - Destination Imagination\" \/>\n<meta property=\"og:description\" content=\"2022-23 Published Clarifications Technical Challenge Piece By Piece Every team is expected to know the PublishedClarifications for its Challenge. The deadline to ask a Team Clarification is January 31, 2023, at 11:59 pm Pacific Time. There are currently no Clarifications for the 2022-23 Technical Challenge. Please check back for updates.\u00a0\" \/>\n<meta property=\"og:url\" content=\"https:\/\/www.destinationimagination.org\/tr\/challenge-experience\/technical-piece-by-piece\/\" \/>\n<meta property=\"og:site_name\" content=\"Destination Imagination\" \/>\n<meta property=\"article:modified_time\" content=\"2022-08-01T15:00:51+00:00\" \/>\n<meta property=\"og:image\" content=\"https:\/\/www.destinationimagination.org\/wp-content\/uploads\/Technical-Piece-by-Piece.png\" \/>\n\t<meta property=\"og:image:width\" content=\"432\" \/>\n\t<meta property=\"og:image:height\" content=\"432\" \/>\n\t<meta property=\"og:image:type\" content=\"image\/png\" \/>\n<meta name=\"twitter:card\" content=\"summary_large_image\" \/>\n<meta name=\"twitter:label1\" content=\"Tahmini okuma s\u00fcresi\" \/>\n\t<meta name=\"twitter:data1\" content=\"1 dakika\" \/>\n<script type=\"application\/ld+json\" class=\"yoast-schema-graph\">{\"@context\":\"https:\/\/schema.org\",\"@graph\":[{\"@type\":\"WebPage\",\"@id\":\"https:\/\/www.destinationimagination.org\/challenge-experience\/technical-piece-by-piece\/\",\"url\":\"https:\/\/www.destinationimagination.org\/challenge-experience\/technical-piece-by-piece\/\",\"name\":\"Technical: Piece By Piece - Destination Imagination\",\"isPartOf\":{\"@id\":\"https:\/\/www.destinationimagination.org\/es\/#website\"},\"primaryImageOfPage\":{\"@id\":\"https:\/\/www.destinationimagination.org\/challenge-experience\/technical-piece-by-piece\/#primaryimage\"},\"image\":{\"@id\":\"https:\/\/www.destinationimagination.org\/challenge-experience\/technical-piece-by-piece\/#primaryimage\"},\"thumbnailUrl\":\"https:\/\/www.destinationimagination.org\/wp-content\/uploads\/Technical-Piece-by-Piece.png\",\"datePublished\":\"2022-08-01T14:52:19+00:00\",\"dateModified\":\"2022-08-01T15:00:51+00:00\",\"breadcrumb\":{\"@id\":\"https:\/\/www.destinationimagination.org\/challenge-experience\/technical-piece-by-piece\/#breadcrumb\"},\"inLanguage\":\"tr\",\"potentialAction\":[{\"@type\":\"ReadAction\",\"target\":[\"https:\/\/www.destinationimagination.org\/challenge-experience\/technical-piece-by-piece\/\"]}]},{\"@type\":\"ImageObject\",\"inLanguage\":\"tr\",\"@id\":\"https:\/\/www.destinationimagination.org\/challenge-experience\/technical-piece-by-piece\/#primaryimage\",\"url\":\"https:\/\/www.destinationimagination.org\/wp-content\/uploads\/Technical-Piece-by-Piece.png\",\"contentUrl\":\"https:\/\/www.destinationimagination.org\/wp-content\/uploads\/Technical-Piece-by-Piece.png\",\"width\":432,\"height\":432,\"caption\":\"Technical-Piece by Piece\"},{\"@type\":\"BreadcrumbList\",\"@id\":\"https:\/\/www.destinationimagination.org\/challenge-experience\/technical-piece-by-piece\/#breadcrumb\",\"itemListElement\":[{\"@type\":\"ListItem\",\"position\":1,\"name\":\"Home\",\"item\":\"https:\/\/www.destinationimagination.org\/\"},{\"@type\":\"ListItem\",\"position\":2,\"name\":\"Challenge Experience\",\"item\":\"https:\/\/www.destinationimagination.org\/challenge-experience\/\"},{\"@type\":\"ListItem\",\"position\":3,\"name\":\"Technical: Piece By Piece\"}]},{\"@type\":\"WebSite\",\"@id\":\"https:\/\/www.destinationimagination.org\/es\/#website\",\"url\":\"https:\/\/www.destinationimagination.org\/es\/\",\"name\":\"Destination Imagination\",\"description\":\"A creative, team-focused, STEAM competition for K-12 and university students.\",\"potentialAction\":[{\"@type\":\"SearchAction\",\"target\":{\"@type\":\"EntryPoint\",\"urlTemplate\":\"https:\/\/www.destinationimagination.org\/es\/?s={search_term_string}\"},\"query-input\":{\"@type\":\"PropertyValueSpecification\",\"valueRequired\":true,\"valueName\":\"search_term_string\"}}],\"inLanguage\":\"tr\"}]}<\/script>\n<!-- \/ Yoast SEO plugin. -->","yoast_head_json":{"title":"Teknik: Par\u00e7a Par\u00e7a - Hayal G\u00fcc\u00fcne Yolculuk","robots":{"index":"index","follow":"follow","max-snippet":"max-snippet:-1","max-image-preview":"max-image-preview:large","max-video-preview":"max-video-preview:-1"},"canonical":"https:\/\/www.destinationimagination.org\/tr\/challenge-experience\/technical-piece-by-piece\/","og_locale":"tr_TR","og_type":"article","og_title":"Technical: Piece By Piece - Destination Imagination","og_description":"2022-23 Published Clarifications Technical Challenge Piece By Piece Every team is expected to know the PublishedClarifications for its Challenge. The deadline to ask a Team Clarification is January 31, 2023, at 11:59 pm Pacific Time. There are currently no Clarifications for the 2022-23 Technical Challenge. Please check back for updates.\u00a0","og_url":"https:\/\/www.destinationimagination.org\/tr\/challenge-experience\/technical-piece-by-piece\/","og_site_name":"Destination Imagination","article_modified_time":"2022-08-01T15:00:51+00:00","og_image":[{"width":432,"height":432,"url":"https:\/\/www.destinationimagination.org\/wp-content\/uploads\/Technical-Piece-by-Piece.png","type":"image\/png"}],"twitter_card":"summary_large_image","twitter_misc":{"Tahmini okuma s\u00fcresi":"1 dakika"},"schema":{"@context":"https:\/\/schema.org","@graph":[{"@type":"WebPage","@id":"https:\/\/www.destinationimagination.org\/challenge-experience\/technical-piece-by-piece\/","url":"https:\/\/www.destinationimagination.org\/challenge-experience\/technical-piece-by-piece\/","name":"Teknik: Par\u00e7a Par\u00e7a - Hayal G\u00fcc\u00fcne Yolculuk","isPartOf":{"@id":"https:\/\/www.destinationimagination.org\/es\/#website"},"primaryImageOfPage":{"@id":"https:\/\/www.destinationimagination.org\/challenge-experience\/technical-piece-by-piece\/#primaryimage"},"image":{"@id":"https:\/\/www.destinationimagination.org\/challenge-experience\/technical-piece-by-piece\/#primaryimage"},"thumbnailUrl":"https:\/\/www.destinationimagination.org\/wp-content\/uploads\/Technical-Piece-by-Piece.png","datePublished":"2022-08-01T14:52:19+00:00","dateModified":"2022-08-01T15:00:51+00:00","breadcrumb":{"@id":"https:\/\/www.destinationimagination.org\/challenge-experience\/technical-piece-by-piece\/#breadcrumb"},"inLanguage":"tr","potentialAction":[{"@type":"ReadAction","target":["https:\/\/www.destinationimagination.org\/challenge-experience\/technical-piece-by-piece\/"]}]},{"@type":"ImageObject","inLanguage":"tr","@id":"https:\/\/www.destinationimagination.org\/challenge-experience\/technical-piece-by-piece\/#primaryimage","url":"https:\/\/www.destinationimagination.org\/wp-content\/uploads\/Technical-Piece-by-Piece.png","contentUrl":"https:\/\/www.destinationimagination.org\/wp-content\/uploads\/Technical-Piece-by-Piece.png","width":432,"height":432,"caption":"Technical-Piece by Piece"},{"@type":"BreadcrumbList","@id":"https:\/\/www.destinationimagination.org\/challenge-experience\/technical-piece-by-piece\/#breadcrumb","itemListElement":[{"@type":"ListItem","position":1,"name":"Home","item":"https:\/\/www.destinationimagination.org\/"},{"@type":"ListItem","position":2,"name":"Challenge Experience","item":"https:\/\/www.destinationimagination.org\/challenge-experience\/"},{"@type":"ListItem","position":3,"name":"Technical: Piece By Piece"}]},{"@type":"WebSite","@id":"https:\/\/www.destinationimagination.org\/es\/#website","url":"https:\/\/www.destinationimagination.org\/es\/","name":"Hedef Hayal G\u00fcc\u00fc","description":"K-12 ve \u00fcniversite \u00f6\u011frencileri i\u00e7in yarat\u0131c\u0131, tak\u0131m odakl\u0131, STEAM yar\u0131\u015fmas\u0131.","potentialAction":[{"@type":"SearchAction","target":{"@type":"EntryPoint","urlTemplate":"https:\/\/www.destinationimagination.org\/es\/?s={search_term_string}"},"query-input":{"@type":"PropertyValueSpecification","valueRequired":true,"valueName":"search_term_string"}}],"inLanguage":"tr"}]}},"_links":{"self":[{"href":"https:\/\/www.destinationimagination.org\/tr\/wp-json\/wp\/v2\/pages\/25644","targetHints":{"allow":["GET"]}}],"collection":[{"href":"https:\/\/www.destinationimagination.org\/tr\/wp-json\/wp\/v2\/pages"}],"about":[{"href":"https:\/\/www.destinationimagination.org\/tr\/wp-json\/wp\/v2\/types\/page"}],"author":[{"embeddable":true,"href":"https:\/\/www.destinationimagination.org\/tr\/wp-json\/wp\/v2\/users\/2"}],"replies":[{"embeddable":true,"href":"https:\/\/www.destinationimagination.org\/tr\/wp-json\/wp\/v2\/comments?post=25644"}],"version-history":[{"count":10,"href":"https:\/\/www.destinationimagination.org\/tr\/wp-json\/wp\/v2\/pages\/25644\/revisions"}],"predecessor-version":[{"id":25655,"href":"https:\/\/www.destinationimagination.org\/tr\/wp-json\/wp\/v2\/pages\/25644\/revisions\/25655"}],"up":[{"embeddable":true,"href":"https:\/\/www.destinationimagination.org\/tr\/wp-json\/wp\/v2\/pages\/4041"}],"wp:featuredmedia":[{"embeddable":true,"href":"https:\/\/www.destinationimagination.org\/tr\/wp-json\/wp\/v2\/media\/10696"}],"wp:attachment":[{"href":"https:\/\/www.destinationimagination.org\/tr\/wp-json\/wp\/v2\/media?parent=25644"}],"curies":[{"name":"wp","href":"https:\/\/api.w.org\/{rel}","templated":true}]}}