{"id":25738,"date":"2022-08-08T10:45:08","date_gmt":"2022-08-08T14:45:08","guid":{"rendered":"https:\/\/www.destinationimagination.org\/?page_id=25738"},"modified":"2023-01-18T15:05:48","modified_gmt":"2023-01-18T20:05:48","slug":"engineering-thrill-ride","status":"publish","type":"page","link":"https:\/\/www.destinationimagination.org\/tr\/challenge-experience\/engineering-thrill-ride\/","title":{"rendered":"M\u00fchendislik: Heyecan S\u00fcr\u00fc\u015f\u00fc"},"content":{"rendered":"<div data-elementor-type=\"wp-page\" data-elementor-id=\"25738\" class=\"elementor elementor-25738\" data-elementor-post-type=\"page\">\n\t\t\t\t\t\t<section class=\"elementor-section elementor-top-section elementor-element elementor-element-51296a3 elementor-section-boxed elementor-section-height-default elementor-section-height-default\" data-id=\"51296a3\" data-element_type=\"section\" data-e-type=\"section\">\n\t\t\t\t\t\t<div class=\"elementor-container elementor-column-gap-default\">\n\t\t\t\t\t<div class=\"elementor-column elementor-col-100 elementor-top-column elementor-element elementor-element-2860b28\" data-id=\"2860b28\" data-element_type=\"column\" data-e-type=\"column\">\n\t\t\t<div class=\"elementor-widget-wrap elementor-element-populated\">\n\t\t\t\t\t\t<section class=\"elementor-section elementor-inner-section elementor-element elementor-element-8a846de elementor-section-content-middle elementor-section-boxed elementor-section-height-default elementor-section-height-default\" data-id=\"8a846de\" data-element_type=\"section\" data-e-type=\"section\">\n\t\t\t\t\t\t<div class=\"elementor-container elementor-column-gap-no\">\n\t\t\t\t\t<div class=\"elementor-column elementor-col-100 elementor-inner-column elementor-element elementor-element-2783e10\" data-id=\"2783e10\" data-element_type=\"column\" data-e-type=\"column\">\n\t\t\t<div class=\"elementor-widget-wrap elementor-element-populated\">\n\t\t\t\t\t\t<div class=\"elementor-element elementor-element-04eb995 elementor-widget__width-auto elementor-invisible elementor-widget elementor-widget-image\" data-id=\"04eb995\" data-element_type=\"widget\" data-e-type=\"widget\" data-settings=\"{&quot;_animation&quot;:&quot;fadeInLeft&quot;}\" data-widget_type=\"image.default\">\n\t\t\t\t<div class=\"elementor-widget-container\">\n\t\t\t\t\t\t\t\t\t\t\t\t\t\t\t<img decoding=\"async\" width=\"30\" height=\"30\" src=\"https:\/\/www.destinationimagination.org\/wp-content\/uploads\/orange-box.jpg\" class=\"attachment-large size-large wp-image-3314\" alt=\"orange box\" srcset=\"https:\/\/www.destinationimagination.org\/wp-content\/uploads\/orange-box.jpg 30w, https:\/\/www.destinationimagination.org\/wp-content\/uploads\/orange-box-12x12.jpg 12w\" sizes=\"(max-width: 30px) 100vw, 30px\" \/>\t\t\t\t\t\t\t\t\t\t\t\t\t\t\t<\/div>\n\t\t\t\t<\/div>\n\t\t\t\t<div class=\"elementor-element elementor-element-d046e23 elementor-widget__width-auto elementor-widget elementor-widget-heading\" data-id=\"d046e23\" data-element_type=\"widget\" data-e-type=\"widget\" data-widget_type=\"heading.default\">\n\t\t\t\t<div class=\"elementor-widget-container\">\n\t\t\t\t\t<h3 class=\"elementor-heading-title elementor-size-default\">2022-23 Yay\u0131nlanan A\u00e7\u0131klamalar<\/h3>\t\t\t\t<\/div>\n\t\t\t\t<\/div>\n\t\t\t\t\t<\/div>\n\t\t<\/div>\n\t\t\t\t\t<\/div>\n\t\t<\/section>\n\t\t\t\t<div class=\"elementor-element elementor-element-f330bab elementor-widget elementor-widget-heading\" data-id=\"f330bab\" data-element_type=\"widget\" data-e-type=\"widget\" data-widget_type=\"heading.default\">\n\t\t\t\t<div class=\"elementor-widget-container\">\n\t\t\t\t\t<h1 class=\"elementor-heading-title elementor-size-default\">M\u00fchendislik Yar\u0131\u015fmas\u0131 <br>Heyecan yolculu\u011fu<\/h1>\t\t\t\t<\/div>\n\t\t\t\t<\/div>\n\t\t\t\t<div class=\"elementor-element elementor-element-f0890fa elementor-widget-divider--separator-type-pattern elementor-widget-divider--view-line elementor-widget elementor-widget-divider\" data-id=\"f0890fa\" data-element_type=\"widget\" data-e-type=\"widget\" data-widget_type=\"divider.default\">\n\t\t\t\t<div class=\"elementor-widget-container\">\n\t\t\t\t\t\t\t<div class=\"elementor-divider\" style=\"--divider-pattern-url: url(&quot;data:image\/svg+xml,%3Csvg xmlns=&#039;http:\/\/www.w3.org\/2000\/svg&#039; preserveAspectRatio=&#039;none&#039; overflow=&#039;visible&#039; height=&#039;100%&#039; viewBox=&#039;0 0 24 24&#039; fill=&#039;none&#039; stroke=&#039;black&#039; stroke-width=&#039;2&#039; stroke-linecap=&#039;square&#039; stroke-miterlimit=&#039;10&#039;%3E%3Cpolyline points=&#039;0,18 12,6 24,18 &#039;\/%3E%3C\/svg%3E&quot;);\">\n\t\t\t<span class=\"elementor-divider-separator\">\n\t\t\t\t\t\t<\/span>\n\t\t<\/div>\n\t\t\t\t\t\t<\/div>\n\t\t\t\t<\/div>\n\t\t\t\t<section class=\"elementor-section elementor-inner-section elementor-element elementor-element-4099c68 elementor-section-boxed elementor-section-height-default elementor-section-height-default\" data-id=\"4099c68\" data-element_type=\"section\" data-e-type=\"section\">\n\t\t\t\t\t\t<div class=\"elementor-container elementor-column-gap-default\">\n\t\t\t\t\t<div class=\"elementor-column elementor-col-100 elementor-inner-column elementor-element elementor-element-177c934 elementor-invisible\" data-id=\"177c934\" data-element_type=\"column\" data-e-type=\"column\" data-settings=\"{&quot;animation&quot;:&quot;slideInUp&quot;}\">\n\t\t\t<div class=\"elementor-widget-wrap elementor-element-populated\">\n\t\t\t\t\t\t<div class=\"elementor-element elementor-element-80ab53a elementor-widget elementor-widget-text-editor\" data-id=\"80ab53a\" data-element_type=\"widget\" data-e-type=\"widget\" data-widget_type=\"text-editor.default\">\n\t\t\t\t<div class=\"elementor-widget-container\">\n\t\t\t\t\t\t\t\t\t<h3>Her tak\u0131m\u0131n Yay\u0131nlananlar\u0131 bilmesi beklenir<br \/>M\u00fccadelesi i\u00e7in A\u00e7\u0131klamalar.<\/h3><p>Ekip A\u00e7\u0131klamas\u0131 istemek i\u00e7in son tarih 31 Ocak 2023, Pasifik Saati ile 23:59&#039;dur.<\/p>\t\t\t\t\t\t\t\t<\/div>\n\t\t\t\t<\/div>\n\t\t\t\t<div class=\"elementor-element elementor-element-bebe045 elementor-widget elementor-widget-image\" data-id=\"bebe045\" data-element_type=\"widget\" data-e-type=\"widget\" data-widget_type=\"image.default\">\n\t\t\t\t<div class=\"elementor-widget-container\">\n\t\t\t\t\t\t\t\t\t\t\t\t\t\t\t<img fetchpriority=\"high\" decoding=\"async\" width=\"432\" height=\"432\" src=\"https:\/\/www.destinationimagination.org\/wp-content\/uploads\/Engineering-Thrill-Ride.png\" class=\"attachment-full size-full wp-image-10690\" alt=\"Engineering-Thrill Ride\" srcset=\"https:\/\/www.destinationimagination.org\/wp-content\/uploads\/Engineering-Thrill-Ride.png 432w, https:\/\/www.destinationimagination.org\/wp-content\/uploads\/Engineering-Thrill-Ride-300x300.png 300w, https:\/\/www.destinationimagination.org\/wp-content\/uploads\/Engineering-Thrill-Ride-150x150.png 150w, https:\/\/www.destinationimagination.org\/wp-content\/uploads\/Engineering-Thrill-Ride-12x12.png 12w\" sizes=\"(max-width: 432px) 100vw, 432px\" \/>\t\t\t\t\t\t\t\t\t\t\t\t\t\t\t<\/div>\n\t\t\t\t<\/div>\n\t\t\t\t<div class=\"elementor-element elementor-element-4b015ce elementor-widget elementor-widget-text-editor\" data-id=\"4b015ce\" data-element_type=\"widget\" data-e-type=\"widget\" data-widget_type=\"text-editor.default\">\n\t\t\t\t<div class=\"elementor-widget-container\">\n\t\t\t\t\t\t\t\t\t<h3>&nbsp;#1 6 EK\u0130M 2022<\/h3>\n<p>Yar\u0131\u015fmada, B\u00f6l\u00fcm IF5 \u015f\u00f6yle olmal\u0131d\u0131r: &quot;H\u0131z Treni Check-In Alan\u0131na gelmeden \u00f6nce, tak\u0131m\u0131n\u0131z her H\u0131z Treni par\u00e7as\u0131n\u0131 pistin ortas\u0131na yerle\u015ftirilmi\u015f bir iple haz\u0131rlamal\u0131d\u0131r, b\u00f6ylece ip ger\u00e7ek uzunlu\u011funu yans\u0131tacakt\u0131r. golf topunun hareket etti\u011fi yol.\u201d<\/p>\n<h3>&nbsp;#2 18 Ocak 2023<\/h3>\n<p>Yar\u0131\u015fmada, B\u00f6l\u00fcm IB8 \u015f\u00f6yle olmal\u0131d\u0131r: \u201cOluklu Mukavva: Kutular i\u00e7in kullan\u0131lan, tahta hamurundan yap\u0131lm\u0131\u015f, \u00fc\u00e7 katmandan olu\u015fan ve dahili k\u0131vr\u0131ml\u0131 (veya yivli) bir katmana sahip, piyasada bulunan malzeme. Oluklu mukavva 3\/16 in\u00e7 (4,5 mm) veya daha az kal\u0131nl\u0131kta olmal\u0131d\u0131r. Ka\u011f\u0131t havlu rulolar\u0131, ambalaj ka\u011f\u0131d\u0131 t\u00fcpleri, tuvalet ka\u011f\u0131d\u0131 rulolar\u0131, nakliye t\u00fcpleri, tah\u0131l kutular\u0131 vb. i\u00e7in kullan\u0131lanlar gibi tek katl\u0131 ve oluklu mukavvaya izin verilmez.\u201d<\/p>\n<p><\/p>\t\t\t\t\t\t\t\t<\/div>\n\t\t\t\t<\/div>\n\t\t\t\t\t<\/div>\n\t\t<\/div>\n\t\t\t\t\t<\/div>\n\t\t<\/section>\n\t\t\t\t\t<\/div>\n\t\t<\/div>\n\t\t\t\t\t<\/div>\n\t\t<\/section>\n\t\t\t\t<\/div>","protected":false},"excerpt":{"rendered":"<p>2022-23 Published Clarifications Engineering Challenge Thrill Ride Every team is expected to know the PublishedClarifications for its Challenge. The deadline to ask a Team Clarification is January 31, 2023, at 11:59 pm Pacific Time. &nbsp;#1 OCTOBER 6, 2022 In the Challenge, Section I.F.5 should read: &#8220;Prior to arriving in the Roller Coaster Check-In Area, your [&hellip;]<\/p>\n","protected":false},"author":2,"featured_media":10690,"parent":4041,"menu_order":0,"comment_status":"closed","ping_status":"closed","template":"","meta":{"content-type":"","inline_featured_image":false,"footnotes":""},"class_list":["post-25738","page","type-page","status-publish","has-post-thumbnail","hentry"],"yoast_head":"<!-- This site is optimized with the Yoast SEO plugin v27.2 - https:\/\/yoast.com\/product\/yoast-seo-wordpress\/ -->\n<title>Engineering:\u00a0Thrill Ride - Destination Imagination<\/title>\n<meta name=\"robots\" content=\"index, follow, max-snippet:-1, max-image-preview:large, max-video-preview:-1\" \/>\n<link rel=\"canonical\" href=\"https:\/\/www.destinationimagination.org\/tr\/challenge-experience\/engineering-thrill-ride\/\" \/>\n<meta property=\"og:locale\" content=\"tr_TR\" \/>\n<meta property=\"og:type\" content=\"article\" \/>\n<meta property=\"og:title\" content=\"Engineering:\u00a0Thrill Ride - Destination Imagination\" \/>\n<meta property=\"og:description\" content=\"2022-23 Published Clarifications Engineering Challenge Thrill Ride Every team is expected to know the PublishedClarifications for its Challenge. The deadline to ask a Team Clarification is January 31, 2023, at 11:59 pm Pacific Time. &nbsp;#1 OCTOBER 6, 2022 In the Challenge, Section I.F.5 should read: &#8220;Prior to arriving in the Roller Coaster Check-In Area, your [&hellip;]\" \/>\n<meta property=\"og:url\" content=\"https:\/\/www.destinationimagination.org\/tr\/challenge-experience\/engineering-thrill-ride\/\" \/>\n<meta property=\"og:site_name\" content=\"Destination Imagination\" \/>\n<meta property=\"article:modified_time\" content=\"2023-01-18T20:05:48+00:00\" \/>\n<meta property=\"og:image\" content=\"https:\/\/www.destinationimagination.org\/wp-content\/uploads\/Engineering-Thrill-Ride.png\" \/>\n\t<meta property=\"og:image:width\" content=\"432\" \/>\n\t<meta property=\"og:image:height\" content=\"432\" \/>\n\t<meta property=\"og:image:type\" content=\"image\/png\" \/>\n<meta name=\"twitter:card\" content=\"summary_large_image\" \/>\n<meta name=\"twitter:label1\" content=\"Tahmini okuma s\u00fcresi\" \/>\n\t<meta name=\"twitter:data1\" content=\"2 dakika\" \/>\n<script type=\"application\/ld+json\" class=\"yoast-schema-graph\">{\"@context\":\"https:\/\/schema.org\",\"@graph\":[{\"@type\":\"WebPage\",\"@id\":\"https:\/\/www.destinationimagination.org\/challenge-experience\/engineering-thrill-ride\/\",\"url\":\"https:\/\/www.destinationimagination.org\/challenge-experience\/engineering-thrill-ride\/\",\"name\":\"Engineering:\u00a0Thrill Ride - Destination Imagination\",\"isPartOf\":{\"@id\":\"https:\/\/www.destinationimagination.org\/es\/#website\"},\"primaryImageOfPage\":{\"@id\":\"https:\/\/www.destinationimagination.org\/challenge-experience\/engineering-thrill-ride\/#primaryimage\"},\"image\":{\"@id\":\"https:\/\/www.destinationimagination.org\/challenge-experience\/engineering-thrill-ride\/#primaryimage\"},\"thumbnailUrl\":\"https:\/\/www.destinationimagination.org\/wp-content\/uploads\/Engineering-Thrill-Ride.png\",\"datePublished\":\"2022-08-08T14:45:08+00:00\",\"dateModified\":\"2023-01-18T20:05:48+00:00\",\"breadcrumb\":{\"@id\":\"https:\/\/www.destinationimagination.org\/challenge-experience\/engineering-thrill-ride\/#breadcrumb\"},\"inLanguage\":\"tr\",\"potentialAction\":[{\"@type\":\"ReadAction\",\"target\":[\"https:\/\/www.destinationimagination.org\/challenge-experience\/engineering-thrill-ride\/\"]}]},{\"@type\":\"ImageObject\",\"inLanguage\":\"tr\",\"@id\":\"https:\/\/www.destinationimagination.org\/challenge-experience\/engineering-thrill-ride\/#primaryimage\",\"url\":\"https:\/\/www.destinationimagination.org\/wp-content\/uploads\/Engineering-Thrill-Ride.png\",\"contentUrl\":\"https:\/\/www.destinationimagination.org\/wp-content\/uploads\/Engineering-Thrill-Ride.png\",\"width\":432,\"height\":432,\"caption\":\"Engineering-Thrill Ride\"},{\"@type\":\"BreadcrumbList\",\"@id\":\"https:\/\/www.destinationimagination.org\/challenge-experience\/engineering-thrill-ride\/#breadcrumb\",\"itemListElement\":[{\"@type\":\"ListItem\",\"position\":1,\"name\":\"Home\",\"item\":\"https:\/\/www.destinationimagination.org\/\"},{\"@type\":\"ListItem\",\"position\":2,\"name\":\"Challenge Experience\",\"item\":\"https:\/\/www.destinationimagination.org\/challenge-experience\/\"},{\"@type\":\"ListItem\",\"position\":3,\"name\":\"Engineering:\u00a0Thrill Ride\"}]},{\"@type\":\"WebSite\",\"@id\":\"https:\/\/www.destinationimagination.org\/es\/#website\",\"url\":\"https:\/\/www.destinationimagination.org\/es\/\",\"name\":\"Destination Imagination\",\"description\":\"A creative, team-focused, STEAM competition for K-12 and university students.\",\"potentialAction\":[{\"@type\":\"SearchAction\",\"target\":{\"@type\":\"EntryPoint\",\"urlTemplate\":\"https:\/\/www.destinationimagination.org\/es\/?s={search_term_string}\"},\"query-input\":{\"@type\":\"PropertyValueSpecification\",\"valueRequired\":true,\"valueName\":\"search_term_string\"}}],\"inLanguage\":\"tr\"}]}<\/script>\n<!-- \/ Yoast SEO plugin. -->","yoast_head_json":{"title":"M\u00fchendislik: Heyecan Verici Yolculuk - Hayal G\u00fcc\u00fcn\u00fcn Hedefi","robots":{"index":"index","follow":"follow","max-snippet":"max-snippet:-1","max-image-preview":"max-image-preview:large","max-video-preview":"max-video-preview:-1"},"canonical":"https:\/\/www.destinationimagination.org\/tr\/challenge-experience\/engineering-thrill-ride\/","og_locale":"tr_TR","og_type":"article","og_title":"Engineering:\u00a0Thrill Ride - Destination Imagination","og_description":"2022-23 Published Clarifications Engineering Challenge Thrill Ride Every team is expected to know the PublishedClarifications for its Challenge. The deadline to ask a Team Clarification is January 31, 2023, at 11:59 pm Pacific Time. &nbsp;#1 OCTOBER 6, 2022 In the Challenge, Section I.F.5 should read: &#8220;Prior to arriving in the Roller Coaster Check-In Area, your [&hellip;]","og_url":"https:\/\/www.destinationimagination.org\/tr\/challenge-experience\/engineering-thrill-ride\/","og_site_name":"Destination Imagination","article_modified_time":"2023-01-18T20:05:48+00:00","og_image":[{"width":432,"height":432,"url":"https:\/\/www.destinationimagination.org\/wp-content\/uploads\/Engineering-Thrill-Ride.png","type":"image\/png"}],"twitter_card":"summary_large_image","twitter_misc":{"Tahmini okuma s\u00fcresi":"2 dakika"},"schema":{"@context":"https:\/\/schema.org","@graph":[{"@type":"WebPage","@id":"https:\/\/www.destinationimagination.org\/challenge-experience\/engineering-thrill-ride\/","url":"https:\/\/www.destinationimagination.org\/challenge-experience\/engineering-thrill-ride\/","name":"M\u00fchendislik: Heyecan Verici Yolculuk - Hayal G\u00fcc\u00fcn\u00fcn Hedefi","isPartOf":{"@id":"https:\/\/www.destinationimagination.org\/es\/#website"},"primaryImageOfPage":{"@id":"https:\/\/www.destinationimagination.org\/challenge-experience\/engineering-thrill-ride\/#primaryimage"},"image":{"@id":"https:\/\/www.destinationimagination.org\/challenge-experience\/engineering-thrill-ride\/#primaryimage"},"thumbnailUrl":"https:\/\/www.destinationimagination.org\/wp-content\/uploads\/Engineering-Thrill-Ride.png","datePublished":"2022-08-08T14:45:08+00:00","dateModified":"2023-01-18T20:05:48+00:00","breadcrumb":{"@id":"https:\/\/www.destinationimagination.org\/challenge-experience\/engineering-thrill-ride\/#breadcrumb"},"inLanguage":"tr","potentialAction":[{"@type":"ReadAction","target":["https:\/\/www.destinationimagination.org\/challenge-experience\/engineering-thrill-ride\/"]}]},{"@type":"ImageObject","inLanguage":"tr","@id":"https:\/\/www.destinationimagination.org\/challenge-experience\/engineering-thrill-ride\/#primaryimage","url":"https:\/\/www.destinationimagination.org\/wp-content\/uploads\/Engineering-Thrill-Ride.png","contentUrl":"https:\/\/www.destinationimagination.org\/wp-content\/uploads\/Engineering-Thrill-Ride.png","width":432,"height":432,"caption":"Engineering-Thrill Ride"},{"@type":"BreadcrumbList","@id":"https:\/\/www.destinationimagination.org\/challenge-experience\/engineering-thrill-ride\/#breadcrumb","itemListElement":[{"@type":"ListItem","position":1,"name":"Home","item":"https:\/\/www.destinationimagination.org\/"},{"@type":"ListItem","position":2,"name":"Challenge Experience","item":"https:\/\/www.destinationimagination.org\/challenge-experience\/"},{"@type":"ListItem","position":3,"name":"Engineering:\u00a0Thrill Ride"}]},{"@type":"WebSite","@id":"https:\/\/www.destinationimagination.org\/es\/#website","url":"https:\/\/www.destinationimagination.org\/es\/","name":"Hedef Hayal G\u00fcc\u00fc","description":"K-12 ve \u00fcniversite \u00f6\u011frencileri i\u00e7in yarat\u0131c\u0131, tak\u0131m odakl\u0131, STEAM yar\u0131\u015fmas\u0131.","potentialAction":[{"@type":"SearchAction","target":{"@type":"EntryPoint","urlTemplate":"https:\/\/www.destinationimagination.org\/es\/?s={search_term_string}"},"query-input":{"@type":"PropertyValueSpecification","valueRequired":true,"valueName":"search_term_string"}}],"inLanguage":"tr"}]}},"_links":{"self":[{"href":"https:\/\/www.destinationimagination.org\/tr\/wp-json\/wp\/v2\/pages\/25738","targetHints":{"allow":["GET"]}}],"collection":[{"href":"https:\/\/www.destinationimagination.org\/tr\/wp-json\/wp\/v2\/pages"}],"about":[{"href":"https:\/\/www.destinationimagination.org\/tr\/wp-json\/wp\/v2\/types\/page"}],"author":[{"embeddable":true,"href":"https:\/\/www.destinationimagination.org\/tr\/wp-json\/wp\/v2\/users\/2"}],"replies":[{"embeddable":true,"href":"https:\/\/www.destinationimagination.org\/tr\/wp-json\/wp\/v2\/comments?post=25738"}],"version-history":[{"count":13,"href":"https:\/\/www.destinationimagination.org\/tr\/wp-json\/wp\/v2\/pages\/25738\/revisions"}],"predecessor-version":[{"id":26716,"href":"https:\/\/www.destinationimagination.org\/tr\/wp-json\/wp\/v2\/pages\/25738\/revisions\/26716"}],"up":[{"embeddable":true,"href":"https:\/\/www.destinationimagination.org\/tr\/wp-json\/wp\/v2\/pages\/4041"}],"wp:featuredmedia":[{"embeddable":true,"href":"https:\/\/www.destinationimagination.org\/tr\/wp-json\/wp\/v2\/media\/10690"}],"wp:attachment":[{"href":"https:\/\/www.destinationimagination.org\/tr\/wp-json\/wp\/v2\/media?parent=25738"}],"curies":[{"name":"wp","href":"https:\/\/api.w.org\/{rel}","templated":true}]}}