{"id":30892,"date":"2024-06-12T14:10:37","date_gmt":"2024-06-12T18:10:37","guid":{"rendered":"https:\/\/www.destinationimagination.org\/?page_id=30892"},"modified":"2024-11-25T08:43:04","modified_gmt":"2024-11-25T13:43:04","slug":"scientific-worlds-beyond","status":"publish","type":"page","link":"https:\/\/www.destinationimagination.org\/tr\/challenge-experience\/scientific-worlds-beyond\/","title":{"rendered":"Bilimsel-D\u00fcnyalar\u0131n \u00d6tesinde"},"content":{"rendered":"<div data-elementor-type=\"wp-page\" data-elementor-id=\"30892\" class=\"elementor elementor-30892\" data-elementor-post-type=\"page\">\n\t\t\t\t\t\t<section class=\"elementor-section elementor-top-section elementor-element elementor-element-1eeae87 elementor-section-boxed elementor-section-height-default elementor-section-height-default\" data-id=\"1eeae87\" data-element_type=\"section\" data-e-type=\"section\">\n\t\t\t\t\t\t<div class=\"elementor-container elementor-column-gap-default\">\n\t\t\t\t\t<div class=\"elementor-column elementor-col-100 elementor-top-column elementor-element elementor-element-54ff31f\" data-id=\"54ff31f\" data-element_type=\"column\" data-e-type=\"column\">\n\t\t\t<div class=\"elementor-widget-wrap elementor-element-populated\">\n\t\t\t\t\t\t<section class=\"elementor-section elementor-inner-section elementor-element elementor-element-c1e4851 elementor-section-content-middle elementor-section-boxed elementor-section-height-default elementor-section-height-default\" data-id=\"c1e4851\" data-element_type=\"section\" data-e-type=\"section\">\n\t\t\t\t\t\t<div class=\"elementor-container elementor-column-gap-no\">\n\t\t\t\t\t<div class=\"elementor-column elementor-col-100 elementor-inner-column elementor-element elementor-element-b6952e4\" data-id=\"b6952e4\" data-element_type=\"column\" data-e-type=\"column\">\n\t\t\t<div class=\"elementor-widget-wrap elementor-element-populated\">\n\t\t\t\t\t\t<div class=\"elementor-element elementor-element-885f2df elementor-widget__width-auto elementor-invisible elementor-widget elementor-widget-image\" data-id=\"885f2df\" data-element_type=\"widget\" data-e-type=\"widget\" data-settings=\"{&quot;_animation&quot;:&quot;fadeInLeft&quot;}\" data-widget_type=\"image.default\">\n\t\t\t\t<div class=\"elementor-widget-container\">\n\t\t\t\t\t\t\t\t\t\t\t\t\t\t\t<img decoding=\"async\" width=\"30\" height=\"30\" src=\"https:\/\/www.destinationimagination.org\/wp-content\/uploads\/orange-box.jpg\" class=\"attachment-large size-large wp-image-3314\" alt=\"orange box\" srcset=\"https:\/\/www.destinationimagination.org\/wp-content\/uploads\/orange-box.jpg 30w, https:\/\/www.destinationimagination.org\/wp-content\/uploads\/orange-box-12x12.jpg 12w\" sizes=\"(max-width: 30px) 100vw, 30px\" \/>\t\t\t\t\t\t\t\t\t\t\t\t\t\t\t<\/div>\n\t\t\t\t<\/div>\n\t\t\t\t<div class=\"elementor-element elementor-element-c3eaebf elementor-widget__width-auto elementor-widget elementor-widget-heading\" data-id=\"c3eaebf\" data-element_type=\"widget\" data-e-type=\"widget\" data-widget_type=\"heading.default\">\n\t\t\t\t<div class=\"elementor-widget-container\">\n\t\t\t\t\t<h3 class=\"elementor-heading-title elementor-size-default\">2024-25 Yay\u0131nlanan A\u00e7\u0131klamalar<\/h3>\t\t\t\t<\/div>\n\t\t\t\t<\/div>\n\t\t\t\t\t<\/div>\n\t\t<\/div>\n\t\t\t\t\t<\/div>\n\t\t<\/section>\n\t\t\t\t<div class=\"elementor-element elementor-element-de0acf2 elementor-widget elementor-widget-image\" data-id=\"de0acf2\" data-element_type=\"widget\" data-e-type=\"widget\" data-widget_type=\"image.default\">\n\t\t\t\t<div class=\"elementor-widget-container\">\n\t\t\t\t\t\t\t\t\t\t\t\t\t\t\t<img fetchpriority=\"high\" decoding=\"async\" width=\"5000\" height=\"2143\" src=\"https:\/\/www.destinationimagination.org\/wp-content\/uploads\/24-25-Scientific-Worlds-Beyond.png\" class=\"attachment-full size-full wp-image-30878\" alt=\"24-25 Scientific - Worlds Beyond logo of a fox floating in outer space\" \/>\t\t\t\t\t\t\t\t\t\t\t\t\t\t\t<\/div>\n\t\t\t\t<\/div>\n\t\t\t\t<section class=\"elementor-section elementor-inner-section elementor-element elementor-element-d1baad9 elementor-section-boxed elementor-section-height-default elementor-section-height-default\" data-id=\"d1baad9\" data-element_type=\"section\" data-e-type=\"section\">\n\t\t\t\t\t\t<div class=\"elementor-container elementor-column-gap-default\">\n\t\t\t\t\t<div class=\"elementor-column elementor-col-100 elementor-inner-column elementor-element elementor-element-2ea08c4 elementor-invisible\" data-id=\"2ea08c4\" data-element_type=\"column\" data-e-type=\"column\" data-settings=\"{&quot;animation&quot;:&quot;slideInUp&quot;}\">\n\t\t\t<div class=\"elementor-widget-wrap elementor-element-populated\">\n\t\t\t\t\t\t<div class=\"elementor-element elementor-element-de9e764 elementor-widget elementor-widget-text-editor\" data-id=\"de9e764\" data-element_type=\"widget\" data-e-type=\"widget\" data-widget_type=\"text-editor.default\">\n\t\t\t\t<div class=\"elementor-widget-container\">\n\t\t\t\t\t\t\t\t\t<h3>Her tak\u0131m\u0131n Yay\u0131nlananlar\u0131 bilmesi beklenir<br>M\u00fccadelesi i\u00e7in A\u00e7\u0131klamalar.<\/h3>\n<p>Ekip A\u00e7\u0131klamas\u0131n\u0131 istemek i\u00e7in son tarih 31 Ocak 2025, Pasifik Saatiyle 23:59&#039;dur.<\/p>\n<p><font color=\"#ff6600\" face=\"Montserrat\"><span style=\"font-size: 20px; text-transform: uppercase;\"><b>#1 25 Kas\u0131m 2024<br><\/b><\/span><\/font>Challenge&#039;da, B\u00f6l\u00fcm IB1 \u015f\u00f6yle okunmal\u0131d\u0131r: &quot;Ekibinizin se\u00e7ti\u011fi Gezegenin ger\u00e7ek fenomenlerini ara\u015ft\u0131r\u0131n (bkz. B\u00f6l\u00fcm IA1) ve belirli bir fenomen se\u00e7in. Ekibiniz belirli bir fenomenin ne kadar basit veya karma\u015f\u0131k oldu\u011funu se\u00e7ebilir. Ekibinizin, ara\u015ft\u0131rman\u0131za dayanarak ekibinizin se\u00e7ti\u011fi fenomenin ger\u00e7ek olup olmad\u0131\u011f\u0131n\u0131 belirlemesi sorumlulu\u011fundad\u0131r. Ekibin ara\u015ft\u0131rmas\u0131 bir fenomenin ger\u00e7ekle\u015fme olas\u0131l\u0131\u011f\u0131n\u0131n y\u00fcksek oldu\u011funu ve\/veya var oldu\u011funu g\u00f6steriyorsa, ger\u00e7ek bir fenomen olarak kabul edilebilir.&quot;<\/p>\t\t\t\t\t\t\t\t<\/div>\n\t\t\t\t<\/div>\n\t\t\t\t\t<\/div>\n\t\t<\/div>\n\t\t\t\t\t<\/div>\n\t\t<\/section>\n\t\t\t\t\t<\/div>\n\t\t<\/div>\n\t\t\t\t\t<\/div>\n\t\t<\/section>\n\t\t\t\t<\/div>","protected":false},"excerpt":{"rendered":"<p>2024-25 Published Clarifications Every team is expected to know the PublishedClarifications for its Challenge. The deadline to ask a Team Clarification is January 31, 2025, at 11:59 pm Pacific Time. #1 november 25, 2024In the Challenge, Section I.B.1 should read: &#8220;Research real phenomena of your team-selected Planet (see Section I.A.1) and choose one specific phenomenon. [&hellip;]<\/p>\n","protected":false},"author":2,"featured_media":30878,"parent":4041,"menu_order":0,"comment_status":"closed","ping_status":"closed","template":"","meta":{"content-type":"","inline_featured_image":false,"footnotes":""},"class_list":["post-30892","page","type-page","status-publish","has-post-thumbnail","hentry"],"yoast_head":"<!-- This site is optimized with the Yoast SEO plugin v27.2 - https:\/\/yoast.com\/product\/yoast-seo-wordpress\/ -->\n<title>Scientific-Worlds Beyond - Destination Imagination<\/title>\n<meta name=\"robots\" content=\"index, follow, max-snippet:-1, max-image-preview:large, max-video-preview:-1\" \/>\n<link rel=\"canonical\" href=\"https:\/\/www.destinationimagination.org\/tr\/challenge-experience\/scientific-worlds-beyond\/\" \/>\n<meta property=\"og:locale\" content=\"tr_TR\" \/>\n<meta property=\"og:type\" content=\"article\" \/>\n<meta property=\"og:title\" content=\"Scientific-Worlds Beyond - Destination Imagination\" \/>\n<meta property=\"og:description\" content=\"2024-25 Published Clarifications Every team is expected to know the PublishedClarifications for its Challenge. The deadline to ask a Team Clarification is January 31, 2025, at 11:59 pm Pacific Time. #1 november 25, 2024In the Challenge, Section I.B.1 should read: &#8220;Research real phenomena of your team-selected Planet (see Section I.A.1) and choose one specific phenomenon. [&hellip;]\" \/>\n<meta property=\"og:url\" content=\"https:\/\/www.destinationimagination.org\/tr\/challenge-experience\/scientific-worlds-beyond\/\" \/>\n<meta property=\"og:site_name\" content=\"Destination Imagination\" \/>\n<meta property=\"article:modified_time\" content=\"2024-11-25T13:43:04+00:00\" \/>\n<meta property=\"og:image\" content=\"https:\/\/www.destinationimagination.org\/wp-content\/uploads\/24-25-Scientific-Worlds-Beyond.png\" \/>\n\t<meta property=\"og:image:width\" content=\"5000\" \/>\n\t<meta property=\"og:image:height\" content=\"2143\" \/>\n\t<meta property=\"og:image:type\" content=\"image\/png\" \/>\n<meta name=\"twitter:card\" content=\"summary_large_image\" \/>\n<meta name=\"twitter:label1\" content=\"Tahmini okuma s\u00fcresi\" \/>\n\t<meta name=\"twitter:data1\" content=\"1 dakika\" \/>\n<script type=\"application\/ld+json\" class=\"yoast-schema-graph\">{\"@context\":\"https:\/\/schema.org\",\"@graph\":[{\"@type\":\"WebPage\",\"@id\":\"https:\/\/www.destinationimagination.org\/challenge-experience\/scientific-worlds-beyond\/\",\"url\":\"https:\/\/www.destinationimagination.org\/challenge-experience\/scientific-worlds-beyond\/\",\"name\":\"Scientific-Worlds Beyond - Destination Imagination\",\"isPartOf\":{\"@id\":\"https:\/\/www.destinationimagination.org\/es\/#website\"},\"primaryImageOfPage\":{\"@id\":\"https:\/\/www.destinationimagination.org\/challenge-experience\/scientific-worlds-beyond\/#primaryimage\"},\"image\":{\"@id\":\"https:\/\/www.destinationimagination.org\/challenge-experience\/scientific-worlds-beyond\/#primaryimage\"},\"thumbnailUrl\":\"https:\/\/www.destinationimagination.org\/wp-content\/uploads\/24-25-Scientific-Worlds-Beyond.png\",\"datePublished\":\"2024-06-12T18:10:37+00:00\",\"dateModified\":\"2024-11-25T13:43:04+00:00\",\"breadcrumb\":{\"@id\":\"https:\/\/www.destinationimagination.org\/challenge-experience\/scientific-worlds-beyond\/#breadcrumb\"},\"inLanguage\":\"tr\",\"potentialAction\":[{\"@type\":\"ReadAction\",\"target\":[\"https:\/\/www.destinationimagination.org\/challenge-experience\/scientific-worlds-beyond\/\"]}]},{\"@type\":\"ImageObject\",\"inLanguage\":\"tr\",\"@id\":\"https:\/\/www.destinationimagination.org\/challenge-experience\/scientific-worlds-beyond\/#primaryimage\",\"url\":\"https:\/\/www.destinationimagination.org\/wp-content\/uploads\/24-25-Scientific-Worlds-Beyond.png\",\"contentUrl\":\"https:\/\/www.destinationimagination.org\/wp-content\/uploads\/24-25-Scientific-Worlds-Beyond.png\",\"width\":5000,\"height\":2143,\"caption\":\"24-25 Scientific - Worlds Beyond logo of a fox floating in outer space\"},{\"@type\":\"BreadcrumbList\",\"@id\":\"https:\/\/www.destinationimagination.org\/challenge-experience\/scientific-worlds-beyond\/#breadcrumb\",\"itemListElement\":[{\"@type\":\"ListItem\",\"position\":1,\"name\":\"Home\",\"item\":\"https:\/\/www.destinationimagination.org\/\"},{\"@type\":\"ListItem\",\"position\":2,\"name\":\"Challenge Experience\",\"item\":\"https:\/\/www.destinationimagination.org\/challenge-experience\/\"},{\"@type\":\"ListItem\",\"position\":3,\"name\":\"Scientific-Worlds Beyond\"}]},{\"@type\":\"WebSite\",\"@id\":\"https:\/\/www.destinationimagination.org\/es\/#website\",\"url\":\"https:\/\/www.destinationimagination.org\/es\/\",\"name\":\"Destination Imagination\",\"description\":\"A creative, team-focused, STEAM competition for K-12 and university students.\",\"potentialAction\":[{\"@type\":\"SearchAction\",\"target\":{\"@type\":\"EntryPoint\",\"urlTemplate\":\"https:\/\/www.destinationimagination.org\/es\/?s={search_term_string}\"},\"query-input\":{\"@type\":\"PropertyValueSpecification\",\"valueRequired\":true,\"valueName\":\"search_term_string\"}}],\"inLanguage\":\"tr\"}]}<\/script>\n<!-- \/ Yoast SEO plugin. -->","yoast_head_json":{"title":"Bilimsel D\u00fcnyalar\u0131n \u00d6tesi - Hayal G\u00fcc\u00fcn\u00fcn Hedefi","robots":{"index":"index","follow":"follow","max-snippet":"max-snippet:-1","max-image-preview":"max-image-preview:large","max-video-preview":"max-video-preview:-1"},"canonical":"https:\/\/www.destinationimagination.org\/tr\/challenge-experience\/scientific-worlds-beyond\/","og_locale":"tr_TR","og_type":"article","og_title":"Scientific-Worlds Beyond - Destination Imagination","og_description":"2024-25 Published Clarifications Every team is expected to know the PublishedClarifications for its Challenge. The deadline to ask a Team Clarification is January 31, 2025, at 11:59 pm Pacific Time. #1 november 25, 2024In the Challenge, Section I.B.1 should read: &#8220;Research real phenomena of your team-selected Planet (see Section I.A.1) and choose one specific phenomenon. [&hellip;]","og_url":"https:\/\/www.destinationimagination.org\/tr\/challenge-experience\/scientific-worlds-beyond\/","og_site_name":"Destination Imagination","article_modified_time":"2024-11-25T13:43:04+00:00","og_image":[{"width":5000,"height":2143,"url":"https:\/\/www.destinationimagination.org\/wp-content\/uploads\/24-25-Scientific-Worlds-Beyond.png","type":"image\/png"}],"twitter_card":"summary_large_image","twitter_misc":{"Tahmini okuma s\u00fcresi":"1 dakika"},"schema":{"@context":"https:\/\/schema.org","@graph":[{"@type":"WebPage","@id":"https:\/\/www.destinationimagination.org\/challenge-experience\/scientific-worlds-beyond\/","url":"https:\/\/www.destinationimagination.org\/challenge-experience\/scientific-worlds-beyond\/","name":"Bilimsel D\u00fcnyalar\u0131n \u00d6tesi - Hayal G\u00fcc\u00fcn\u00fcn Hedefi","isPartOf":{"@id":"https:\/\/www.destinationimagination.org\/es\/#website"},"primaryImageOfPage":{"@id":"https:\/\/www.destinationimagination.org\/challenge-experience\/scientific-worlds-beyond\/#primaryimage"},"image":{"@id":"https:\/\/www.destinationimagination.org\/challenge-experience\/scientific-worlds-beyond\/#primaryimage"},"thumbnailUrl":"https:\/\/www.destinationimagination.org\/wp-content\/uploads\/24-25-Scientific-Worlds-Beyond.png","datePublished":"2024-06-12T18:10:37+00:00","dateModified":"2024-11-25T13:43:04+00:00","breadcrumb":{"@id":"https:\/\/www.destinationimagination.org\/challenge-experience\/scientific-worlds-beyond\/#breadcrumb"},"inLanguage":"tr","potentialAction":[{"@type":"ReadAction","target":["https:\/\/www.destinationimagination.org\/challenge-experience\/scientific-worlds-beyond\/"]}]},{"@type":"ImageObject","inLanguage":"tr","@id":"https:\/\/www.destinationimagination.org\/challenge-experience\/scientific-worlds-beyond\/#primaryimage","url":"https:\/\/www.destinationimagination.org\/wp-content\/uploads\/24-25-Scientific-Worlds-Beyond.png","contentUrl":"https:\/\/www.destinationimagination.org\/wp-content\/uploads\/24-25-Scientific-Worlds-Beyond.png","width":5000,"height":2143,"caption":"24-25 Scientific - Worlds Beyond logo of a fox floating in outer space"},{"@type":"BreadcrumbList","@id":"https:\/\/www.destinationimagination.org\/challenge-experience\/scientific-worlds-beyond\/#breadcrumb","itemListElement":[{"@type":"ListItem","position":1,"name":"Home","item":"https:\/\/www.destinationimagination.org\/"},{"@type":"ListItem","position":2,"name":"Challenge Experience","item":"https:\/\/www.destinationimagination.org\/challenge-experience\/"},{"@type":"ListItem","position":3,"name":"Scientific-Worlds Beyond"}]},{"@type":"WebSite","@id":"https:\/\/www.destinationimagination.org\/es\/#website","url":"https:\/\/www.destinationimagination.org\/es\/","name":"Hedef Hayal G\u00fcc\u00fc","description":"K-12 ve \u00fcniversite \u00f6\u011frencileri i\u00e7in yarat\u0131c\u0131, tak\u0131m odakl\u0131, STEAM yar\u0131\u015fmas\u0131.","potentialAction":[{"@type":"SearchAction","target":{"@type":"EntryPoint","urlTemplate":"https:\/\/www.destinationimagination.org\/es\/?s={search_term_string}"},"query-input":{"@type":"PropertyValueSpecification","valueRequired":true,"valueName":"search_term_string"}}],"inLanguage":"tr"}]}},"_links":{"self":[{"href":"https:\/\/www.destinationimagination.org\/tr\/wp-json\/wp\/v2\/pages\/30892","targetHints":{"allow":["GET"]}}],"collection":[{"href":"https:\/\/www.destinationimagination.org\/tr\/wp-json\/wp\/v2\/pages"}],"about":[{"href":"https:\/\/www.destinationimagination.org\/tr\/wp-json\/wp\/v2\/types\/page"}],"author":[{"embeddable":true,"href":"https:\/\/www.destinationimagination.org\/tr\/wp-json\/wp\/v2\/users\/2"}],"replies":[{"embeddable":true,"href":"https:\/\/www.destinationimagination.org\/tr\/wp-json\/wp\/v2\/comments?post=30892"}],"version-history":[{"count":10,"href":"https:\/\/www.destinationimagination.org\/tr\/wp-json\/wp\/v2\/pages\/30892\/revisions"}],"predecessor-version":[{"id":31875,"href":"https:\/\/www.destinationimagination.org\/tr\/wp-json\/wp\/v2\/pages\/30892\/revisions\/31875"}],"up":[{"embeddable":true,"href":"https:\/\/www.destinationimagination.org\/tr\/wp-json\/wp\/v2\/pages\/4041"}],"wp:featuredmedia":[{"embeddable":true,"href":"https:\/\/www.destinationimagination.org\/tr\/wp-json\/wp\/v2\/media\/30878"}],"wp:attachment":[{"href":"https:\/\/www.destinationimagination.org\/tr\/wp-json\/wp\/v2\/media?parent=30892"}],"curies":[{"name":"wp","href":"https:\/\/api.w.org\/{rel}","templated":true}]}}