{"id":30901,"date":"2024-06-12T14:12:46","date_gmt":"2024-06-12T18:12:46","guid":{"rendered":"https:\/\/www.destinationimagination.org\/?page_id=30901"},"modified":"2024-08-05T08:58:50","modified_gmt":"2024-08-05T12:58:50","slug":"improv-are-we-there-yet","status":"publish","type":"page","link":"https:\/\/www.destinationimagination.org\/tr\/challenge-experience\/improv-are-we-there-yet\/","title":{"rendered":"Do\u011fa\u00e7lama \u2013 Daha Oraya Varmad\u0131k M\u0131?"},"content":{"rendered":"<div data-elementor-type=\"wp-page\" data-elementor-id=\"30901\" class=\"elementor elementor-30901\" data-elementor-post-type=\"page\">\n\t\t\t\t\t\t<section class=\"elementor-section elementor-top-section elementor-element elementor-element-9bb89c2 elementor-section-boxed elementor-section-height-default elementor-section-height-default\" data-id=\"9bb89c2\" data-element_type=\"section\" data-e-type=\"section\">\n\t\t\t\t\t\t<div class=\"elementor-container elementor-column-gap-default\">\n\t\t\t\t\t<div class=\"elementor-column elementor-col-100 elementor-top-column elementor-element elementor-element-2ad412a\" data-id=\"2ad412a\" data-element_type=\"column\" data-e-type=\"column\">\n\t\t\t<div class=\"elementor-widget-wrap elementor-element-populated\">\n\t\t\t\t\t\t<section class=\"elementor-section elementor-inner-section elementor-element elementor-element-8ab06c7 elementor-section-content-middle elementor-section-boxed elementor-section-height-default elementor-section-height-default\" data-id=\"8ab06c7\" data-element_type=\"section\" data-e-type=\"section\">\n\t\t\t\t\t\t<div class=\"elementor-container elementor-column-gap-no\">\n\t\t\t\t\t<div class=\"elementor-column elementor-col-100 elementor-inner-column elementor-element elementor-element-4e7b3fd\" data-id=\"4e7b3fd\" data-element_type=\"column\" data-e-type=\"column\">\n\t\t\t<div class=\"elementor-widget-wrap elementor-element-populated\">\n\t\t\t\t\t\t<div class=\"elementor-element elementor-element-cc9a0a1 elementor-widget__width-auto elementor-invisible elementor-widget elementor-widget-image\" data-id=\"cc9a0a1\" data-element_type=\"widget\" data-e-type=\"widget\" data-settings=\"{&quot;_animation&quot;:&quot;fadeInLeft&quot;}\" data-widget_type=\"image.default\">\n\t\t\t\t<div class=\"elementor-widget-container\">\n\t\t\t\t\t\t\t\t\t\t\t\t\t\t\t<img decoding=\"async\" width=\"30\" height=\"30\" src=\"https:\/\/www.destinationimagination.org\/wp-content\/uploads\/orange-box.jpg\" class=\"attachment-large size-large wp-image-3314\" alt=\"orange box\" srcset=\"https:\/\/www.destinationimagination.org\/wp-content\/uploads\/orange-box.jpg 30w, https:\/\/www.destinationimagination.org\/wp-content\/uploads\/orange-box-12x12.jpg 12w\" sizes=\"(max-width: 30px) 100vw, 30px\" \/>\t\t\t\t\t\t\t\t\t\t\t\t\t\t\t<\/div>\n\t\t\t\t<\/div>\n\t\t\t\t<div class=\"elementor-element elementor-element-eba13cd elementor-widget__width-auto elementor-widget elementor-widget-heading\" data-id=\"eba13cd\" data-element_type=\"widget\" data-e-type=\"widget\" data-widget_type=\"heading.default\">\n\t\t\t\t<div class=\"elementor-widget-container\">\n\t\t\t\t\t<h3 class=\"elementor-heading-title elementor-size-default\">2024-25 Yay\u0131nlanan A\u00e7\u0131klamalar<\/h3>\t\t\t\t<\/div>\n\t\t\t\t<\/div>\n\t\t\t\t\t<\/div>\n\t\t<\/div>\n\t\t\t\t\t<\/div>\n\t\t<\/section>\n\t\t\t\t<div class=\"elementor-element elementor-element-3bede83 elementor-widget elementor-widget-image\" data-id=\"3bede83\" data-element_type=\"widget\" data-e-type=\"widget\" data-widget_type=\"image.default\">\n\t\t\t\t<div class=\"elementor-widget-container\">\n\t\t\t\t\t\t\t\t\t\t\t\t\t\t\t<img fetchpriority=\"high\" decoding=\"async\" width=\"5000\" height=\"2143\" src=\"https:\/\/www.destinationimagination.org\/wp-content\/uploads\/24-25-Improv-Are-We-There-Yet.png\" class=\"attachment-full size-full wp-image-30876\" alt=\"24-25 Improv - Are We There Yet? logo of a bunny on roller skates\" \/>\t\t\t\t\t\t\t\t\t\t\t\t\t\t\t<\/div>\n\t\t\t\t<\/div>\n\t\t\t\t<section class=\"elementor-section elementor-inner-section elementor-element elementor-element-c3aab42 elementor-section-boxed elementor-section-height-default elementor-section-height-default\" data-id=\"c3aab42\" data-element_type=\"section\" data-e-type=\"section\">\n\t\t\t\t\t\t<div class=\"elementor-container elementor-column-gap-default\">\n\t\t\t\t\t<div class=\"elementor-column elementor-col-100 elementor-inner-column elementor-element elementor-element-c38ab07 elementor-invisible\" data-id=\"c38ab07\" data-element_type=\"column\" data-e-type=\"column\" data-settings=\"{&quot;animation&quot;:&quot;slideInUp&quot;}\">\n\t\t\t<div class=\"elementor-widget-wrap elementor-element-populated\">\n\t\t\t\t\t\t<div class=\"elementor-element elementor-element-6694d6c elementor-widget elementor-widget-text-editor\" data-id=\"6694d6c\" data-element_type=\"widget\" data-e-type=\"widget\" data-widget_type=\"text-editor.default\">\n\t\t\t\t<div class=\"elementor-widget-container\">\n\t\t\t\t\t\t\t\t\t<h3>Her tak\u0131m\u0131n Yay\u0131nlananlar\u0131 bilmesi beklenir<br>M\u00fccadelesi i\u00e7in A\u00e7\u0131klamalar.<\/h3>\n<p>Ekip A\u00e7\u0131klamas\u0131n\u0131 istemek i\u00e7in son tarih 31 Ocak 2025, Pasifik Saatiyle 23:59&#039;dur.<\/p>\n<p><span style=\"color: rgb(255, 102, 0); font-family: Montserrat; font-size: 20px; font-weight: bold; text-transform: uppercase;\">#1 5 A\u011eUSTOS 2024<\/span><\/p>\n<div>Meydan Okuma&#039;da, Tablo 2: Ula\u015f\u0131m \u015eekli, \u201cCharlie ve B\u00fcy\u00fck Cam Asans\u00f6r&#039;deki B\u00fcy\u00fck Cam Asans\u00f6r\u201d ifadesi \u201cAsans\u00f6r\u201d ile de\u011fi\u015ftirilmelidir.<\/div>\t\t\t\t\t\t\t\t<\/div>\n\t\t\t\t<\/div>\n\t\t\t\t\t<\/div>\n\t\t<\/div>\n\t\t\t\t\t<\/div>\n\t\t<\/section>\n\t\t\t\t\t<\/div>\n\t\t<\/div>\n\t\t\t\t\t<\/div>\n\t\t<\/section>\n\t\t\t\t<\/div>","protected":false},"excerpt":{"rendered":"<p>2024-25 Published Clarifications Every team is expected to know the PublishedClarifications for its Challenge. The deadline to ask a Team Clarification is January 31, 2025, at 11:59 pm Pacific Time. #1 AUGUST 5, 2024 In the Challenge, Table 2: Mode of Transportation, &#8220;The Great Glass Elevator from Charlie and the Great Glass Elevator&#8221; should be [&hellip;]<\/p>\n","protected":false},"author":2,"featured_media":30876,"parent":4041,"menu_order":0,"comment_status":"closed","ping_status":"closed","template":"","meta":{"content-type":"","inline_featured_image":false,"footnotes":""},"class_list":["post-30901","page","type-page","status-publish","has-post-thumbnail","hentry"],"yoast_head":"<!-- This site is optimized with the Yoast SEO plugin v27.2 - https:\/\/yoast.com\/product\/yoast-seo-wordpress\/ -->\n<title>Improv - Are We There Yet? - Destination Imagination<\/title>\n<meta name=\"robots\" content=\"index, follow, max-snippet:-1, max-image-preview:large, max-video-preview:-1\" \/>\n<link rel=\"canonical\" href=\"https:\/\/www.destinationimagination.org\/tr\/challenge-experience\/improv-are-we-there-yet\/\" \/>\n<meta property=\"og:locale\" content=\"tr_TR\" \/>\n<meta property=\"og:type\" content=\"article\" \/>\n<meta property=\"og:title\" content=\"Improv - Are We There Yet? - Destination Imagination\" \/>\n<meta property=\"og:description\" content=\"2024-25 Published Clarifications Every team is expected to know the PublishedClarifications for its Challenge. The deadline to ask a Team Clarification is January 31, 2025, at 11:59 pm Pacific Time. #1 AUGUST 5, 2024 In the Challenge, Table 2: Mode of Transportation, &#8220;The Great Glass Elevator from Charlie and the Great Glass Elevator&#8221; should be [&hellip;]\" \/>\n<meta property=\"og:url\" content=\"https:\/\/www.destinationimagination.org\/tr\/challenge-experience\/improv-are-we-there-yet\/\" \/>\n<meta property=\"og:site_name\" content=\"Destination Imagination\" \/>\n<meta property=\"article:modified_time\" content=\"2024-08-05T12:58:50+00:00\" \/>\n<meta property=\"og:image\" content=\"https:\/\/www.destinationimagination.org\/wp-content\/uploads\/24-25-Improv-Are-We-There-Yet.png\" \/>\n\t<meta property=\"og:image:width\" content=\"5000\" \/>\n\t<meta property=\"og:image:height\" content=\"2143\" \/>\n\t<meta property=\"og:image:type\" content=\"image\/png\" \/>\n<meta name=\"twitter:card\" content=\"summary_large_image\" \/>\n<meta name=\"twitter:label1\" content=\"Tahmini okuma s\u00fcresi\" \/>\n\t<meta name=\"twitter:data1\" content=\"1 dakika\" \/>\n<script type=\"application\/ld+json\" class=\"yoast-schema-graph\">{\"@context\":\"https:\/\/schema.org\",\"@graph\":[{\"@type\":\"WebPage\",\"@id\":\"https:\/\/www.destinationimagination.org\/challenge-experience\/improv-are-we-there-yet\/\",\"url\":\"https:\/\/www.destinationimagination.org\/challenge-experience\/improv-are-we-there-yet\/\",\"name\":\"Improv - Are We There Yet? - Destination Imagination\",\"isPartOf\":{\"@id\":\"https:\/\/www.destinationimagination.org\/es\/#website\"},\"primaryImageOfPage\":{\"@id\":\"https:\/\/www.destinationimagination.org\/challenge-experience\/improv-are-we-there-yet\/#primaryimage\"},\"image\":{\"@id\":\"https:\/\/www.destinationimagination.org\/challenge-experience\/improv-are-we-there-yet\/#primaryimage\"},\"thumbnailUrl\":\"https:\/\/www.destinationimagination.org\/wp-content\/uploads\/24-25-Improv-Are-We-There-Yet.png\",\"datePublished\":\"2024-06-12T18:12:46+00:00\",\"dateModified\":\"2024-08-05T12:58:50+00:00\",\"breadcrumb\":{\"@id\":\"https:\/\/www.destinationimagination.org\/challenge-experience\/improv-are-we-there-yet\/#breadcrumb\"},\"inLanguage\":\"tr\",\"potentialAction\":[{\"@type\":\"ReadAction\",\"target\":[\"https:\/\/www.destinationimagination.org\/challenge-experience\/improv-are-we-there-yet\/\"]}]},{\"@type\":\"ImageObject\",\"inLanguage\":\"tr\",\"@id\":\"https:\/\/www.destinationimagination.org\/challenge-experience\/improv-are-we-there-yet\/#primaryimage\",\"url\":\"https:\/\/www.destinationimagination.org\/wp-content\/uploads\/24-25-Improv-Are-We-There-Yet.png\",\"contentUrl\":\"https:\/\/www.destinationimagination.org\/wp-content\/uploads\/24-25-Improv-Are-We-There-Yet.png\",\"width\":5000,\"height\":2143,\"caption\":\"24-25 Improv - Are We There Yet? logo of a bunny on roller skates\"},{\"@type\":\"BreadcrumbList\",\"@id\":\"https:\/\/www.destinationimagination.org\/challenge-experience\/improv-are-we-there-yet\/#breadcrumb\",\"itemListElement\":[{\"@type\":\"ListItem\",\"position\":1,\"name\":\"Home\",\"item\":\"https:\/\/www.destinationimagination.org\/\"},{\"@type\":\"ListItem\",\"position\":2,\"name\":\"Challenge Experience\",\"item\":\"https:\/\/www.destinationimagination.org\/challenge-experience\/\"},{\"@type\":\"ListItem\",\"position\":3,\"name\":\"Improv &#8211; Are We There Yet?\"}]},{\"@type\":\"WebSite\",\"@id\":\"https:\/\/www.destinationimagination.org\/es\/#website\",\"url\":\"https:\/\/www.destinationimagination.org\/es\/\",\"name\":\"Destination Imagination\",\"description\":\"A creative, team-focused, STEAM competition for K-12 and university students.\",\"potentialAction\":[{\"@type\":\"SearchAction\",\"target\":{\"@type\":\"EntryPoint\",\"urlTemplate\":\"https:\/\/www.destinationimagination.org\/es\/?s={search_term_string}\"},\"query-input\":{\"@type\":\"PropertyValueSpecification\",\"valueRequired\":true,\"valueName\":\"search_term_string\"}}],\"inLanguage\":\"tr\"}]}<\/script>\n<!-- \/ Yoast SEO plugin. -->","yoast_head_json":{"title":"Do\u011fa\u00e7lama - Hen\u00fcz Geldik Mi? - Hayal G\u00fcc\u00fcne Yolculuk","robots":{"index":"index","follow":"follow","max-snippet":"max-snippet:-1","max-image-preview":"max-image-preview:large","max-video-preview":"max-video-preview:-1"},"canonical":"https:\/\/www.destinationimagination.org\/tr\/challenge-experience\/improv-are-we-there-yet\/","og_locale":"tr_TR","og_type":"article","og_title":"Improv - Are We There Yet? - Destination Imagination","og_description":"2024-25 Published Clarifications Every team is expected to know the PublishedClarifications for its Challenge. The deadline to ask a Team Clarification is January 31, 2025, at 11:59 pm Pacific Time. #1 AUGUST 5, 2024 In the Challenge, Table 2: Mode of Transportation, &#8220;The Great Glass Elevator from Charlie and the Great Glass Elevator&#8221; should be [&hellip;]","og_url":"https:\/\/www.destinationimagination.org\/tr\/challenge-experience\/improv-are-we-there-yet\/","og_site_name":"Destination Imagination","article_modified_time":"2024-08-05T12:58:50+00:00","og_image":[{"width":5000,"height":2143,"url":"https:\/\/www.destinationimagination.org\/wp-content\/uploads\/24-25-Improv-Are-We-There-Yet.png","type":"image\/png"}],"twitter_card":"summary_large_image","twitter_misc":{"Tahmini okuma s\u00fcresi":"1 dakika"},"schema":{"@context":"https:\/\/schema.org","@graph":[{"@type":"WebPage","@id":"https:\/\/www.destinationimagination.org\/challenge-experience\/improv-are-we-there-yet\/","url":"https:\/\/www.destinationimagination.org\/challenge-experience\/improv-are-we-there-yet\/","name":"Do\u011fa\u00e7lama - Hen\u00fcz Geldik Mi? - Hayal G\u00fcc\u00fcne Yolculuk","isPartOf":{"@id":"https:\/\/www.destinationimagination.org\/es\/#website"},"primaryImageOfPage":{"@id":"https:\/\/www.destinationimagination.org\/challenge-experience\/improv-are-we-there-yet\/#primaryimage"},"image":{"@id":"https:\/\/www.destinationimagination.org\/challenge-experience\/improv-are-we-there-yet\/#primaryimage"},"thumbnailUrl":"https:\/\/www.destinationimagination.org\/wp-content\/uploads\/24-25-Improv-Are-We-There-Yet.png","datePublished":"2024-06-12T18:12:46+00:00","dateModified":"2024-08-05T12:58:50+00:00","breadcrumb":{"@id":"https:\/\/www.destinationimagination.org\/challenge-experience\/improv-are-we-there-yet\/#breadcrumb"},"inLanguage":"tr","potentialAction":[{"@type":"ReadAction","target":["https:\/\/www.destinationimagination.org\/challenge-experience\/improv-are-we-there-yet\/"]}]},{"@type":"ImageObject","inLanguage":"tr","@id":"https:\/\/www.destinationimagination.org\/challenge-experience\/improv-are-we-there-yet\/#primaryimage","url":"https:\/\/www.destinationimagination.org\/wp-content\/uploads\/24-25-Improv-Are-We-There-Yet.png","contentUrl":"https:\/\/www.destinationimagination.org\/wp-content\/uploads\/24-25-Improv-Are-We-There-Yet.png","width":5000,"height":2143,"caption":"24-25 Improv - Are We There Yet? logo of a bunny on roller skates"},{"@type":"BreadcrumbList","@id":"https:\/\/www.destinationimagination.org\/challenge-experience\/improv-are-we-there-yet\/#breadcrumb","itemListElement":[{"@type":"ListItem","position":1,"name":"Home","item":"https:\/\/www.destinationimagination.org\/"},{"@type":"ListItem","position":2,"name":"Challenge Experience","item":"https:\/\/www.destinationimagination.org\/challenge-experience\/"},{"@type":"ListItem","position":3,"name":"Improv &#8211; Are We There Yet?"}]},{"@type":"WebSite","@id":"https:\/\/www.destinationimagination.org\/es\/#website","url":"https:\/\/www.destinationimagination.org\/es\/","name":"Hedef Hayal G\u00fcc\u00fc","description":"K-12 ve \u00fcniversite \u00f6\u011frencileri i\u00e7in yarat\u0131c\u0131, tak\u0131m odakl\u0131, STEAM yar\u0131\u015fmas\u0131.","potentialAction":[{"@type":"SearchAction","target":{"@type":"EntryPoint","urlTemplate":"https:\/\/www.destinationimagination.org\/es\/?s={search_term_string}"},"query-input":{"@type":"PropertyValueSpecification","valueRequired":true,"valueName":"search_term_string"}}],"inLanguage":"tr"}]}},"_links":{"self":[{"href":"https:\/\/www.destinationimagination.org\/tr\/wp-json\/wp\/v2\/pages\/30901","targetHints":{"allow":["GET"]}}],"collection":[{"href":"https:\/\/www.destinationimagination.org\/tr\/wp-json\/wp\/v2\/pages"}],"about":[{"href":"https:\/\/www.destinationimagination.org\/tr\/wp-json\/wp\/v2\/types\/page"}],"author":[{"embeddable":true,"href":"https:\/\/www.destinationimagination.org\/tr\/wp-json\/wp\/v2\/users\/2"}],"replies":[{"embeddable":true,"href":"https:\/\/www.destinationimagination.org\/tr\/wp-json\/wp\/v2\/comments?post=30901"}],"version-history":[{"count":7,"href":"https:\/\/www.destinationimagination.org\/tr\/wp-json\/wp\/v2\/pages\/30901\/revisions"}],"predecessor-version":[{"id":31333,"href":"https:\/\/www.destinationimagination.org\/tr\/wp-json\/wp\/v2\/pages\/30901\/revisions\/31333"}],"up":[{"embeddable":true,"href":"https:\/\/www.destinationimagination.org\/tr\/wp-json\/wp\/v2\/pages\/4041"}],"wp:featuredmedia":[{"embeddable":true,"href":"https:\/\/www.destinationimagination.org\/tr\/wp-json\/wp\/v2\/media\/30876"}],"wp:attachment":[{"href":"https:\/\/www.destinationimagination.org\/tr\/wp-json\/wp\/v2\/media?parent=30901"}],"curies":[{"name":"wp","href":"https:\/\/api.w.org\/{rel}","templated":true}]}}