{"id":30906,"date":"2024-06-12T14:17:04","date_gmt":"2024-06-12T18:17:04","guid":{"rendered":"https:\/\/www.destinationimagination.org\/?page_id=30906"},"modified":"2024-11-25T08:41:54","modified_gmt":"2024-11-25T13:41:54","slug":"engineering-high-wire-act","status":"publish","type":"page","link":"https:\/\/www.destinationimagination.org\/tr\/challenge-experience\/engineering-high-wire-act\/","title":{"rendered":"M\u00fchendislik-Y\u00fcksek Tel Yasas\u0131"},"content":{"rendered":"<div data-elementor-type=\"wp-page\" data-elementor-id=\"30906\" class=\"elementor elementor-30906\" data-elementor-post-type=\"page\">\n\t\t\t\t\t\t<section class=\"elementor-section elementor-top-section elementor-element elementor-element-809b43e elementor-section-boxed elementor-section-height-default elementor-section-height-default\" data-id=\"809b43e\" data-element_type=\"section\" data-e-type=\"section\">\n\t\t\t\t\t\t<div class=\"elementor-container elementor-column-gap-default\">\n\t\t\t\t\t<div class=\"elementor-column elementor-col-100 elementor-top-column elementor-element elementor-element-9a3a4bc\" data-id=\"9a3a4bc\" data-element_type=\"column\" data-e-type=\"column\">\n\t\t\t<div class=\"elementor-widget-wrap elementor-element-populated\">\n\t\t\t\t\t\t<section class=\"elementor-section elementor-inner-section elementor-element elementor-element-6e4d24e elementor-section-content-middle elementor-section-boxed elementor-section-height-default elementor-section-height-default\" data-id=\"6e4d24e\" data-element_type=\"section\" data-e-type=\"section\">\n\t\t\t\t\t\t<div class=\"elementor-container elementor-column-gap-no\">\n\t\t\t\t\t<div class=\"elementor-column elementor-col-100 elementor-inner-column elementor-element elementor-element-dad4b45\" data-id=\"dad4b45\" data-element_type=\"column\" data-e-type=\"column\">\n\t\t\t<div class=\"elementor-widget-wrap elementor-element-populated\">\n\t\t\t\t\t\t<div class=\"elementor-element elementor-element-3e196f1 elementor-widget__width-auto elementor-invisible elementor-widget elementor-widget-image\" data-id=\"3e196f1\" data-element_type=\"widget\" data-e-type=\"widget\" data-settings=\"{&quot;_animation&quot;:&quot;fadeInLeft&quot;}\" data-widget_type=\"image.default\">\n\t\t\t\t<div class=\"elementor-widget-container\">\n\t\t\t\t\t\t\t\t\t\t\t\t\t\t\t<img decoding=\"async\" width=\"30\" height=\"30\" src=\"https:\/\/www.destinationimagination.org\/wp-content\/uploads\/orange-box.jpg\" class=\"attachment-large size-large wp-image-3314\" alt=\"orange box\" srcset=\"https:\/\/www.destinationimagination.org\/wp-content\/uploads\/orange-box.jpg 30w, https:\/\/www.destinationimagination.org\/wp-content\/uploads\/orange-box-12x12.jpg 12w\" sizes=\"(max-width: 30px) 100vw, 30px\" \/>\t\t\t\t\t\t\t\t\t\t\t\t\t\t\t<\/div>\n\t\t\t\t<\/div>\n\t\t\t\t<div class=\"elementor-element elementor-element-e6e6880 elementor-widget__width-auto elementor-widget elementor-widget-heading\" data-id=\"e6e6880\" data-element_type=\"widget\" data-e-type=\"widget\" data-widget_type=\"heading.default\">\n\t\t\t\t<div class=\"elementor-widget-container\">\n\t\t\t\t\t<h3 class=\"elementor-heading-title elementor-size-default\">2024-25 Yay\u0131nlanan A\u00e7\u0131klamalar<\/h3>\t\t\t\t<\/div>\n\t\t\t\t<\/div>\n\t\t\t\t\t<\/div>\n\t\t<\/div>\n\t\t\t\t\t<\/div>\n\t\t<\/section>\n\t\t\t\t<div class=\"elementor-element elementor-element-69090b6 elementor-widget elementor-widget-image\" data-id=\"69090b6\" data-element_type=\"widget\" data-e-type=\"widget\" data-widget_type=\"image.default\">\n\t\t\t\t<div class=\"elementor-widget-container\">\n\t\t\t\t\t\t\t\t\t\t\t\t\t\t\t<img fetchpriority=\"high\" decoding=\"async\" width=\"5000\" height=\"2143\" src=\"https:\/\/www.destinationimagination.org\/wp-content\/uploads\/24-25-Engineering-High-Wire-Act.png\" class=\"attachment-full size-full wp-image-30874\" alt=\"24-25 Engineering - High Wire Act logo of a hedgehog on a hire-wire\" \/>\t\t\t\t\t\t\t\t\t\t\t\t\t\t\t<\/div>\n\t\t\t\t<\/div>\n\t\t\t\t<section class=\"elementor-section elementor-inner-section elementor-element elementor-element-b776667 elementor-section-boxed elementor-section-height-default elementor-section-height-default\" data-id=\"b776667\" data-element_type=\"section\" data-e-type=\"section\">\n\t\t\t\t\t\t<div class=\"elementor-container elementor-column-gap-default\">\n\t\t\t\t\t<div class=\"elementor-column elementor-col-100 elementor-inner-column elementor-element elementor-element-ce81ec2 elementor-invisible\" data-id=\"ce81ec2\" data-element_type=\"column\" data-e-type=\"column\" data-settings=\"{&quot;animation&quot;:&quot;slideInUp&quot;}\">\n\t\t\t<div class=\"elementor-widget-wrap elementor-element-populated\">\n\t\t\t\t\t\t<div class=\"elementor-element elementor-element-8c2ce1e elementor-widget elementor-widget-text-editor\" data-id=\"8c2ce1e\" data-element_type=\"widget\" data-e-type=\"widget\" data-widget_type=\"text-editor.default\">\n\t\t\t\t<div class=\"elementor-widget-container\">\n\t\t\t\t\t\t\t\t\t<h3>Her tak\u0131m\u0131n Yay\u0131nlananlar\u0131 bilmesi beklenir<br>M\u00fccadelesi i\u00e7in A\u00e7\u0131klamalar.<\/h3>\n<p>Ekip A\u00e7\u0131klamas\u0131n\u0131 istemek i\u00e7in son tarih 31 Ocak 2025, Pasifik Saatiyle 23:59&#039;dur.<\/p>\n<p><span style=\"font-weight: bolder;\">\u015eu anda 2024-25 Teknik M\u00fccadelesine ili\u015fkin herhangi bir A\u00e7\u0131klama bulunmamaktad\u0131r.<br><\/span><span style=\"font-weight: bolder;\">L\u00fctfen g\u00fcncellemeler i\u00e7in tekrar kontrol edin.&nbsp;<\/span><\/p>\t\t\t\t\t\t\t\t<\/div>\n\t\t\t\t<\/div>\n\t\t\t\t\t<\/div>\n\t\t<\/div>\n\t\t\t\t\t<\/div>\n\t\t<\/section>\n\t\t\t\t\t<\/div>\n\t\t<\/div>\n\t\t\t\t\t<\/div>\n\t\t<\/section>\n\t\t\t\t<\/div>","protected":false},"excerpt":{"rendered":"<p>2024-25 Yay\u0131mlanm\u0131\u015f A\u00e7\u0131klamalar Her tak\u0131m\u0131n M\u00fccadelesi i\u00e7in Yay\u0131mlanm\u0131\u015f A\u00e7\u0131klamalar\u0131 bilmesi beklenir. Tak\u0131m A\u00e7\u0131klamas\u0131 istemek i\u00e7in son tarih 31 Ocak 2025, Pasifik Saati ile 23:59&#039;dur. \u015eu anda 2024-25 Teknik M\u00fccadelesi i\u00e7in hi\u00e7bir A\u00e7\u0131klama bulunmamaktad\u0131r. L\u00fctfen g\u00fcncellemeler i\u00e7in tekrar kontrol edin.&nbsp;<\/p>","protected":false},"author":2,"featured_media":30874,"parent":4041,"menu_order":0,"comment_status":"closed","ping_status":"closed","template":"","meta":{"content-type":"","inline_featured_image":false,"footnotes":""},"class_list":["post-30906","page","type-page","status-publish","has-post-thumbnail","hentry"],"yoast_head":"<!-- This site is optimized with the Yoast SEO plugin v27.2 - https:\/\/yoast.com\/product\/yoast-seo-wordpress\/ -->\n<title>Engineering-High-Wire Act - Destination Imagination<\/title>\n<meta name=\"robots\" content=\"index, follow, max-snippet:-1, max-image-preview:large, max-video-preview:-1\" \/>\n<link rel=\"canonical\" href=\"https:\/\/www.destinationimagination.org\/tr\/challenge-experience\/engineering-high-wire-act\/\" \/>\n<meta property=\"og:locale\" content=\"tr_TR\" \/>\n<meta property=\"og:type\" content=\"article\" \/>\n<meta property=\"og:title\" content=\"Engineering-High-Wire Act - Destination Imagination\" \/>\n<meta property=\"og:description\" content=\"2024-25 Published Clarifications Every team is expected to know the PublishedClarifications for its Challenge. The deadline to ask a Team Clarification is January 31, 2025, at 11:59 pm Pacific Time. There are currently no Clarifications for the 2024-25 Technical Challenge.Please check back for updates.&nbsp;\" \/>\n<meta property=\"og:url\" content=\"https:\/\/www.destinationimagination.org\/tr\/challenge-experience\/engineering-high-wire-act\/\" \/>\n<meta property=\"og:site_name\" content=\"Destination Imagination\" \/>\n<meta property=\"article:modified_time\" content=\"2024-11-25T13:41:54+00:00\" \/>\n<meta property=\"og:image\" content=\"https:\/\/www.destinationimagination.org\/wp-content\/uploads\/24-25-Engineering-High-Wire-Act.png\" \/>\n\t<meta property=\"og:image:width\" content=\"5000\" \/>\n\t<meta property=\"og:image:height\" content=\"2143\" \/>\n\t<meta property=\"og:image:type\" content=\"image\/png\" \/>\n<meta name=\"twitter:card\" content=\"summary_large_image\" \/>\n<meta name=\"twitter:label1\" content=\"Tahmini okuma s\u00fcresi\" \/>\n\t<meta name=\"twitter:data1\" content=\"1 dakika\" \/>\n<script type=\"application\/ld+json\" class=\"yoast-schema-graph\">{\"@context\":\"https:\/\/schema.org\",\"@graph\":[{\"@type\":\"WebPage\",\"@id\":\"https:\/\/www.destinationimagination.org\/challenge-experience\/engineering-high-wire-act\/\",\"url\":\"https:\/\/www.destinationimagination.org\/challenge-experience\/engineering-high-wire-act\/\",\"name\":\"Engineering-High-Wire Act - Destination Imagination\",\"isPartOf\":{\"@id\":\"https:\/\/www.destinationimagination.org\/es\/#website\"},\"primaryImageOfPage\":{\"@id\":\"https:\/\/www.destinationimagination.org\/challenge-experience\/engineering-high-wire-act\/#primaryimage\"},\"image\":{\"@id\":\"https:\/\/www.destinationimagination.org\/challenge-experience\/engineering-high-wire-act\/#primaryimage\"},\"thumbnailUrl\":\"https:\/\/www.destinationimagination.org\/wp-content\/uploads\/24-25-Engineering-High-Wire-Act.png\",\"datePublished\":\"2024-06-12T18:17:04+00:00\",\"dateModified\":\"2024-11-25T13:41:54+00:00\",\"breadcrumb\":{\"@id\":\"https:\/\/www.destinationimagination.org\/challenge-experience\/engineering-high-wire-act\/#breadcrumb\"},\"inLanguage\":\"tr\",\"potentialAction\":[{\"@type\":\"ReadAction\",\"target\":[\"https:\/\/www.destinationimagination.org\/challenge-experience\/engineering-high-wire-act\/\"]}]},{\"@type\":\"ImageObject\",\"inLanguage\":\"tr\",\"@id\":\"https:\/\/www.destinationimagination.org\/challenge-experience\/engineering-high-wire-act\/#primaryimage\",\"url\":\"https:\/\/www.destinationimagination.org\/wp-content\/uploads\/24-25-Engineering-High-Wire-Act.png\",\"contentUrl\":\"https:\/\/www.destinationimagination.org\/wp-content\/uploads\/24-25-Engineering-High-Wire-Act.png\",\"width\":5000,\"height\":2143,\"caption\":\"24-25 Engineering - High Wire Act logo of a hedgehog on a hire-wire\"},{\"@type\":\"BreadcrumbList\",\"@id\":\"https:\/\/www.destinationimagination.org\/challenge-experience\/engineering-high-wire-act\/#breadcrumb\",\"itemListElement\":[{\"@type\":\"ListItem\",\"position\":1,\"name\":\"Home\",\"item\":\"https:\/\/www.destinationimagination.org\/\"},{\"@type\":\"ListItem\",\"position\":2,\"name\":\"Challenge Experience\",\"item\":\"https:\/\/www.destinationimagination.org\/challenge-experience\/\"},{\"@type\":\"ListItem\",\"position\":3,\"name\":\"Engineering-High-Wire Act\"}]},{\"@type\":\"WebSite\",\"@id\":\"https:\/\/www.destinationimagination.org\/es\/#website\",\"url\":\"https:\/\/www.destinationimagination.org\/es\/\",\"name\":\"Destination Imagination\",\"description\":\"A creative, team-focused, STEAM competition for K-12 and university students.\",\"potentialAction\":[{\"@type\":\"SearchAction\",\"target\":{\"@type\":\"EntryPoint\",\"urlTemplate\":\"https:\/\/www.destinationimagination.org\/es\/?s={search_term_string}\"},\"query-input\":{\"@type\":\"PropertyValueSpecification\",\"valueRequired\":true,\"valueName\":\"search_term_string\"}}],\"inLanguage\":\"tr\"}]}<\/script>\n<!-- \/ Yoast SEO plugin. -->","yoast_head_json":{"title":"M\u00fchendislik - Y\u00fcksek Tel \u00dczerinde Y\u00fcr\u00fcme G\u00f6sterisi - Hedef Hayal G\u00fcc\u00fc","robots":{"index":"index","follow":"follow","max-snippet":"max-snippet:-1","max-image-preview":"max-image-preview:large","max-video-preview":"max-video-preview:-1"},"canonical":"https:\/\/www.destinationimagination.org\/tr\/challenge-experience\/engineering-high-wire-act\/","og_locale":"tr_TR","og_type":"article","og_title":"Engineering-High-Wire Act - Destination Imagination","og_description":"2024-25 Published Clarifications Every team is expected to know the PublishedClarifications for its Challenge. The deadline to ask a Team Clarification is January 31, 2025, at 11:59 pm Pacific Time. There are currently no Clarifications for the 2024-25 Technical Challenge.Please check back for updates.&nbsp;","og_url":"https:\/\/www.destinationimagination.org\/tr\/challenge-experience\/engineering-high-wire-act\/","og_site_name":"Destination Imagination","article_modified_time":"2024-11-25T13:41:54+00:00","og_image":[{"width":5000,"height":2143,"url":"https:\/\/www.destinationimagination.org\/wp-content\/uploads\/24-25-Engineering-High-Wire-Act.png","type":"image\/png"}],"twitter_card":"summary_large_image","twitter_misc":{"Tahmini okuma s\u00fcresi":"1 dakika"},"schema":{"@context":"https:\/\/schema.org","@graph":[{"@type":"WebPage","@id":"https:\/\/www.destinationimagination.org\/challenge-experience\/engineering-high-wire-act\/","url":"https:\/\/www.destinationimagination.org\/challenge-experience\/engineering-high-wire-act\/","name":"M\u00fchendislik - Y\u00fcksek Tel \u00dczerinde Y\u00fcr\u00fcme G\u00f6sterisi - Hedef Hayal G\u00fcc\u00fc","isPartOf":{"@id":"https:\/\/www.destinationimagination.org\/es\/#website"},"primaryImageOfPage":{"@id":"https:\/\/www.destinationimagination.org\/challenge-experience\/engineering-high-wire-act\/#primaryimage"},"image":{"@id":"https:\/\/www.destinationimagination.org\/challenge-experience\/engineering-high-wire-act\/#primaryimage"},"thumbnailUrl":"https:\/\/www.destinationimagination.org\/wp-content\/uploads\/24-25-Engineering-High-Wire-Act.png","datePublished":"2024-06-12T18:17:04+00:00","dateModified":"2024-11-25T13:41:54+00:00","breadcrumb":{"@id":"https:\/\/www.destinationimagination.org\/challenge-experience\/engineering-high-wire-act\/#breadcrumb"},"inLanguage":"tr","potentialAction":[{"@type":"ReadAction","target":["https:\/\/www.destinationimagination.org\/challenge-experience\/engineering-high-wire-act\/"]}]},{"@type":"ImageObject","inLanguage":"tr","@id":"https:\/\/www.destinationimagination.org\/challenge-experience\/engineering-high-wire-act\/#primaryimage","url":"https:\/\/www.destinationimagination.org\/wp-content\/uploads\/24-25-Engineering-High-Wire-Act.png","contentUrl":"https:\/\/www.destinationimagination.org\/wp-content\/uploads\/24-25-Engineering-High-Wire-Act.png","width":5000,"height":2143,"caption":"24-25 Engineering - High Wire Act logo of a hedgehog on a hire-wire"},{"@type":"BreadcrumbList","@id":"https:\/\/www.destinationimagination.org\/challenge-experience\/engineering-high-wire-act\/#breadcrumb","itemListElement":[{"@type":"ListItem","position":1,"name":"Home","item":"https:\/\/www.destinationimagination.org\/"},{"@type":"ListItem","position":2,"name":"Challenge Experience","item":"https:\/\/www.destinationimagination.org\/challenge-experience\/"},{"@type":"ListItem","position":3,"name":"Engineering-High-Wire Act"}]},{"@type":"WebSite","@id":"https:\/\/www.destinationimagination.org\/es\/#website","url":"https:\/\/www.destinationimagination.org\/es\/","name":"Hedef Hayal G\u00fcc\u00fc","description":"K-12 ve \u00fcniversite \u00f6\u011frencileri i\u00e7in yarat\u0131c\u0131, tak\u0131m odakl\u0131, STEAM yar\u0131\u015fmas\u0131.","potentialAction":[{"@type":"SearchAction","target":{"@type":"EntryPoint","urlTemplate":"https:\/\/www.destinationimagination.org\/es\/?s={search_term_string}"},"query-input":{"@type":"PropertyValueSpecification","valueRequired":true,"valueName":"search_term_string"}}],"inLanguage":"tr"}]}},"_links":{"self":[{"href":"https:\/\/www.destinationimagination.org\/tr\/wp-json\/wp\/v2\/pages\/30906","targetHints":{"allow":["GET"]}}],"collection":[{"href":"https:\/\/www.destinationimagination.org\/tr\/wp-json\/wp\/v2\/pages"}],"about":[{"href":"https:\/\/www.destinationimagination.org\/tr\/wp-json\/wp\/v2\/types\/page"}],"author":[{"embeddable":true,"href":"https:\/\/www.destinationimagination.org\/tr\/wp-json\/wp\/v2\/users\/2"}],"replies":[{"embeddable":true,"href":"https:\/\/www.destinationimagination.org\/tr\/wp-json\/wp\/v2\/comments?post=30906"}],"version-history":[{"count":10,"href":"https:\/\/www.destinationimagination.org\/tr\/wp-json\/wp\/v2\/pages\/30906\/revisions"}],"predecessor-version":[{"id":31872,"href":"https:\/\/www.destinationimagination.org\/tr\/wp-json\/wp\/v2\/pages\/30906\/revisions\/31872"}],"up":[{"embeddable":true,"href":"https:\/\/www.destinationimagination.org\/tr\/wp-json\/wp\/v2\/pages\/4041"}],"wp:featuredmedia":[{"embeddable":true,"href":"https:\/\/www.destinationimagination.org\/tr\/wp-json\/wp\/v2\/media\/30874"}],"wp:attachment":[{"href":"https:\/\/www.destinationimagination.org\/tr\/wp-json\/wp\/v2\/media?parent=30906"}],"curies":[{"name":"wp","href":"https:\/\/api.w.org\/{rel}","templated":true}]}}