{"id":32601,"date":"2025-03-07T14:24:03","date_gmt":"2025-03-07T19:24:03","guid":{"rendered":"https:\/\/www.destinationimagination.org\/?page_id=32601"},"modified":"2025-04-16T14:44:56","modified_gmt":"2025-04-16T18:44:56","slug":"future-ready-learning-edcuration","status":"publish","type":"page","link":"https:\/\/www.destinationimagination.org\/tr\/future-ready-learning-edcuration\/","title":{"rendered":"Gelece\u011fe Haz\u0131r \u00d6\u011frenme \u2013 Edcurate"},"content":{"rendered":"<div data-elementor-type=\"wp-page\" data-elementor-id=\"32601\" class=\"elementor elementor-32601\" data-elementor-post-type=\"page\">\n\t\t\t\t\t\t<section class=\"elementor-section elementor-top-section elementor-element elementor-element-a2ecf8d elementor-section-full_width elementor-section-height-default elementor-section-height-default\" data-id=\"a2ecf8d\" data-element_type=\"section\" data-e-type=\"section\">\n\t\t\t\t\t\t<div class=\"elementor-container elementor-column-gap-default\">\n\t\t\t\t\t<div class=\"elementor-column elementor-col-100 elementor-top-column elementor-element elementor-element-54d8770\" data-id=\"54d8770\" data-element_type=\"column\" data-e-type=\"column\">\n\t\t\t<div class=\"elementor-widget-wrap elementor-element-populated\">\n\t\t\t\t\t\t<div class=\"elementor-element elementor-element-13fcaf9 elementor-widget elementor-widget-template\" data-id=\"13fcaf9\" data-element_type=\"widget\" data-e-type=\"widget\" data-widget_type=\"template.default\">\n\t\t\t\t<div class=\"elementor-widget-container\">\n\t\t\t\t\t\t\t<div class=\"elementor-template\">\n\t\t\t\t\t<div data-elementor-type=\"page\" data-elementor-id=\"32924\" class=\"elementor elementor-32924\" data-elementor-post-type=\"elementor_library\">\n\t\t\t\t\t\t<section class=\"elementor-section elementor-top-section elementor-element elementor-element-52562dde elementor-section-full_width elementor-section-height-min-height elementor-section-content-middle elementor-section-stretched elementor-hidden-mobile elementor-section-height-default elementor-section-items-middle\" data-id=\"52562dde\" data-element_type=\"section\" data-e-type=\"section\" data-settings=\"{&quot;stretch_section&quot;:&quot;section-stretched&quot;,&quot;background_background&quot;:&quot;classic&quot;}\">\n\t\t\t\t\t\t<div class=\"elementor-container elementor-column-gap-default\">\n\t\t\t\t\t<div class=\"elementor-column elementor-col-100 elementor-top-column elementor-element elementor-element-75acda8a\" data-id=\"75acda8a\" data-element_type=\"column\" data-e-type=\"column\">\n\t\t\t<div class=\"elementor-widget-wrap elementor-element-populated\">\n\t\t\t\t\t\t<div class=\"elementor-element elementor-element-1c16d1b4 elementor-widget__width-initial elementor-widget elementor-widget-image\" data-id=\"1c16d1b4\" data-element_type=\"widget\" data-e-type=\"widget\" data-widget_type=\"image.default\">\n\t\t\t\t<div class=\"elementor-widget-container\">\n\t\t\t\t\t\t\t\t\t\t\t\t\t\t\t<img fetchpriority=\"high\" decoding=\"async\" width=\"800\" height=\"200\" src=\"https:\/\/www.destinationimagination.org\/wp-content\/uploads\/DI_Logo_Full_Color_RGB-1-1.png\" class=\"attachment-large size-large wp-image-32881\" alt=\"\" \/>\t\t\t\t\t\t\t\t\t\t\t\t\t\t\t<\/div>\n\t\t\t\t<\/div>\n\t\t\t\t\t<\/div>\n\t\t<\/div>\n\t\t\t\t\t<\/div>\n\t\t<\/section>\n\t\t\t\t<section class=\"elementor-section elementor-top-section elementor-element elementor-element-2ac2593e elementor-hidden-mobile elementor-section-boxed elementor-section-height-default elementor-section-height-default\" data-id=\"2ac2593e\" data-element_type=\"section\" data-e-type=\"section\" data-settings=\"{&quot;background_background&quot;:&quot;classic&quot;}\">\n\t\t\t\t\t\t<div class=\"elementor-container elementor-column-gap-default\">\n\t\t\t\t\t<div class=\"elementor-column elementor-col-100 elementor-top-column elementor-element elementor-element-e7b9b8f\" data-id=\"e7b9b8f\" data-element_type=\"column\" data-e-type=\"column\">\n\t\t\t<div class=\"elementor-widget-wrap elementor-element-populated\">\n\t\t\t\t\t\t<div class=\"elementor-element elementor-element-47bdbc87 elementor-hidden-mobile elementor-widget elementor-widget-heading\" data-id=\"47bdbc87\" data-element_type=\"widget\" data-e-type=\"widget\" data-widget_type=\"heading.default\">\n\t\t\t\t<div class=\"elementor-widget-container\">\n\t\t\t\t\t<h2 class=\"elementor-heading-title elementor-size-default\">M\u00fcfredat\u0131n\u0131z Gelece\u011fe Haz\u0131r m\u0131?<\/h2>\t\t\t\t<\/div>\n\t\t\t\t<\/div>\n\t\t\t\t<div class=\"elementor-element elementor-element-bae5239 elementor-hidden-mobile elementor-widget elementor-widget-text-editor\" data-id=\"bae5239\" data-element_type=\"widget\" data-e-type=\"widget\" data-widget_type=\"text-editor.default\">\n\t\t\t\t<div class=\"elementor-widget-container\">\n\t\t\t\t\t\t\t\t\t<p><b>D\u00fcnya h\u0131zla de\u011fi\u015fiyor. M\u00fcfredat\u0131n\u0131z bu de\u011fi\u015fime ayak uydurabiliyor mu?<br \/>\u00d6\u011frenmek i\u00e7in raporumuzu indirin.<\/b><\/p>\t\t\t\t\t\t\t\t<\/div>\n\t\t\t\t<\/div>\n\t\t\t\t<section class=\"elementor-section elementor-inner-section elementor-element elementor-element-68473413 elementor-section-full_width elementor-section-height-default elementor-section-height-default\" data-id=\"68473413\" data-element_type=\"section\" data-e-type=\"section\" data-settings=\"{&quot;background_background&quot;:&quot;classic&quot;}\">\n\t\t\t\t\t\t<div class=\"elementor-container elementor-column-gap-default\">\n\t\t\t\t\t<div class=\"elementor-column elementor-col-50 elementor-inner-column elementor-element elementor-element-d26197b\" data-id=\"d26197b\" data-element_type=\"column\" data-e-type=\"column\">\n\t\t\t<div class=\"elementor-widget-wrap elementor-element-populated\">\n\t\t\t\t\t\t<div class=\"elementor-element elementor-element-25e070d7 elementor-widget elementor-widget-image\" data-id=\"25e070d7\" data-element_type=\"widget\" data-e-type=\"widget\" data-widget_type=\"image.default\">\n\t\t\t\t<div class=\"elementor-widget-container\">\n\t\t\t\t\t\t\t\t\t\t\t\t\t\t\t<img decoding=\"async\" width=\"600\" height=\"600\" src=\"https:\/\/www.destinationimagination.org\/wp-content\/uploads\/Future-Ready-Learning-Landing-Page-Hero-NAESP-1-1-1.png\" class=\"attachment-large size-large wp-image-32882\" alt=\"\" \/>\t\t\t\t\t\t\t\t\t\t\t\t\t\t\t<\/div>\n\t\t\t\t<\/div>\n\t\t\t\t\t<\/div>\n\t\t<\/div>\n\t\t\t\t<div class=\"elementor-column elementor-col-50 elementor-inner-column elementor-element elementor-element-6a7b5f6c\" data-id=\"6a7b5f6c\" data-element_type=\"column\" data-e-type=\"column\" data-settings=\"{&quot;background_background&quot;:&quot;classic&quot;}\">\n\t\t\t<div class=\"elementor-widget-wrap elementor-element-populated\">\n\t\t\t\t\t\t<div class=\"elementor-element elementor-element-e4d8db9 elementor-widget elementor-widget-heading\" data-id=\"e4d8db9\" data-element_type=\"widget\" data-e-type=\"widget\" data-widget_type=\"heading.default\">\n\t\t\t\t<div class=\"elementor-widget-container\">\n\t\t\t\t\t<h2 class=\"elementor-heading-title elementor-size-default\">Raporu indirin<\/h2>\t\t\t\t<\/div>\n\t\t\t\t<\/div>\n\t\t\t\t<div class=\"elementor-element elementor-element-45585659 elementor-widget elementor-widget-hubspot-form\" data-id=\"45585659\" data-element_type=\"widget\" data-e-type=\"widget\" data-widget_type=\"hubspot-form.default\">\n\t\t\t\t<div class=\"elementor-widget-container\">\n\t\t\t\t\t\n\t\t\t\t\t\t<script>\n\t\t\t\t\t\t\twindow.hsFormsOnReady = window.hsFormsOnReady || [];\n\t\t\t\t\t\t\twindow.hsFormsOnReady.push(()=>{\n\t\t\t\t\t\t\t\thbspt.forms.create({\n\t\t\t\t\t\t\t\t\tportalId: 2741419,\n\t\t\t\t\t\t\t\t\tformId: \"56f4b392-9520-4a24-8f8c-56bf05f834c1\",\n\t\t\t\t\t\t\t\t\ttarget: \"#hbspt-form-1777626797000-3023642528\",\n\t\t\t\t\t\t\t\t\tregion: \"na1\",\n\t\t\t\t\t\t\t\t\t\n\t\t\t\t\t\t\t})});\n\t\t\t\t\t\t<\/script>\n\t\t\t\t\t\t<div class=\"hbspt-form\" id=\"hbspt-form-1777626797000-3023642528\"><\/div>\t\t\t\t<\/div>\n\t\t\t\t<\/div>\n\t\t\t\t\t<\/div>\n\t\t<\/div>\n\t\t\t\t\t<\/div>\n\t\t<\/section>\n\t\t\t\t\t<\/div>\n\t\t<\/div>\n\t\t\t\t\t<\/div>\n\t\t<\/section>\n\t\t\t\t<section class=\"elementor-section elementor-top-section elementor-element elementor-element-33d6d8b6 elementor-section-full_width elementor-hidden-desktop elementor-hidden-tablet elementor-section-height-default elementor-section-height-default\" data-id=\"33d6d8b6\" data-element_type=\"section\" data-e-type=\"section\" data-settings=\"{&quot;background_background&quot;:&quot;classic&quot;}\">\n\t\t\t\t\t\t<div class=\"elementor-container elementor-column-gap-default\">\n\t\t\t\t\t<div class=\"elementor-column elementor-col-100 elementor-top-column elementor-element elementor-element-31a351ab\" data-id=\"31a351ab\" data-element_type=\"column\" data-e-type=\"column\">\n\t\t\t<div class=\"elementor-widget-wrap elementor-element-populated\">\n\t\t\t\t\t\t<div class=\"elementor-element elementor-element-42508316 elementor-hidden-desktop elementor-hidden-tablet elementor-widget elementor-widget-heading\" data-id=\"42508316\" data-element_type=\"widget\" data-e-type=\"widget\" data-widget_type=\"heading.default\">\n\t\t\t\t<div class=\"elementor-widget-container\">\n\t\t\t\t\t<h2 class=\"elementor-heading-title elementor-size-default\">M\u00fcfredat\u0131n\u0131z gelece\u011fe haz\u0131r m\u0131?<\/h2>\t\t\t\t<\/div>\n\t\t\t\t<\/div>\n\t\t\t\t<div class=\"elementor-element elementor-element-60460e1e elementor-hidden-desktop elementor-hidden-tablet elementor-widget elementor-widget-text-editor\" data-id=\"60460e1e\" data-element_type=\"widget\" data-e-type=\"widget\" data-widget_type=\"text-editor.default\">\n\t\t\t\t<div class=\"elementor-widget-container\">\n\t\t\t\t\t\t\t\t\t<p><b>D\u00fcnya h\u0131zla de\u011fi\u015fiyor. M\u00fcfredat\u0131n\u0131z bu de\u011fi\u015fime ayak uydurabiliyor mu?<br \/>\u00d6\u011frenmek i\u00e7in raporumuzu indirin.<\/b><\/p>\t\t\t\t\t\t\t\t<\/div>\n\t\t\t\t<\/div>\n\t\t\t\t<section class=\"elementor-section elementor-inner-section elementor-element elementor-element-7708911f elementor-section-full_width elementor-section-height-default elementor-section-height-default\" data-id=\"7708911f\" data-element_type=\"section\" data-e-type=\"section\" data-settings=\"{&quot;background_background&quot;:&quot;classic&quot;}\">\n\t\t\t\t\t\t<div class=\"elementor-container elementor-column-gap-default\">\n\t\t\t\t\t<div class=\"elementor-column elementor-col-50 elementor-inner-column elementor-element elementor-element-466bca1c\" data-id=\"466bca1c\" data-element_type=\"column\" data-e-type=\"column\">\n\t\t\t<div class=\"elementor-widget-wrap elementor-element-populated\">\n\t\t\t\t\t\t<div class=\"elementor-element elementor-element-83bdcf4 elementor-widget elementor-widget-image\" data-id=\"83bdcf4\" data-element_type=\"widget\" data-e-type=\"widget\" data-widget_type=\"image.default\">\n\t\t\t\t<div class=\"elementor-widget-container\">\n\t\t\t\t\t\t\t\t\t\t\t\t\t\t\t<img decoding=\"async\" width=\"600\" height=\"600\" src=\"https:\/\/www.destinationimagination.org\/wp-content\/uploads\/Future-Ready-Learning-Landing-Page-Hero-NAESP-1-1-1.png\" class=\"attachment-large size-large wp-image-32882\" alt=\"\" \/>\t\t\t\t\t\t\t\t\t\t\t\t\t\t\t<\/div>\n\t\t\t\t<\/div>\n\t\t\t\t\t<\/div>\n\t\t<\/div>\n\t\t\t\t<div class=\"elementor-column elementor-col-50 elementor-inner-column elementor-element elementor-element-18e600b1\" data-id=\"18e600b1\" data-element_type=\"column\" data-e-type=\"column\" data-settings=\"{&quot;background_background&quot;:&quot;classic&quot;}\">\n\t\t\t<div class=\"elementor-widget-wrap elementor-element-populated\">\n\t\t\t\t\t\t<div class=\"elementor-element elementor-element-2ab0d781 elementor-widget elementor-widget-heading\" data-id=\"2ab0d781\" data-element_type=\"widget\" data-e-type=\"widget\" data-widget_type=\"heading.default\">\n\t\t\t\t<div class=\"elementor-widget-container\">\n\t\t\t\t\t<h2 class=\"elementor-heading-title elementor-size-default\">Raporu indirin<\/h2>\t\t\t\t<\/div>\n\t\t\t\t<\/div>\n\t\t\t\t<div class=\"elementor-element elementor-element-5810b9be elementor-widget elementor-widget-hubspot-form\" data-id=\"5810b9be\" data-element_type=\"widget\" data-e-type=\"widget\" data-widget_type=\"hubspot-form.default\">\n\t\t\t\t<div class=\"elementor-widget-container\">\n\t\t\t\t\t\n\t\t\t\t\t\t<script>\n\t\t\t\t\t\t\twindow.hsFormsOnReady = window.hsFormsOnReady || [];\n\t\t\t\t\t\t\twindow.hsFormsOnReady.push(()=>{\n\t\t\t\t\t\t\t\thbspt.forms.create({\n\t\t\t\t\t\t\t\t\tportalId: 2741419,\n\t\t\t\t\t\t\t\t\tformId: \"56f4b392-9520-4a24-8f8c-56bf05f834c1\",\n\t\t\t\t\t\t\t\t\ttarget: \"#hbspt-form-1777626797000-4934449907\",\n\t\t\t\t\t\t\t\t\tregion: \"na1\",\n\t\t\t\t\t\t\t\t\t\n\t\t\t\t\t\t\t})});\n\t\t\t\t\t\t<\/script>\n\t\t\t\t\t\t<div class=\"hbspt-form\" id=\"hbspt-form-1777626797000-4934449907\"><\/div>\t\t\t\t<\/div>\n\t\t\t\t<\/div>\n\t\t\t\t\t<\/div>\n\t\t<\/div>\n\t\t\t\t\t<\/div>\n\t\t<\/section>\n\t\t\t\t\t<\/div>\n\t\t<\/div>\n\t\t\t\t\t<\/div>\n\t\t<\/section>\n\t\t\t\t<section class=\"elementor-section elementor-top-section elementor-element elementor-element-44c9d443 elementor-section-stretched elementor-section-boxed elementor-section-height-default elementor-section-height-default\" data-id=\"44c9d443\" data-element_type=\"section\" data-e-type=\"section\" data-settings=\"{&quot;background_background&quot;:&quot;classic&quot;,&quot;stretch_section&quot;:&quot;section-stretched&quot;}\">\n\t\t\t\t\t\t<div class=\"elementor-container elementor-column-gap-default\">\n\t\t\t\t\t<div class=\"elementor-column elementor-col-100 elementor-top-column elementor-element elementor-element-4c8f9981\" data-id=\"4c8f9981\" data-element_type=\"column\" data-e-type=\"column\">\n\t\t\t<div class=\"elementor-widget-wrap elementor-element-populated\">\n\t\t\t\t\t\t<div class=\"elementor-element elementor-element-4a43904 elementor-widget elementor-widget-image\" data-id=\"4a43904\" data-element_type=\"widget\" data-e-type=\"widget\" data-widget_type=\"image.default\">\n\t\t\t\t<div class=\"elementor-widget-container\">\n\t\t\t\t\t\t\t\t\t\t\t\t\t\t\t<img decoding=\"async\" src=\"https:\/\/www.destinationimagination.org\/wp-content\/uploads\/DI_Logo_White_Outline_RGB-1-1-1.png\" title=\"DI_Logo_Beyaz_Anahat_RGB-1-1.png\" alt=\"DI_Logo_White_Outline_RGB-1-1.png\" loading=\"lazy\" \/>\t\t\t\t\t\t\t\t\t\t\t\t\t\t\t<\/div>\n\t\t\t\t<\/div>\n\t\t\t\t<div class=\"elementor-element elementor-element-640e8506 elementor-widget elementor-widget-heading\" data-id=\"640e8506\" data-element_type=\"widget\" data-e-type=\"widget\" data-widget_type=\"heading.default\">\n\t\t\t\t<div class=\"elementor-widget-container\">\n\t\t\t\t\t<p class=\"elementor-heading-title elementor-size-default\">\u00a92026 Hayal G\u00fcc\u00fc Hedefi<\/p>\t\t\t\t<\/div>\n\t\t\t\t<\/div>\n\t\t\t\t<div class=\"elementor-element elementor-element-7dbcc1cf elementor-widget elementor-widget-heading\" data-id=\"7dbcc1cf\" data-element_type=\"widget\" data-e-type=\"widget\" data-widget_type=\"heading.default\">\n\t\t\t\t<div class=\"elementor-widget-container\">\n\t\t\t\t\t<p class=\"elementor-heading-title elementor-size-default\"><a href=\"\/privacy-policy\/\">Gizlilik Politikas\u0131<\/a><\/p>\t\t\t\t<\/div>\n\t\t\t\t<\/div>\n\t\t\t\t\t<\/div>\n\t\t<\/div>\n\t\t\t\t\t<\/div>\n\t\t<\/section>\n\t\t\t\t<section class=\"elementor-section elementor-top-section elementor-element elementor-element-77a84867 elementor-section-boxed elementor-section-height-default elementor-section-height-default\" data-id=\"77a84867\" data-element_type=\"section\" data-e-type=\"section\">\n\t\t\t\t\t\t<div class=\"elementor-container elementor-column-gap-default\">\n\t\t\t\t\t<div class=\"elementor-column elementor-col-100 elementor-top-column elementor-element elementor-element-5956ad5b\" data-id=\"5956ad5b\" data-element_type=\"column\" data-e-type=\"column\">\n\t\t\t<div class=\"elementor-widget-wrap elementor-element-populated\">\n\t\t\t\t\t\t<section class=\"elementor-section elementor-inner-section elementor-element elementor-element-32e450dc elementor-section-boxed elementor-section-height-default elementor-section-height-default\" data-id=\"32e450dc\" data-element_type=\"section\" data-e-type=\"section\">\n\t\t\t\t\t\t<div class=\"elementor-container elementor-column-gap-default\">\n\t\t\t\t\t<div class=\"elementor-column elementor-col-50 elementor-inner-column elementor-element elementor-element-4555df73\" data-id=\"4555df73\" data-element_type=\"column\" data-e-type=\"column\">\n\t\t\t<div class=\"elementor-widget-wrap\">\n\t\t\t\t\t\t\t<\/div>\n\t\t<\/div>\n\t\t\t\t<div class=\"elementor-column elementor-col-50 elementor-inner-column elementor-element elementor-element-12648150\" data-id=\"12648150\" data-element_type=\"column\" data-e-type=\"column\">\n\t\t\t<div class=\"elementor-widget-wrap\">\n\t\t\t\t\t\t\t<\/div>\n\t\t<\/div>\n\t\t\t\t\t<\/div>\n\t\t<\/section>\n\t\t\t\t\t<\/div>\n\t\t<\/div>\n\t\t\t\t\t<\/div>\n\t\t<\/section>\n\t\t\t\t<\/div>\n\t\t\t\t<\/div>\n\t\t\t\t\t\t<\/div>\n\t\t\t\t<\/div>\n\t\t\t\t\t<\/div>\n\t\t<\/div>\n\t\t\t\t\t<\/div>\n\t\t<\/section>\n\t\t\t\t<\/div>","protected":false},"excerpt":{"rendered":"","protected":false},"author":5,"featured_media":0,"parent":0,"menu_order":0,"comment_status":"closed","ping_status":"closed","template":"elementor_canvas","meta":{"content-type":"","inline_featured_image":false,"footnotes":""},"class_list":["post-32601","page","type-page","status-publish","hentry"],"yoast_head":"<!-- This site is optimized with the Yoast SEO plugin v27.2 - https:\/\/yoast.com\/product\/yoast-seo-wordpress\/ -->\n<title>Future Ready Learning - Edcurate - Destination Imagination<\/title>\n<meta name=\"robots\" content=\"index, follow, max-snippet:-1, max-image-preview:large, max-video-preview:-1\" \/>\n<link rel=\"canonical\" href=\"https:\/\/www.destinationimagination.org\/tr\/future-ready-learning-edcuration\/\" \/>\n<meta property=\"og:locale\" content=\"tr_TR\" \/>\n<meta property=\"og:type\" content=\"article\" \/>\n<meta property=\"og:title\" content=\"Future Ready Learning - Edcurate - Destination Imagination\" \/>\n<meta property=\"og:url\" content=\"https:\/\/www.destinationimagination.org\/tr\/future-ready-learning-edcuration\/\" \/>\n<meta property=\"og:site_name\" content=\"Destination Imagination\" \/>\n<meta property=\"article:modified_time\" content=\"2025-04-16T18:44:56+00:00\" \/>\n<meta name=\"twitter:card\" content=\"summary_large_image\" \/>\n<meta name=\"twitter:label1\" content=\"Tahmini okuma s\u00fcresi\" \/>\n\t<meta name=\"twitter:data1\" content=\"3 dakika\" \/>\n<script type=\"application\/ld+json\" class=\"yoast-schema-graph\">{\"@context\":\"https:\/\/schema.org\",\"@graph\":[{\"@type\":\"WebPage\",\"@id\":\"https:\/\/www.destinationimagination.org\/future-ready-learning-edcuration\/\",\"url\":\"https:\/\/www.destinationimagination.org\/future-ready-learning-edcuration\/\",\"name\":\"Future Ready Learning - Edcurate - Destination Imagination\",\"isPartOf\":{\"@id\":\"https:\/\/www.destinationimagination.org\/es\/#website\"},\"datePublished\":\"2025-03-07T19:24:03+00:00\",\"dateModified\":\"2025-04-16T18:44:56+00:00\",\"breadcrumb\":{\"@id\":\"https:\/\/www.destinationimagination.org\/future-ready-learning-edcuration\/#breadcrumb\"},\"inLanguage\":\"tr\",\"potentialAction\":[{\"@type\":\"ReadAction\",\"target\":[\"https:\/\/www.destinationimagination.org\/future-ready-learning-edcuration\/\"]}]},{\"@type\":\"BreadcrumbList\",\"@id\":\"https:\/\/www.destinationimagination.org\/future-ready-learning-edcuration\/#breadcrumb\",\"itemListElement\":[{\"@type\":\"ListItem\",\"position\":1,\"name\":\"Home\",\"item\":\"https:\/\/www.destinationimagination.org\/\"},{\"@type\":\"ListItem\",\"position\":2,\"name\":\"Future Ready Learning &#8211; Edcurate\"}]},{\"@type\":\"WebSite\",\"@id\":\"https:\/\/www.destinationimagination.org\/es\/#website\",\"url\":\"https:\/\/www.destinationimagination.org\/es\/\",\"name\":\"Destination Imagination\",\"description\":\"A creative, team-focused, STEAM competition for K-12 and university students.\",\"potentialAction\":[{\"@type\":\"SearchAction\",\"target\":{\"@type\":\"EntryPoint\",\"urlTemplate\":\"https:\/\/www.destinationimagination.org\/es\/?s={search_term_string}\"},\"query-input\":{\"@type\":\"PropertyValueSpecification\",\"valueRequired\":true,\"valueName\":\"search_term_string\"}}],\"inLanguage\":\"tr\"}]}<\/script>\n<!-- \/ Yoast SEO plugin. -->","yoast_head_json":{"title":"Gelece\u011fe Haz\u0131r \u00d6\u011frenme - Edcurate - Hayal G\u00fcc\u00fcn\u00fcn Hedefi","robots":{"index":"index","follow":"follow","max-snippet":"max-snippet:-1","max-image-preview":"max-image-preview:large","max-video-preview":"max-video-preview:-1"},"canonical":"https:\/\/www.destinationimagination.org\/tr\/future-ready-learning-edcuration\/","og_locale":"tr_TR","og_type":"article","og_title":"Future Ready Learning - Edcurate - Destination Imagination","og_url":"https:\/\/www.destinationimagination.org\/tr\/future-ready-learning-edcuration\/","og_site_name":"Destination Imagination","article_modified_time":"2025-04-16T18:44:56+00:00","twitter_card":"summary_large_image","twitter_misc":{"Tahmini okuma s\u00fcresi":"3 dakika"},"schema":{"@context":"https:\/\/schema.org","@graph":[{"@type":"WebPage","@id":"https:\/\/www.destinationimagination.org\/future-ready-learning-edcuration\/","url":"https:\/\/www.destinationimagination.org\/future-ready-learning-edcuration\/","name":"Gelece\u011fe Haz\u0131r \u00d6\u011frenme - Edcurate - Hayal G\u00fcc\u00fcn\u00fcn Hedefi","isPartOf":{"@id":"https:\/\/www.destinationimagination.org\/es\/#website"},"datePublished":"2025-03-07T19:24:03+00:00","dateModified":"2025-04-16T18:44:56+00:00","breadcrumb":{"@id":"https:\/\/www.destinationimagination.org\/future-ready-learning-edcuration\/#breadcrumb"},"inLanguage":"tr","potentialAction":[{"@type":"ReadAction","target":["https:\/\/www.destinationimagination.org\/future-ready-learning-edcuration\/"]}]},{"@type":"BreadcrumbList","@id":"https:\/\/www.destinationimagination.org\/future-ready-learning-edcuration\/#breadcrumb","itemListElement":[{"@type":"ListItem","position":1,"name":"Home","item":"https:\/\/www.destinationimagination.org\/"},{"@type":"ListItem","position":2,"name":"Future Ready Learning &#8211; Edcurate"}]},{"@type":"WebSite","@id":"https:\/\/www.destinationimagination.org\/es\/#website","url":"https:\/\/www.destinationimagination.org\/es\/","name":"Hedef Hayal G\u00fcc\u00fc","description":"K-12 ve \u00fcniversite \u00f6\u011frencileri i\u00e7in yarat\u0131c\u0131, tak\u0131m odakl\u0131, STEAM yar\u0131\u015fmas\u0131.","potentialAction":[{"@type":"SearchAction","target":{"@type":"EntryPoint","urlTemplate":"https:\/\/www.destinationimagination.org\/es\/?s={search_term_string}"},"query-input":{"@type":"PropertyValueSpecification","valueRequired":true,"valueName":"search_term_string"}}],"inLanguage":"tr"}]}},"_links":{"self":[{"href":"https:\/\/www.destinationimagination.org\/tr\/wp-json\/wp\/v2\/pages\/32601","targetHints":{"allow":["GET"]}}],"collection":[{"href":"https:\/\/www.destinationimagination.org\/tr\/wp-json\/wp\/v2\/pages"}],"about":[{"href":"https:\/\/www.destinationimagination.org\/tr\/wp-json\/wp\/v2\/types\/page"}],"author":[{"embeddable":true,"href":"https:\/\/www.destinationimagination.org\/tr\/wp-json\/wp\/v2\/users\/5"}],"replies":[{"embeddable":true,"href":"https:\/\/www.destinationimagination.org\/tr\/wp-json\/wp\/v2\/comments?post=32601"}],"version-history":[{"count":11,"href":"https:\/\/www.destinationimagination.org\/tr\/wp-json\/wp\/v2\/pages\/32601\/revisions"}],"predecessor-version":[{"id":32931,"href":"https:\/\/www.destinationimagination.org\/tr\/wp-json\/wp\/v2\/pages\/32601\/revisions\/32931"}],"wp:attachment":[{"href":"https:\/\/www.destinationimagination.org\/tr\/wp-json\/wp\/v2\/media?parent=32601"}],"curies":[{"name":"wp","href":"https:\/\/api.w.org\/{rel}","templated":true}]}}