{"id":33605,"date":"2025-07-28T11:09:24","date_gmt":"2025-07-28T15:09:24","guid":{"rendered":"https:\/\/www.destinationimagination.org\/?page_id=33605"},"modified":"2026-01-28T08:22:43","modified_gmt":"2026-01-28T13:22:43","slug":"technical-win-it-big","status":"publish","type":"page","link":"https:\/\/www.destinationimagination.org\/tr\/challenge-experience\/technical-win-it-big\/","title":{"rendered":"Teknik Kazan\u0131n B\u00fcy\u00fck Olun"},"content":{"rendered":"<div data-elementor-type=\"wp-page\" data-elementor-id=\"33605\" class=\"elementor elementor-33605\" data-elementor-post-type=\"page\">\n\t\t\t\t\t\t<section class=\"elementor-section elementor-top-section elementor-element elementor-element-8e0f646 elementor-section-boxed elementor-section-height-default elementor-section-height-default\" data-id=\"8e0f646\" data-element_type=\"section\" data-e-type=\"section\">\n\t\t\t\t\t\t<div class=\"elementor-container elementor-column-gap-default\">\n\t\t\t\t\t<div class=\"elementor-column elementor-col-100 elementor-top-column elementor-element elementor-element-6cf45b0\" data-id=\"6cf45b0\" data-element_type=\"column\" data-e-type=\"column\">\n\t\t\t<div class=\"elementor-widget-wrap elementor-element-populated\">\n\t\t\t\t\t\t<section class=\"elementor-section elementor-inner-section elementor-element elementor-element-188d77f elementor-section-content-middle elementor-section-boxed elementor-section-height-default elementor-section-height-default\" data-id=\"188d77f\" data-element_type=\"section\" data-e-type=\"section\">\n\t\t\t\t\t\t<div class=\"elementor-container elementor-column-gap-no\">\n\t\t\t\t\t<div class=\"elementor-column elementor-col-100 elementor-inner-column elementor-element elementor-element-4847fa7\" data-id=\"4847fa7\" data-element_type=\"column\" data-e-type=\"column\">\n\t\t\t<div class=\"elementor-widget-wrap elementor-element-populated\">\n\t\t\t\t\t\t<div class=\"elementor-element elementor-element-d185b10 elementor-widget__width-auto elementor-invisible elementor-widget elementor-widget-image\" data-id=\"d185b10\" data-element_type=\"widget\" data-e-type=\"widget\" data-settings=\"{&quot;_animation&quot;:&quot;fadeInLeft&quot;}\" data-widget_type=\"image.default\">\n\t\t\t\t<div class=\"elementor-widget-container\">\n\t\t\t\t\t\t\t\t\t\t\t\t\t\t\t<img decoding=\"async\" width=\"30\" height=\"30\" src=\"https:\/\/www.destinationimagination.org\/wp-content\/uploads\/orange-box.jpg\" class=\"attachment-large size-large wp-image-3314\" alt=\"orange box\" srcset=\"https:\/\/www.destinationimagination.org\/wp-content\/uploads\/orange-box.jpg 30w, https:\/\/www.destinationimagination.org\/wp-content\/uploads\/orange-box-12x12.jpg 12w\" sizes=\"(max-width: 30px) 100vw, 30px\" \/>\t\t\t\t\t\t\t\t\t\t\t\t\t\t\t<\/div>\n\t\t\t\t<\/div>\n\t\t\t\t<div class=\"elementor-element elementor-element-8d9b622 elementor-widget__width-auto elementor-widget elementor-widget-heading\" data-id=\"8d9b622\" data-element_type=\"widget\" data-e-type=\"widget\" data-settings=\"{&quot;_animation&quot;:&quot;none&quot;}\" data-widget_type=\"heading.default\">\n\t\t\t\t<div class=\"elementor-widget-container\">\n\t\t\t\t\t<h3 class=\"elementor-heading-title elementor-size-default\">2025-26 Yay\u0131mlanan A\u00e7\u0131klamalar<\/h3>\t\t\t\t<\/div>\n\t\t\t\t<\/div>\n\t\t\t\t\t<\/div>\n\t\t<\/div>\n\t\t\t\t\t<\/div>\n\t\t<\/section>\n\t\t\t\t<div class=\"elementor-element elementor-element-842721b elementor-widget elementor-widget-image\" data-id=\"842721b\" data-element_type=\"widget\" data-e-type=\"widget\" data-widget_type=\"image.default\">\n\t\t\t\t<div class=\"elementor-widget-container\">\n\t\t\t\t\t\t\t\t\t\t\t\t\t\t\t<img fetchpriority=\"high\" decoding=\"async\" width=\"1474\" height=\"2144\" src=\"https:\/\/www.destinationimagination.org\/wp-content\/uploads\/Technical-Win-It-Big.jpg\" class=\"attachment-full size-full wp-image-33559\" alt=\"Technical - Win It Big Icon with game show spinner and lights\" \/>\t\t\t\t\t\t\t\t\t\t\t\t\t\t\t<\/div>\n\t\t\t\t<\/div>\n\t\t\t\t<section class=\"elementor-section elementor-inner-section elementor-element elementor-element-c495839 elementor-section-boxed elementor-section-height-default elementor-section-height-default\" data-id=\"c495839\" data-element_type=\"section\" data-e-type=\"section\">\n\t\t\t\t\t\t<div class=\"elementor-container elementor-column-gap-default\">\n\t\t\t\t\t<div class=\"elementor-column elementor-col-100 elementor-inner-column elementor-element elementor-element-35447ae\" data-id=\"35447ae\" data-element_type=\"column\" data-e-type=\"column\">\n\t\t\t<div class=\"elementor-widget-wrap elementor-element-populated\">\n\t\t\t\t\t\t<div class=\"elementor-element elementor-element-3a85979 elementor-widget elementor-widget-text-editor\" data-id=\"3a85979\" data-element_type=\"widget\" data-e-type=\"widget\" data-widget_type=\"text-editor.default\">\n\t\t\t\t<div class=\"elementor-widget-container\">\n\t\t\t\t\t\t\t\t\t<h3>Her tak\u0131m\u0131n Yay\u0131nlananlar\u0131 bilmesi beklenir<br>M\u00fccadelesi i\u00e7in A\u00e7\u0131klamalar.<\/h3>\n<p>Tak\u0131m A\u00e7\u0131klamas\u0131 istemek i\u00e7in son tarih 31 Ocak 2026, Pasifik Saati ile 23:59&#039;dur.<\/p>\n<p><span style=\"color: #ff6600; font-family: Montserrat; font-size: 20px; font-weight: bold; text-transform: uppercase;\">#1 28 OCAK 2026<\/span><\/p>\n<div>Yar\u0131\u015fma metninde, yeni bir B\u00f6l\u00fcm IA15 \u015fu \u015fekilde olmal\u0131d\u0131r: \u201cEkibiniz, sunumunuzda izleyicileri veya De\u011ferlendirme Ekibini KES\u0130NL\u0130KLE dahil etmemelidir. Sunumunuzda izleyicileri veya De\u011ferlendirme Ekibini kullan\u0131rsan\u0131z, bu, yar\u0131\u015fma \u00e7\u00f6z\u00fcm\u00fcn\u00fcze bir \u015feyler katacaklar\u0131 i\u00e7in fazladan ekip \u00fcyesine sahip olmak gibidir. (Yol Kurallar\u0131, B\u00f6l\u00fcm IX.B.3&#039;e bak\u0131n\u0131z.)\u201d<\/div>\t\t\t\t\t\t\t\t<\/div>\n\t\t\t\t<\/div>\n\t\t\t\t\t<\/div>\n\t\t<\/div>\n\t\t\t\t\t<\/div>\n\t\t<\/section>\n\t\t\t\t\t<\/div>\n\t\t<\/div>\n\t\t\t\t\t<\/div>\n\t\t<\/section>\n\t\t\t\t<\/div>","protected":false},"excerpt":{"rendered":"<p>2025-26 Published Clarifications Every team is expected to know the PublishedClarifications for its Challenge. The deadline to ask a Team Clarification is January 31, 2026, at 11:59 pm Pacific Time. #1 JANUARY 28, 2026 In the Challenge, a new Section I.A.15 should read, &#8220;Your team MUST NOT involve audience members or the Appraisal Team in [&hellip;]<\/p>\n","protected":false},"author":2,"featured_media":33559,"parent":4041,"menu_order":0,"comment_status":"closed","ping_status":"closed","template":"","meta":{"content-type":"","inline_featured_image":false,"footnotes":""},"class_list":["post-33605","page","type-page","status-publish","has-post-thumbnail","hentry"],"yoast_head":"<!-- This site is optimized with the Yoast SEO plugin v27.2 - https:\/\/yoast.com\/product\/yoast-seo-wordpress\/ -->\n<title>Technical Win It Big - Destination Imagination<\/title>\n<meta name=\"robots\" content=\"index, follow, max-snippet:-1, max-image-preview:large, max-video-preview:-1\" \/>\n<link rel=\"canonical\" href=\"https:\/\/www.destinationimagination.org\/tr\/challenge-experience\/technical-win-it-big\/\" \/>\n<meta property=\"og:locale\" content=\"tr_TR\" \/>\n<meta property=\"og:type\" content=\"article\" \/>\n<meta property=\"og:title\" content=\"Technical Win It Big - Destination Imagination\" \/>\n<meta property=\"og:description\" content=\"2025-26 Published Clarifications Every team is expected to know the PublishedClarifications for its Challenge. The deadline to ask a Team Clarification is January 31, 2026, at 11:59 pm Pacific Time. #1 JANUARY 28, 2026 In the Challenge, a new Section I.A.15 should read, &#8220;Your team MUST NOT involve audience members or the Appraisal Team in [&hellip;]\" \/>\n<meta property=\"og:url\" content=\"https:\/\/www.destinationimagination.org\/tr\/challenge-experience\/technical-win-it-big\/\" \/>\n<meta property=\"og:site_name\" content=\"Destination Imagination\" \/>\n<meta property=\"article:modified_time\" content=\"2026-01-28T13:22:43+00:00\" \/>\n<meta property=\"og:image\" content=\"https:\/\/www.destinationimagination.org\/wp-content\/uploads\/Technical-Win-It-Big.jpg\" \/>\n\t<meta property=\"og:image:width\" content=\"1474\" \/>\n\t<meta property=\"og:image:height\" content=\"2144\" \/>\n\t<meta property=\"og:image:type\" content=\"image\/jpeg\" \/>\n<meta name=\"twitter:card\" content=\"summary_large_image\" \/>\n<meta name=\"twitter:label1\" content=\"Tahmini okuma s\u00fcresi\" \/>\n\t<meta name=\"twitter:data1\" content=\"1 dakika\" \/>\n<script type=\"application\/ld+json\" class=\"yoast-schema-graph\">{\"@context\":\"https:\/\/schema.org\",\"@graph\":[{\"@type\":\"WebPage\",\"@id\":\"https:\/\/www.destinationimagination.org\/challenge-experience\/technical-win-it-big\/\",\"url\":\"https:\/\/www.destinationimagination.org\/challenge-experience\/technical-win-it-big\/\",\"name\":\"Technical Win It Big - Destination Imagination\",\"isPartOf\":{\"@id\":\"https:\/\/www.destinationimagination.org\/es\/#website\"},\"primaryImageOfPage\":{\"@id\":\"https:\/\/www.destinationimagination.org\/challenge-experience\/technical-win-it-big\/#primaryimage\"},\"image\":{\"@id\":\"https:\/\/www.destinationimagination.org\/challenge-experience\/technical-win-it-big\/#primaryimage\"},\"thumbnailUrl\":\"https:\/\/www.destinationimagination.org\/wp-content\/uploads\/Technical-Win-It-Big.jpg\",\"datePublished\":\"2025-07-28T15:09:24+00:00\",\"dateModified\":\"2026-01-28T13:22:43+00:00\",\"breadcrumb\":{\"@id\":\"https:\/\/www.destinationimagination.org\/challenge-experience\/technical-win-it-big\/#breadcrumb\"},\"inLanguage\":\"tr\",\"potentialAction\":[{\"@type\":\"ReadAction\",\"target\":[\"https:\/\/www.destinationimagination.org\/challenge-experience\/technical-win-it-big\/\"]}]},{\"@type\":\"ImageObject\",\"inLanguage\":\"tr\",\"@id\":\"https:\/\/www.destinationimagination.org\/challenge-experience\/technical-win-it-big\/#primaryimage\",\"url\":\"https:\/\/www.destinationimagination.org\/wp-content\/uploads\/Technical-Win-It-Big.jpg\",\"contentUrl\":\"https:\/\/www.destinationimagination.org\/wp-content\/uploads\/Technical-Win-It-Big.jpg\",\"width\":1474,\"height\":2144,\"caption\":\"Technical - Win It Big Icon with game show spinner and lights\"},{\"@type\":\"BreadcrumbList\",\"@id\":\"https:\/\/www.destinationimagination.org\/challenge-experience\/technical-win-it-big\/#breadcrumb\",\"itemListElement\":[{\"@type\":\"ListItem\",\"position\":1,\"name\":\"Home\",\"item\":\"https:\/\/www.destinationimagination.org\/\"},{\"@type\":\"ListItem\",\"position\":2,\"name\":\"Challenge Experience\",\"item\":\"https:\/\/www.destinationimagination.org\/challenge-experience\/\"},{\"@type\":\"ListItem\",\"position\":3,\"name\":\"Technical Win It Big\"}]},{\"@type\":\"WebSite\",\"@id\":\"https:\/\/www.destinationimagination.org\/es\/#website\",\"url\":\"https:\/\/www.destinationimagination.org\/es\/\",\"name\":\"Destination Imagination\",\"description\":\"A creative, team-focused, STEAM competition for K-12 and university students.\",\"potentialAction\":[{\"@type\":\"SearchAction\",\"target\":{\"@type\":\"EntryPoint\",\"urlTemplate\":\"https:\/\/www.destinationimagination.org\/es\/?s={search_term_string}\"},\"query-input\":{\"@type\":\"PropertyValueSpecification\",\"valueRequired\":true,\"valueName\":\"search_term_string\"}}],\"inLanguage\":\"tr\"}]}<\/script>\n<!-- \/ Yoast SEO plugin. -->","yoast_head_json":{"title":"Teknik Win It Big - Destination Imagination","robots":{"index":"index","follow":"follow","max-snippet":"max-snippet:-1","max-image-preview":"max-image-preview:large","max-video-preview":"max-video-preview:-1"},"canonical":"https:\/\/www.destinationimagination.org\/tr\/challenge-experience\/technical-win-it-big\/","og_locale":"tr_TR","og_type":"article","og_title":"Technical Win It Big - Destination Imagination","og_description":"2025-26 Published Clarifications Every team is expected to know the PublishedClarifications for its Challenge. The deadline to ask a Team Clarification is January 31, 2026, at 11:59 pm Pacific Time. #1 JANUARY 28, 2026 In the Challenge, a new Section I.A.15 should read, &#8220;Your team MUST NOT involve audience members or the Appraisal Team in [&hellip;]","og_url":"https:\/\/www.destinationimagination.org\/tr\/challenge-experience\/technical-win-it-big\/","og_site_name":"Destination Imagination","article_modified_time":"2026-01-28T13:22:43+00:00","og_image":[{"width":1474,"height":2144,"url":"https:\/\/www.destinationimagination.org\/wp-content\/uploads\/Technical-Win-It-Big.jpg","type":"image\/jpeg"}],"twitter_card":"summary_large_image","twitter_misc":{"Tahmini okuma s\u00fcresi":"1 dakika"},"schema":{"@context":"https:\/\/schema.org","@graph":[{"@type":"WebPage","@id":"https:\/\/www.destinationimagination.org\/challenge-experience\/technical-win-it-big\/","url":"https:\/\/www.destinationimagination.org\/challenge-experience\/technical-win-it-big\/","name":"Teknik Win It Big - Destination Imagination","isPartOf":{"@id":"https:\/\/www.destinationimagination.org\/es\/#website"},"primaryImageOfPage":{"@id":"https:\/\/www.destinationimagination.org\/challenge-experience\/technical-win-it-big\/#primaryimage"},"image":{"@id":"https:\/\/www.destinationimagination.org\/challenge-experience\/technical-win-it-big\/#primaryimage"},"thumbnailUrl":"https:\/\/www.destinationimagination.org\/wp-content\/uploads\/Technical-Win-It-Big.jpg","datePublished":"2025-07-28T15:09:24+00:00","dateModified":"2026-01-28T13:22:43+00:00","breadcrumb":{"@id":"https:\/\/www.destinationimagination.org\/challenge-experience\/technical-win-it-big\/#breadcrumb"},"inLanguage":"tr","potentialAction":[{"@type":"ReadAction","target":["https:\/\/www.destinationimagination.org\/challenge-experience\/technical-win-it-big\/"]}]},{"@type":"ImageObject","inLanguage":"tr","@id":"https:\/\/www.destinationimagination.org\/challenge-experience\/technical-win-it-big\/#primaryimage","url":"https:\/\/www.destinationimagination.org\/wp-content\/uploads\/Technical-Win-It-Big.jpg","contentUrl":"https:\/\/www.destinationimagination.org\/wp-content\/uploads\/Technical-Win-It-Big.jpg","width":1474,"height":2144,"caption":"Technical - Win It Big Icon with game show spinner and lights"},{"@type":"BreadcrumbList","@id":"https:\/\/www.destinationimagination.org\/challenge-experience\/technical-win-it-big\/#breadcrumb","itemListElement":[{"@type":"ListItem","position":1,"name":"Home","item":"https:\/\/www.destinationimagination.org\/"},{"@type":"ListItem","position":2,"name":"Challenge Experience","item":"https:\/\/www.destinationimagination.org\/challenge-experience\/"},{"@type":"ListItem","position":3,"name":"Technical Win It Big"}]},{"@type":"WebSite","@id":"https:\/\/www.destinationimagination.org\/es\/#website","url":"https:\/\/www.destinationimagination.org\/es\/","name":"Hedef Hayal G\u00fcc\u00fc","description":"K-12 ve \u00fcniversite \u00f6\u011frencileri i\u00e7in yarat\u0131c\u0131, tak\u0131m odakl\u0131, STEAM yar\u0131\u015fmas\u0131.","potentialAction":[{"@type":"SearchAction","target":{"@type":"EntryPoint","urlTemplate":"https:\/\/www.destinationimagination.org\/es\/?s={search_term_string}"},"query-input":{"@type":"PropertyValueSpecification","valueRequired":true,"valueName":"search_term_string"}}],"inLanguage":"tr"}]}},"_links":{"self":[{"href":"https:\/\/www.destinationimagination.org\/tr\/wp-json\/wp\/v2\/pages\/33605","targetHints":{"allow":["GET"]}}],"collection":[{"href":"https:\/\/www.destinationimagination.org\/tr\/wp-json\/wp\/v2\/pages"}],"about":[{"href":"https:\/\/www.destinationimagination.org\/tr\/wp-json\/wp\/v2\/types\/page"}],"author":[{"embeddable":true,"href":"https:\/\/www.destinationimagination.org\/tr\/wp-json\/wp\/v2\/users\/2"}],"replies":[{"embeddable":true,"href":"https:\/\/www.destinationimagination.org\/tr\/wp-json\/wp\/v2\/comments?post=33605"}],"version-history":[{"count":7,"href":"https:\/\/www.destinationimagination.org\/tr\/wp-json\/wp\/v2\/pages\/33605\/revisions"}],"predecessor-version":[{"id":35136,"href":"https:\/\/www.destinationimagination.org\/tr\/wp-json\/wp\/v2\/pages\/33605\/revisions\/35136"}],"up":[{"embeddable":true,"href":"https:\/\/www.destinationimagination.org\/tr\/wp-json\/wp\/v2\/pages\/4041"}],"wp:featuredmedia":[{"embeddable":true,"href":"https:\/\/www.destinationimagination.org\/tr\/wp-json\/wp\/v2\/media\/33559"}],"wp:attachment":[{"href":"https:\/\/www.destinationimagination.org\/tr\/wp-json\/wp\/v2\/media?parent=33605"}],"curies":[{"name":"wp","href":"https:\/\/api.w.org\/{rel}","templated":true}]}}